{"id":8006,"date":"2026-04-23T15:05:23","date_gmt":"2026-04-23T12:05:23","guid":{"rendered":"https:\/\/www.oulucomics.com\/?page_id=8006"},"modified":"2026-04-23T17:04:03","modified_gmt":"2026-04-23T14:04:03","slug":"harrifilppa","status":"publish","type":"page","link":"https:\/\/www.oulucomics.com\/fi\/tekijat\/harrifilppa\/","title":{"rendered":"Harri Filppa"},"content":{"rendered":"\n<p>Oulussa kortteeria pit\u00e4v\u00e4 sarjakuvantekij\u00e4, joka on ty\u00f6nt\u00e4nyt kuokkansa moneen maaper\u00e4\u00e4n visuaalisen taiteen puolella.<\/p>\n\n\n\n<ul class=\"wp-block-list\">\n<li>Harri Filpan teokset <a href=\"https:\/\/outi.finna.fi\/Search\/Results?lookfor=&amp;type=AllFields&amp;filter%5B%5D=~author_facet%3A%22Filppa%2C+Harri%22&amp;limit=20&amp;sort=relevance\" target=\"_blank\" rel=\"noreferrer noopener\">Sarjasto &#8211; Sarjakuvakirjastossa<\/a>.<\/li>\n\n\n\n<li>Tekij\u00e4n <a href=\"http:\/\/www.filppa.com\/\" target=\"_blank\" rel=\"noreferrer noopener\">kotisivut<\/a>, <a href=\"https:\/\/www.facebook.com\/filppa\" target=\"_blank\" rel=\"noreferrer noopener\">facebook<\/a> ja <a href=\"https:\/\/www.instagram.com\/filppa\/\" target=\"_blank\" rel=\"noreferrer noopener\">instagram<\/a>.<\/li>\n<\/ul>\n\n\n <div id=\"mbt-container\"> <div class=\"mbt-book-archive\"><header class=\"mbt-book-archive-header\"><div class=\"mbt-book-archive-title\">Harri Filppa<\/div><div style=\"clear:both;\"><\/div><\/header> <div class=\"mbt-book-archive-books\"> <div itemscope itemtype=\"https:\/\/schema.org\/Book\" id=\"post-8031\" class=\"mbt-book mbt-book-excerpt\"><div class=\"mbt-book-images \"><a href=\"https:\/\/www.oulucomics.com\/fi\/books\/harri-filppa-20-sarjakuvantekijaa-ja-26-sarjakuvateosta-sarjakuvia-pohjoisesta-suomesta\/\"><img decoding=\"async\" alt=\"Harri Filppa: 20 sarjakuvantekij\u00e4\u00e4 ja 26 sarjakuvateosta &#8211; Sarjakuvia pohjoisesta Suomesta\" class=\" mbt-book-image\" src=\"https:\/\/www.oulucomics.com\/wp-content\/uploads\/2021\/09\/2026-kansi.jpeg\"><\/a><\/div><div class=\"mbt-book-right\"><h2 class=\"mbt-book-title\" itemprop=\"name\">\r\n\t<a href=\"https:\/\/www.oulucomics.com\/fi\/books\/harri-filppa-20-sarjakuvantekijaa-ja-26-sarjakuvateosta-sarjakuvia-pohjoisesta-suomesta\/\">Harri Filppa: 20 sarjakuvantekij\u00e4\u00e4 ja 26 sarjakuvateosta &#8211; Sarjakuvia pohjoisesta Suomesta<\/a>\r\n<\/h2><div class=\"mbt-book-price\"><span><span>3,00<\/span><\/span><\/div><div class=\"mbt-book-meta\">\r\n\t<span class=\"mbt-meta-item mbt-meta-mbt_author\"><span class=\"mbt-meta-title\">Tekij\u00e4:<\/span> <a href=\"https:\/\/www.oulucomics.com\/fi\/authors\/harrifilppa\/\">Harri Filppa<\/a><\/span><br>\t\t<span class=\"mbt-meta-item mbt-meta-mbt_genre\"><span class=\"mbt-meta-title\">Varasto:<\/span> <a href=\"https:\/\/www.oulucomics.com\/fi\/genre\/saatavilla\/\">Saatavilla<\/a><\/span><br>\t<\/div><div itemprop=\"description\" class=\"mbt-book-blurb\">\r\n\t<p>Kalervo Palsa taiteilee omissa maailmoissaan ja Keijo Ahlqvist piirt\u00e4\u00e4 puhtaaksi Kemin kaupungin vuosikertomuksia? Pohjoisen sarjakuvatarjonta on viimeisten vuosikymmenien aikana monipuolistunut huomattavasti.<\/p>\n<p>Harri Filpan opas pohjoiseen sarjakuvaan esittelee 20 sarjakuvantekij\u00e4\u00e4 ja 26 sarjakuvateosta Lauri Ahtisen Homep\u00e4iv\u00e4kirjasta Karoliina Korhosen Suomalaisten painajaisiin. Lopputulos on oiva apuv\u00e4line kirjavinkkaukseen ja uusia sarjakuvamaailmoja etsiv\u00e4lle lukijalle. Teos on toteutettu kokonaan sarjakuvamuodossa.<\/p>\n<p>\u201dSarjakuvalla pystyt\u00e4\u00e4n v\u00e4litt\u00e4m\u00e4\u00e4n ytimekk\u00e4\u00e4sti tietoa ja kertomuksia lukijoille. Kuvilla ja sanoilla kertomisen mahdollisuuksia osataan hy\u00f6dynt\u00e4\u00e4 vuosi vuodelta paremmin\u201d kiittelee tekij\u00e4, joka toimii Oulun Sarjakuvakeskuksen toiminnanjohtajana.<\/p>\n<p>Mukaan monista pohjoisessa vaikuttavista ansioituneista sarjakuvantekij\u00f6ist\u00e4 ovat valikoituneet Keijo Ahlqvist, Lauri Ahtinen, Harri Filppa, Matti-Pekka Heikura, Jussi Hukkanen, Karoliina Korhonen, Ilpo Koskela, Aapo Kukko, Emilia Laatikainen, Jyrki M\u00e4ki, Sami Nyyss\u00f6l\u00e4, Kalervo Palsa, Jii Roikonen, Riika Ruottinen, Mirjam Sumu, Anu Terho, Jari Terho, Petteri Tikkanen (Black Peider), Veli-Matti Ural ja Juha Vuorma.<\/p>\n <a href=\"https:\/\/www.oulucomics.com\/fi\/books\/harri-filppa-20-sarjakuvantekijaa-ja-26-sarjakuvateosta-sarjakuvia-pohjoisesta-suomesta\/\" class=\"mbt-read-more\">Lis\u00e4tietoa \u2192<\/a><\/div><\/div><div style=\"clear:both;\"><\/div>\r\n<\/div><div itemscope itemtype=\"https:\/\/schema.org\/Book\" id=\"post-8028\" class=\"mbt-book mbt-book-excerpt\"><div class=\"mbt-book-images \"><a href=\"https:\/\/www.oulucomics.com\/fi\/books\/veli-matti-ural-harri-filppa-sarjakuvapaja-hyppysiin\/\"><img decoding=\"async\" alt=\"Veli-Matti Ural &#038; Harri Filppa: Sarjakuvapaja hyppysiin!\" class=\" mbt-book-image\" src=\"https:\/\/www.oulucomics.com\/wp-content\/uploads\/2019\/06\/sarjakuvapajahyppysiin_kansi.jpg\"><\/a><\/div><div class=\"mbt-book-right\"><h2 class=\"mbt-book-title\" itemprop=\"name\">\r\n\t<a href=\"https:\/\/www.oulucomics.com\/fi\/books\/veli-matti-ural-harri-filppa-sarjakuvapaja-hyppysiin\/\">Veli-Matti Ural &#038; Harri Filppa: Sarjakuvapaja hyppysiin!<\/a>\r\n<\/h2><div class=\"mbt-book-price\"><span><span>12,00<\/span><\/span><\/div><div class=\"mbt-book-meta\">\r\n\t<span class=\"mbt-meta-item mbt-meta-mbt_author\"><span class=\"mbt-meta-title\">Tekij\u00e4t:<\/span> <a href=\"https:\/\/www.oulucomics.com\/fi\/authors\/harrifilppa\/\">Harri Filppa<\/a>, <a href=\"https:\/\/www.oulucomics.com\/fi\/authors\/velimattiural\/\">Veli-Matti Ural<\/a><\/span><br>\t\t<span class=\"mbt-meta-item mbt-meta-mbt_genre\"><span class=\"mbt-meta-title\">Varasto:<\/span> <a href=\"https:\/\/www.oulucomics.com\/fi\/genre\/saatavilla\/\">Saatavilla<\/a><\/span><br>\t<\/div><div itemprop=\"description\" class=\"mbt-book-blurb\">\r\n\t<p>Sarjakuvien tekeminen ei ole vaikeaa. Itse asiassa se on hyvin helppoa ja todella hauskaa! Oulun Sarjakuvakeskuksen sarjakuvaopettajat ovat j\u00e4rjest\u00e4neet kerhotoimintaa yli viiden vuoden ajan. N\u00e4iden viiden vuoden kokemusten pohjalta on syntynyt teos: Sarjakuvapaja hyppysiin!<\/p>\n<p>Oulun sarjakuvakeskuksen sarjakuvaopettajan oppimateriaali on kohdennettu kaikille sarjakuvaopetuksesta kiinnostuneille. Teos tarjoaa laaja-alaiset v\u00e4lineet sarjakuvakerhojen ja -kurssien suunnitteluun sek\u00e4 sarjakuvaty\u00f6pajojen j\u00e4rjest\u00e4miseen. Erilaisten ty\u00f6pajasuunnitelmien lis\u00e4ksi oppaassa esitell\u00e4\u00e4n erilaisia tilanteita ja haasteita, joihin sarjakuvaopettaja saattaa urallaan t\u00f6rm\u00e4t\u00e4. Kaikkiin haasteisiin on tietenkin olemassa ratkaisu.<\/p>\n <a href=\"https:\/\/www.oulucomics.com\/fi\/books\/veli-matti-ural-harri-filppa-sarjakuvapaja-hyppysiin\/\" class=\"mbt-read-more\">Lis\u00e4tietoa \u2192<\/a><\/div><\/div><div style=\"clear:both;\"><\/div>\r\n<\/div><div itemscope itemtype=\"https:\/\/schema.org\/Book\" id=\"post-8026\" class=\"mbt-book mbt-book-excerpt\"><div class=\"mbt-book-images \"><a href=\"https:\/\/www.oulucomics.com\/fi\/books\/harri-filppa-jarmo-stoor-jeesuksen-saappaanjalki\/\"><img decoding=\"async\" alt=\"Harri Filppa &#038; Jarmo Stoor: Jeesuksen saappaanj\u00e4lki\" class=\" mbt-book-image\" src=\"https:\/\/www.oulucomics.com\/wp-content\/uploads\/2019\/06\/jsj_kansi_net.jpg\"><\/a><\/div><div class=\"mbt-book-right\"><h2 class=\"mbt-book-title\" itemprop=\"name\">\r\n\t<a href=\"https:\/\/www.oulucomics.com\/fi\/books\/harri-filppa-jarmo-stoor-jeesuksen-saappaanjalki\/\">Harri Filppa &#038; Jarmo Stoor: Jeesuksen saappaanj\u00e4lki<\/a>\r\n<\/h2><div class=\"mbt-book-price\"><span><span>16,90<\/span><\/span><\/div><div class=\"mbt-book-meta\">\r\n\t<span class=\"mbt-meta-item mbt-meta-mbt_author\"><span class=\"mbt-meta-title\">Tekij\u00e4t:<\/span> <a href=\"https:\/\/www.oulucomics.com\/fi\/authors\/harrifilppa\/\">Harri Filppa<\/a>, <a href=\"https:\/\/www.oulucomics.com\/fi\/authors\/jarmostoor\/\">Jarmo Stoor<\/a><\/span><br>\t\t<span class=\"mbt-meta-item mbt-meta-mbt_genre\"><span class=\"mbt-meta-title\">Varasto:<\/span> <a href=\"https:\/\/www.oulucomics.com\/fi\/genre\/saatavilla\/\">Saatavilla<\/a><\/span><br>\t<\/div><div itemprop=\"description\" class=\"mbt-book-blurb\">\r\n\t<p>Jeesuksen saappaanj\u00e4lki -sarjakuvaromaani pohjautuu vuonna 2012 ilmestyneeseen Jarmo Stoorin samannimiseen romaaniin. Sen tarinoiden olisi toivonut menett\u00e4v\u00e4n ajankohtaisuuttaan vuosien saatossa, mutta niin ei tapahtunut. Kirjan tarinoiden teemat k\u00f6yhien ja rikkaiden v\u00e4lisest\u00e4 kuilusta poliittiseen \u00e4h\u00f6tykseen ja rasismiin ovat nyt suorastaan pelottavan ajankohtaisia. T\u00e4st\u00e4 huomiosta syntyi tarve tehd\u00e4 kirjasta p\u00e4ivitetty versio, sarjakuvaromaani, jota nyt pid\u00e4t k\u00e4dess\u00e4si. Sen piirrokset ovat Harri Filpan k\u00e4sialaa ja k\u00e4sikirjoitus Jarmo Stoorin.<\/p>\n<p>Mit\u00e4 tuumisit, jos t\u00e4ysi-ik\u00e4inen Jeesus palaisi maanp\u00e4\u00e4lle t\u00e4n\u00e4 jouluna? Ei vastasyntyneen\u00e4, vaan kolmikymppisen\u00e4 tunnistettavana hahmona kaapuineen kaikkineen. Miten h\u00e4net otettaisiin vastaan maailman eri kolkilla? K\u00f6yhyys ja rikkaus, sota ja rakkaus, kaupallisuus ja pyyteett\u00f6myys, maailman politiikka ja uskonnot, kadun ihmiset tavallisine tarpeineen ja vangit vartijoineen, miten n\u00e4m\u00e4 kohtaamiset sujuisivat?<\/p>\n<p>Sarjakuvaromaani on mukaansatempaava ajankuvaus niin uskonnoista, politiikasta, ymp\u00e4rist\u00f6nsuojelusta kuin rakkaudestakin. N\u00e4m\u00e4 12 kertomusta ovat matkakirja ihmiskunnan p\u00e4iv\u00e4npolttavien kysymysten \u00e4\u00e4relle. Teos ei ole uskonnollinen nimest\u00e4\u00e4n huolimatta, paitsi ett\u00e4 onhan siell\u00e4 se Jeesus.<\/p>\n <a href=\"https:\/\/www.oulucomics.com\/fi\/books\/harri-filppa-jarmo-stoor-jeesuksen-saappaanjalki\/\" class=\"mbt-read-more\">Lis\u00e4tietoa \u2192<\/a><\/div><\/div><div style=\"clear:both;\"><\/div>\r\n<\/div><div itemscope itemtype=\"https:\/\/schema.org\/Book\" id=\"post-8025\" class=\"mbt-book mbt-book-excerpt\"><div class=\"mbt-book-images \"><a href=\"https:\/\/www.oulucomics.com\/fi\/books\/harri-filppa-jukka-takalo-keka-kommeiten-kuolee\/\"><img decoding=\"async\" alt=\"Harri Filppa &#038; Jukka Takalo: Kek\u00e4 kommeiten kuolee\" class=\" mbt-book-image\" src=\"https:\/\/www.oulucomics.com\/wp-content\/uploads\/2018\/11\/keka_kommeiten_kuolee.jpg\"><\/a><\/div><div class=\"mbt-book-right\"><h2 class=\"mbt-book-title\" itemprop=\"name\">\r\n\t<a href=\"https:\/\/www.oulucomics.com\/fi\/books\/harri-filppa-jukka-takalo-keka-kommeiten-kuolee\/\">Harri Filppa &#038; Jukka Takalo: Kek\u00e4 kommeiten kuolee<\/a>\r\n<\/h2><div class=\"mbt-book-price\"><span><span>5,00<\/span><\/span><\/div><div class=\"mbt-book-meta\">\r\n\t<span class=\"mbt-meta-item mbt-meta-mbt_author\"><span class=\"mbt-meta-title\">Tekij\u00e4t:<\/span> <a href=\"https:\/\/www.oulucomics.com\/fi\/authors\/harrifilppa\/\">Harri Filppa<\/a>, <a href=\"https:\/\/www.oulucomics.com\/fi\/authors\/jukkatakalo\/\">Jukka Takalo<\/a><\/span><br>\t\t<span class=\"mbt-meta-item mbt-meta-mbt_genre\"><span class=\"mbt-meta-title\">Varasto:<\/span> <a href=\"https:\/\/www.oulucomics.com\/fi\/genre\/saatavilla\/\">Saatavilla<\/a><\/span><br>\t<\/div><div itemprop=\"description\" class=\"mbt-book-blurb\">\r\n\t<p>Miksi vanhat \u00e4ij\u00e4t puhuvat ett\u00e4 kaikki vesivoimalat pit\u00e4isi r\u00e4j\u00e4ytt\u00e4\u00e4?<\/p>\n<p>Sammy: \u201dM\u00e5ste jag k\u00f6ra morfar till j\u00e4vla Finland?\u201d<\/p>\n<p>\u201dSun pit\u00e4\u00e4 nyt vaan tehd\u00e4 se\u201d, sanoo Ulla-Riikka. \u201dSe mik\u00e4 sinun pit\u00e4\u00e4 tehd\u00e4.\u201d<\/p>\n<p>Eiv\u00e4t ole kaukanakaan ne ajat kun jokemme valjastettiin s\u00e4hk\u00f6ntuotantoon ja ihmiset joutuivat l\u00e4htem\u00e4\u00e4n kotirannoiltaan. Talot ja elanto j\u00e4iv\u00e4t suuryhti\u00f6iden patoaltaiden ja j\u00e4lleenrakennuksen vesimassojen alle. Saatiin s\u00e4hk\u00f6\u00e4 teollisuudelle, j\u00e4\u00e4kaappeihin ja jouluvaloihin. Mik\u00e4 oli ihmisen osa kun koskien kuohut oli vangittu vessanp\u00f6ntt\u00f6ihin ja perheet ajettu siirtolaisiksi?<\/p>\n<p>Kek\u00e4 kommeiten kuolee on tarina Ruotsiin siirtolaiseksi ajetusta isois\u00e4st\u00e4 ja h\u00e4nen ruotsalaistuneesta tytt\u00e4renpojastaan. Matka tarujen ja kes\u00e4lomien kesytt\u00f6m\u00e4\u00e4n Suomeen.<\/p>\n<p>Voisivatko pommit paukkua Suomessa vanhojen v\u00e4\u00e4ryyksien t\u00e4hden?<\/p>\n <a href=\"https:\/\/www.oulucomics.com\/fi\/books\/harri-filppa-jukka-takalo-keka-kommeiten-kuolee\/\" class=\"mbt-read-more\">Lis\u00e4tietoa \u2192<\/a><\/div><\/div><div style=\"clear:both;\"><\/div>\r\n<\/div><div itemscope itemtype=\"https:\/\/schema.org\/Book\" id=\"post-8003\" class=\"mbt-book mbt-book-excerpt\"><div class=\"mbt-book-images \"><a href=\"https:\/\/www.oulucomics.com\/fi\/books\/harri-filppa-kuolema-meidat-erotti\/\"><img decoding=\"async\" alt=\"Harri Filppa: Kuolema meid\u00e4t erotti\" class=\" mbt-book-image\" src=\"https:\/\/www.oulucomics.com\/wp-content\/uploads\/2026\/04\/kuolemameidaterotti-564x800.jpg\"><\/a><\/div><div class=\"mbt-book-right\"><h2 class=\"mbt-book-title\" itemprop=\"name\">\r\n\t<a href=\"https:\/\/www.oulucomics.com\/fi\/books\/harri-filppa-kuolema-meidat-erotti\/\">Harri Filppa: Kuolema meid\u00e4t erotti<\/a>\r\n<\/h2><div class=\"mbt-book-price\"><span><span>16,90<\/span><\/span><\/div><div class=\"mbt-book-meta\">\r\n\t<span class=\"mbt-meta-item mbt-meta-mbt_author\"><span class=\"mbt-meta-title\">Tekij\u00e4:<\/span> <a href=\"https:\/\/www.oulucomics.com\/fi\/authors\/harrifilppa\/\">Harri Filppa<\/a><\/span><br>\t\t<span class=\"mbt-meta-item mbt-meta-mbt_genre\"><span class=\"mbt-meta-title\">Varasto:<\/span> <a href=\"https:\/\/www.oulucomics.com\/fi\/genre\/saatavilla\/\">Saatavilla<\/a><\/span><br>\t<\/div><div itemprop=\"description\" class=\"mbt-book-blurb\">\r\n\t<p>Maailma voi muuttua silm\u00e4nr\u00e4p\u00e4yksess\u00e4. Kuolema luo muutoksen, jonka lopullisuuden ymm\u00e4rt\u00e4minen on vaikeaa. Kuolema meid\u00e4t erotti kertoo tositapahtumiin perustuen nuoren leskimiehen tarinan. Traagisen tapahtuman j\u00e4lkeen edess\u00e4 on aika, jolloin el\u00e4m\u00e4 ja kuolema kohtaavat. Tarina ei pyri tarjoamaan vastauksia el\u00e4m\u00e4n suuriin kysymyksiin, vaan luo n\u00e4k\u00f6kulmia el\u00e4m\u00e4n haurauden ymm\u00e4rt\u00e4miseen ja siihen liittyvien ajatusten kanssa el\u00e4miseen. Mukaan mahtuu surua, iloa, raivoa ja riemua, mutta pohjimmiltaan kirja on kuitenkin selviytymistarina.<\/p>\n<p>Traumaattinen tapahtuma saa ihmisen unohtamaan. Teos on koostettu suruty\u00f6n aikana tekij\u00e4n tuottamista muistiinpanoista - kirjoituksista, piirroksista ja sarjakuvista. Tapahtumat hyppiv\u00e4t ajassa ja paikassa surun ajatuksiin aiheuttaman kaaoksen lailla.<\/p>\n <a href=\"https:\/\/www.oulucomics.com\/fi\/books\/harri-filppa-kuolema-meidat-erotti\/\" class=\"mbt-read-more\">Lis\u00e4tietoa \u2192<\/a><\/div><\/div><div style=\"clear:both;\"><\/div>\r\n<\/div><div itemscope itemtype=\"https:\/\/schema.org\/Book\" id=\"post-8023\" class=\"mbt-book mbt-book-excerpt\"><div class=\"mbt-book-images \"><a href=\"https:\/\/www.oulucomics.com\/fi\/books\/harri-filppa-vastarannan-siili-varikas-silta\/\"><img decoding=\"async\" alt=\"Harri Filppa: Vastarannan Siili &#8211; V\u00e4rik\u00e4s silta\" class=\" mbt-book-image\" src=\"https:\/\/www.oulucomics.com\/wp-content\/uploads\/2026\/04\/vastarannan_siili_varikas_silta_filppa-800x800.jpg\"><\/a><\/div><div class=\"mbt-book-right\"><h2 class=\"mbt-book-title\" itemprop=\"name\">\r\n\t<a href=\"https:\/\/www.oulucomics.com\/fi\/books\/harri-filppa-vastarannan-siili-varikas-silta\/\">Harri Filppa: Vastarannan Siili &#8211; V\u00e4rik\u00e4s silta<\/a>\r\n<\/h2><div class=\"mbt-book-price\"><span><span>9,90<\/span><\/span><\/div><div class=\"mbt-book-meta\">\r\n\t<span class=\"mbt-meta-item mbt-meta-mbt_author\"><span class=\"mbt-meta-title\">Tekij\u00e4:<\/span> <a href=\"https:\/\/www.oulucomics.com\/fi\/authors\/harrifilppa\/\">Harri Filppa<\/a><\/span><br>\t\t<span class=\"mbt-meta-item mbt-meta-mbt_genre\"><span class=\"mbt-meta-title\">Varasto:<\/span> <a href=\"https:\/\/www.oulucomics.com\/fi\/genre\/saatavilla\/\">Saatavilla<\/a><\/span><br>\t<\/div><div itemprop=\"description\" class=\"mbt-book-blurb\">\r\n\t<p>Sateen j\u00e4lkeen on Vastarannan taivaalle syntynyt lumoava sateenkaari. Vastarannan siilin ja h\u00e4nen veljens\u00e4 mielest\u00e4 sen p\u00e4\u00e4st\u00e4 voisi l\u00f6yty\u00e4 aarre. Heid\u00e4n karttansa osoittaisikin aarrearkun paikan, mutta Is\u00e4 on kuitenkin eri mielt\u00e4. H\u00e4n kertoo lapsille monta tarinaa taivaalle piirtyv\u00e4st\u00e4 v\u00e4rikk\u00e4\u00e4st\u00e4 sillasta, joka on aina yht\u00e4 kiehtova ilmestys.<\/p>\n<p>Harri Filpan Vastarannan siili - V\u00e4rik\u00e4s silta on kolmas Vastarannalle sijoittuva sarjakuva-albumi, joka edelt\u00e4j\u00e4ns\u00e4 tavoin p\u00e4\u00e4st\u00e4\u00e4 sankarimme ja lukijoiden ajatukset piipert\u00e4m\u00e4\u00e4n. Saippuakuplien ja vanhojen tarujen v\u00e4lityksell\u00e4 kirja suorastaan v\u00e4ritt\u00e4\u00e4 tarinan sateenkaaresta. Mihin sinun mielest\u00e4si v\u00e4rik\u00e4s silta johtaa?<\/p>\n <a href=\"https:\/\/www.oulucomics.com\/fi\/books\/harri-filppa-vastarannan-siili-varikas-silta\/\" class=\"mbt-read-more\">Lis\u00e4tietoa \u2192<\/a><\/div><\/div><div style=\"clear:both;\"><\/div>\r\n<\/div><div itemscope itemtype=\"https:\/\/schema.org\/Book\" id=\"post-8021\" class=\"mbt-book mbt-book-excerpt\"><div class=\"mbt-book-images \"><a href=\"https:\/\/www.oulucomics.com\/fi\/books\/harri-filppa-vastarannan-siili-piipertaa\/\"><img decoding=\"async\" alt=\"Harri Filppa: Vastarannan Siili piipert\u00e4\u00e4\" class=\" mbt-book-image\" src=\"https:\/\/www.oulucomics.com\/wp-content\/uploads\/2026\/04\/vastarannan_siili_piipertaa_filppa-800x800.jpg\"><\/a><\/div><div class=\"mbt-book-right\"><h2 class=\"mbt-book-title\" itemprop=\"name\">\r\n\t<a href=\"https:\/\/www.oulucomics.com\/fi\/books\/harri-filppa-vastarannan-siili-piipertaa\/\">Harri Filppa: Vastarannan Siili piipert\u00e4\u00e4<\/a>\r\n<\/h2><div class=\"mbt-book-price\"><span><span>9,90<\/span><\/span><\/div><div class=\"mbt-book-meta\">\r\n\t<span class=\"mbt-meta-item mbt-meta-mbt_author\"><span class=\"mbt-meta-title\">Tekij\u00e4:<\/span> <a href=\"https:\/\/www.oulucomics.com\/fi\/authors\/harrifilppa\/\">Harri Filppa<\/a><\/span><br>\t\t<span class=\"mbt-meta-item mbt-meta-mbt_genre\"><span class=\"mbt-meta-title\">Varasto:<\/span> <a href=\"https:\/\/www.oulucomics.com\/fi\/genre\/vahissa\/\">V\u00e4hiss\u00e4 (tarkasta saatavuus keskukselta)<\/a><\/span><br>\t<\/div><div itemprop=\"description\" class=\"mbt-book-blurb\">\r\n\t<p>Ajatuksemme t\u00e4yttyv\u00e4t p\u00e4ivitt\u00e4in monenlaisista kysymyksist\u00e4. My\u00f6s Vastarannan Siili pohtii maailman suuria ja pieni\u00e4 ihmeit\u00e4. Merkillisen piipert\u00e4j\u00e4n etsiminen saattelee sankarimme puutarhan lumoista yst\u00e4v\u00e4n syntym\u00e4p\u00e4iville ja sielt\u00e4 nolojen tilanteiden kautta saunan l\u00e4mp\u00f6\u00f6n. El\u00e4m\u00e4 on yht\u00e4 piiperryst\u00e4, kuten t\u00e4m\u00e4 seikkailu osoittaa... Millainen piipert\u00e4j\u00e4 sin\u00e4 olet?<\/p>\n<p>Harri Filpan Vastarannan siili piipert\u00e4\u00e4 on jatko-osa Vastarannan Siili unten mailla -sarjakuva-albumille. Filppa on ker\u00e4nnyt aineksia kirjan villiin, v\u00e4rikk\u00e4\u00e4seen ja mukaansatempaavaan tarinaan Vastarannan siili kuuluu kaikille - levyn kappaleista. Kirjassa Vastarannan Siili piipert\u00e4\u00e4 kuitenkin omia polkujaan.<\/p>\n <a href=\"https:\/\/www.oulucomics.com\/fi\/books\/harri-filppa-vastarannan-siili-piipertaa\/\" class=\"mbt-read-more\">Lis\u00e4tietoa \u2192<\/a><\/div><\/div><div style=\"clear:both;\"><\/div>\r\n<\/div><div itemscope itemtype=\"https:\/\/schema.org\/Book\" id=\"post-8019\" class=\"mbt-book mbt-book-excerpt\"><div class=\"mbt-book-images \"><a href=\"https:\/\/www.oulucomics.com\/fi\/books\/harri-filppa-vastarannan-siili-unten-mailla\/\"><img decoding=\"async\" alt=\"Harri Filppa: Vastarannan Siili unten mailla\" class=\" mbt-book-image\" src=\"https:\/\/www.oulucomics.com\/wp-content\/uploads\/2026\/04\/vastarannan_siili_1_filppa-800x800.jpg\"><\/a><\/div><div class=\"mbt-book-right\"><h2 class=\"mbt-book-title\" itemprop=\"name\">\r\n\t<a href=\"https:\/\/www.oulucomics.com\/fi\/books\/harri-filppa-vastarannan-siili-unten-mailla\/\">Harri Filppa: Vastarannan Siili unten mailla<\/a>\r\n<\/h2><div class=\"mbt-book-price\"><span><span>9,90<\/span><\/span><\/div><div class=\"mbt-book-meta\">\r\n\t<span class=\"mbt-meta-item mbt-meta-mbt_author\"><span class=\"mbt-meta-title\">Tekij\u00e4:<\/span> <a href=\"https:\/\/www.oulucomics.com\/fi\/authors\/harrifilppa\/\">Harri Filppa<\/a><\/span><br>\t\t<span class=\"mbt-meta-item mbt-meta-mbt_genre\"><span class=\"mbt-meta-title\">Varasto:<\/span> <a href=\"https:\/\/www.oulucomics.com\/fi\/genre\/saatavilla\/\">Saatavilla<\/a><\/span><br>\t<\/div><div itemprop=\"description\" class=\"mbt-book-blurb\">\r\n\t<p>Ilta saapuu Vastarannalle. Koittaa nukkumaanmenoaika. Vastarannan Siilin unimaailmassa sattuu ja tapahtuu. Uni kuljettaa hassusta ruokap\u00f6yd\u00e4st\u00e4 kummitusjuttuihin ja matka vie v\u00e4lill\u00e4 Kemiin tai Kanariansaarille... Millaisia unimatkoja Sin\u00e4 olet tehnyt?<\/p>\n<p>Harri Filpan toteuttama Vastarannan Siili unten mailla perustuu Vastarannan Siili -levyn kappaleisiin. Teos tuo lauluihin uudenlaisen ulottuvuuden. Parhaan mahdollisen kokemuksen sarjakuvasta saat lukiessa sit\u00e4 musiikin tahdittamana.<\/p>\n <a href=\"https:\/\/www.oulucomics.com\/fi\/books\/harri-filppa-vastarannan-siili-unten-mailla\/\" class=\"mbt-read-more\">Lis\u00e4tietoa \u2192<\/a><\/div><\/div><div style=\"clear:both;\"><\/div>\r\n<\/div><div itemscope itemtype=\"https:\/\/schema.org\/Book\" id=\"post-8029\" class=\"mbt-book mbt-book-excerpt\"><div class=\"mbt-book-images \"><a href=\"https:\/\/www.oulucomics.com\/fi\/books\/harri-filppa-tiedetta-ja-sarjakuvaa-ruutujen-kaupalla\/\"><img decoding=\"async\" alt=\"Harri Filppa: Tiedett\u00e4 ja sarjakuvaa &#8211; ruutujen kaupalla &#8211; Mainossarjakuvissa hy\u00f6dynnett\u00e4v\u00e4t mainonnalliset tyylit\" class=\" mbt-book-image\" src=\"https:\/\/www.oulucomics.com\/wp-content\/uploads\/2026\/04\/filppa-tiedetta_sarjakuvaa.jpeg\"><\/a><\/div><div class=\"mbt-book-right\"><h2 class=\"mbt-book-title\" itemprop=\"name\">\r\n\t<a href=\"https:\/\/www.oulucomics.com\/fi\/books\/harri-filppa-tiedetta-ja-sarjakuvaa-ruutujen-kaupalla\/\">Harri Filppa: Tiedett\u00e4 ja sarjakuvaa &#8211; ruutujen kaupalla &#8211; Mainossarjakuvissa hy\u00f6dynnett\u00e4v\u00e4t mainonnalliset tyylit<\/a>\r\n<\/h2><div class=\"mbt-book-price\"><span><span>25,00<\/span><\/span><\/div><div class=\"mbt-book-meta\">\r\n\t<span class=\"mbt-meta-item mbt-meta-mbt_author\"><span class=\"mbt-meta-title\">Tekij\u00e4:<\/span> <a href=\"https:\/\/www.oulucomics.com\/fi\/authors\/harrifilppa\/\">Harri Filppa<\/a><\/span><br>\t\t<span class=\"mbt-meta-item mbt-meta-mbt_genre\"><span class=\"mbt-meta-title\">Varasto:<\/span> <a href=\"https:\/\/www.oulucomics.com\/fi\/genre\/saatavilla\/\">Saatavilla<\/a><\/span><br>\t<\/div><div itemprop=\"description\" class=\"mbt-book-blurb\">\r\n\t<p>Sarjakuva tarjoaa mielenkiintoisia tutkimuskohteita, mutta my\u00f6s tavan tieteellisen tekstin visualisointiin.<\/p>\n<p>Tiede on kulkenut pitk\u00e4n matkan antiikista nykyp\u00e4iv\u00e4\u00e4n. Sek\u00e4 tiede ett\u00e4 tieteellinen kieli ovat kehittyneet ja jatkavat kokoajan etenemist\u00e4\u00e4n.<\/p>\n<p>Tiedett\u00e4 ja sarjakuvaa - ruutujen kaupalla on tutkielma, joka k\u00e4sittelee mainonnallista sarjakuvaa. Tutkimusaiheen lis\u00e4ksi se tuo esille uusia ulottuvuuksia akateemiseen tekstiin ja sen kerrontaan. Kokonaan sarjakuvitettu teos liitt\u00e4\u00e4 kuvat sujuvasti osaksi ilmaisua.<\/p>\n<p>Tieteellist\u00e4 kielt\u00e4 on parjattu kuivaksi ja kaavoihin kangistuneeksi. Sarjakuvakerronnalla toteutettu kokonaisuus rikkoo molemmat v\u00e4itteet ja tarjoaa paljon miettimisen aiheita. Teos my\u00f6s j\u00e4tt\u00e4\u00e4 tiedemaailmalle avoimeksi isoja kysymyksi\u00e4 liittyen kuvien asemaan osana nykyp\u00e4iv\u00e4n tutkimuksia.<\/p>\n<p>Tutkija tuo teoksessa ilmi oman asemansa toimimalla tarinankertojan roolissa. Kokonaisuutta voi siis luonnehtia hyv\u00e4ll\u00e4 omallatunnolla tekij\u00e4ns\u00e4 n\u00e4k\u00f6iseksi.<\/p>\n<p>Esipuheet: Pirkko Anttila ja P.A. Manninen.<\/p>\n <a href=\"https:\/\/www.oulucomics.com\/fi\/books\/harri-filppa-tiedetta-ja-sarjakuvaa-ruutujen-kaupalla\/\" class=\"mbt-read-more\">Lis\u00e4tietoa \u2192<\/a><\/div><\/div><div style=\"clear:both;\"><\/div>\r\n<\/div> <\/div> <\/div> <\/div> \n","protected":false},"excerpt":{"rendered":"<p><!-- wp:paragraph --><\/p>\n<p>Oulussa kortteeria pit\u00e4v\u00e4 sarjakuvantekij\u00e4, joka on ty\u00f6nt\u00e4nyt kuokkansa moneen maaper\u00e4\u00e4n visuaalisen taiteen puolella.<\/p>\n<p><!-- \/wp:paragraph --><\/p>\n<p><!-- wp:list --><\/p>\n<ul class=\"wp-block-list\"><!-- wp:list-item --><\/p>\n<li>Harri Fil&#8230;<br \/>\n","protected":false},"author":1,"featured_media":0,"parent":7996,"menu_order":0,"comment_status":"closed","ping_status":"closed","template":"","meta":{"footnotes":""},"categories":[],"tags":[],"class_list":["post-8006","page","type-page","status-publish","hentry"],"_links":{"self":[{"href":"https:\/\/www.oulucomics.com\/fi\/wp-json\/wp\/v2\/pages\/8006","targetHints":{"allow":["GET"]}}],"collection":[{"href":"https:\/\/www.oulucomics.com\/fi\/wp-json\/wp\/v2\/pages"}],"about":[{"href":"https:\/\/www.oulucomics.com\/fi\/wp-json\/wp\/v2\/types\/page"}],"author":[{"embeddable":true,"href":"https:\/\/www.oulucomics.com\/fi\/wp-json\/wp\/v2\/users\/1"}],"replies":[{"embeddable":true,"href":"https:\/\/www.oulucomics.com\/fi\/wp-json\/wp\/v2\/comments?post=8006"}],"version-history":[{"count":8,"href":"https:\/\/www.oulucomics.com\/fi\/wp-json\/wp\/v2\/pages\/8006\/revisions"}],"predecessor-version":[{"id":8018,"href":"https:\/\/www.oulucomics.com\/fi\/wp-json\/wp\/v2\/pages\/8006\/revisions\/8018"}],"up":[{"embeddable":true,"href":"https:\/\/www.oulucomics.com\/fi\/wp-json\/wp\/v2\/pages\/7996"}],"wp:attachment":[{"href":"https:\/\/www.oulucomics.com\/fi\/wp-json\/wp\/v2\/media?parent=8006"}],"wp:term":[{"taxonomy":"category","embeddable":true,"href":"https:\/\/www.oulucomics.com\/fi\/wp-json\/wp\/v2\/categories?post=8006"},{"taxonomy":"post_tag","embeddable":true,"href":"https:\/\/www.oulucomics.com\/fi\/wp-json\/wp\/v2\/tags?post=8006"}],"curies":[{"name":"wp","href":"https:\/\/api.w.org\/{rel}","templated":true}]}}