{"id":7998,"date":"2026-04-23T13:57:47","date_gmt":"2026-04-23T10:57:47","guid":{"rendered":"https:\/\/www.oulucomics.com\/?page_id=7998"},"modified":"2026-04-23T13:57:48","modified_gmt":"2026-04-23T10:57:48","slug":"villeranta","status":"publish","type":"page","link":"https:\/\/www.oulucomics.com\/fi\/tekijat\/villeranta\/","title":{"rendered":"Ville Ranta"},"content":{"rendered":"\n<p>Ville Ranta on syntynyt vuonna 1978 ja on Suomen tunnetuimpia ja palkituimpia sarjakuvantekij\u00f6it\u00e4. H\u00e4nelt\u00e4 on ilmestynyt useita teoksia, joita on k\u00e4\u00e4nnetty mm. ranskaksi, saksaksi, ruotsiksi ja puolaksi. Rannan teokset ovat kesken\u00e4\u00e4n hyvin erilaisia, aiheet vaihtelevat historiallisesta fiktiosta omael\u00e4m\u00e4kerralliseen tuotantoon ja pohdiskelevaan esseismiin. Ranta on tehnyt yhden albumin my\u00f6s suoraan Ranskan markkinoille. Perinteisen ranskalaisalbumin mallinen&nbsp;<em>C\u00e9l\u00e9britiz<\/em>&nbsp;(2006) oli maineikkaan Lewis Trondheimin k\u00e4sikirjoittama, ja suomeksi sen on julkaissut WSOY nimell\u00e4&nbsp;<em>Julkimot<\/em>. Parhaiten Ranta tunnetaan lyhyist\u00e4 ja kantaaottavista sarjakuvista ja pilapiirroksista, joita on julkaistu sanoma- ja aikakauslehdiss\u00e4. Ranta on opiskellut kirjallisuutta Helsingin yliopistossa, mutta ei ole valmistunut. Vuodesta 2002 vapaana taiteilijana ty\u00f6skennellyt taiteilija asuu synnyinkaupungissaan Oulussa ja h\u00e4nell\u00e4 on kolme lasta. Ranta on palkittu Puup\u00e4\u00e4hatulla 2009 ja Suomen PENin sananvapauspalkinnolla 2012. Sarjakuva-Finlandia-palkinnon h\u00e4n sai teoksestaan&nbsp;<em>Kyll\u00e4 eik\u00e4 ei<\/em>&nbsp;(2013), joka palkittiin my\u00f6s Vuoden kaunein kirja -kilpailussa. Sarjakuva-Finlandia-ehdokkaana h\u00e4n on ollut my\u00f6s teoksillaan&nbsp;<em>Kajaani<\/em>&nbsp;(2008) ja&nbsp;<em>Paratiisisarja<\/em>&nbsp;(2010). Kansainv\u00e4list\u00e4 palkintohuomiota Rannan teoksista on saanut&nbsp;<em>Kajaani<\/em>, joka oli ehdolla ehdolla Vuoden paras albumi -sarjassa Angoul\u00eamen sarjakuvafestivaaleilla 2011. &nbsp;<\/p>\n\n\n <div id=\"mbt-container\"> <div class=\"mbt-book-archive\"><header class=\"mbt-book-archive-header\"><div class=\"mbt-book-archive-title\">Ville Ranta<\/div><div style=\"clear:both;\"><\/div><\/header> <div class=\"mbt-book-archive-books\"> <div itemscope itemtype=\"https:\/\/schema.org\/Book\" id=\"post-7988\" class=\"mbt-book mbt-book-excerpt\"><div class=\"mbt-book-images \"><a href=\"https:\/\/www.oulucomics.com\/fi\/books\/ville-ranta-viininjuojat\/\"><img decoding=\"async\" alt=\"Ville Ranta: Viininjuojat\" class=\" mbt-book-image\" src=\"https:\/\/www.oulucomics.com\/wp-content\/uploads\/2024\/09\/VilleRanta_Viininjuojat.jpg\"><\/a><\/div><div class=\"mbt-book-right\"><h2 class=\"mbt-book-title\" itemprop=\"name\">\r\n\t<a href=\"https:\/\/www.oulucomics.com\/fi\/books\/ville-ranta-viininjuojat\/\">Ville Ranta: Viininjuojat<\/a>\r\n<\/h2><div class=\"mbt-book-price\"><span><span>9,90<\/span><\/span><\/div><div class=\"mbt-book-meta\">\r\n\t<span class=\"mbt-meta-item mbt-meta-mbt_author\"><span class=\"mbt-meta-title\">Tekij\u00e4:<\/span> <a href=\"https:\/\/www.oulucomics.com\/fi\/authors\/villeranta\/\">Ville Ranta<\/a><\/span><br>\t\t<span class=\"mbt-meta-item mbt-meta-mbt_genre\"><span class=\"mbt-meta-title\">Varasto:<\/span> <a href=\"https:\/\/www.oulucomics.com\/fi\/genre\/vahissa\/\">V\u00e4hiss\u00e4 (tarkasta saatavuus keskukselta)<\/a><\/span><br>\t<\/div><div itemprop=\"description\" class=\"mbt-book-blurb\">\r\n\t<p>Vuoden journalistiksi 2023 valittu Ville Ranta palaa uudessa sarjakuvaromaanissa uransa ammoisiin avainvuosiin pienen kulttuurilehden toimituksessa.<\/p>\n<p>Keski-ik\u00e4inen viininjuoja saapuu pohjoiseen ja tapaa j\u00e4lleen vanhat viininjuojayst\u00e4v\u00e4ns\u00e4, mutta aika ei ole kohdellut heist\u00e4 ket\u00e4\u00e4n lempe\u00e4sti. Viininjuoja joutuu esitt\u00e4m\u00e4\u00e4n itselleen kauhean kysymyksen: muuttuuko ihminen i\u00e4n my\u00f6t\u00e4 vain huonommaksi, heikommaksi ja rumemmaksi versioksi itsest\u00e4\u00e4n?<\/p>\n<p>Viininjuojat on omael\u00e4m\u00e4kerrallinen ja itseironinen kuvaus leimuavasta yst\u00e4vyydest\u00e4, nuoruuden urot\u00f6ist\u00e4, el\u00e4m\u00e4n katkerista pettymyksist\u00e4 \u2013 sek\u00e4 ihanan viinin juomisesta.<\/p>\n <a href=\"https:\/\/www.oulucomics.com\/fi\/books\/ville-ranta-viininjuojat\/\" class=\"mbt-read-more\">Lis\u00e4tietoa \u2192<\/a><\/div><\/div><div style=\"clear:both;\"><\/div>\r\n<\/div> <\/div> <\/div> <\/div> \n","protected":false},"excerpt":{"rendered":"<p><!-- wp:paragraph --><\/p>\n<p>Ville Ranta on syntynyt vuonna 1978 ja on Suomen tunnetuimpia ja palkituimpia sarjakuvantekij\u00f6it\u00e4. H\u00e4nelt\u00e4 on ilmestynyt useita teoksia, joita on k\u00e4\u00e4nnetty mm. ranskaksi, saksaksi, ruotsiksi ja puolaksi. Rannan teokset ovat k&#8230;<\/p>\n","protected":false},"author":1,"featured_media":0,"parent":7996,"menu_order":0,"comment_status":"closed","ping_status":"closed","template":"","meta":{"footnotes":""},"categories":[],"tags":[],"class_list":["post-7998","page","type-page","status-publish","hentry"],"_links":{"self":[{"href":"https:\/\/www.oulucomics.com\/fi\/wp-json\/wp\/v2\/pages\/7998","targetHints":{"allow":["GET"]}}],"collection":[{"href":"https:\/\/www.oulucomics.com\/fi\/wp-json\/wp\/v2\/pages"}],"about":[{"href":"https:\/\/www.oulucomics.com\/fi\/wp-json\/wp\/v2\/types\/page"}],"author":[{"embeddable":true,"href":"https:\/\/www.oulucomics.com\/fi\/wp-json\/wp\/v2\/users\/1"}],"replies":[{"embeddable":true,"href":"https:\/\/www.oulucomics.com\/fi\/wp-json\/wp\/v2\/comments?post=7998"}],"version-history":[{"count":2,"href":"https:\/\/www.oulucomics.com\/fi\/wp-json\/wp\/v2\/pages\/7998\/revisions"}],"predecessor-version":[{"id":8001,"href":"https:\/\/www.oulucomics.com\/fi\/wp-json\/wp\/v2\/pages\/7998\/revisions\/8001"}],"up":[{"embeddable":true,"href":"https:\/\/www.oulucomics.com\/fi\/wp-json\/wp\/v2\/pages\/7996"}],"wp:attachment":[{"href":"https:\/\/www.oulucomics.com\/fi\/wp-json\/wp\/v2\/media?parent=7998"}],"wp:term":[{"taxonomy":"category","embeddable":true,"href":"https:\/\/www.oulucomics.com\/fi\/wp-json\/wp\/v2\/categories?post=7998"},{"taxonomy":"post_tag","embeddable":true,"href":"https:\/\/www.oulucomics.com\/fi\/wp-json\/wp\/v2\/tags?post=7998"}],"curies":[{"name":"wp","href":"https:\/\/api.w.org\/{rel}","templated":true}]}}