{"id":7996,"date":"2026-04-23T13:55:59","date_gmt":"2026-04-23T10:55:59","guid":{"rendered":"https:\/\/www.oulucomics.com\/?page_id=7996"},"modified":"2026-04-24T13:58:26","modified_gmt":"2026-04-24T10:58:26","slug":"tekijat","status":"publish","type":"page","link":"https:\/\/www.oulucomics.com\/fi\/tekijat\/","title":{"rendered":"Pohjoisen sarjakuvantekij\u00e4t"},"content":{"rendered":"\n<p>T\u00e4lle sivulle olemme koonneet kaikki pohjoisessa vaikuttavat ja vaikuttaneet sarjakuvantekij\u00e4t. Valitsemalla tekij\u00e4n p\u00e4\u00e4set tutustumaan heid\u00e4n tuotantoonsa. Pyrimme pit\u00e4m\u00e4\u00e4n laajan valikoiman teoksia ja oheistuotteita saatavilla Oulun Sarjakuvakeskuksella.<\/p>\n\n\n\n<ul class=\"wp-block-list\">\n<li>Keijo Ahlqvist (Kemi \/ Liminka, k. 2022)<\/li>\n\n\n\n<li>Lauri Ahtinen (Oulu)<\/li>\n\n\n\n<li>Tessa Astre (Liminka)<\/li>\n\n\n\n<li><a href=\"https:\/\/www.oulucomics.com\/fi\/tekijat\/harrifilppa\/\" data-type=\"page\" data-id=\"8006\">Harri Filppa<\/a> (Kempele -&gt; Oulu)<\/li>\n\n\n\n<li>Anneli Furmark (Uumaja)<\/li>\n\n\n\n<li>Matti-Pekka Heikura (Oulu)<\/li>\n\n\n\n<li>Esa Holopainen (Muhos)<\/li>\n\n\n\n<li>Jussi Hukkanen (Oulu)<\/li>\n\n\n\n<li>Mikko Jylh\u00e4 (Oulu)<\/li>\n\n\n\n<li>Sunna Kitti (Inari -&gt; Rovaniemi)<\/li>\n\n\n\n<li>Karoliina Korhonen (Oulu)<\/li>\n\n\n\n<li>Ilpo Koskela (Oulu)<\/li>\n\n\n\n<li>Aapo Kukko (Oulu)<\/li>\n\n\n\n<li>Hanna Kukko (Oulu)<\/li>\n\n\n\n<li>Ari Kutila (Kemi, k. 2010)<\/li>\n\n\n\n<li>Emilia Laatikainen (Oulu)<\/li>\n\n\n\n<li>Mika Lahtonen (Oulu)<\/li>\n\n\n\n<li>Tiina Molander (Oulu)<\/li>\n\n\n\n<li>Reijo Mustonen (Oulu)<\/li>\n\n\n\n<li>Jyrki M\u00e4ki (Oulu)<\/li>\n\n\n\n<li>Sami Nyyss\u00f6l\u00e4 (Kempele -&gt; Oulu)<\/li>\n\n\n\n<li>Pentti Otsamo (Oulu -&gt; Maaninka)<\/li>\n\n\n\n<li>Kalervo Palsa (Kittil\u00e4, k. 1987)<\/li>\n\n\n\n<li>Marko Raassina (Kuhmo)<\/li>\n\n\n\n<li>Jii Roikonen (Oulu)<\/li>\n\n\n\n<li>Riika Ruottinen (Oulu)<\/li>\n\n\n\n<li>Jarmo Stoor (Oulu)<\/li>\n\n\n\n<li>Mirjam Sumu (Oulu)<\/li>\n\n\n\n<li>Jens K Styve (Tromssa)<\/li>\n\n\n\n<li>Jukka Takalo (Oulu)<\/li>\n\n\n\n<li>Jari Terho (Kempele)<\/li>\n\n\n\n<li>Petteri Tikkanen alias Black Peider (Iisalmi)<\/li>\n\n\n\n<li>Tohtori K (Oulu)<\/li>\n\n\n\n<li>Veli-Matti Ural (Oulu)<\/li>\n\n\n\n<li>Erkki Waan (Kempele)<\/li>\n\n\n\n<li>Anssi Vieruaho (Oulu)<\/li>\n\n\n\n<li>Juha Vuorma (Oulu)<\/li>\n\n\n\n<li>L\u00e4j\u00e4 \u00c4ij\u00e4l\u00e4 (Oulu \/ Tornio)<\/li>\n<\/ul>\n\n\n\n<ul class=\"wp-block-list\">\n<li>Mari Ahokoivu (Oulu -&gt; K\u00f6\u00f6penhamina)<\/li>\n\n\n\n<li>Juho Juntunen (Oulu -&gt; Tampere)<\/li>\n\n\n\n<li>Pauli Kallio (Nivala -&gt; Tampere)<\/li>\n\n\n\n<li>Heikki Kemppainen (Tornio -&gt; Hesinki)<\/li>\n\n\n\n<li>Eeva Meltio (Oulu -&gt; Helsinki)<\/li>\n\n\n\n<li>Tuoni Myllyl\u00e4 (Merij\u00e4rvi -&gt; Turku)<\/li>\n\n\n\n<li>Jyrki Nissinen (Vierem\u00e4 -&gt; Helsinki)<\/li>\n\n\n\n<li>Niko-Petteri Niva (Ylitornio -&gt; Tampere)<\/li>\n\n\n\n<li><a href=\"https:\/\/www.oulucomics.com\/fi\/tekijat\/villeranta\/\" data-type=\"page\" data-id=\"7998\">Ville Ranta<\/a> (Oulu -&gt; Helsinki)<\/li>\n\n\n\n<li>Jaana Suorsa (Oulu -&gt; Akaa)<\/li>\n\n\n\n<li>Miila Westin (Oulu -&gt; Helsinki)<\/li>\n\n\n\n<li>Mikko V\u00e4yrynen (Oulu -&gt; Helsinki)<\/li>\n<\/ul>\n\n\n\n<p><\/p>\n","protected":false},"excerpt":{"rendered":"<p><!-- wp:paragraph --><\/p>\n<p>T\u00e4lle sivulle olemme koonneet kaikki pohjoisessa vaikuttavat ja vaikuttaneet sarjakuvantekij\u00e4t. Valitsemalla tekij\u00e4n p\u00e4\u00e4set tutustumaan heid\u00e4n tuotantoonsa. Pyrimme pit\u00e4m\u00e4\u00e4n laajan valikoiman teoksia ja oheistuotteita saatavi&#8230;<\/p>\n","protected":false},"author":1,"featured_media":0,"parent":0,"menu_order":0,"comment_status":"closed","ping_status":"closed","template":"","meta":{"footnotes":""},"categories":[],"tags":[],"class_list":["post-7996","page","type-page","status-publish","hentry"],"_links":{"self":[{"href":"https:\/\/www.oulucomics.com\/fi\/wp-json\/wp\/v2\/pages\/7996","targetHints":{"allow":["GET"]}}],"collection":[{"href":"https:\/\/www.oulucomics.com\/fi\/wp-json\/wp\/v2\/pages"}],"about":[{"href":"https:\/\/www.oulucomics.com\/fi\/wp-json\/wp\/v2\/types\/page"}],"author":[{"embeddable":true,"href":"https:\/\/www.oulucomics.com\/fi\/wp-json\/wp\/v2\/users\/1"}],"replies":[{"embeddable":true,"href":"https:\/\/www.oulucomics.com\/fi\/wp-json\/wp\/v2\/comments?post=7996"}],"version-history":[{"count":37,"href":"https:\/\/www.oulucomics.com\/fi\/wp-json\/wp\/v2\/pages\/7996\/revisions"}],"predecessor-version":[{"id":8074,"href":"https:\/\/www.oulucomics.com\/fi\/wp-json\/wp\/v2\/pages\/7996\/revisions\/8074"}],"wp:attachment":[{"href":"https:\/\/www.oulucomics.com\/fi\/wp-json\/wp\/v2\/media?parent=7996"}],"wp:term":[{"taxonomy":"category","embeddable":true,"href":"https:\/\/www.oulucomics.com\/fi\/wp-json\/wp\/v2\/categories?post=7996"},{"taxonomy":"post_tag","embeddable":true,"href":"https:\/\/www.oulucomics.com\/fi\/wp-json\/wp\/v2\/tags?post=7996"}],"curies":[{"name":"wp","href":"https:\/\/api.w.org\/{rel}","templated":true}]}}