{"id":7978,"date":"2026-04-16T13:23:26","date_gmt":"2026-04-16T10:23:26","guid":{"rendered":"https:\/\/www.oulucomics.com\/?page_id=7978"},"modified":"2026-04-16T13:23:26","modified_gmt":"2026-04-16T10:23:26","slug":"comics-residence-2026","status":"publish","type":"page","link":"https:\/\/www.oulucomics.com\/fi\/comics-residence-2026\/","title":{"rendered":"International Comics Residence 2026"},"content":{"rendered":"\n<p><strong>OPEN CALL: INTERNATIONAL COMICS RESIDENCY 2026 IN NORTHERN FINLAND<\/strong><\/p>\n\n\n\n<p>Residency period: <strong>1.10.-30.11.2026<\/strong><br \/>Location: <strong><a rel=\"noreferrer noopener\" href=\"https:\/\/www.liminka.fi\/en\/\" target=\"_blank\">Liminka<\/a>, <a rel=\"noreferrer noopener\" href=\"https:\/\/www.ouka.fi\/en\" target=\"_blank\">Oulu<\/a> region, Finland<\/strong><br \/>Application Deadline: <strong>31.5.2026<\/strong><\/p>\n\n\n\n<figure class=\"wp-block-image size-large\"><img loading=\"lazy\" width=\"1024\" height=\"576\" src=\"https:\/\/www.oulucomics.com\/wp-content\/uploads\/2016\/08\/2017-04-18-11.01.15-1024x576.jpg\" alt=\"\" class=\"wp-image-2680\" srcset=\"https:\/\/www.oulucomics.com\/wp-content\/uploads\/2016\/08\/2017-04-18-11.01.15-1024x576.jpg 1024w, https:\/\/www.oulucomics.com\/wp-content\/uploads\/2016\/08\/2017-04-18-11.01.15-300x169.jpg 300w, https:\/\/www.oulucomics.com\/wp-content\/uploads\/2016\/08\/2017-04-18-11.01.15-768x432.jpg 768w, https:\/\/www.oulucomics.com\/wp-content\/uploads\/2016\/08\/2017-04-18-11.01.15-1440x810.jpg 1440w, https:\/\/www.oulucomics.com\/wp-content\/uploads\/2016\/08\/2017-04-18-11.01.15-1050x591.jpg 1050w\" sizes=\"(max-width: 1024px) 100vw, 1024px\" \/><\/figure>\n\n\n\n<p><a href=\"https:\/\/www.oulucomics.com\/fi\/keskus\/\" data-type=\"page\" data-id=\"4\">The Oulu Comics Center\u2019s<\/a> and <a rel=\"noreferrer noopener\" href=\"https:\/\/limingantaidekoulu.fi\/en\/home\/\" target=\"_blank\">Liminka School of Arts<\/a> Comics and Animation department\u2019s international comic residency is located in the town of Liminka (population: 10 256). In this location, situated on the shores of the Baltic Sea, both migrating birds and art meet in a creative and inspiring environment. Just a few dozen kilometers away from Liminka lies Oulu (population: 217 469), a gateway to the north and a center of growth. <a rel=\"noreferrer noopener\" href=\"https:\/\/oulu2026.eu\/en\/\" target=\"_blank\">Oulu is also the European Capital of Culture 2026<\/a>.<\/p>\n\n\n\n<figure class=\"wp-block-image size-large\"><img loading=\"lazy\" width=\"1024\" height=\"496\" src=\"https:\/\/www.oulucomics.com\/wp-content\/uploads\/2017\/05\/viikonloppukurssit-1024x496.jpg\" alt=\"\" class=\"wp-image-2500\" srcset=\"https:\/\/www.oulucomics.com\/wp-content\/uploads\/2017\/05\/viikonloppukurssit-1024x496.jpg 1024w, https:\/\/www.oulucomics.com\/wp-content\/uploads\/2017\/05\/viikonloppukurssit-300x145.jpg 300w, https:\/\/www.oulucomics.com\/wp-content\/uploads\/2017\/05\/viikonloppukurssit-768x372.jpg 768w, https:\/\/www.oulucomics.com\/wp-content\/uploads\/2017\/05\/viikonloppukurssit-1050x509.jpg 1050w, https:\/\/www.oulucomics.com\/wp-content\/uploads\/2017\/05\/viikonloppukurssit.jpg 1151w\" sizes=\"(max-width: 1024px) 100vw, 1024px\" \/><\/figure>\n\n\n\n<p>We would like to briefly outline what we have planned for residency period. The visit offers a great opportunity to experience the peace of northern Finland as well as the hustle and bustle of the city. Community is very important to us. There will be opportunities to meet with the locals and professionals in literature, fine arts and comics art from the Nordic countries.<\/p>\n\n\n\n<p><strong>Program related to comics:<\/strong><\/p>\n\n\n\n<ul><li>A possibility of translating and publishing your existing comic book in Finnish as soon as your residency is confirmed.<\/li><li>An exhibition at the <a rel=\"noreferrer noopener\" href=\"https:\/\/www.oulucomics.com\/en_US\/keskus\/sarjakuvagalleria\/\" target=\"_blank\">Comics Gallery!<\/a> (9.10.-25.11.2026), located at the Oulu Comics Center, <a rel=\"noreferrer noopener\" href=\"https:\/\/www.kulttuurivalve.fi\/en\/\" target=\"_blank\">Cultural Centre Valve<\/a> (Hallituskatu 7, Oulu). The opening of the exhibition will be part of the <a rel=\"noreferrer noopener\" href=\"https:\/\/www.oulunkirjamessut.fi\/\" target=\"_blank\">Oulu Book Fair<\/a> (9.-11.10.2026) program.<\/li><li>You will be invited as a special guest and participate in the stage program at the <a rel=\"noreferrer noopener\" href=\"https:\/\/www.oulucomics.com\/en_US\/fest\/\" target=\"_blank\">Oulu Comics Festival<\/a> (19.-22.11.2026), which is the northernmost annual event focused on comics art in the world.<\/li><li>The residency also includes teaching a workshop at the art school.<\/li><\/ul>\n\n\n\n<figure class=\"wp-block-image size-large\"><img loading=\"lazy\" width=\"1024\" height=\"316\" src=\"https:\/\/www.oulucomics.com\/wp-content\/uploads\/2023\/03\/header-fest22_2-1024x316.jpg\" alt=\"\" class=\"wp-image-6980\" srcset=\"https:\/\/www.oulucomics.com\/wp-content\/uploads\/2023\/03\/header-fest22_2-1024x316.jpg 1024w, https:\/\/www.oulucomics.com\/wp-content\/uploads\/2023\/03\/header-fest22_2-300x93.jpg 300w, https:\/\/www.oulucomics.com\/wp-content\/uploads\/2023\/03\/header-fest22_2-768x237.jpg 768w, https:\/\/www.oulucomics.com\/wp-content\/uploads\/2023\/03\/header-fest22_2-1536x474.jpg 1536w, https:\/\/www.oulucomics.com\/wp-content\/uploads\/2023\/03\/header-fest22_2-440x136.jpg 440w, https:\/\/www.oulucomics.com\/wp-content\/uploads\/2023\/03\/header-fest22_2-1440x444.jpg 1440w, https:\/\/www.oulucomics.com\/wp-content\/uploads\/2023\/03\/header-fest22_2.jpg 1800w\" sizes=\"(max-width: 1024px) 100vw, 1024px\" \/><\/figure>\n\n\n\n<p>The Oulu Comics Center was founded in 2014. It organizes comics focused events, supports and promotes comics culture, and creates a platform for comic artists in the Oulu region and the Euro-Arctic area. We have a comic shop and Finland&#8217;s only comic art-focused gallery. The Oulu City Library also hosts Finland&#8217;s only library specialized in comics, Sarjasto.<\/p>\n\n\n\n<p>Liminka School of Arts is the oldest community college in Finland, founded in 1892. Adult students study for a year or longer in a boarding school environment in one of five programs: Comics and Animation, Fine Arts (painting, printmaking, sculpting), Theatre and Performing Arts, Free-form Studies, and Performing Arts. It is a respected institution that has produced many recognized professionals in contemporary art and comics.<\/p>\n\n\n\n<figure class=\"wp-block-image size-large\"><img loading=\"lazy\" width=\"1024\" height=\"316\" src=\"https:\/\/www.oulucomics.com\/wp-content\/uploads\/2016\/11\/paja_header-1024x316.jpg\" alt=\"\" class=\"wp-image-1422\" srcset=\"https:\/\/www.oulucomics.com\/wp-content\/uploads\/2016\/11\/paja_header-1024x316.jpg 1024w, https:\/\/www.oulucomics.com\/wp-content\/uploads\/2016\/11\/paja_header-300x93.jpg 300w, https:\/\/www.oulucomics.com\/wp-content\/uploads\/2016\/11\/paja_header-768x237.jpg 768w, https:\/\/www.oulucomics.com\/wp-content\/uploads\/2016\/11\/paja_header-1440x444.jpg 1440w, https:\/\/www.oulucomics.com\/wp-content\/uploads\/2016\/11\/paja_header.jpg 1800w\" sizes=\"(max-width: 1024px) 100vw, 1024px\" \/><\/figure>\n\n\n\n<p>We expect the residency artist to hold a five-day workshop and an open lecture at Liminka School of Arts during the residency period. We are looking for a comic artist who is committed to teaching and has previous teaching experience. The residency artist will&nbsp; be supported by the school&#8217;s standing teachers.<\/p>\n\n\n\n<p><strong>We offer to residency artist:<\/strong><\/p>\n\n\n\n<ul><li>A fee of 500 euros for the residency period (travel to and from Oulu must be covered by the artist).<\/li><li>Accommodation at the art school. You will have you own room including bathroom and access to shared spaces, where ideas start to bloom. You will also have access to other services of the art school, including the electric sauna and the wood-heated outdoor sauna.<\/li><li>Breakfast, lunch, and afternoon coffee in the school restaurant during the school days at Liminka School of Arts, which help focusing on creating art.<\/li><li>Free studio space for various media, printmaking, sculpting, animation, performing arts\u2026<\/li><li>A local bus card for travel between Oulu and Liminka.<\/li><li>Access to our utensils and implements.<\/li><li>Exposure in local and national media.<\/li><\/ul>\n\n\n\n<figure class=\"wp-block-image size-large\"><img loading=\"lazy\" width=\"1024\" height=\"316\" src=\"https:\/\/www.oulucomics.com\/wp-content\/uploads\/2023\/03\/header-fest22_3-1024x316.jpg\" alt=\"\" class=\"wp-image-6981\" srcset=\"https:\/\/www.oulucomics.com\/wp-content\/uploads\/2023\/03\/header-fest22_3-1024x316.jpg 1024w, https:\/\/www.oulucomics.com\/wp-content\/uploads\/2023\/03\/header-fest22_3-300x93.jpg 300w, https:\/\/www.oulucomics.com\/wp-content\/uploads\/2023\/03\/header-fest22_3-768x237.jpg 768w, https:\/\/www.oulucomics.com\/wp-content\/uploads\/2023\/03\/header-fest22_3-1536x474.jpg 1536w, https:\/\/www.oulucomics.com\/wp-content\/uploads\/2023\/03\/header-fest22_3-440x136.jpg 440w, https:\/\/www.oulucomics.com\/wp-content\/uploads\/2023\/03\/header-fest22_3-1440x444.jpg 1440w, https:\/\/www.oulucomics.com\/wp-content\/uploads\/2023\/03\/header-fest22_3.jpg 1800w\" sizes=\"(max-width: 1024px) 100vw, 1024px\" \/><\/figure>\n\n\n\n<p><strong>How To apply<\/strong><\/p>\n\n\n\n<p>The application MUST include<\/p>\n\n\n\n<ul><li>Letter of intent<\/li><li>CV<\/li><li>Documentation of up to five previous works<\/li><li>We hope that you will present one of your easily translatable comic books to us. This isn\u2019t mandatory, but it will help facilitate discussions with publishers.<\/li><\/ul>\n\n\n\n<p>Use e-mail: sarjakuvaoulu(at)gmail.com<\/p>\n\n\n\n<p>In case of questions or further information about Liminka School of Arts or logistics, feel free to contact standing teachers with email: sarjakuvalinja(at)gmail.com<\/p>\n\n\n\n<figure class=\"wp-block-image size-large\"><img loading=\"lazy\" width=\"1024\" height=\"316\" src=\"https:\/\/www.oulucomics.com\/wp-content\/uploads\/2023\/03\/header-fest22_1-1024x316.jpg\" alt=\"\" class=\"wp-image-6977\" srcset=\"https:\/\/www.oulucomics.com\/wp-content\/uploads\/2023\/03\/header-fest22_1-1024x316.jpg 1024w, https:\/\/www.oulucomics.com\/wp-content\/uploads\/2023\/03\/header-fest22_1-300x93.jpg 300w, https:\/\/www.oulucomics.com\/wp-content\/uploads\/2023\/03\/header-fest22_1-768x237.jpg 768w, https:\/\/www.oulucomics.com\/wp-content\/uploads\/2023\/03\/header-fest22_1-1536x474.jpg 1536w, https:\/\/www.oulucomics.com\/wp-content\/uploads\/2023\/03\/header-fest22_1-440x136.jpg 440w, https:\/\/www.oulucomics.com\/wp-content\/uploads\/2023\/03\/header-fest22_1-1440x444.jpg 1440w, https:\/\/www.oulucomics.com\/wp-content\/uploads\/2023\/03\/header-fest22_1.jpg 1800w\" sizes=\"(max-width: 1024px) 100vw, 1024px\" \/><\/figure>\n\n\n\n<p><strong>In previous years, the residency has hosted<\/strong><\/p>\n\n\n\n<ul><li>The first Residency&nbsp;artist in year 2017 was&nbsp;<a href=\"http:\/\/www.oulucomics.com\/fi\/comics-residency-2017\/\">Amr Talaat<\/a> from Eqypt<\/li><li>In the year 2018&nbsp;<a href=\"http:\/\/www.oulucomics.com\/fi\/arctic\/residence\/comics-residence-2018\/\">Cara Bean<\/a> from USA was in residence.<\/li><li>Residence artist in 2019 was<a href=\"http:\/\/www.oulucomics.com\/fi\/arctic\/residence\/comics-residence-2019\/\"> Nancy A. Acosta<\/a> from Puerto Rico<\/li><li>Artists in national Comics Residence 2020 were <a rel=\"noreferrer noopener\" href=\"https:\/\/www.instagram.com\/tuonimyllyla\/\" target=\"_blank\">Tuoni Myllyl\u00e4<\/a> and <a rel=\"noreferrer noopener\" href=\"https:\/\/www.instagram.com\/emmi_valve_artist\/\" target=\"_blank\">Emmi Valve<\/a> from Finland<\/li><li>Residence artist in 2021 was <a rel=\"noreferrer noopener\" href=\"https:\/\/www.instagram.com\/daniel_og____\/\" target=\"_blank\">Daniel Og<\/a> from Brazil<\/li><li>Residence artist in 2022 was <a rel=\"noreferrer noopener\" href=\"https:\/\/www.joanamosi.com\/\" target=\"_blank\">Joana Mosi<\/a> from Portugal<\/li><li>Residence artist in 2023 was <a rel=\"noreferrer noopener\" href=\"https:\/\/www.instagram.com\/shpendbengu\/\" target=\"_blank\">Shpend Bengu<\/a> from Albania<\/li><li>Residence artist in 2024 was <a rel=\"noreferrer noopener\" href=\"https:\/\/www.instagram.com\/chechulacupova\" target=\"_blank\">Kate\u0159ina \u010cupov\u00e1<\/a> from Czech Republic<\/li><li>Residence artist in 2025 was <a href=\"https:\/\/www.instagram.com\/emigennis\/\" target=\"_blank\" rel=\"noreferrer noopener\">Emi Gennis<\/a> from USA<\/li><\/ul>\n\n\n\n<figure class=\"wp-block-image size-large\"><img loading=\"lazy\" width=\"1024\" height=\"575\" src=\"https:\/\/www.oulucomics.com\/wp-content\/uploads\/2025\/02\/International-Comic-Recidence-Artists-1024x575.jpg\" alt=\"\" class=\"wp-image-7504\" srcset=\"https:\/\/www.oulucomics.com\/wp-content\/uploads\/2025\/02\/International-Comic-Recidence-Artists-1024x575.jpg 1024w, https:\/\/www.oulucomics.com\/wp-content\/uploads\/2025\/02\/International-Comic-Recidence-Artists-300x169.jpg 300w, https:\/\/www.oulucomics.com\/wp-content\/uploads\/2025\/02\/International-Comic-Recidence-Artists-768x431.jpg 768w, https:\/\/www.oulucomics.com\/wp-content\/uploads\/2025\/02\/International-Comic-Recidence-Artists-440x247.jpg 440w, https:\/\/www.oulucomics.com\/wp-content\/uploads\/2025\/02\/International-Comic-Recidence-Artists.jpg 1440w\" sizes=\"(max-width: 1024px) 100vw, 1024px\" \/><\/figure>\n\n\n\n<figure class=\"wp-block-image size-large\"><img loading=\"lazy\" width=\"1024\" height=\"575\" src=\"https:\/\/www.oulucomics.com\/wp-content\/uploads\/2025\/02\/International-Comic-Recidence-Artists-2-1024x575.jpg\" alt=\"\" class=\"wp-image-7505\" srcset=\"https:\/\/www.oulucomics.com\/wp-content\/uploads\/2025\/02\/International-Comic-Recidence-Artists-2-1024x575.jpg 1024w, https:\/\/www.oulucomics.com\/wp-content\/uploads\/2025\/02\/International-Comic-Recidence-Artists-2-300x169.jpg 300w, https:\/\/www.oulucomics.com\/wp-content\/uploads\/2025\/02\/International-Comic-Recidence-Artists-2-768x431.jpg 768w, https:\/\/www.oulucomics.com\/wp-content\/uploads\/2025\/02\/International-Comic-Recidence-Artists-2-440x247.jpg 440w, https:\/\/www.oulucomics.com\/wp-content\/uploads\/2025\/02\/International-Comic-Recidence-Artists-2.jpg 1440w\" sizes=\"(max-width: 1024px) 100vw, 1024px\" \/><\/figure>\n\n\n\n<figure class=\"wp-block-image size-large\"><img loading=\"lazy\" width=\"1024\" height=\"575\" src=\"https:\/\/www.oulucomics.com\/wp-content\/uploads\/2025\/02\/International-Comic-Recidence-Artists-3-1024x575.jpg\" alt=\"\" class=\"wp-image-7506\" srcset=\"https:\/\/www.oulucomics.com\/wp-content\/uploads\/2025\/02\/International-Comic-Recidence-Artists-3-1024x575.jpg 1024w, https:\/\/www.oulucomics.com\/wp-content\/uploads\/2025\/02\/International-Comic-Recidence-Artists-3-300x169.jpg 300w, https:\/\/www.oulucomics.com\/wp-content\/uploads\/2025\/02\/International-Comic-Recidence-Artists-3-768x431.jpg 768w, https:\/\/www.oulucomics.com\/wp-content\/uploads\/2025\/02\/International-Comic-Recidence-Artists-3-440x247.jpg 440w, https:\/\/www.oulucomics.com\/wp-content\/uploads\/2025\/02\/International-Comic-Recidence-Artists-3.jpg 1440w\" sizes=\"(max-width: 1024px) 100vw, 1024px\" \/><\/figure>\n\n\n\n<figure class=\"wp-block-image size-large\"><img loading=\"lazy\" width=\"1024\" height=\"575\" src=\"https:\/\/www.oulucomics.com\/wp-content\/uploads\/2025\/02\/International-Comic-Recidence-Artists-4-1024x575.jpg\" alt=\"\" class=\"wp-image-7508\" srcset=\"https:\/\/www.oulucomics.com\/wp-content\/uploads\/2025\/02\/International-Comic-Recidence-Artists-4-1024x575.jpg 1024w, https:\/\/www.oulucomics.com\/wp-content\/uploads\/2025\/02\/International-Comic-Recidence-Artists-4-300x169.jpg 300w, https:\/\/www.oulucomics.com\/wp-content\/uploads\/2025\/02\/International-Comic-Recidence-Artists-4-768x431.jpg 768w, https:\/\/www.oulucomics.com\/wp-content\/uploads\/2025\/02\/International-Comic-Recidence-Artists-4-440x247.jpg 440w, https:\/\/www.oulucomics.com\/wp-content\/uploads\/2025\/02\/International-Comic-Recidence-Artists-4.jpg 1440w\" sizes=\"(max-width: 1024px) 100vw, 1024px\" \/><\/figure>\n\n\n\n<figure class=\"wp-block-image size-large\"><img loading=\"lazy\" width=\"1024\" height=\"575\" src=\"https:\/\/www.oulucomics.com\/wp-content\/uploads\/2025\/02\/International-Comic-Recidence-Artists-5-1024x575.jpg\" alt=\"\" class=\"wp-image-7509\" srcset=\"https:\/\/www.oulucomics.com\/wp-content\/uploads\/2025\/02\/International-Comic-Recidence-Artists-5-1024x575.jpg 1024w, https:\/\/www.oulucomics.com\/wp-content\/uploads\/2025\/02\/International-Comic-Recidence-Artists-5-300x169.jpg 300w, https:\/\/www.oulucomics.com\/wp-content\/uploads\/2025\/02\/International-Comic-Recidence-Artists-5-768x431.jpg 768w, https:\/\/www.oulucomics.com\/wp-content\/uploads\/2025\/02\/International-Comic-Recidence-Artists-5-440x247.jpg 440w, https:\/\/www.oulucomics.com\/wp-content\/uploads\/2025\/02\/International-Comic-Recidence-Artists-5.jpg 1440w\" sizes=\"(max-width: 1024px) 100vw, 1024px\" \/><\/figure>\n\n\n\n<figure class=\"wp-block-image size-large\"><img loading=\"lazy\" width=\"1024\" height=\"575\" src=\"https:\/\/www.oulucomics.com\/wp-content\/uploads\/2025\/02\/International-Comic-Recidence-Artists-6-1024x575.jpg\" alt=\"\" class=\"wp-image-7510\" srcset=\"https:\/\/www.oulucomics.com\/wp-content\/uploads\/2025\/02\/International-Comic-Recidence-Artists-6-1024x575.jpg 1024w, https:\/\/www.oulucomics.com\/wp-content\/uploads\/2025\/02\/International-Comic-Recidence-Artists-6-300x169.jpg 300w, https:\/\/www.oulucomics.com\/wp-content\/uploads\/2025\/02\/International-Comic-Recidence-Artists-6-768x431.jpg 768w, https:\/\/www.oulucomics.com\/wp-content\/uploads\/2025\/02\/International-Comic-Recidence-Artists-6-440x247.jpg 440w, https:\/\/www.oulucomics.com\/wp-content\/uploads\/2025\/02\/International-Comic-Recidence-Artists-6.jpg 1440w\" sizes=\"(max-width: 1024px) 100vw, 1024px\" \/><\/figure>\n\n\n\n<figure class=\"wp-block-image size-large\"><img loading=\"lazy\" width=\"1024\" height=\"575\" src=\"https:\/\/www.oulucomics.com\/wp-content\/uploads\/2025\/02\/International-Comic-Recidence-Artists-7-1024x575.jpg\" alt=\"\" class=\"wp-image-7511\" srcset=\"https:\/\/www.oulucomics.com\/wp-content\/uploads\/2025\/02\/International-Comic-Recidence-Artists-7-1024x575.jpg 1024w, https:\/\/www.oulucomics.com\/wp-content\/uploads\/2025\/02\/International-Comic-Recidence-Artists-7-300x169.jpg 300w, https:\/\/www.oulucomics.com\/wp-content\/uploads\/2025\/02\/International-Comic-Recidence-Artists-7-768x431.jpg 768w, https:\/\/www.oulucomics.com\/wp-content\/uploads\/2025\/02\/International-Comic-Recidence-Artists-7-440x247.jpg 440w, https:\/\/www.oulucomics.com\/wp-content\/uploads\/2025\/02\/International-Comic-Recidence-Artists-7.jpg 1440w\" sizes=\"(max-width: 1024px) 100vw, 1024px\" \/><\/figure>\n\n\n\n<figure class=\"wp-block-image size-large\"><img loading=\"lazy\" width=\"1024\" height=\"575\" src=\"https:\/\/www.oulucomics.com\/wp-content\/uploads\/2025\/02\/International-Comic-Recidence-Artists-8-1024x575.jpg\" alt=\"\" class=\"wp-image-7512\" srcset=\"https:\/\/www.oulucomics.com\/wp-content\/uploads\/2025\/02\/International-Comic-Recidence-Artists-8-1024x575.jpg 1024w, https:\/\/www.oulucomics.com\/wp-content\/uploads\/2025\/02\/International-Comic-Recidence-Artists-8-300x169.jpg 300w, https:\/\/www.oulucomics.com\/wp-content\/uploads\/2025\/02\/International-Comic-Recidence-Artists-8-768x431.jpg 768w, https:\/\/www.oulucomics.com\/wp-content\/uploads\/2025\/02\/International-Comic-Recidence-Artists-8-440x247.jpg 440w, https:\/\/www.oulucomics.com\/wp-content\/uploads\/2025\/02\/International-Comic-Recidence-Artists-8.jpg 1440w\" sizes=\"(max-width: 1024px) 100vw, 1024px\" \/><\/figure>\n","protected":false},"excerpt":{"rendered":"<p><!-- wp:paragraph --><\/p>\n<p><strong>OPEN CALL: INTERNATIONAL COMICS RESIDENCY 2026 IN NORTHERN FINLAND<\/strong><\/p>\n<p><!-- \/wp:paragraph --><\/p>\n<p><!-- wp:paragraph --><\/p>\n<p>Residency period: <strong>1.10.-30.11.2026<\/strong><br \/>Location: <strong><a rel=\"norefer...\n<\/p>\n","protected":false},"author":1,"featured_media":0,"parent":0,"menu_order":0,"comment_status":"closed","ping_status":"closed","template":"","meta":[],"categories":[],"tags":[],"_links":{"self":[{"href":"https:\/\/www.oulucomics.com\/fi\/wp-json\/wp\/v2\/pages\/7978"}],"collection":[{"href":"https:\/\/www.oulucomics.com\/fi\/wp-json\/wp\/v2\/pages"}],"about":[{"href":"https:\/\/www.oulucomics.com\/fi\/wp-json\/wp\/v2\/types\/page"}],"author":[{"embeddable":true,"href":"https:\/\/www.oulucomics.com\/fi\/wp-json\/wp\/v2\/users\/1"}],"replies":[{"embeddable":true,"href":"https:\/\/www.oulucomics.com\/fi\/wp-json\/wp\/v2\/comments?post=7978"}],"version-history":[{"count":1,"href":"https:\/\/www.oulucomics.com\/fi\/wp-json\/wp\/v2\/pages\/7978\/revisions"}],"predecessor-version":[{"id":7979,"href":"https:\/\/www.oulucomics.com\/fi\/wp-json\/wp\/v2\/pages\/7978\/revisions\/7979"}],"wp:attachment":[{"href":"https:\/\/www.oulucomics.com\/fi\/wp-json\/wp\/v2\/media?parent=7978"}],"wp:term":[{"taxonomy":"category","embeddable":true,"href":"https:\/\/www.oulucomics.com\/fi\/wp-json\/wp\/v2\/categories?post=7978"},{"taxonomy":"post_tag","embeddable":true,"href":"https:\/\/www.oulucomics.com\/fi\/wp-json\/wp\/v2\/tags?post=7978"}],"curies":[{"name":"wp","href":"https:\/\/api.w.org\/{rel}","templated":true}]}}