{"id":78,"date":"2016-08-10T08:33:27","date_gmt":"2016-08-10T05:33:27","guid":{"rendered":"http:\/\/www.oulucomics.com\/?page_id=78"},"modified":"2020-07-30T17:33:36","modified_gmt":"2020-07-30T14:33:36","slug":"past","status":"publish","type":"page","link":"https:\/\/www.oulucomics.com\/fi\/fest\/past\/","title":{"rendered":"Aiemmat festivaalit"},"content":{"rendered":"<p>Vuodesta 2012 j\u00e4rjestetyn Oulun Sarjakuvafestivaalin historiaan mahtuu monenlaisia tapahtumia.<\/p>\n<p>Vuosittain j\u00e4rjestett\u00e4v\u00e4 Oulun Sarjakuvafestivaali on vuosien varrella kasvanut pienen kaveriporukan j\u00e4rjest\u00e4m\u00e4st\u00e4 paikallisesta sarjakuvap\u00e4iv\u00e4st\u00e4 kansainv\u00e4lisesti merkitt\u00e4v\u00e4ksi tapahtumaksi. Oulun Sarjakuvfestivaali on arktisen alueen suurin vuosittainen sarjakuvatapahtuma. Festivaali j\u00e4rjestet\u00e4\u00e4n vuonna 2017 kuudetta kertaa.<\/p>\n<p>Oulun Sarjakuvafestivaalien yhteydess\u00e4 j\u00e4rjestet\u00e4\u00e4n vuosittain <a href=\"http:\/\/www.oulucomics.com\/arctic\/seminar\/\">Arctic Comics Seminar<\/a>, joka ker\u00e4\u00e4 sarjakuvaihmiset samaan paikkaan, joka puolelta pohjoismaita sek\u00e4 kuuntelemaan ett\u00e4 keskustelemaan tietyst\u00e4 teemasta.<\/p>\n<p><a href=\"http:\/\/www.oulucomics.com\/arctic\/competition\/\">Oulun Pohjoismainen Sarjakuvakilpailu<\/a> tarjoaa vuosittain sarjakuvanharrastajille ja -ammattilaisille mahdollisuuden osallistua tuomaroituun sarjakuvakilpailuun, jossa voittajat palkitaan rahapalkinnoin.<\/p>\n<p>Vuosittain vaihtuvan ohjelmiston lis\u00e4ksi Oulun Sarjakuvafestivaaleilla j\u00e4rjestet\u00e4\u00e4n aina Sarjakuvakeidas, joka antaa vierailijoille mahdollisuuden l\u00f6yt\u00e4\u00e4 sarjakuvia ja jopa vaihtoehtoisia sarjakuvia. Keitaalla on myynniss\u00e4 sarjakuvakirjoja, tulosteita ja muuta materiaalia lukuisilla p\u00f6ydill\u00e4, joiden takaa l\u00f6ytyy itsen\u00e4isi\u00e4 tekij\u00f6it\u00e4, yrityksi\u00e4 ja yhteis\u00f6j\u00e4.<\/p>\n<p>Oulun Sarjakuvafestivaalien tapahtumapaikoiksi ovat vuosien varrella vakiintuneet Sarjasto, Oulun kaupunginkirjasto, Kulttuuritalo Valve ja Oulun Taidemuseo. Lis\u00e4ksi yksitt\u00e4isi\u00e4 tapahtumia ja n\u00e4yttelyit\u00e4 j\u00e4rjestet\u00e4\u00e4n vuosittain useissa kohteissa. Oulun Sarjakuvafestivaali j\u00e4rjestet\u00e4\u00e4n yhteisty\u00f6ss\u00e4 suomalaisten ja kansainv\u00e4listen toimijoiden kanssa. Festivaali on pohjoismainen ja tekij\u00e4l\u00e4ht\u00f6inen. Tervetuloa!<\/p>\n<ul>\n<li><a href=\"http:\/\/www.oulucomics.com\/fi\/fest\/past\/2019-2\/\"><strong><span style=\"color: #ff0000;\">Oulun kahdeksas Sarjakuvafestivaali 22.-24.11.2019<\/span><\/strong><\/a><\/li>\n<li><a href=\"http:\/\/www.oulucomics.com\/fi\/fest\/past\/2018-2\/\"><strong><span style=\"color: #ff0000;\">Oulun seitsem\u00e4s Sarjakuvafestivaali 23.-25.11.2018<\/span><\/strong><\/a>, teema: Valo<\/li>\n<li><a href=\"http:\/\/www.oulucomics.com\/fest\/past\/2017-2\/\">Oulun kuudes Sarjakuvafestivaali 1.-3.12.2017<\/a>, teema: Comics Effects<\/li>\n<li><a href=\"http:\/\/www.oulucomics.com\/fest\/next\/\">Oulun viides Sarjakuvafestivaali 3.-6.11.2016<\/a>, teema: Seitsem\u00e4s taide<\/li>\n<li><a href=\"http:\/\/www.oulucomics.com\/fest\/past\/fest2015\/\">Oulun nelj\u00e4s Sarjakuvafestivaali 5.-8.11.2015<\/a>, teema: Kauhu<\/li>\n<li><a href=\"http:\/\/www.oulucomics.com\/fest\/past\/fest2014\/\">Oulun kolmas Sarjakuvafestivaali 6.-8.11.2014<\/a><\/li>\n<li><a href=\"http:\/\/www.oulucomics.com\/fest\/past\/fest2013\/\">Oulun toinen Sarjakuvafestivaali 18.-20.10.2013<\/a><\/li>\n<li><a href=\"http:\/\/www.oulucomics.com\/fest\/past\/fest2012\/\">Oulun ensimm\u00e4inen Sarjakuvafestivaali 17.11.2012<\/a><\/li>\n<\/ul>\n<p><iframe loading=\"lazy\" src=\"https:\/\/www.youtube.com\/embed\/_7n81Ssq0uI\" width=\"560\" height=\"315\" frameborder=\"0\" allowfullscreen=\"allowfullscreen\"><\/iframe><\/p>\n","protected":false},"excerpt":{"rendered":"<p>Vuodesta 2012 j\u00e4rjestetyn Oulun Sarjakuvafestivaalin historiaan mahtuu monenlaisia tapahtumia.<\/p>\n<p>Vuosittain j\u00e4rjestett\u00e4v\u00e4 Oulun Sarjakuvafestivaali on vuosien varrella kasvanut pienen kaveriporukan j\u00e4rjest\u00e4m\u00e4st\u00e4 paikallisesta sarjakuvap\u00e4iv\u00e4st\u00e4&#8230;<\/p>\n","protected":false},"author":1,"featured_media":0,"parent":12,"menu_order":7,"comment_status":"closed","ping_status":"closed","template":"","meta":{"footnotes":""},"categories":[],"tags":[],"class_list":["post-78","page","type-page","status-publish","hentry"],"_links":{"self":[{"href":"https:\/\/www.oulucomics.com\/fi\/wp-json\/wp\/v2\/pages\/78","targetHints":{"allow":["GET"]}}],"collection":[{"href":"https:\/\/www.oulucomics.com\/fi\/wp-json\/wp\/v2\/pages"}],"about":[{"href":"https:\/\/www.oulucomics.com\/fi\/wp-json\/wp\/v2\/types\/page"}],"author":[{"embeddable":true,"href":"https:\/\/www.oulucomics.com\/fi\/wp-json\/wp\/v2\/users\/1"}],"replies":[{"embeddable":true,"href":"https:\/\/www.oulucomics.com\/fi\/wp-json\/wp\/v2\/comments?post=78"}],"version-history":[{"count":20,"href":"https:\/\/www.oulucomics.com\/fi\/wp-json\/wp\/v2\/pages\/78\/revisions"}],"predecessor-version":[{"id":4670,"href":"https:\/\/www.oulucomics.com\/fi\/wp-json\/wp\/v2\/pages\/78\/revisions\/4670"}],"up":[{"embeddable":true,"href":"https:\/\/www.oulucomics.com\/fi\/wp-json\/wp\/v2\/pages\/12"}],"wp:attachment":[{"href":"https:\/\/www.oulucomics.com\/fi\/wp-json\/wp\/v2\/media?parent=78"}],"wp:term":[{"taxonomy":"category","embeddable":true,"href":"https:\/\/www.oulucomics.com\/fi\/wp-json\/wp\/v2\/categories?post=78"},{"taxonomy":"post_tag","embeddable":true,"href":"https:\/\/www.oulucomics.com\/fi\/wp-json\/wp\/v2\/tags?post=78"}],"curies":[{"name":"wp","href":"https:\/\/api.w.org\/{rel}","templated":true}]}}