{"id":74,"date":"2016-08-10T08:32:04","date_gmt":"2016-08-10T05:32:04","guid":{"rendered":"http:\/\/www.oulucomics.com\/?page_id=74"},"modified":"2019-08-07T15:00:57","modified_gmt":"2019-08-07T12:00:57","slug":"venue","status":"publish","type":"page","link":"https:\/\/www.oulucomics.com\/fi\/fest\/venue\/","title":{"rendered":"Festivaalialue"},"content":{"rendered":"<h3>2019: P\u00e4\u00e4kirjasto,\u00a0Sarjasto &amp; Oulun Sarjakuvakeskus<\/h3>\n<p>Vuoden 2018 Oulun Sarjakuvafestivaalin p\u00e4\u00e4paikkoina toimivat Oulun kaupunginkirjaston p\u00e4\u00e4kirjasto ett\u00e4 Sarjasto. Lis\u00e4ksi muita oheistapahtumia j\u00e4rjestet\u00e4\u00e4n\u00a0eri puolilla kaupunkia. Tapahtuman virallinen iltaohjelmapaikka on Snooker Time.<\/p>\n<p>Tarkempi festivaalialuekartta julkaistaan syyskuussa&#8230;<\/p>\n<h3>2018: P\u00e4\u00e4kirjasto,\u00a0Sarjasto &amp; Oulun Sarjakuvakeskus<\/h3>\n<p>Vuoden 2018 Oulun Sarjakuvafestivaalin p\u00e4\u00e4paikkoina toimivat Oulun kaupunginkirjaston p\u00e4\u00e4kirjasto ett\u00e4 Sarjasto. Sunnuntain ohjelmisto j\u00e4rjestet\u00e4\u00e4n Oulun Sarjakuvakeskuksella ja Kultuturitalo Valveella. Lis\u00e4ksi muita oheistapahtumia j\u00e4rjestet\u00e4\u00e4n\u00a0eri puolilla kaupunkia.<\/p>\n<p>Tarkempi festivaalialuekartta julkaistaan elokuussa&#8230;<\/p>\n<h3>2017: Oulun Taidemuseo ja Sarjasto<\/h3>\n<p>Vuoden 2017 Oulun Sarjakuvafestivaalin p\u00e4\u00e4paikkoina toimivat Oulun Taidemuseo sek\u00e4 Oulun kaupunginkirjaston p\u00e4\u00e4kirjasto ett\u00e4 Sarjasto. K\u00e4yt\u00f6ss\u00e4mme ovat ainutlaatuiset tilat ja mahdollisuudet. Lis\u00e4ksi muita oheistapahtumia j\u00e4rjestet\u00e4\u00e4n muun muassa Oulun Sarjakuvakeskuksella ja Bingo-galleriassa.<\/p>\n<h3>Vuoden 2016 festivaalien alue<br \/> <iframe loading=\"lazy\" src=\"https:\/\/www.youtube.com\/embed\/aJv782BEFyw\" width=\"560\" height=\"315\" frameborder=\"0\" allowfullscreen=\"allowfullscreen\"><\/iframe><\/h3>\n","protected":false},"excerpt":{"rendered":"<h3>2019: P\u00e4\u00e4kirjasto,\u00a0Sarjasto &amp; Oulun Sarjakuvakeskus<\/h3>\n<p>Vuoden 2018 Oulun Sarjakuvafestivaalin p\u00e4\u00e4paikkoina toimivat Oulun kaupunginkirjaston p\u00e4\u00e4kirjasto ett\u00e4 Sarjasto. Lis\u00e4ksi muita oheistapahtumia j\u00e4rjestet\u00e4\u00e4n\u00a0eri puolilla kaupunkia. Tap&#8230;<\/p>\n","protected":false},"author":1,"featured_media":0,"parent":12,"menu_order":3,"comment_status":"closed","ping_status":"closed","template":"","meta":{"footnotes":""},"categories":[],"tags":[],"class_list":["post-74","page","type-page","status-publish","hentry"],"_links":{"self":[{"href":"https:\/\/www.oulucomics.com\/fi\/wp-json\/wp\/v2\/pages\/74","targetHints":{"allow":["GET"]}}],"collection":[{"href":"https:\/\/www.oulucomics.com\/fi\/wp-json\/wp\/v2\/pages"}],"about":[{"href":"https:\/\/www.oulucomics.com\/fi\/wp-json\/wp\/v2\/types\/page"}],"author":[{"embeddable":true,"href":"https:\/\/www.oulucomics.com\/fi\/wp-json\/wp\/v2\/users\/1"}],"replies":[{"embeddable":true,"href":"https:\/\/www.oulucomics.com\/fi\/wp-json\/wp\/v2\/comments?post=74"}],"version-history":[{"count":12,"href":"https:\/\/www.oulucomics.com\/fi\/wp-json\/wp\/v2\/pages\/74\/revisions"}],"predecessor-version":[{"id":3957,"href":"https:\/\/www.oulucomics.com\/fi\/wp-json\/wp\/v2\/pages\/74\/revisions\/3957"}],"up":[{"embeddable":true,"href":"https:\/\/www.oulucomics.com\/fi\/wp-json\/wp\/v2\/pages\/12"}],"wp:attachment":[{"href":"https:\/\/www.oulucomics.com\/fi\/wp-json\/wp\/v2\/media?parent=74"}],"wp:term":[{"taxonomy":"category","embeddable":true,"href":"https:\/\/www.oulucomics.com\/fi\/wp-json\/wp\/v2\/categories?post=74"},{"taxonomy":"post_tag","embeddable":true,"href":"https:\/\/www.oulucomics.com\/fi\/wp-json\/wp\/v2\/tags?post=74"}],"curies":[{"name":"wp","href":"https:\/\/api.w.org\/{rel}","templated":true}]}}