{"id":7212,"date":"2024-02-29T11:54:10","date_gmt":"2024-02-29T09:54:10","guid":{"rendered":"https:\/\/www.oulucomics.com\/?page_id=7212"},"modified":"2024-11-11T15:03:11","modified_gmt":"2024-11-11T13:03:11","slug":"sarjakuvakeidas2024","status":"publish","type":"page","link":"https:\/\/www.oulucomics.com\/fi\/fest\/sarjakuvakeidas2024\/","title":{"rendered":"Sarjakuvakeidas 2024"},"content":{"rendered":"\n<p><a href=\"https:\/\/www.oulucomics.com\/fi\/fest\/festivaaliohjelma-2024\/\">Festivaaliohjelma<\/a> | <a href=\"https:\/\/www.oulucomics.com\/fi\/fest\/festivaalilauantai2024\/\">Festivaalilauantai<\/a>| <strong>Sarjakuvakeidas<\/strong> | <a href=\"https:\/\/www.oulucomics.com\/fi\/fest\/festivaalinayttelyt2024\/\">Festivaalin\u00e4yttelyt<\/a><\/p>\n\n\n\n<p>Sarjakuvakeidas on avoinna lauantaina 16.11. klo 11-18 Kulttuuritalo Valveella (Hallituskatu 7, Oulu).<\/p>\n\n\n\n<p>Keidas antaa vierailijoille mahdollisuuden tehd\u00e4 sarjakuval\u00f6yt\u00f6j\u00e4. Keitaalla on myynniss\u00e4 sarjakuvakirjoja, tulosteita, oheistuotteita ja muuta materiaalia lukuisilla p\u00f6ydill\u00e4, joiden takaa l\u00f6ytyy itsen\u00e4isi\u00e4 tekij\u00f6it\u00e4, yrityksi\u00e4 ja yhteis\u00f6j\u00e4. Sarjakuvakeidas sijaitsee Kulttuuritalo Valveella \u2013 samassa rakennuksessa Oulun Sarjakuvakeskuksen kanssa.<\/p>\n\n\n\n<figure class=\"wp-block-image size-large\"><img loading=\"lazy\" decoding=\"async\" width=\"954\" height=\"711\" src=\"https:\/\/www.oulucomics.com\/wp-content\/uploads\/2024\/11\/24kartta2_small.jpg\" alt=\"\" class=\"wp-image-7391\" srcset=\"https:\/\/www.oulucomics.com\/wp-content\/uploads\/2024\/11\/24kartta2_small.jpg 954w, https:\/\/www.oulucomics.com\/wp-content\/uploads\/2024\/11\/24kartta2_small-300x224.jpg 300w, https:\/\/www.oulucomics.com\/wp-content\/uploads\/2024\/11\/24kartta2_small-768x572.jpg 768w, https:\/\/www.oulucomics.com\/wp-content\/uploads\/2024\/11\/24kartta2_small-440x328.jpg 440w\" sizes=\"auto, (max-width: 954px) 100vw, 954px\" \/><\/figure>\n\n\n\n\t\t\t\t<div class=\"event-list\">\n\t\t\t\t<ul class=\"event-list-view\">\n\t\t\t \t<li class=\"event festivaali fest-en fsat signing\">\n\t\t\t\t\t<div class=\"event-date\"><div class=\"start-date\"><div class=\"event-weekday\">la<\/div><div class=\"event-day\">16<\/div><div class=\"event-month\">marras<\/div><div class=\"event-year\">2024<\/div><\/div><\/div>\n\t\t\t\t\t<div class=\"event-info single-day\"><div class=\"event-title\"><h3>Sarjakuvakeidas | Comics Oasis<\/h3><\/div><span class=\"event-time\">11:00 - 18:00<\/span><span class=\"event-location\">Kulttuuritalo Valve | Cultural Centre Valve, Hallituskatu 7, Oulu<\/span><div class=\"event-details\"><p><span style=\"font-weight: 400;\"><img loading=\"lazy\" decoding=\"async\" class=\"alignright wp-image-7351\" style=\"font-style: normal; font-variant-ligatures: normal; font-variant-caps: normal; font-weight: 400; font-size: 13px; font-family: 'Open Sans';\" src=\"https:\/\/www.oulucomics.com\/wp-content\/uploads\/2024\/09\/Sarjakuvakeidas_Oulunsarjakuvafestivaali.jpg\" alt=\"\" width=\"300\" height=\"264\" srcset=\"https:\/\/www.oulucomics.com\/wp-content\/uploads\/2024\/09\/Sarjakuvakeidas_Oulunsarjakuvafestivaali.jpg 1010w, https:\/\/www.oulucomics.com\/wp-content\/uploads\/2024\/09\/Sarjakuvakeidas_Oulunsarjakuvafestivaali-300x264.jpg 300w, https:\/\/www.oulucomics.com\/wp-content\/uploads\/2024\/09\/Sarjakuvakeidas_Oulunsarjakuvafestivaali-768x677.jpg 768w, https:\/\/www.oulucomics.com\/wp-content\/uploads\/2024\/09\/Sarjakuvakeidas_Oulunsarjakuvafestivaali-440x388.jpg 440w\" sizes=\"auto, (max-width: 300px) 100vw, 300px\" \/>Sarjakuvakeidas tarjoaa vierailijoille mahdollisuuden tehd\u00e4 sarjakuval\u00f6yt\u00f6j\u00e4. Keitaalla on myynniss\u00e4 sarjakuvakirjoja, tulosteita, oheis<\/span><span style=\"font-weight: 400;\">tuotteita ja muuta materiaalia lukuisilla p\u00f6ydill\u00e4, joiden takaa l\u00f6ytyy itsen\u00e4isi\u00e4 tekij\u00f6it\u00e4, yrityksi\u00e4 ja yhteis\u00f6j\u00e4.\u00a0<\/span><\/p>\n<p><span style=\"font-weight: 400; color: #0000ff;\"><a href=\"http:\/\/www.oulucomics.com\/wp-content\/uploads\/2017\/10\/en.jpg\"><img loading=\"lazy\" decoding=\"async\" class=\"size-full wp-image-2955 alignleft\" src=\"http:\/\/www.oulucomics.com\/wp-content\/uploads\/2017\/10\/en.jpg\" alt=\"\" width=\"23\" height=\"20\" \/><\/a><\/span><span style=\"font-weight: 400; color: #0000ff;\">Comics Oasis offers its visitors a possibility to discover new comics and make bargains. There will be comic books, art prints, apparel, and other stuff on sale at the oasis, sold by independent authors, companies, and communities.<\/span><\/p>\n<ul>\n<li>Turun Sarjakuvakauppa (M1)<\/li>\n<li>Zum Teufel &amp; Kissanviikset (M1)<\/li>\n<li>Suuri Kurpitsa (C1)<\/li>\n<li>FEMSKT Feministinen sarjakuvatoiminta (C2)<\/li>\n<li>Pohjoinen kulttuurilehti\u00a0<em>Kaltio<\/em> (C3)<\/li>\n<li>Antikvaarinen kirjakauppa - Ajaton Aika (C4)<\/li>\n<li>Musta Ritari, Kevyt metalli &amp; Revontuli Kustannus (R1)<\/li>\n<li>Kivi Larmola (R2)<\/li>\n<li>Ilpo Koskela (R3)<\/li>\n<li>Ola Skog\u00e4ng (R4)<\/li>\n<li>Suisto kustannus (R5)<\/li>\n<li>Jyrki Nissinen (R6)<\/li>\n<li>Pokuto - Pohjoinen Kustannustoiminta (R7)<\/li>\n<li>Pall-O (R8)<\/li>\n<li>Miroma &amp; Kelmer (R9)<\/li>\n<li>V\u00e4kiv\u00e4\u00e4r\u00e4 (R10)<\/li>\n<li>Sara Ahola ja Paula Pieniniemi (R11)<\/li>\n<li>Emmi Nieminen (K1)<\/li>\n<li>Niina Salmelin (K2)<\/li>\n<li>Photo North (K3)<\/li>\n<li>Para Valta (K4)<\/li>\n<li>Routa Salmi (K5)<\/li>\n<li>Jarkko Harakka (K6)<\/li>\n<li>Janika (K7)<\/li>\n<li>Nam-Ke (K8)<\/li>\n<li>Taide- ja Mediapaja (K9)<\/li>\n<li>Betoniaaveet (K10)<\/li>\n<li>Matti Reijonen (K11)<\/li>\n<li>Limingan taidekoulu (K12)<\/li>\n<li><span style=\"text-indent: 0em;\">Kraft Ink \/ Eeva Meltio (V1)<\/span><\/li>\n<li>Ylvanaar &amp; Faetiainen (V2)<\/li>\n<li>Piiru (V3)<\/li>\n<li>Kummacon kirpputori (V4)<\/li>\n<li>Holomonsters (V5)<\/li>\n<li>Veli-Matti Ural (V6)<\/li>\n<li>Nurkka kustannus (V7)<\/li>\n<\/ul>\n<\/div><\/div>\n\t\t\t\t<\/li>\n\t\t\t \t<li class=\"event festivaali fest-en fsat center signing\">\n\t\t\t\t\t<div class=\"event-date\"><div class=\"start-date\"><div class=\"event-weekday\">la<\/div><div class=\"event-day\">16<\/div><div class=\"event-month\">marras<\/div><div class=\"event-year\">2024<\/div><\/div><\/div>\n\t\t\t\t\t<div class=\"event-info single-day\"><div class=\"event-title\"><h3>Signeeraukset | Signings<\/h3><\/div><span class=\"event-time\">11:30 - 18:00<\/span><span class=\"event-location\">Kulttuuritalo Valve | Cultural Centre Valve, Hallituskatu 7, Oulu<\/span><div class=\"event-details\"><p class=\"p1\"><strong><img loading=\"lazy\" decoding=\"async\" class=\"alignright size-medium wp-image-7352\" src=\"https:\/\/www.oulucomics.com\/wp-content\/uploads\/2024\/09\/signeeraukset_oulunsarjakuvafestivaali-300x182.jpeg\" alt=\"\" width=\"300\" height=\"182\" srcset=\"https:\/\/www.oulucomics.com\/wp-content\/uploads\/2024\/09\/signeeraukset_oulunsarjakuvafestivaali-300x182.jpeg 300w, https:\/\/www.oulucomics.com\/wp-content\/uploads\/2024\/09\/signeeraukset_oulunsarjakuvafestivaali-440x267.jpeg 440w, https:\/\/www.oulucomics.com\/wp-content\/uploads\/2024\/09\/signeeraukset_oulunsarjakuvafestivaali.jpeg 600w\" sizes=\"auto, (max-width: 300px) 100vw, 300px\" \/><\/strong><strong>Turun Sarjakuvakauppa | <span style=\"color: #0000ff;\">Turku Comics Store<\/span><\/strong><\/p>\n<p>11.45<strong> Harri \"Wallu\" Vaalio<\/strong><br \/>\n12.30 <strong>Karoliina Korhonen<\/strong><br \/>\n13.00 <strong>Niko-Petteri Niva<\/strong><br \/>\n14.30 <strong>Petteri Tikkanen<\/strong><br \/>\n16.00 <strong>Aapo Kukko<\/strong><br \/>\n16.00 <strong>Hanna Kukko<\/strong><br \/>\n16.45 <strong>Ville Ranta<\/strong><br \/>\n17.30 <strong>Lauri Ahtinen<\/strong><\/p>\n<p><strong>Valvesalin aula\u00a0|<span style=\"color: #0000ff;\">\u00a0Valvesali lobby<\/span><br \/>\nSuuri Kurpitsa<\/strong><\/p>\n<p>12.20 <strong>Heikki Kemppainen<\/strong><br \/>\n13.45 <strong>Aino Sutinen<\/strong><br \/>\n15.15 <strong>Jessi Jokelainen<\/strong><br \/>\n16.30 <strong>Emilia Laatikainen<\/strong><\/p>\n<p class=\"p1\"><strong>Valvesalin<\/strong> myyntip\u00f6ytien takaa l\u00f6yd\u00e4t runsaasti sarjakuvantekij\u00f6it\u00e4 klo 11-18 v\u00e4lisen\u00e4 aikana.<\/p>\n<p><span style=\"font-weight: 400; color: #0000ff;\"><a href=\"http:\/\/www.oulucomics.com\/wp-content\/uploads\/2017\/10\/en.jpg\"><img loading=\"lazy\" decoding=\"async\" class=\"size-full wp-image-2955 alignleft\" src=\"http:\/\/www.oulucomics.com\/wp-content\/uploads\/2017\/10\/en.jpg\" alt=\"\" width=\"23\" height=\"20\" \/><\/a>Behind the <strong>Valvesali<\/strong> sales tables, you can also find comic artists between 11 AM and 6 PM.<\/span><\/p>\n<p>13.00-13.30 <strong>Maija Tammi<\/strong>, Photo North<br \/>\n13.30-14.00 <strong>Tuukka Teponoja<\/strong>, Nurkka<br \/>\n14.00 <strong>Veli-Matti Ural<\/strong>, Nurkka (11-18)<br \/>\n14.30 <strong>Tiia Salmelin<\/strong>, Pokuto (11-18)<br \/>\n15.00<strong> Janne Parviainen &amp; Pekka Parviainen<\/strong>, Suisto (11-18)<br \/>\n16.00 <strong>Kivi Larmola<\/strong> (11-18)<br \/>\n16.30 <strong>Juho Sihvonen<\/strong>, Nurkka (11-18)<br \/>\n17.00 <strong>Eeva Meltio<\/strong>, Kraft Ink. (11-18)<br \/>\n17.25 <strong>Ola Skog\u00e4ng<\/strong> (11-18)<br \/>\n17.25 <strong>Ilpo Koskela<\/strong> (11-18)<br \/>\n17.30 <strong>Vesa Vitikainen<\/strong>, Musta Ritari (11-18)<\/p>\n<\/div><\/div>\n\t\t\t\t<\/li><\/ul>\n\t\t\t\t<\/div>\n\n\n\n<p><\/p>\n","protected":false},"excerpt":{"rendered":"<p><!-- wp:paragraph --><\/p>\n<p><a href=\"https:\/\/www.oulucomics.com\/fi\/fest\/festivaaliohjelma-2024\/\">Festivaaliohjelma<\/a> | <a href=\"https:\/\/www.oulucomics.com\/fi\/fest\/festivaalilauantai2024\/\">Festivaalilauantai<\/a>| <strong>Sarjakuvakeidas<\/strong> | <a h...\n<\/p>\n","protected":false},"author":1,"featured_media":0,"parent":12,"menu_order":0,"comment_status":"closed","ping_status":"closed","template":"","meta":{"footnotes":""},"categories":[],"tags":[],"class_list":["post-7212","page","type-page","status-publish","hentry"],"_links":{"self":[{"href":"https:\/\/www.oulucomics.com\/fi\/wp-json\/wp\/v2\/pages\/7212","targetHints":{"allow":["GET"]}}],"collection":[{"href":"https:\/\/www.oulucomics.com\/fi\/wp-json\/wp\/v2\/pages"}],"about":[{"href":"https:\/\/www.oulucomics.com\/fi\/wp-json\/wp\/v2\/types\/page"}],"author":[{"embeddable":true,"href":"https:\/\/www.oulucomics.com\/fi\/wp-json\/wp\/v2\/users\/1"}],"replies":[{"embeddable":true,"href":"https:\/\/www.oulucomics.com\/fi\/wp-json\/wp\/v2\/comments?post=7212"}],"version-history":[{"count":8,"href":"https:\/\/www.oulucomics.com\/fi\/wp-json\/wp\/v2\/pages\/7212\/revisions"}],"predecessor-version":[{"id":7393,"href":"https:\/\/www.oulucomics.com\/fi\/wp-json\/wp\/v2\/pages\/7212\/revisions\/7393"}],"up":[{"embeddable":true,"href":"https:\/\/www.oulucomics.com\/fi\/wp-json\/wp\/v2\/pages\/12"}],"wp:attachment":[{"href":"https:\/\/www.oulucomics.com\/fi\/wp-json\/wp\/v2\/media?parent=7212"}],"wp:term":[{"taxonomy":"category","embeddable":true,"href":"https:\/\/www.oulucomics.com\/fi\/wp-json\/wp\/v2\/categories?post=7212"},{"taxonomy":"post_tag","embeddable":true,"href":"https:\/\/www.oulucomics.com\/fi\/wp-json\/wp\/v2\/tags?post=7212"}],"curies":[{"name":"wp","href":"https:\/\/api.w.org\/{rel}","templated":true}]}}