{"id":7203,"date":"2024-02-28T14:50:18","date_gmt":"2024-02-28T12:50:18","guid":{"rendered":"https:\/\/www.oulucomics.com\/?page_id=7203"},"modified":"2024-02-29T11:40:37","modified_gmt":"2024-02-29T09:40:37","slug":"fest2023","status":"publish","type":"page","link":"https:\/\/www.oulucomics.com\/fi\/fest\/past\/fest2023\/","title":{"rendered":"Festivaali 10.-12.11.2023"},"content":{"rendered":"\n<p><a href=\"https:\/\/www.oulucomics.com\/fi\/fest\/festivaaliohjelma2023\/\">Festivaaliohjelma<\/a> | <a href=\"https:\/\/www.oulucomics.com\/fi\/fest\/festivaalilauantai2023\/\">Festivaalilauantai<\/a> | <a href=\"https:\/\/www.oulucomics.com\/fi\/fest\/sarjakuvakeidas2023\/\">Sarjakuvakeidas<\/a> |  <a href=\"https:\/\/www.oulucomics.com\/fi\/fest\/festivaalinayttelyt2023\/\">Festivaalin\u00e4yttelyt<\/a><\/p>\n\n\n<p><span style=\"font-weight: 400;\">Oulun 12. Sarjakuvafestivaali j\u00e4rjestet\u00e4\u00e4n 10.-12.11.2023. T\u00e4n\u00e4 vuonna p\u00e4\u00e4paikkana toimii Kulttuuritalo Valve ja Oulun Sarjakuvakeskus (Hallituskatu 7, Oulu).<\/span><\/p>\n<p><span style=\"font-weight: 400;\">Festivaaliohjelmaan p\u00e4\u00e4set kokonaisuudessaan tutustumaan kotisivuillamme. Tapahtuman p\u00e4\u00e4p\u00e4iv\u00e4 on <a href=\"https:\/\/www.oulucomics.com\/fi\/fest\/festivaalilauantai2023\/\">lauantai<\/a>, jolloin ohjelmistoa on kaikista eniten. My\u00f6s <a href=\"https:\/\/www.oulucomics.com\/fi\/fest\/sarjakuvakeidas2023\/\">Sarjakuvakeidas<\/a> ajoittuu t\u00e4n\u00e4 vuonna lauantaille 11.11. klo 11-18. Festivaalin <a href=\"https:\/\/www.oulucomics.com\/fi\/fest\/festivaalinayttelyt2023\/\">n\u00e4yttelyluettelon<\/a> l\u00f6yd\u00e4t my\u00f6s kotisivuiltamme.<\/span><\/p>\n<p><span style=\"font-weight: 400;\">Kulttuuritalo Valveella sijaitseva <a href=\"https:\/\/www.oulucomics.com\/fi\/fest\/festivaaliravintola\/\">festivaaliravintola Valveen Paljetti<\/a> on avoinna sarjakuvafestivaalin aikana: perjantaina 10.11. klo 9-19, lauantaina 11.11. klo 10-00 ja sunnuntaina 12.11. klo 10-18.<\/span><\/p>\n<p><span style=\"font-weight: 400;\">Kaikki tapahtumat ovat p\u00e4\u00e4symaksuttomia.<\/span><\/p>\n\n\n<div id=\"block-98a184ad-b038-4ff8-970f-da88f7a73cb1\" class=\"wp-block-image\"><figure class=\"alignleft is-resized\"><img loading=\"lazy\" decoding=\"async\" src=\"https:\/\/www.oulucomics.com\/wp-content\/uploads\/2022\/09\/oulu_kaupunginkirjasto-1024x278.jpeg\" alt=\"T\u00e4m\u00e4n kuvan alt-attribuutti on tyhj\u00e4; Tiedoston nimi on oulu_kaupunginkirjasto-1024x278.jpeg\" width=\"180\" height=\"49\"\/><\/figure><\/div>\n\n\n\n<div id=\"block-6dc73feb-3abe-45b8-a83f-10472d9c18d3\" class=\"wp-block-image\"><figure class=\"alignleft is-resized\"><img loading=\"lazy\" decoding=\"async\" src=\"https:\/\/www.oulucomics.com\/wp-content\/uploads\/2022\/09\/Valve_Kulttuuritalo_black.png\" alt=\"T\u00e4m\u00e4n kuvan alt-attribuutti on tyhj\u00e4; Tiedoston nimi on Valve_Kulttuuritalo_black.png\" width=\"151\" height=\"59\"\/><\/figure><\/div>\n\n\n\n<div class=\"wp-block-image\"><figure class=\"alignleft size-large is-resized\"><img loading=\"lazy\" decoding=\"async\" src=\"https:\/\/www.oulucomics.com\/wp-content\/uploads\/2021\/09\/taike_pysty.jpeg\" alt=\"\" class=\"wp-image-5817\" width=\"153\" height=\"91\" srcset=\"https:\/\/www.oulucomics.com\/wp-content\/uploads\/2021\/09\/taike_pysty.jpeg 608w, https:\/\/www.oulucomics.com\/wp-content\/uploads\/2021\/09\/taike_pysty-300x177.jpeg 300w\" sizes=\"auto, (max-width: 153px) 100vw, 153px\" \/><\/figure><\/div>\n\n\n\n<div id=\"block-017e90c5-95d9-401b-8c89-7d8460f11b71\" class=\"wp-block-image\"><figure class=\"alignleft is-resized\"><img loading=\"lazy\" decoding=\"async\" src=\"https:\/\/www.oulucomics.com\/wp-content\/uploads\/2022\/09\/Oulu_M-1024x446.png\" alt=\"T\u00e4m\u00e4n kuvan alt-attribuutti on tyhj\u00e4; Tiedoston nimi on Oulu_M-1024x446.png\" width=\"133\" height=\"57\"\/><\/figure><\/div>\n\n\n\n<div class=\"wp-block-image\"><figure class=\"alignleft size-large is-resized\"><img loading=\"lazy\" decoding=\"async\" src=\"https:\/\/www.oulucomics.com\/wp-content\/uploads\/2021\/09\/sarjakuvantekijat_logo-1024x1024.jpg\" alt=\"\" class=\"wp-image-5828\" width=\"117\" height=\"117\" srcset=\"https:\/\/www.oulucomics.com\/wp-content\/uploads\/2021\/09\/sarjakuvantekijat_logo-1024x1024.jpg 1024w, https:\/\/www.oulucomics.com\/wp-content\/uploads\/2021\/09\/sarjakuvantekijat_logo-300x300.jpg 300w, https:\/\/www.oulucomics.com\/wp-content\/uploads\/2021\/09\/sarjakuvantekijat_logo-150x150.jpg 150w, https:\/\/www.oulucomics.com\/wp-content\/uploads\/2021\/09\/sarjakuvantekijat_logo-768x768.jpg 768w, https:\/\/www.oulucomics.com\/wp-content\/uploads\/2021\/09\/sarjakuvantekijat_logo-250x250.jpg 250w, https:\/\/www.oulucomics.com\/wp-content\/uploads\/2021\/09\/sarjakuvantekijat_logo.jpg 1181w\" sizes=\"auto, (max-width: 117px) 100vw, 117px\" \/><\/figure><\/div>\n\n\n\n<div class=\"wp-block-image\"><figure class=\"alignleft size-large is-resized\"><img loading=\"lazy\" decoding=\"async\" src=\"https:\/\/www.oulucomics.com\/wp-content\/uploads\/2021\/09\/limingantaidekoulu.jpg\" alt=\"\" class=\"wp-image-5826\" width=\"67\" height=\"111\" srcset=\"https:\/\/www.oulucomics.com\/wp-content\/uploads\/2021\/09\/limingantaidekoulu.jpg 363w, https:\/\/www.oulucomics.com\/wp-content\/uploads\/2021\/09\/limingantaidekoulu-182x300.jpg 182w\" sizes=\"auto, (max-width: 67px) 100vw, 67px\" \/><\/figure><\/div>\n\n\n\n<figure class=\"wp-block-image size-large is-resized\"><img loading=\"lazy\" decoding=\"async\" src=\"https:\/\/www.oulucomics.com\/wp-content\/uploads\/2021\/09\/Rahasto_fonden_vaakalogo-1024x371.png\" alt=\"\" class=\"wp-image-5827\" width=\"238\" height=\"86\" srcset=\"https:\/\/www.oulucomics.com\/wp-content\/uploads\/2021\/09\/Rahasto_fonden_vaakalogo-1024x371.png 1024w, https:\/\/www.oulucomics.com\/wp-content\/uploads\/2021\/09\/Rahasto_fonden_vaakalogo-300x109.png 300w, https:\/\/www.oulucomics.com\/wp-content\/uploads\/2021\/09\/Rahasto_fonden_vaakalogo-768x278.png 768w, https:\/\/www.oulucomics.com\/wp-content\/uploads\/2021\/09\/Rahasto_fonden_vaakalogo.png 1142w\" sizes=\"auto, (max-width: 238px) 100vw, 238px\" \/><\/figure>\n","protected":false},"excerpt":{"rendered":"<p><!-- wp:paragraph --><\/p>\n<p><a href=\"https:\/\/www.oulucomics.com\/fi\/fest\/festivaaliohjelma2023\/\">Festivaaliohjelma<\/a> | <a href=\"https:\/\/www.oulucomics.com\/fi\/fest\/festivaalilauantai2023\/\">Festivaalilauantai<\/a> | <a href=\"https:\/\/www.oulucomics.com\/fi\/...\n<\/p>\n","protected":false},"author":1,"featured_media":0,"parent":78,"menu_order":0,"comment_status":"closed","ping_status":"closed","template":"","meta":{"footnotes":""},"categories":[],"tags":[],"class_list":["post-7203","page","type-page","status-publish","hentry"],"_links":{"self":[{"href":"https:\/\/www.oulucomics.com\/fi\/wp-json\/wp\/v2\/pages\/7203","targetHints":{"allow":["GET"]}}],"collection":[{"href":"https:\/\/www.oulucomics.com\/fi\/wp-json\/wp\/v2\/pages"}],"about":[{"href":"https:\/\/www.oulucomics.com\/fi\/wp-json\/wp\/v2\/types\/page"}],"author":[{"embeddable":true,"href":"https:\/\/www.oulucomics.com\/fi\/wp-json\/wp\/v2\/users\/1"}],"replies":[{"embeddable":true,"href":"https:\/\/www.oulucomics.com\/fi\/wp-json\/wp\/v2\/comments?post=7203"}],"version-history":[{"count":1,"href":"https:\/\/www.oulucomics.com\/fi\/wp-json\/wp\/v2\/pages\/7203\/revisions"}],"predecessor-version":[{"id":7206,"href":"https:\/\/www.oulucomics.com\/fi\/wp-json\/wp\/v2\/pages\/7203\/revisions\/7206"}],"up":[{"embeddable":true,"href":"https:\/\/www.oulucomics.com\/fi\/wp-json\/wp\/v2\/pages\/78"}],"wp:attachment":[{"href":"https:\/\/www.oulucomics.com\/fi\/wp-json\/wp\/v2\/media?parent=7203"}],"wp:term":[{"taxonomy":"category","embeddable":true,"href":"https:\/\/www.oulucomics.com\/fi\/wp-json\/wp\/v2\/categories?post=7203"},{"taxonomy":"post_tag","embeddable":true,"href":"https:\/\/www.oulucomics.com\/fi\/wp-json\/wp\/v2\/tags?post=7203"}],"curies":[{"name":"wp","href":"https:\/\/api.w.org\/{rel}","templated":true}]}}