{"id":72,"date":"2016-08-10T08:31:07","date_gmt":"2016-08-10T05:31:07","guid":{"rendered":"http:\/\/www.oulucomics.com\/?page_id=72"},"modified":"2020-03-31T13:21:50","modified_gmt":"2020-03-31T10:21:50","slug":"2016-2","status":"publish","type":"page","link":"https:\/\/www.oulucomics.com\/fi\/fest\/past\/2016-2\/","title":{"rendered":"2016"},"content":{"rendered":"<h3>Oulun viides Sarjakuvafestivaali 3.-6.11.2016<\/h3>\n<p>\u00a0<\/p>\n<p>Oulun Sarjakuvafestivaali tarjosi vuonna 2016 noin sata tapahtumaa. Festivaalin p\u00e4\u00e4paikkoja olivat Kulttuuritalo Valve sek\u00e4 Oulun p\u00e4\u00e4kirjaston sarjakuvakirjasto Sarjasto.<\/p>\n<p>Festivaalin etuk\u00e4teismaistiaisia tarjoiltiin jo 27.10. Oskari Jauhiaisen galleriassa avatussa\u00a0<strong>Kalle Hakkolan<\/strong> ja <strong>Mari Ahokoivun<\/strong> \u201cSanni ja Joonas matkalla\u201d -n\u00e4yttelyss\u00e4. Kirjastoauto Onneli muuntautui Sarjastoautoksi ja kiersi Oulun seudun kouluilla 31.10. alkaen koko viikon ajan. Mukana matkusti Kiroilevan Siilin luojana tunnettu <strong>Milla Paloniemi<\/strong>. Sarjastoauto vieraili 14:ssa yhten\u00e4iskoulussa Oulun alueella.<\/p>\n<p>Sarjaston virallisia avajaisia vietettiin torstaina 3.11.2016 n\u00e4yttelynavajaisten, tietovisan ja musiikkiesitysten siivitt\u00e4m\u00e4n\u00e4. Oulun kaupunginkirjastolla j\u00e4rjestetty kirjastoklubi ker\u00e4si todella hyvin osallistujia, ja loi uudenlaisen vireen Oulun Sarjakuvafestivaalien ohjelmiston kehitt\u00e4miseksi p\u00e4\u00e4kirjaston tiloihin tulevina vuosina.<\/p>\n<p>Sarjaston ohjelma jatkui perjantaina 4.11.2016 <a href=\"http:\/\/www.oulucomics.com\/fi\/arctic\/seminar\/sem2016\/\"><span style=\"color: #ff0000;\"><strong>Arktisella sarjakuvaseminaarilla<\/strong><\/span><\/a>, jossa keskusteltiin tieteest\u00e4 ja sarjakuvasta. Erikoisvieraina seminaarissa tavattiin Don Rosan Disney-sarjakuvista v\u00e4it\u00f6sty\u00f6ns\u00e4 tehnyt <strong>Katja Kontturi,<\/strong> sek\u00e4 norjalainen <strong>Kristian Hellesund<\/strong>, joka selvitt\u00e4\u00e4 norjalaisen sarjakuvan historiaa.<\/p>\n<p>Festivaaligaalassa 4.11.2016 julkistettiin <a href=\"http:\/\/www.oulucomics.com\/fi\/fest\/competition\/comics2016\/\"><span style=\"color: #ff0000;\"><strong>Oulun Pohjoismaisen sarjakuvakilpailun<\/strong><\/span><\/a> 2016 voittajat, sek\u00e4 heid\u00e4n t\u00f6ist\u00e4\u00e4n koottu albumi. Gaalan yhteydess\u00e4 avattiin sek\u00e4 Pohjoismaisen sarjakuvakilpailun, ett\u00e4 sarjakuvaneuvos <strong>Ilpo Koskelan<\/strong> n\u00e4yttelyt, sek\u00e4 luovutettiin kahdeksas Skrew you -tunnustuspalkinto sarjakuvan hyv\u00e4ksi tehdyst\u00e4 ty\u00f6st\u00e4 edesmenneelle Heikki Porkolalle.<\/p>\n<p>Festivaalin p\u00e4\u00e4p\u00e4iv\u00e4n\u00e4 lauantaina 5.11.2016 Kulttuuritalo Valve t\u00e4yttyi sarjakuvasta. Kustantajat ja pienlehtien tekij\u00e4t myiv\u00e4t teoksiaan sarjakuvakeitaalla, joka t\u00e4n\u00e4 vuonna laajeni my\u00f6s Valvesaliin. Festivaalialueen laajentuminen Kulttuuritalo Valveella muutti tunnelman festivaaleilla leppoisammaksi ja viihtyis\u00e4mm\u00e4ksi. Luennot, haastattelut ja muut ohjelmat ker\u00e4siv\u00e4t enn\u00e4tysm\u00e4\u00e4r\u00e4n k\u00e4vij\u00f6it\u00e4 festivaaleille.<\/p>\n<p>Tapahtuma tarjosi\u00a0festivaalivieraille laajan kattauksen ulkomaalaista, suomalaista ja pohjoismaista sarjakuvaa. Tapahtumassa n\u00e4htiin vieraina muun muassa:\u00a0Kalle Hakkola (Suomi), Mari Ahokoivu (Suomi), Katsumi Tada (Japani), Sanmagumo (Suomi-Japani), Emmi Nieminen (Suomi), Leon Stekla (Ruotsi), JJ N\u00e4\u00e4s (Suomi), Jari Terho (Suomi), Karoliina Korhonen (Suomi), Ilpo Koskela (Suomi), \u00d8yvind Lauvdahl (Norja), L\u00f3a Hj\u00e1lmt\u00fdsd\u00f3ttir (Islanti), Veli-Matti Ural (Suomi), Milla Paloniemi (Suomi), Harri Filppa (Suomi), Gon Rodher (Espanja), Anssi Vieruaho (Suomi), Sami Nyyss\u00f6l\u00e4 (Suomi), Tiina Molander (Suomi), Reetta Niemensivu (Suomi), Arto H\u00e4gg (Suomi), Jyrki M\u00e4ki (Suomi), Ville Ranta (Suomi), Jyrki Nissinen (Suomi), Katja Kontturi (Suomi), Jyrki Korpua (Suomi), sek\u00e4 Kristian Hellesund (Norja)\u00a0<a href=\"http:\/\/www.oulucomics.com\/festival\/16\/people\/\">http:\/\/www.oulucomics.com\/festival\/16\/people\/<\/a><\/p>\n<p>Aiempina vuosina oli festivaaleilla n\u00e4hty useita ulkomaalaisvieraita pohjoismaista. Vuonna 2016 Oulun Sarjakuvafestivaaleilla vieraili ensimm\u00e4ist\u00e4 kertaa vieraita my\u00f6s pohjoismaiden ulkopuolelta Espanjasta ja Japanista.<\/p>\n<p>Festivaalin Seitsem\u00e4s taide -teeman hengess\u00e4 Oulun Elokuvakeskus n\u00e4ytti Valveen Elokuvateatteri Studiossa Aku Ankka -elokuvasarjan ja muita elokuvan\u00e4yt\u00f6ksi\u00e4. Avoimia sarjakuvapajoja j\u00e4rjestettiin Valveella lauantaina, sek\u00e4 Sarjastolla sunnuntaina. Festivaali oli osa <a href=\"https:\/\/visitoulu.fi\/tuote\/lasten-kulttuurikaupunki-oulu\/\"><span style=\"color: #ff0000;\"><strong>Lasten kulttuurikaupunki Oulun<\/strong><\/span><\/a> ohjelmistoa.<\/p>\n<p>Sunnuntaina 6.11. Sarjastossa tavattiin suursuosioon noussut, suomalaisista painajaisista k\u00e4rsiv\u00e4n Matin tekij\u00e4 <strong>Karoliina Korhonen<\/strong>. Sarjaston lavalla k\u00e4ytiin keskusteluja sarjakuvablogeista, e-kirjoista, ammattisarjakuvantekij\u00e4ksi ryhtymisest\u00e4 ja ristikkojen kuvittamisesta. Festivaalin p\u00e4\u00e4tteeksi Sarjakuvakeskuksella julkistettiin vuoden 2017 festivaali.<\/p>\n<p>Sarjakuvafestivaalin aikana oli esill\u00e4 15 sarjakuvan\u00e4yttely\u00e4 eri puolilla Oulua. Muun muassa Islantilaisen sarjakuvataiteilija <strong>L\u00f3a Hjalmtysdottirin<\/strong> n\u00e4yttely oli esill\u00e4 festivaaliravintola Konst O. Delin seinill\u00e4,\u00a0festivaalikuvittaja <strong>Emmi Niemisen<\/strong> n\u00e4yttely p\u00e4\u00e4kirjaston n\u00e4yttelytilassa ja ruotsalaisen Tusen Serierin kanssa yhteisty\u00f6ss\u00e4 toteutettu ruotsalaista sarjakuvaa esittelev\u00e4 Dubbelmoral oli n\u00e4ht\u00e4vill\u00e4 Bingo-galleriassa.<\/p>\n<p>Festivaalitaiteilijana toimi vuonna 2016 <strong>Emmi Nieminen<\/strong>. Festivaalikuvitus ylitti my\u00f6s mediakynnyksen, kun <a href=\"http:\/\/yle.fi\/uutiset\/3-9205958\">YLE nosti esille Toripolliisin kuvittamisen<\/a> osaksi festivaalimainontaa.<\/p>\n","protected":false},"excerpt":{"rendered":"<h3>Oulun viides Sarjakuvafestivaali 3.-6.11.2016<\/h3>\n<p>\u00a0<\/p>\n<p>Oulun Sarjakuvafestivaali tarjosi vuonna 2016 noin sata tapahtumaa. Festivaalin p\u00e4\u00e4paikkoja olivat Kulttuuritalo Valve sek\u00e4 Oulun p\u00e4\u00e4kirjaston sarjakuvakirjasto Sarjasto.<\/p>\n<p>Festivaa&#8230;<\/p>\n","protected":false},"author":1,"featured_media":0,"parent":78,"menu_order":1,"comment_status":"closed","ping_status":"closed","template":"","meta":{"footnotes":""},"categories":[],"tags":[],"class_list":["post-72","page","type-page","status-publish","hentry"],"_links":{"self":[{"href":"https:\/\/www.oulucomics.com\/fi\/wp-json\/wp\/v2\/pages\/72","targetHints":{"allow":["GET"]}}],"collection":[{"href":"https:\/\/www.oulucomics.com\/fi\/wp-json\/wp\/v2\/pages"}],"about":[{"href":"https:\/\/www.oulucomics.com\/fi\/wp-json\/wp\/v2\/types\/page"}],"author":[{"embeddable":true,"href":"https:\/\/www.oulucomics.com\/fi\/wp-json\/wp\/v2\/users\/1"}],"replies":[{"embeddable":true,"href":"https:\/\/www.oulucomics.com\/fi\/wp-json\/wp\/v2\/comments?post=72"}],"version-history":[{"count":44,"href":"https:\/\/www.oulucomics.com\/fi\/wp-json\/wp\/v2\/pages\/72\/revisions"}],"predecessor-version":[{"id":4419,"href":"https:\/\/www.oulucomics.com\/fi\/wp-json\/wp\/v2\/pages\/72\/revisions\/4419"}],"up":[{"embeddable":true,"href":"https:\/\/www.oulucomics.com\/fi\/wp-json\/wp\/v2\/pages\/78"}],"wp:attachment":[{"href":"https:\/\/www.oulucomics.com\/fi\/wp-json\/wp\/v2\/media?parent=72"}],"wp:term":[{"taxonomy":"category","embeddable":true,"href":"https:\/\/www.oulucomics.com\/fi\/wp-json\/wp\/v2\/categories?post=72"},{"taxonomy":"post_tag","embeddable":true,"href":"https:\/\/www.oulucomics.com\/fi\/wp-json\/wp\/v2\/tags?post=72"}],"curies":[{"name":"wp","href":"https:\/\/api.w.org\/{rel}","templated":true}]}}