{"id":6970,"date":"2023-03-22T13:56:12","date_gmt":"2023-03-22T11:56:12","guid":{"rendered":"https:\/\/www.oulucomics.com\/?page_id=6970"},"modified":"2023-11-01T13:19:39","modified_gmt":"2023-11-01T11:19:39","slug":"sarjakuvakeidas2023","status":"publish","type":"page","link":"https:\/\/www.oulucomics.com\/fi\/fest\/sarjakuvakeidas2023\/","title":{"rendered":"Sarjakuvakeidas 2023"},"content":{"rendered":"\n<p><a href=\"https:\/\/www.oulucomics.com\/fi\/fest\/festivaaliohjelma2023\/\">Festivaaliohjelma<\/a> | <a href=\"https:\/\/www.oulucomics.com\/fi\/fest\/festivaalilauantai2023\/\">Festivaalilauantai<\/a> | <strong>Sarjakuvakeidas<\/strong> | <a href=\"https:\/\/www.oulucomics.com\/fi\/fest\/festivaalinayttelyt2023\/\">Festivaalin\u00e4yttelyt<\/a><\/p>\n\n\n\n<p>Sarjakuvakeidas on avoinna lauantaina 11.11. klo 11:00-18:00 Kulttuuritalo Valveella (Hallituskatu 7, Oulu).<\/p>\n\n\n\n<p>Keidas antaa vierailijoille mahdollisuuden tehd\u00e4 sarjakuval\u00f6yt\u00f6j\u00e4. Keitaalla on myynniss\u00e4 sarjakuvakirjoja, tulosteita, oheistuotteita ja muuta materiaalia lukuisilla p\u00f6ydill\u00e4, joiden takaa l\u00f6ytyy itsen\u00e4isi\u00e4 tekij\u00f6it\u00e4, yrityksi\u00e4 ja yhteis\u00f6j\u00e4. Sarjakuvakeidas sijaitsee Kulttuuritalo Valveella \u2013 samassa rakennuksessa Oulun Sarjakuvakeskuksen kanssa.<\/p>\n\n\n\n\t\t\t\t<div class=\"event-list\">\n\t\t\t\t<ul class=\"event-list-view\">\n\t\t\t \t<li class=\"event festivaali fest-en fsat signing\">\n\t\t\t\t\t<div class=\"event-date\"><div class=\"start-date\"><div class=\"event-weekday\">la<\/div><div class=\"event-day\">11<\/div><div class=\"event-month\">marras<\/div><div class=\"event-year\">2023<\/div><\/div><\/div>\n\t\t\t\t\t<div class=\"event-info single-day\"><div class=\"event-title\"><h3>Sarjakuvakeidas | Comics Oasis<\/h3><\/div><span class=\"event-time\">11:00 - 18:00<\/span><span class=\"event-location\">Kulttuuritalo Valve | Cultural Centre Valve, Hallituskatu 7, Oulu<\/span><div class=\"event-details\"><p><span style=\"font-weight: 400;\"><img loading=\"lazy\" decoding=\"async\" class=\"alignright size-medium wp-image-6833\" src=\"https:\/\/www.oulucomics.com\/wp-content\/uploads\/2022\/09\/Keidas_netti-300x266.jpeg\" alt=\"\" width=\"300\" height=\"266\" srcset=\"https:\/\/www.oulucomics.com\/wp-content\/uploads\/2022\/09\/Keidas_netti-300x266.jpeg 300w, https:\/\/www.oulucomics.com\/wp-content\/uploads\/2022\/09\/Keidas_netti-440x389.jpeg 440w, https:\/\/www.oulucomics.com\/wp-content\/uploads\/2022\/09\/Keidas_netti.jpeg 600w\" sizes=\"auto, (max-width: 300px) 100vw, 300px\" \/>Sarjakuvakeidas tarjoaa vierailijoille mahdollisuuden tehd\u00e4 sarjakuval\u00f6yt\u00f6j\u00e4. Keitaalla on myynniss\u00e4 sarjakuvakirjoja, tulosteita, oheistuotteita ja muuta materiaalia lukuisilla p\u00f6ydill\u00e4, joiden takaa l\u00f6ytyy itsen\u00e4isi\u00e4 tekij\u00f6it\u00e4, yrityksi\u00e4 ja yhteis\u00f6j\u00e4.\u00a0<\/span><\/p>\n<p><strong>Turun Sarjakuvakauppa<\/strong>\u00a0on avoinna tapahtuman aikana:<br \/>\npe 10.11. klo 12-20, la 11.11. klo 11-23 &amp; su 12.11. klo 12-14<\/p>\n<p><span style=\"font-weight: 400; color: #0000ff;\"><a href=\"http:\/\/www.oulucomics.com\/wp-content\/uploads\/2017\/10\/en.jpg\"><img loading=\"lazy\" decoding=\"async\" class=\"size-full wp-image-2955 alignleft\" src=\"http:\/\/www.oulucomics.com\/wp-content\/uploads\/2017\/10\/en.jpg\" alt=\"\" width=\"23\" height=\"20\" \/><\/a><\/span><span style=\"font-weight: 400; color: #0000ff;\">Comics Oasis offers its visitors a possibility to discover new comics and make bargains. There will be comic books, art prints, apparel, and other stuff on sale at the oasis, sold by independent authors, companies, and communities.<\/span><\/p>\n<p><span style=\"color: #0000ff;\"><strong>Turku Comic Store<\/strong>\u00a0is open during the event:<\/span><br \/>\n<span style=\"color: #0000ff;\">Fri 10.11. from 12-20, <\/span><span style=\"color: #0000ff;\">Sat 11.11. from 11-23 &amp; <\/span><span style=\"color: #0000ff;\">Sun 12.11. from 12-14<\/span><\/p>\n<ul>\n<li>Zum Teufel<\/li>\n<li>Kissanviikset<\/li>\n<li>Suuri Kurpitsa (Turun Sarjakuvakaupalla)<\/li>\n<\/ul>\n<p><strong>Valvesalin aula | <span style=\"color: #0000ff;\">Valvesali lobby<\/span><\/strong><\/p>\n<ul>\n<li>Kumiorava<\/li>\n<li>JP Ahonen<\/li>\n<li>Nordic Manga<\/li>\n<li>Antikvaarinen kirjakauppa - Ajaton Aika<\/li>\n<li>Kutikuti<\/li>\n<\/ul>\n<p><strong>Valvesali<\/strong><\/p>\n<ul>\n<li>Musta Ritari, Kevyt metalli &amp; Revontuli Kustannus<\/li>\n<li>Pokuto - Pohjoinen Kustannustoiminta<\/li>\n<li>Suisto Kustannus<\/li>\n<li>PeneLopez<\/li>\n<li>Haltia Kustannus<\/li>\n<li>Femidistro<\/li>\n<li>Jyrki Nissinen<\/li>\n<li>Betoniaaveet<\/li>\n<li>Sarjakuva- ja taidekollektiivi Kryptidi Homot<\/li>\n<li>Ilpo Koskela<\/li>\n<li>Para Valta &amp; Siiri Viljakka<\/li>\n<li>Jenni V\u00e4likangas, Reetta Kallio &amp; Varia<\/li>\n<li>Nam-Ke<\/li>\n<li>Iriini Kalliom\u00e4ki &amp; Kiira Mukka<\/li>\n<li>Limingan taidekoulu<\/li>\n<li>Piiru<\/li>\n<li>Veli-Matti Ural<\/li>\n<li>Jii Roikonen<\/li>\n<li>Sara Ahola<\/li>\n<li>Jarkko Harakka<\/li>\n<li>Sarjakuvakollektiivi T\u00e4hdenetsij\u00e4t<\/li>\n<li>Ilkka J\u00e4\u00e4skel\u00e4inen ja Virva Hukkanen<\/li>\n<li>Mari Aa<\/li>\n<li>Matti Reijonen<\/li>\n<li>Mirjamindigo<\/li>\n<li>Arto Kuparinen<\/li>\n<li>Kummacon kirpputori<\/li>\n<li>Reunaehto<\/li>\n<\/ul>\n<\/div><\/div>\n\t\t\t\t<\/li>\n\t\t\t \t<li class=\"event festivaali fest-en fsat center signing\">\n\t\t\t\t\t<div class=\"event-date\"><div class=\"start-date\"><div class=\"event-weekday\">la<\/div><div class=\"event-day\">11<\/div><div class=\"event-month\">marras<\/div><div class=\"event-year\">2023<\/div><\/div><\/div>\n\t\t\t\t\t<div class=\"event-info single-day\"><div class=\"event-title\"><h3>Signeeraukset | Signings<\/h3><\/div><span class=\"event-time\">11:30 - 18:30<\/span><span class=\"event-location\">Kulttuuritalo Valve | Cultural Centre Valve, Hallituskatu 7, Oulu<\/span><div class=\"event-details\"><p class=\"p1\"><strong>Turun Sarjakuvakauppa | <span style=\"color: #0000ff;\">Turku Comics Store<\/span><\/strong><\/p>\n<ul>\n<li class=\"p1\">11.30 Jaana Suorsa<\/li>\n<li class=\"p1\">12.30 Ville H\u00e4nninen<\/li>\n<li class=\"p1\">13:00 Mari Ahokoivu<\/li>\n<li class=\"p1\">13:30 Aapo Kukko<\/li>\n<li class=\"p1\">14.00 Sanna Hukkanen<\/li>\n<li class=\"p1\">14.30 Ville Ranta<\/li>\n<li class=\"p1\">15.00 Hanna Kukko<\/li>\n<li class=\"p1\">15.30 S\u00f8ren Mosdal<\/li>\n<li class=\"p1\">16.00 Emmi Valve<\/li>\n<li class=\"p1\">16:15 Miila Westin<\/li>\n<li class=\"p1\">16.30 Jyrki M\u00e4ki<\/li>\n<li class=\"p1\">17.00 Anneli Furmark<\/li>\n<li class=\"p1\">17.00 Hannele Richert<\/li>\n<li class=\"p1\">18.00 Tuomas Myllyl\u00e4<\/li>\n<\/ul>\n<p class=\"p1\"><strong>Valvesalin aula\u00a0|<span style=\"color: #0000ff;\">\u00a0Valvesali lobby<\/span><\/strong><\/p>\n<ul>\n<li class=\"p1\">11:30 Kalle Hakkola &amp; Mari Ahokoivu<\/li>\n<li class=\"p1\">12:00 Pentti Otsamo<\/li>\n<li class=\"p1\">12:30 Haltijak\u00e4p\u00e4l\u00e4<\/li>\n<li class=\"p1\">14.30 Emilia Laatikainen<\/li>\n<li class=\"p1\">15.45 JP Ahonen<\/li>\n<\/ul>\n<p class=\"p1\"><strong>Valvesali<\/strong><\/p>\n<ul>\n<li class=\"p1\">13.30 J\u00f6r\u00f6 Jukka (Haltia kustannus)<\/li>\n<li class=\"p1\">14.00 Sami Nyyss\u00f6l\u00e4 (Pokuto), julkkarit<\/li>\n<li class=\"p1\">14.30 Kevyt metalli<\/li>\n<li class=\"p1\">15.00 Aapo &amp; Avi (Pokuto), julkkarit<\/li>\n<li class=\"p1\">16.00 Riika Ruottinen (Pokuto)<\/li>\n<li class=\"p1\">16.30 Niko-Petteri Niva (Pokuto)<\/li>\n<li class=\"p1\">17.00 Vesa Vitikainen (Revontuli Kustannus, 2023)<\/li>\n<\/ul>\n<p class=\"p1\">Myyntip\u00f6ytien takaa l\u00f6yd\u00e4t my\u00f6s sarjakuvantekij\u00f6it\u00e4 klo 11-18 v\u00e4lisen\u00e4 aikana.<\/p>\n<p><span style=\"font-weight: 400; color: #0000ff;\">Behind the sales tables, you can also find comic artists between 11 AM and 6 PM.<\/span><\/p>\n<p class=\"p1\">\n<\/div><\/div>\n\t\t\t\t<\/li><\/ul>\n\t\t\t\t<\/div>\n","protected":false},"excerpt":{"rendered":"<p><!-- wp:paragraph --><\/p>\n<p><a href=\"https:\/\/www.oulucomics.com\/fi\/fest\/festivaaliohjelma2023\/\">Festivaaliohjelma<\/a> | <a href=\"https:\/\/www.oulucomics.com\/fi\/fest\/festivaalilauantai2023\/\">Festivaalilauantai<\/a> | <strong>Sarjakuvakeidas<\/strong> | <a h...\n<\/p>\n","protected":false},"author":1,"featured_media":0,"parent":12,"menu_order":0,"comment_status":"closed","ping_status":"closed","template":"","meta":{"footnotes":""},"categories":[],"tags":[],"class_list":["post-6970","page","type-page","status-publish","hentry"],"_links":{"self":[{"href":"https:\/\/www.oulucomics.com\/fi\/wp-json\/wp\/v2\/pages\/6970","targetHints":{"allow":["GET"]}}],"collection":[{"href":"https:\/\/www.oulucomics.com\/fi\/wp-json\/wp\/v2\/pages"}],"about":[{"href":"https:\/\/www.oulucomics.com\/fi\/wp-json\/wp\/v2\/types\/page"}],"author":[{"embeddable":true,"href":"https:\/\/www.oulucomics.com\/fi\/wp-json\/wp\/v2\/users\/1"}],"replies":[{"embeddable":true,"href":"https:\/\/www.oulucomics.com\/fi\/wp-json\/wp\/v2\/comments?post=6970"}],"version-history":[{"count":8,"href":"https:\/\/www.oulucomics.com\/fi\/wp-json\/wp\/v2\/pages\/6970\/revisions"}],"predecessor-version":[{"id":7145,"href":"https:\/\/www.oulucomics.com\/fi\/wp-json\/wp\/v2\/pages\/6970\/revisions\/7145"}],"up":[{"embeddable":true,"href":"https:\/\/www.oulucomics.com\/fi\/wp-json\/wp\/v2\/pages\/12"}],"wp:attachment":[{"href":"https:\/\/www.oulucomics.com\/fi\/wp-json\/wp\/v2\/media?parent=6970"}],"wp:term":[{"taxonomy":"category","embeddable":true,"href":"https:\/\/www.oulucomics.com\/fi\/wp-json\/wp\/v2\/categories?post=6970"},{"taxonomy":"post_tag","embeddable":true,"href":"https:\/\/www.oulucomics.com\/fi\/wp-json\/wp\/v2\/tags?post=6970"}],"curies":[{"name":"wp","href":"https:\/\/api.w.org\/{rel}","templated":true}]}}