{"id":6954,"date":"2023-03-15T10:36:02","date_gmt":"2023-03-15T08:36:02","guid":{"rendered":"https:\/\/www.oulucomics.com\/?page_id=6954"},"modified":"2023-03-15T10:36:03","modified_gmt":"2023-03-15T08:36:03","slug":"fest2022","status":"publish","type":"page","link":"https:\/\/www.oulucomics.com\/fi\/fest\/past\/fest2022\/","title":{"rendered":"Festivaali 2022 "},"content":{"rendered":"\n<p><strong>Oulun Sarjakuvafestivaali 2022:<br \/><a href=\"https:\/\/www.oulucomics.com\/fi\/fest\/festivaaliohjelma2022\/\">Festivaaliohjelma<\/a> | <a href=\"https:\/\/www.oulucomics.com\/fi\/fest\/sarjakuvakeidas2022\/\">Sarjakuvakeidas<\/a> | <a href=\"https:\/\/www.oulucomics.com\/fi\/fest\/festivaalinayttelyt2022\/\">Festivaalin\u00e4yttelyt<\/a><\/strong><\/p>\n\n\n\n<p>Oulun 11. Sarjakuvafestivaali j\u00e4rjestet\u00e4\u00e4n <strong>10.-13.11.2022<\/strong>. T\u00e4n\u00e4 vuonna p\u00e4\u00e4paikkana toimii Kulttuuritalo Valve ja Oulun Sarjakuvakeskus (Hallituskatu 7, Oulu). Lis\u00e4ksi oheistapahtumia j\u00e4rjestet\u00e4\u00e4n mm. Galleria MABD:ss\u00e4 (Torikatu 4, Oulu) ja Pekurin kirjastossa (Kauppuerienkatu 10 (2. krs), Oulu.<\/p>\n\n\n\n<ul class=\"wp-block-list\"><li><a href=\"https:\/\/www.oulucomics.com\/fi\/fest\/festivaaliohjelma2022\/\">Festivaaliohjelma<\/a> p\u00e4ivittyy syksyn aikana<\/li><li>Perinteinen <a href=\"https:\/\/www.oulucomics.com\/fi\/fest\/sarjakuvakeidas2022\/\">Sarjakuvakeidas <\/a>j\u00e4rjestet\u00e4\u00e4n 12.11. klo 11-18<\/li><li>Monipuoliset <a href=\"https:\/\/www.oulucomics.com\/fi\/fest\/festivaalinayttelyt2022\/\">Festivaalin\u00e4yttelyt<\/a> nostavat esiin uutta ja vanhaa&nbsp;<\/li><\/ul>\n\n\n\n<p>Kaikki tapahtumat ovat p\u00e4\u00e4symaksuttomia.<\/p>\n\n\n\n<div class=\"wp-block-group\"><div class=\"wp-block-group__inner-container is-layout-flow wp-block-group-is-layout-flow\">\n<div class=\"wp-block-image\"><figure class=\"alignleft size-large is-resized\"><img loading=\"lazy\" decoding=\"async\" src=\"https:\/\/www.oulucomics.com\/wp-content\/uploads\/2022\/09\/oulu_kaupunginkirjasto-1024x278.jpeg\" alt=\"\" class=\"wp-image-6891\" width=\"202\" height=\"55\" srcset=\"https:\/\/www.oulucomics.com\/wp-content\/uploads\/2022\/09\/oulu_kaupunginkirjasto-1024x278.jpeg 1024w, https:\/\/www.oulucomics.com\/wp-content\/uploads\/2022\/09\/oulu_kaupunginkirjasto-300x81.jpeg 300w, https:\/\/www.oulucomics.com\/wp-content\/uploads\/2022\/09\/oulu_kaupunginkirjasto-768x209.jpeg 768w, https:\/\/www.oulucomics.com\/wp-content\/uploads\/2022\/09\/oulu_kaupunginkirjasto-1536x417.jpeg 1536w, https:\/\/www.oulucomics.com\/wp-content\/uploads\/2022\/09\/oulu_kaupunginkirjasto-2048x556.jpeg 2048w, https:\/\/www.oulucomics.com\/wp-content\/uploads\/2022\/09\/oulu_kaupunginkirjasto-440x120.jpeg 440w, https:\/\/www.oulucomics.com\/wp-content\/uploads\/2022\/09\/oulu_kaupunginkirjasto-1440x391.jpeg 1440w, https:\/\/www.oulucomics.com\/wp-content\/uploads\/2022\/09\/oulu_kaupunginkirjasto-1920x522.jpeg 1920w\" sizes=\"auto, (max-width: 202px) 100vw, 202px\" \/><\/figure><\/div>\n\n\n\n<div class=\"wp-block-image\"><figure class=\"alignleft size-large is-resized\"><img loading=\"lazy\" decoding=\"async\" src=\"https:\/\/www.oulucomics.com\/wp-content\/uploads\/2022\/09\/Valve_Kulttuuritalo_black.png\" alt=\"\" class=\"wp-image-6890\" width=\"154\" height=\"60\" srcset=\"https:\/\/www.oulucomics.com\/wp-content\/uploads\/2022\/09\/Valve_Kulttuuritalo_black.png 838w, https:\/\/www.oulucomics.com\/wp-content\/uploads\/2022\/09\/Valve_Kulttuuritalo_black-300x117.png 300w, https:\/\/www.oulucomics.com\/wp-content\/uploads\/2022\/09\/Valve_Kulttuuritalo_black-768x301.png 768w, https:\/\/www.oulucomics.com\/wp-content\/uploads\/2022\/09\/Valve_Kulttuuritalo_black-440x172.png 440w\" sizes=\"auto, (max-width: 154px) 100vw, 154px\" \/><\/figure><\/div>\n\n\n\n<div class=\"wp-block-image\"><figure class=\"alignleft size-large is-resized\"><img loading=\"lazy\" decoding=\"async\" src=\"https:\/\/www.oulucomics.com\/wp-content\/uploads\/2022\/09\/Oulu_M-1024x446.png\" alt=\"\" class=\"wp-image-6889\" width=\"156\" height=\"67\" srcset=\"https:\/\/www.oulucomics.com\/wp-content\/uploads\/2022\/09\/Oulu_M-1024x446.png 1024w, https:\/\/www.oulucomics.com\/wp-content\/uploads\/2022\/09\/Oulu_M-300x131.png 300w, https:\/\/www.oulucomics.com\/wp-content\/uploads\/2022\/09\/Oulu_M-768x334.png 768w, https:\/\/www.oulucomics.com\/wp-content\/uploads\/2022\/09\/Oulu_M-440x191.png 440w, https:\/\/www.oulucomics.com\/wp-content\/uploads\/2022\/09\/Oulu_M.png 1326w\" sizes=\"auto, (max-width: 156px) 100vw, 156px\" \/><\/figure><\/div>\n\n\n\n<p><\/p>\n<\/div><\/div>\n\n\n\n<div class=\"wp-block-image\"><figure class=\"alignleft size-large is-resized\"><img loading=\"lazy\" decoding=\"async\" src=\"https:\/\/www.oulucomics.com\/wp-content\/uploads\/2021\/09\/taike_pysty.jpeg\" alt=\"\" class=\"wp-image-5817\" width=\"193\" height=\"114\" srcset=\"https:\/\/www.oulucomics.com\/wp-content\/uploads\/2021\/09\/taike_pysty.jpeg 608w, https:\/\/www.oulucomics.com\/wp-content\/uploads\/2021\/09\/taike_pysty-300x177.jpeg 300w\" sizes=\"auto, (max-width: 193px) 100vw, 193px\" \/><\/figure><\/div>\n\n\n\n<div class=\"wp-block-image\"><figure class=\"alignleft size-large is-resized\"><img loading=\"lazy\" decoding=\"async\" src=\"https:\/\/www.oulucomics.com\/wp-content\/uploads\/2022\/02\/cswc-logo-2022-1024x681.jpeg\" alt=\"\" class=\"wp-image-6244\" width=\"169\" height=\"111\" srcset=\"https:\/\/www.oulucomics.com\/wp-content\/uploads\/2022\/02\/cswc-logo-2022-1024x681.jpeg 1024w, https:\/\/www.oulucomics.com\/wp-content\/uploads\/2022\/02\/cswc-logo-2022-768x511.jpeg 768w, https:\/\/www.oulucomics.com\/wp-content\/uploads\/2022\/02\/cswc-logo-2022-1536x1022.jpeg 1536w, https:\/\/www.oulucomics.com\/wp-content\/uploads\/2022\/02\/cswc-logo-2022-1440x958.jpeg 1440w, https:\/\/www.oulucomics.com\/wp-content\/uploads\/2022\/02\/cswc-logo-2022-1920x1277.jpeg 1920w, https:\/\/www.oulucomics.com\/wp-content\/uploads\/2022\/02\/cswc-logo-2022.jpeg 2048w\" sizes=\"auto, (max-width: 169px) 100vw, 169px\" \/><\/figure><\/div>\n\n\n\n<div class=\"wp-block-image\"><figure class=\"alignleft size-large is-resized\"><img loading=\"lazy\" decoding=\"async\" src=\"https:\/\/www.oulucomics.com\/wp-content\/uploads\/2021\/09\/sarjakuvantekijat_logo-1024x1024.jpg\" alt=\"\" class=\"wp-image-5828\" width=\"117\" height=\"117\" srcset=\"https:\/\/www.oulucomics.com\/wp-content\/uploads\/2021\/09\/sarjakuvantekijat_logo-1024x1024.jpg 1024w, https:\/\/www.oulucomics.com\/wp-content\/uploads\/2021\/09\/sarjakuvantekijat_logo-300x300.jpg 300w, https:\/\/www.oulucomics.com\/wp-content\/uploads\/2021\/09\/sarjakuvantekijat_logo-150x150.jpg 150w, https:\/\/www.oulucomics.com\/wp-content\/uploads\/2021\/09\/sarjakuvantekijat_logo-768x768.jpg 768w, https:\/\/www.oulucomics.com\/wp-content\/uploads\/2021\/09\/sarjakuvantekijat_logo-250x250.jpg 250w, https:\/\/www.oulucomics.com\/wp-content\/uploads\/2021\/09\/sarjakuvantekijat_logo.jpg 1181w\" sizes=\"auto, (max-width: 117px) 100vw, 117px\" \/><\/figure><\/div>\n\n\n\n<div class=\"wp-block-image\"><figure class=\"alignleft size-large is-resized\"><img loading=\"lazy\" decoding=\"async\" src=\"https:\/\/www.oulucomics.com\/wp-content\/uploads\/2021\/09\/limingantaidekoulu.jpg\" alt=\"\" class=\"wp-image-5826\" width=\"67\" height=\"111\" srcset=\"https:\/\/www.oulucomics.com\/wp-content\/uploads\/2021\/09\/limingantaidekoulu.jpg 363w, https:\/\/www.oulucomics.com\/wp-content\/uploads\/2021\/09\/limingantaidekoulu-182x300.jpg 182w\" sizes=\"auto, (max-width: 67px) 100vw, 67px\" \/><\/figure><\/div>\n\n\n\n<div class=\"wp-block-image\"><figure class=\"alignleft size-large is-resized\"><img loading=\"lazy\" decoding=\"async\" src=\"https:\/\/www.oulucomics.com\/wp-content\/uploads\/2022\/09\/MABD_LOGO.png\" alt=\"\" class=\"wp-image-6896\" width=\"57\" height=\"121\" srcset=\"https:\/\/www.oulucomics.com\/wp-content\/uploads\/2022\/09\/MABD_LOGO.png 234w, https:\/\/www.oulucomics.com\/wp-content\/uploads\/2022\/09\/MABD_LOGO-141x300.png 141w\" sizes=\"auto, (max-width: 57px) 100vw, 57px\" \/><\/figure><\/div>\n\n\n\n<div class=\"wp-block-image\"><figure class=\"alignleft size-large is-resized\"><img loading=\"lazy\" decoding=\"async\" src=\"https:\/\/www.oulucomics.com\/wp-content\/uploads\/2022\/09\/skr_vihrea.jpg\" alt=\"\" class=\"wp-image-6895\" width=\"133\" height=\"128\" srcset=\"https:\/\/www.oulucomics.com\/wp-content\/uploads\/2022\/09\/skr_vihrea.jpg 600w, https:\/\/www.oulucomics.com\/wp-content\/uploads\/2022\/09\/skr_vihrea-300x291.jpg 300w, https:\/\/www.oulucomics.com\/wp-content\/uploads\/2022\/09\/skr_vihrea-440x427.jpg 440w\" sizes=\"auto, (max-width: 133px) 100vw, 133px\" \/><\/figure><\/div>\n\n\n\n<div class=\"wp-block-image\"><figure class=\"alignleft size-large is-resized\"><img loading=\"lazy\" decoding=\"async\" src=\"https:\/\/www.oulucomics.com\/wp-content\/uploads\/2022\/09\/rollo.png\" alt=\"\" class=\"wp-image-6894\" width=\"131\" height=\"131\" srcset=\"https:\/\/www.oulucomics.com\/wp-content\/uploads\/2022\/09\/rollo.png 225w, https:\/\/www.oulucomics.com\/wp-content\/uploads\/2022\/09\/rollo-150x150.png 150w, https:\/\/www.oulucomics.com\/wp-content\/uploads\/2022\/09\/rollo-92x92.png 92w\" sizes=\"auto, (max-width: 131px) 100vw, 131px\" \/><\/figure><\/div>\n\n\n\n<div class=\"wp-block-image\"><figure class=\"alignleft size-large is-resized\"><img loading=\"lazy\" decoding=\"async\" src=\"https:\/\/www.oulucomics.com\/wp-content\/uploads\/2022\/09\/norja-1.jpg\" alt=\"\" class=\"wp-image-6893\" width=\"167\" height=\"48\" srcset=\"https:\/\/www.oulucomics.com\/wp-content\/uploads\/2022\/09\/norja-1.jpg 600w, https:\/\/www.oulucomics.com\/wp-content\/uploads\/2022\/09\/norja-1-300x86.jpg 300w, https:\/\/www.oulucomics.com\/wp-content\/uploads\/2022\/09\/norja-1-440x125.jpg 440w\" sizes=\"auto, (max-width: 167px) 100vw, 167px\" \/><\/figure><\/div>\n\n\n\n<div class=\"wp-block-image\"><figure class=\"alignleft size-large is-resized\"><img loading=\"lazy\" decoding=\"async\" src=\"https:\/\/www.oulucomics.com\/wp-content\/uploads\/2022\/09\/tanska-1.jpg\" alt=\"\" class=\"wp-image-6892\" width=\"184\" height=\"55\" srcset=\"https:\/\/www.oulucomics.com\/wp-content\/uploads\/2022\/09\/tanska-1.jpg 600w, https:\/\/www.oulucomics.com\/wp-content\/uploads\/2022\/09\/tanska-1-300x91.jpg 300w, https:\/\/www.oulucomics.com\/wp-content\/uploads\/2022\/09\/tanska-1-440x133.jpg 440w\" sizes=\"auto, (max-width: 184px) 100vw, 184px\" \/><\/figure><\/div>\n","protected":false},"excerpt":{"rendered":"<p><!-- wp:paragraph --><\/p>\n<p><strong>Oulun Sarjakuvafestivaali 2022:<br \/><a href=\"https:\/\/www.oulucomics.com\/fi\/fest\/festivaaliohjelma2022\/\">Festivaaliohjelma<\/a> | <a href=\"https:\/\/www.oulucomics.com\/fi\/fest\/sarjakuvakeidas2022\/\">Sarjakuvakeidas<\/a> | <a...\n<\/p>\n","protected":false},"author":1,"featured_media":0,"parent":78,"menu_order":0,"comment_status":"closed","ping_status":"closed","template":"","meta":{"footnotes":""},"categories":[],"tags":[],"class_list":["post-6954","page","type-page","status-publish","hentry"],"_links":{"self":[{"href":"https:\/\/www.oulucomics.com\/fi\/wp-json\/wp\/v2\/pages\/6954","targetHints":{"allow":["GET"]}}],"collection":[{"href":"https:\/\/www.oulucomics.com\/fi\/wp-json\/wp\/v2\/pages"}],"about":[{"href":"https:\/\/www.oulucomics.com\/fi\/wp-json\/wp\/v2\/types\/page"}],"author":[{"embeddable":true,"href":"https:\/\/www.oulucomics.com\/fi\/wp-json\/wp\/v2\/users\/1"}],"replies":[{"embeddable":true,"href":"https:\/\/www.oulucomics.com\/fi\/wp-json\/wp\/v2\/comments?post=6954"}],"version-history":[{"count":1,"href":"https:\/\/www.oulucomics.com\/fi\/wp-json\/wp\/v2\/pages\/6954\/revisions"}],"predecessor-version":[{"id":6956,"href":"https:\/\/www.oulucomics.com\/fi\/wp-json\/wp\/v2\/pages\/6954\/revisions\/6956"}],"up":[{"embeddable":true,"href":"https:\/\/www.oulucomics.com\/fi\/wp-json\/wp\/v2\/pages\/78"}],"wp:attachment":[{"href":"https:\/\/www.oulucomics.com\/fi\/wp-json\/wp\/v2\/media?parent=6954"}],"wp:term":[{"taxonomy":"category","embeddable":true,"href":"https:\/\/www.oulucomics.com\/fi\/wp-json\/wp\/v2\/categories?post=6954"},{"taxonomy":"post_tag","embeddable":true,"href":"https:\/\/www.oulucomics.com\/fi\/wp-json\/wp\/v2\/tags?post=6954"}],"curies":[{"name":"wp","href":"https:\/\/api.w.org\/{rel}","templated":true}]}}