{"id":61,"date":"2016-08-10T08:27:08","date_gmt":"2016-08-10T05:27:08","guid":{"rendered":"http:\/\/www.oulucomics.com\/?page_id=61"},"modified":"2020-07-31T13:26:33","modified_gmt":"2020-07-31T10:26:33","slug":"lapset","status":"publish","type":"page","link":"https:\/\/www.oulucomics.com\/fi\/keskus\/allevents\/lapset\/","title":{"rendered":"Lasten tapahtumat"},"content":{"rendered":"<p>T\u00e4lle sivulle olemme ker\u00e4nneet lapsille ja lapsenmielisille sopivaa n\u00e4ht\u00e4v\u00e4\u00e4 ja koettavaa. Oulun Sarjakuvakeskus on mukana Lasten kulttuurikaupunki Oulun ohjelmistossa vuosittain:\u00a0<span class=\"s1\"><a href=\"http:\/\/www.lastenkulttuurioulu.fi\/\" target=\"_blank\">www.lastenkulttuurioulu.fi<\/a><\/span><\/p>\n\n\t\t\t\t<div class=\"event-list\">\n\t\t\t\t<style type=\"text\/css\">\n\t\t\t\t\t.filterbar { display:table; width:100% }\n\t\t\t\t\t.filterbar > div { display:table-cell }\n\t\t\t\t<\/style>\n\t\t\t\t<!--[if lte IE 7]>\n\t\t\t\t<style>.filterbar > div { float:left }<\/style>\n\t\t\t\t<![endif]-->\n\t\t\t\t<div class=\"filterbar subsubsub\">\n\t\t\t\t\t<div style=\"text-align:left\"><ul class=\"hlist\"><li><a href=\"https:\/\/www.oulucomics.com\/fi\/keskus\/allevents\/lapset\/?date1=all\">All<\/a><\/li><li><strong>Upcoming<\/strong><\/li><li><a href=\"https:\/\/www.oulucomics.com\/fi\/keskus\/allevents\/lapset\/?date1=2015\">2015<\/a><\/li><li><a href=\"https:\/\/www.oulucomics.com\/fi\/keskus\/allevents\/lapset\/?date1=2016\">2016<\/a><\/li><li><a href=\"https:\/\/www.oulucomics.com\/fi\/keskus\/allevents\/lapset\/?date1=2017\">2017<\/a><\/li><li><a href=\"https:\/\/www.oulucomics.com\/fi\/keskus\/allevents\/lapset\/?date1=2018\">2018<\/a><\/li><li><a href=\"https:\/\/www.oulucomics.com\/fi\/keskus\/allevents\/lapset\/?date1=2019\">2019<\/a><\/li><li><a href=\"https:\/\/www.oulucomics.com\/fi\/keskus\/allevents\/lapset\/?date1=2020\">2020<\/a><\/li><li><a href=\"https:\/\/www.oulucomics.com\/fi\/keskus\/allevents\/lapset\/?date1=2022\">2022<\/a><\/li><li><a href=\"https:\/\/www.oulucomics.com\/fi\/keskus\/allevents\/lapset\/?date1=2023\">2023<\/a><\/li><li><a href=\"https:\/\/www.oulucomics.com\/fi\/keskus\/allevents\/lapset\/?date1=2024\">2024<\/a><\/li><li><a href=\"https:\/\/www.oulucomics.com\/fi\/keskus\/allevents\/lapset\/?date1=2025\">2025<\/a><\/li><\/ul>\n\t\t\t\t\t<\/div><\/div><p>no event<\/p>\n\t\t\t\t<\/div>\n<p>&nbsp;<\/p>\n<p><iframe src=\"https:\/\/www.youtube.com\/embed\/nu9V5IlsMAE\" width=\"560\" height=\"315\" frameborder=\"0\" allowfullscreen=\"allowfullscreen\"><\/iframe><\/p>\n","protected":false},"excerpt":{"rendered":"<p>T\u00e4lle sivulle olemme ker\u00e4nneet lapsille ja lapsenmielisille sopivaa n\u00e4ht\u00e4v\u00e4\u00e4 ja koettavaa. Oulun Sarjakuvakeskus on mukana Lasten kulttuurikaupunki Oulun ohjelmistossa vuosittain:\u00a0<span class=\"s1\"><a href=\"http:\/\/www.lastenkulttuurioulu.fi\/\" target=\"...\n<\/p>\n","protected":false},"author":1,"featured_media":0,"parent":1482,"menu_order":9,"comment_status":"closed","ping_status":"closed","template":"","meta":[],"categories":[],"tags":[],"_links":{"self":[{"href":"https:\/\/www.oulucomics.com\/fi\/wp-json\/wp\/v2\/pages\/61"}],"collection":[{"href":"https:\/\/www.oulucomics.com\/fi\/wp-json\/wp\/v2\/pages"}],"about":[{"href":"https:\/\/www.oulucomics.com\/fi\/wp-json\/wp\/v2\/types\/page"}],"author":[{"embeddable":true,"href":"https:\/\/www.oulucomics.com\/fi\/wp-json\/wp\/v2\/users\/1"}],"replies":[{"embeddable":true,"href":"https:\/\/www.oulucomics.com\/fi\/wp-json\/wp\/v2\/comments?post=61"}],"version-history":[{"count":23,"href":"https:\/\/www.oulucomics.com\/fi\/wp-json\/wp\/v2\/pages\/61\/revisions"}],"predecessor-version":[{"id":4695,"href":"https:\/\/www.oulucomics.com\/fi\/wp-json\/wp\/v2\/pages\/61\/revisions\/4695"}],"up":[{"embeddable":true,"href":"https:\/\/www.oulucomics.com\/fi\/wp-json\/wp\/v2\/pages\/1482"}],"wp:attachment":[{"href":"https:\/\/www.oulucomics.com\/fi\/wp-json\/wp\/v2\/media?parent=61"}],"wp:term":[{"taxonomy":"category","embeddable":true,"href":"https:\/\/www.oulucomics.com\/fi\/wp-json\/wp\/v2\/categories?post=61"},{"taxonomy":"post_tag","embeddable":true,"href":"https:\/\/www.oulucomics.com\/fi\/wp-json\/wp\/v2\/tags?post=61"}],"curies":[{"name":"wp","href":"https:\/\/api.w.org\/{rel}","templated":true}]}}