{"id":57,"date":"2016-08-10T08:26:02","date_gmt":"2016-08-10T05:26:02","guid":{"rendered":"http:\/\/www.oulucomics.com\/?page_id=57"},"modified":"2017-01-17T08:56:22","modified_gmt":"2017-01-17T06:56:22","slug":"sarjakuvagalleria","status":"publish","type":"page","link":"https:\/\/www.oulucomics.com\/fi\/tapahtumat\/sarjakuvagalleria\/","title":{"rendered":"Sarjakuvagalleria!!!"},"content":{"rendered":"<p>(T\u00c4H\u00c4N LISTA SARJAKUVAGALLERIA!N N\u00c4YYTELYIST\u00c4)<\/p>\n","protected":false},"excerpt":{"rendered":"<p>(T\u00c4H\u00c4N LISTA SARJAKUVAGALLERIA!N N\u00c4YYTELYIST\u00c4)<\/p>\n<p>&#8230;<\/p>\n","protected":false},"author":1,"featured_media":0,"parent":8,"menu_order":5,"comment_status":"closed","ping_status":"closed","template":"","meta":[],"categories":[],"tags":[],"_links":{"self":[{"href":"https:\/\/www.oulucomics.com\/fi\/wp-json\/wp\/v2\/pages\/57"}],"collection":[{"href":"https:\/\/www.oulucomics.com\/fi\/wp-json\/wp\/v2\/pages"}],"about":[{"href":"https:\/\/www.oulucomics.com\/fi\/wp-json\/wp\/v2\/types\/page"}],"author":[{"embeddable":true,"href":"https:\/\/www.oulucomics.com\/fi\/wp-json\/wp\/v2\/users\/1"}],"replies":[{"embeddable":true,"href":"https:\/\/www.oulucomics.com\/fi\/wp-json\/wp\/v2\/comments?post=57"}],"version-history":[{"count":5,"href":"https:\/\/www.oulucomics.com\/fi\/wp-json\/wp\/v2\/pages\/57\/revisions"}],"predecessor-version":[{"id":1746,"href":"https:\/\/www.oulucomics.com\/fi\/wp-json\/wp\/v2\/pages\/57\/revisions\/1746"}],"up":[{"embeddable":true,"href":"https:\/\/www.oulucomics.com\/fi\/wp-json\/wp\/v2\/pages\/8"}],"wp:attachment":[{"href":"https:\/\/www.oulucomics.com\/fi\/wp-json\/wp\/v2\/media?parent=57"}],"wp:term":[{"taxonomy":"category","embeddable":true,"href":"https:\/\/www.oulucomics.com\/fi\/wp-json\/wp\/v2\/categories?post=57"},{"taxonomy":"post_tag","embeddable":true,"href":"https:\/\/www.oulucomics.com\/fi\/wp-json\/wp\/v2\/tags?post=57"}],"curies":[{"name":"wp","href":"https:\/\/api.w.org\/{rel}","templated":true}]}}