{"id":5654,"date":"2021-08-30T11:14:02","date_gmt":"2021-08-30T08:14:02","guid":{"rendered":"http:\/\/www.oulucomics.com\/?page_id=5654"},"modified":"2021-11-08T10:37:08","modified_gmt":"2021-11-08T08:37:08","slug":"sarjakuvapitchaus2021","status":"publish","type":"page","link":"https:\/\/www.oulucomics.com\/fi\/fest\/program2021\/sarjakuvapitchaus2021\/","title":{"rendered":"Sarjakuvapitchaus 2021"},"content":{"rendered":"\n<p><strong>19.11.2021 klo 16:30-18:00<br \/><em>Oulun kaupunginkirjasto<strong><em>, Pakkalan sali<\/em><\/strong>, Kaarlenv\u00e4yl\u00e4 3<\/em><\/strong><\/p>\n\n\n\n<p>Sarjakuvapitchaus tuo taiteilijat ja kustantajat yhteen. Pitchaus on tilaisuus, jossa sarjakuvantekij\u00e4t p\u00e4\u00e4sev\u00e4t esittelem\u00e4\u00e4n ideoitaan ja projektejaan raadille, joka koostuu useiden kustantajien edustajista. Sarjakuvapitchaus toteutetaan paikan p\u00e4\u00e4ll\u00e4 (ei et\u00e4yhteyksi\u00e4) osana Oulun Sarjakuvafestivaalia.<\/p>\n\n\n\n<div class=\"wp-block-image\"><figure class=\"aligncenter\"><img loading=\"lazy\" decoding=\"async\" width=\"600\" height=\"361\" src=\"http:\/\/www.oulucomics.com\/wp-content\/uploads\/2019\/08\/sarjakuvapitsaus_web.jpg\" alt=\"sarjakuvapitsaus_web\" class=\"wp-image-4142\" srcset=\"https:\/\/www.oulucomics.com\/wp-content\/uploads\/2019\/08\/sarjakuvapitsaus_web.jpg 600w, https:\/\/www.oulucomics.com\/wp-content\/uploads\/2019\/08\/sarjakuvapitsaus_web-300x181.jpg 300w\" sizes=\"auto, (max-width: 600px) 100vw, 600px\" \/><\/figure><\/div>\n\n\n\n<p>Sarjakuvapitchaus on ainutlaatuinen mahdollisuus laajentaa omaa kontaktiverkostoaan ja saada suoraa palautetta sarjakuvan kustannusalan ammattilaisilta.<\/p>\n\n\n\n<p>Raadin j\u00e4senet ovat <strong>Vesa Kataisto<\/strong> (T\u00e4ysi K\u00e4si), <strong>Petteri Oja<\/strong> (Zum Teufel) ja <strong>Vesa Vitikainen<\/strong> (Musta ritari \/ Kevyt metalli).&nbsp;Oulun Sarjakuvakeskuksen toiminnanjohtaja <strong>Harri Filppa<\/strong> toimii keskustelun siivitt\u00e4j\u00e4n\u00e4.<\/p>\n\n\n\n<p>Jokaisella osallistujalla on tasan 5 minuuttia aikaa esitell\u00e4 oma projektinsa. Osallistujien tulee hy\u00f6dynt\u00e4\u00e4 esityksens\u00e4 aikana diaesityst\u00e4, jossa n\u00e4ytett\u00e4v\u00e4t diat vaihtuvat automaattisesti viidentoista sekunnin v\u00e4lein.<\/p>\n\n\n\n<div class=\"wp-block-image\"><figure class=\"alignleft size-large is-resized\"><img loading=\"lazy\" decoding=\"async\" src=\"http:\/\/www.oulucomics.com\/wp-content\/uploads\/2021\/08\/taysikasi-logo.jpeg\" alt=\"\" class=\"wp-image-5665\" width=\"157\" height=\"157\" srcset=\"https:\/\/www.oulucomics.com\/wp-content\/uploads\/2021\/08\/taysikasi-logo.jpeg 225w, https:\/\/www.oulucomics.com\/wp-content\/uploads\/2021\/08\/taysikasi-logo-150x150.jpeg 150w\" sizes=\"auto, (max-width: 157px) 100vw, 157px\" \/><\/figure><\/div>\n\n\n\n<div class=\"wp-block-image\"><figure class=\"alignleft size-large is-resized\"><img loading=\"lazy\" decoding=\"async\" src=\"http:\/\/www.oulucomics.com\/wp-content\/uploads\/2021\/08\/zumteufel-logo.png\" alt=\"\" class=\"wp-image-5666\" width=\"294\" height=\"118\" srcset=\"https:\/\/www.oulucomics.com\/wp-content\/uploads\/2021\/08\/zumteufel-logo.png 356w, https:\/\/www.oulucomics.com\/wp-content\/uploads\/2021\/08\/zumteufel-logo-300x121.png 300w\" sizes=\"auto, (max-width: 294px) 100vw, 294px\" \/><\/figure><\/div>\n\n\n\n<div class=\"wp-block-image\"><figure class=\"alignleft size-large is-resized\"><img loading=\"lazy\" decoding=\"async\" src=\"http:\/\/www.oulucomics.com\/wp-content\/uploads\/2021\/08\/mustaritari-logo.jpeg\" alt=\"\" class=\"wp-image-5664\" width=\"164\" height=\"109\"\/><\/figure><\/div>\n\n\n\n<p><\/p>\n\n\n\n<p><\/p>\n\n\n\n<blockquote class=\"wp-block-quote is-layout-flow wp-block-quote-is-layout-flow\"><p><strong>Halutko esittelem\u00e4\u00e4n teostasi?<\/strong><\/p><p>Valmistele 15 numeroj\u00e4rjestykseen laitettua kuvaa (vaaka, 1600&#215;1200 pikseli\u00e4, jpg) ja toimita ne Oulun Sarjakuvakeskukselle ennakkoon <strong>31.10.2021 menness\u00e4<\/strong> osoitteeseen: sarjakuvaoulu(\u00e4t)gmail.com. Mainitse viestiss\u00e4 nimesi, projektin nimi ja liit\u00e4 mukaan lyhyt kuvaus alkuper\u00e4iskielell\u00e4. <em>Huomioithan, ett\u00e4 mukaan mahtuu vain&nbsp;noin&nbsp;6 taiteilijaa, joten raati ja j\u00e4rjest\u00e4v\u00e4 taho valitsevat keskuudessaan ne esittelyt, jotka haluavat tilaisuudessa kuulla.<\/em><\/p><\/blockquote>\n\n\n\n<p>Tule noukkimaan taskuusi ev\u00e4\u00e4t antoisiin kustannusneuvotteluihin tai vain seuraamaan siin\u00e4 onnistuvia!<\/p>\n\n\n\n<p>Vuonna 2019 j\u00e4rjestetyss\u00e4 sarjakuvapitchauksessa kuultiin viiden sarjakuvataitelijan tai taiteilijaryhm\u00e4n esittelyt. Niist\u00e4 kaksi sai kustanussopimuksen ja teokset ilmestyiv\u00e4t t\u00e4n\u00e4 vuonna. Oulun kymmenennell\u00e4 Sarjakuvafestivaalilla on ilo esitell\u00e4 yleis\u00f6lle perjantaina 19.11. klo 16:00 <strong>Mitja Mikael Malinin <\/strong><em>Kivet, kannot, t\u00e4hdet, kuuta <\/em>(Arktinen Banaani 2021) ja lauantaina 20.11. klo 18:10 <strong>Tessa Astren<\/strong>, <strong>Aapo Kukon<\/strong> ja <strong>Niko-Petteri Nivan<\/strong> <em>Huojuva torni <\/em>(Zum Teufel 2021).<\/p>\n","protected":false},"excerpt":{"rendered":"<p><!-- wp:paragraph --><\/p>\n<p><strong>19.11.2021 klo 16:30-18:00<br \/><em>Oulun kaupunginkirjasto<strong><em>, Pakkalan sali<\/em><\/strong>, Kaarlenv\u00e4yl\u00e4 3<\/em><\/strong><\/p>\n<p><!-- \/wp:paragraph --><\/p>\n<p><!-- wp:paragraph --><\/p>\n<p>Sarjakuvapitchaus tuo taiteilijat j&#8230;<\/p>\n","protected":false},"author":1,"featured_media":0,"parent":5194,"menu_order":0,"comment_status":"closed","ping_status":"closed","template":"","meta":{"footnotes":""},"categories":[],"tags":[],"class_list":["post-5654","page","type-page","status-publish","hentry"],"_links":{"self":[{"href":"https:\/\/www.oulucomics.com\/fi\/wp-json\/wp\/v2\/pages\/5654","targetHints":{"allow":["GET"]}}],"collection":[{"href":"https:\/\/www.oulucomics.com\/fi\/wp-json\/wp\/v2\/pages"}],"about":[{"href":"https:\/\/www.oulucomics.com\/fi\/wp-json\/wp\/v2\/types\/page"}],"author":[{"embeddable":true,"href":"https:\/\/www.oulucomics.com\/fi\/wp-json\/wp\/v2\/users\/1"}],"replies":[{"embeddable":true,"href":"https:\/\/www.oulucomics.com\/fi\/wp-json\/wp\/v2\/comments?post=5654"}],"version-history":[{"count":28,"href":"https:\/\/www.oulucomics.com\/fi\/wp-json\/wp\/v2\/pages\/5654\/revisions"}],"predecessor-version":[{"id":6095,"href":"https:\/\/www.oulucomics.com\/fi\/wp-json\/wp\/v2\/pages\/5654\/revisions\/6095"}],"up":[{"embeddable":true,"href":"https:\/\/www.oulucomics.com\/fi\/wp-json\/wp\/v2\/pages\/5194"}],"wp:attachment":[{"href":"https:\/\/www.oulucomics.com\/fi\/wp-json\/wp\/v2\/media?parent=5654"}],"wp:term":[{"taxonomy":"category","embeddable":true,"href":"https:\/\/www.oulucomics.com\/fi\/wp-json\/wp\/v2\/categories?post=5654"},{"taxonomy":"post_tag","embeddable":true,"href":"https:\/\/www.oulucomics.com\/fi\/wp-json\/wp\/v2\/tags?post=5654"}],"curies":[{"name":"wp","href":"https:\/\/api.w.org\/{rel}","templated":true}]}}