{"id":5600,"date":"2021-06-17T08:48:03","date_gmt":"2021-06-17T05:48:03","guid":{"rendered":"http:\/\/www.oulucomics.com\/?page_id=5600"},"modified":"2022-03-01T17:08:06","modified_gmt":"2022-03-01T15:08:06","slug":"oulu2026","status":"publish","type":"page","link":"https:\/\/www.oulucomics.com\/fi\/arctic\/oulu2026\/","title":{"rendered":"Sarjakuva Oulu2026"},"content":{"rendered":"\n<p>Oulun Sarjakuvakeskus julkaisee syksyn 2021 aikana viikottain internet-sivuillaan ja sosiaalisen median kanavissaan sarjakuvitetun artikkelisarjan.  Joulukuuhun saakka perjantaisin ilmestyviss\u00e4 sarjakuvissa esitell\u00e4\u00e4n &nbsp;20 pohjoissuomalaista sarjakuvantekij\u00e4\u00e4 ja heid\u00e4n 26 sarjakuvateostaan. Artikkelit on toteuttanut sarjakuvantekij\u00e4 <a rel=\"noreferrer noopener\" href=\"http:\/\/www.filppa.com\" target=\"_blank\">Harri Filppa<\/a>.<\/p>\n\n\n\n<h4 class=\"wp-block-heading\"><strong>20 sarjakuvantekij\u00e4\u00e4 ja 26 sarjakuvateosta &#8211; sarjakuvitettu artikkelisarja<\/strong><\/h4>\n\n\n\n<div class=\"wp-block-gmedia-album gmedia-shortcode\"><div class=\"gmedia_gallery amron_module is_bot\" id=\"GmediaGallery_4\" data-gmid=\"4\" data-module=\"amron\"><script type=\"text\/javascript\">\n\t(function() {\n\t\tthis['GmediaGallery_4'] = {\n\t\t\t'settings':{\"collectionThumbRecomendedWidth\":\"260\",\"collectionPreloaderColor\":\"333333\",\"linkTargetWindow\":\"_blank\",\"thumbSpacing\":\"10\",\"tagsFilter\":\"1\",\"tagCloudAll\":\"All\",\"tagCloudTextColor\":\"rgba(0, 0, 0, 1)\",\"tagCloudTextColorOver\":\"rgba(255,255, 255, 1)\",\"tagCloudBgColor\":\"rgba(211, 211, 211, 1)\",\"tagCloudBgColorOver\":\"rgba(11, 11, 11, 1)\",\"collectionThumbHoverColor\":\"rgba(0, 0, 0, .7)\",\"collectionThumbContentBGColor\":\"rgba(245,245,245,1)\",\"collectionThumbTitleShow\":\"1\",\"collectionThumbTitleColor\":\"rgba(0,0,0,1)\",\"collectionThumbFontSize\":\"18\",\"collectionThumbDescriptionShow\":\"1\",\"collectionThumbDescriptionColor\":\"rgba(0,0,0,1)\",\"collectionThumbDescriptionFontSize\":\"15\",\"collectionReadMoreButtonLabel\":\"Read More\",\"collectionReadMoreButtonLabelColor\":\"rgba(255, 255, 255, 1)\",\"collectionReadMoreButtonBGColor\":\"rgba(0, 0, 0, 1)\",\"collectionReadMoreButtonLabelColorHover\":\"rgba(0, 0, 0, 1)\",\"collectionReadMoreButtonBGColorHover\":\"rgba(235,235,235,1)\",\"modaBgColor\":\"rgba(0,0,0,0.9)\",\"modalInfoBoxBgColor\":\"rgba(255,255,255,1)\",\"modalInfoBoxTitleTextColor\":\"000000\",\"modalInfoBoxTextColor\":\"333333\",\"infoBarCountersEnable\":\"1\",\"infoBarDateInfoEnable\":\"1\",\"lightBoxEnable\":\"1\",\"sliderPreloaderColor\":\"ffffff\",\"sliderBgColor\":\"rgba(0,0,0,0.8)\",\"sliderHeaderFooterBgColor\":\"000000\",\"sliderNavigationColor\":\"rgba(0,0,0,1)\",\"sliderNavigationIconColor\":\"rgba(255,255,255,1)\",\"sliderNavigationColorOver\":\"rgba(255,255,255,1)\",\"sliderNavigationIconColorOver\":\"rgba(0,0,0,1)\",\"sliderItemTitleFontSize\":\"24\",\"sliderItemTitleTextColor\":\"ffffff\",\"sliderThumbBarEnable\":\"0\",\"sliderThumbBarHoverColor\":\"ffffff\",\"sliderThumbSubMenuBackgroundColor\":\"rgba(0,0,0,1)\",\"sliderThumbSubMenuBackgroundColorOver\":\"rgba(255,255,255,1)\",\"sliderThumbSubMenuIconColor\":\"rgba(255,255,255,1)\",\"sliderThumbSubMenuIconHoverColor\":\"rgba(0,0,0,1)\",\"sliderInfoEnable\":\"1\",\"sliderItemDownload\":\"1\",\"sliderItemDiscuss\":\"1\",\"sliderSocialShareEnabled\":\"1\",\"sliderLikesEnabled\":\"1\",\"customCSS\":\"\",\"module_url\":\"https:\\\/\\\/www.oulucomics.com\\\/wp-content\\\/plugins\\\/grand-media\\\/module\\\/amron\",\"license\":\"3475:1sl-7b01-77ed-cc5a\",\"post_url\":\"https:\\\/\\\/www.oulucomics.com\\\/fi\\\/wp-json\\\/wp\\\/v2\\\/pages\\\/5600\"},\n\t\t\t'appQuery':{\"orderby\":\"date\",\"order\":\"DESC\",\"album__in\":\"4\",\"status\":[\"publish\"]},\n\t\t\t'appApi':\"https:\\\/\\\/www.oulucomics.com\\\/fi\\\/?gmedia-app=1&gmappversion=4&gmmodule=1\",\n\t\t\t'appInfo':{\"name\":\"Sarjakuva Oulu2026\",\"description\":\"20 Sarjakuvantekij\\u00e4\\u00e4 & 26 sarjakuvateosta - Sarjakuvia pohjoisesta Suomesta - (c) Harri Filppa ja taiteilijat\"}};\n\t})();\n<\/script>\n<\/div><\/div>\n\n\n\n<p><\/p>\n","protected":false},"excerpt":{"rendered":"<p><!-- wp:paragraph --><\/p>\n<p>Oulun Sarjakuvakeskus julkaisee syksyn 2021 aikana viikottain internet-sivuillaan ja sosiaalisen median kanavissaan sarjakuvitetun artikkelisarjan.  Joulukuuhun saakka perjantaisin ilmestyviss\u00e4 sarjakuvissa esitell\u00e4\u00e4n &nbsp;2&#8230;<\/p>\n","protected":false},"author":1,"featured_media":0,"parent":14,"menu_order":0,"comment_status":"closed","ping_status":"closed","template":"","meta":{"footnotes":""},"categories":[],"tags":[],"class_list":["post-5600","page","type-page","status-publish","hentry"],"_links":{"self":[{"href":"https:\/\/www.oulucomics.com\/fi\/wp-json\/wp\/v2\/pages\/5600","targetHints":{"allow":["GET"]}}],"collection":[{"href":"https:\/\/www.oulucomics.com\/fi\/wp-json\/wp\/v2\/pages"}],"about":[{"href":"https:\/\/www.oulucomics.com\/fi\/wp-json\/wp\/v2\/types\/page"}],"author":[{"embeddable":true,"href":"https:\/\/www.oulucomics.com\/fi\/wp-json\/wp\/v2\/users\/1"}],"replies":[{"embeddable":true,"href":"https:\/\/www.oulucomics.com\/fi\/wp-json\/wp\/v2\/comments?post=5600"}],"version-history":[{"count":17,"href":"https:\/\/www.oulucomics.com\/fi\/wp-json\/wp\/v2\/pages\/5600\/revisions"}],"predecessor-version":[{"id":6656,"href":"https:\/\/www.oulucomics.com\/fi\/wp-json\/wp\/v2\/pages\/5600\/revisions\/6656"}],"up":[{"embeddable":true,"href":"https:\/\/www.oulucomics.com\/fi\/wp-json\/wp\/v2\/pages\/14"}],"wp:attachment":[{"href":"https:\/\/www.oulucomics.com\/fi\/wp-json\/wp\/v2\/media?parent=5600"}],"wp:term":[{"taxonomy":"category","embeddable":true,"href":"https:\/\/www.oulucomics.com\/fi\/wp-json\/wp\/v2\/categories?post=5600"},{"taxonomy":"post_tag","embeddable":true,"href":"https:\/\/www.oulucomics.com\/fi\/wp-json\/wp\/v2\/tags?post=5600"}],"curies":[{"name":"wp","href":"https:\/\/api.w.org\/{rel}","templated":true}]}}