{"id":5079,"date":"2021-01-28T16:28:20","date_gmt":"2021-01-28T14:28:20","guid":{"rendered":"http:\/\/www.oulucomics.com\/?page_id=5079"},"modified":"2023-09-05T11:55:29","modified_gmt":"2023-09-05T08:55:29","slug":"2020-2","status":"publish","type":"page","link":"https:\/\/www.oulucomics.com\/fi\/fest\/past\/2020-2\/","title":{"rendered":"Festivaali 2020"},"content":{"rendered":"\n<p>Vuoden 2020 Oulun Sarjakuvafestivaali saatiin poikkeustilanteesta huolimatta hoidettua ihmisten turvallisuudesta huolehtien. K\u00e4vij\u00f6it\u00e4 oli huomattavasti edellisi\u00e4 vuosia v\u00e4hemm\u00e4n, joten ruuhkiakaan ei p\u00e4\u00e4ssyt syntym\u00e4\u00e4n. Kiitoksia k\u00e4vij\u00f6ille maltillisuudesta ja muiden osallistujien huomioimisesta.  <\/p>\n\n\n\n<p>T\u00e4st\u00e4 on hyv\u00e4 l\u00e4hte\u00e4 suunnittelemaan Oulun kymmenett\u00e4 Sarjakuvafestivaalia, joka j\u00e4rjestet\u00e4\u00e4n 18.-21.11.2021. Toivotaan, ett\u00e4 silloin voimme j\u00e4rjest\u00e4\u00e4 t\u00e4lt\u00e4 vuodelta peruuntuneita yleis\u00f6tapahtumia, kuten festivaaligaala, iltaklubit, sarjakuvapajat ja paljon muuta toimintaa. &nbsp; Festivaalilta ylitse j\u00e4\u00e4neet kasvomaskit ovat jaossa Kulttuuritalo Valveella, Oulun Sarjakuvakeskuksella aukioloaikojemme puitteissa. Haluamme muistuttaa, ett\u00e4 kulttuuri on ihmisille t\u00e4rke\u00e4\u00e4 ja siit\u00e4 kannustamme nauttimaan my\u00f6s poikkeusaikana oma ja muiden turvallisuus huomioiden.<\/p>\n\n\n\n<p>Oulun yhdeks\u00e4s Sarjakuvafestivaali j\u00e4rjestet\u00e4\u00e4n 20.-22.11.2020. Teemana vuoden 2020 festivaalilla on lastensarjakuva ja painotuksemme taiteilijavalinnoissa on kansallinen. T\u00e4n\u00e4 vuonna p\u00e4\u00e4paikkoina toimivat:<\/p>\n\n\n\n<ul><li>Oulun kaupunginkirjaston p\u00e4\u00e4kirjasto ja Sarjasto (Kaarlenv\u00e4yl\u00e4 3)<\/li><li>Oulun Sarjakuvakeskus ja Kulttuuritalo Valve (Hallituskatu 7)<\/li><\/ul>\n\n\n\n<p><strong><a href=\"http:\/\/www.oulucomics.com\/fest\/program2020\/\">Oulun Sarjakuvafestivaalin ohjelma vuodelle 2020.<\/a><\/strong> Vuoden 2020 festivaalin tapahtumiin p\u00e4\u00e4set osallistumaan t\u00e4n\u00e4 vuonna sek\u00e4 rajoitetusti liven\u00e4 ett\u00e4 ilman rajoituksia livestriimill\u00e4!<\/p>\n\n\n\n<p>Seuraamme Koronatilannetta ja rakennamme festivaalia sen mukaan. T\u00e4n\u00e4 vuonna l\u00e4hes koko ohjelmisto my\u00f6s livestriimataan Oulusta maailmalle ja maailmalta Ouluun &#8211; oli tilanne mik\u00e4 hyv\u00e4ns\u00e4.<\/p>\n\n\n\n<p><a href=\"https:\/\/www.youtube.com\/channel\/UC1pfly8i1t0VrMGoCnoSAdg\" target=\"_blank\" rel=\"noreferrer noopener\">Tulevat livestriimaukset l\u00f6yd\u00e4t Oulun Sarjakuvakeskuksen YouTube-kanavalta!<\/a><\/p>\n\n\n\n<p>T\u00e4m\u00e4n vuoden festivaalitaiteilijaksi valikoitui t\u00e4n\u00e4 vuonna puup\u00e4\u00e4hattu-palkinnon saanut iisalmelainen <strong>Petteri Tikkanen<\/strong>.&nbsp;<a href=\"http:\/\/www.petteritikkanen.com\/?fbclid=IwAR1Vof15sq0K4mHVDN5ClAX6l_cQe61qYIMNi4u9_wwgZ3V43DBEK-cjY1U\" target=\"_blank\" rel=\"noreferrer noopener\">http:\/\/www.petteritikkanen.com\/<\/a><\/p>\n\n\n\n<div class=\"wp-block-image\"><figure class=\"aligncenter\"><a href=\"http:\/\/www.oulucomics.com\/wp-content\/uploads\/2016\/08\/fest2020-fb-musta.jpg\"><img loading=\"lazy\" width=\"1200\" height=\"1058\" src=\"http:\/\/www.oulucomics.com\/wp-content\/uploads\/2016\/08\/fest2020-fb-musta.jpg\" alt=\"fest2020-fb-musta\" class=\"wp-image-4820\" srcset=\"https:\/\/www.oulucomics.com\/wp-content\/uploads\/2016\/08\/fest2020-fb-musta.jpg 1200w, https:\/\/www.oulucomics.com\/wp-content\/uploads\/2016\/08\/fest2020-fb-musta-300x265.jpg 300w, https:\/\/www.oulucomics.com\/wp-content\/uploads\/2016\/08\/fest2020-fb-musta-768x677.jpg 768w, https:\/\/www.oulucomics.com\/wp-content\/uploads\/2016\/08\/fest2020-fb-musta-1024x903.jpg 1024w, https:\/\/www.oulucomics.com\/wp-content\/uploads\/2016\/08\/fest2020-fb-musta-1050x926.jpg 1050w\" sizes=\"(max-width: 1200px) 100vw, 1200px\" \/><\/a><\/figure><\/div>\n","protected":false},"excerpt":{"rendered":"<p><!-- wp:paragraph --><\/p>\n<p>Vuoden 2020 Oulun Sarjakuvafestivaali saatiin poikkeustilanteesta huolimatta hoidettua ihmisten turvallisuudesta huolehtien. K\u00e4vij\u00f6it\u00e4 oli huomattavasti edellisi\u00e4 vuosia v\u00e4hemm\u00e4n, joten ruuhkiakaan ei p\u00e4\u00e4ssyt syntym\u00e4\u00e4n. Kiito&#8230;<\/p>\n","protected":false},"author":1,"featured_media":0,"parent":78,"menu_order":0,"comment_status":"closed","ping_status":"closed","template":"","meta":[],"categories":[],"tags":[],"_links":{"self":[{"href":"https:\/\/www.oulucomics.com\/fi\/wp-json\/wp\/v2\/pages\/5079"}],"collection":[{"href":"https:\/\/www.oulucomics.com\/fi\/wp-json\/wp\/v2\/pages"}],"about":[{"href":"https:\/\/www.oulucomics.com\/fi\/wp-json\/wp\/v2\/types\/page"}],"author":[{"embeddable":true,"href":"https:\/\/www.oulucomics.com\/fi\/wp-json\/wp\/v2\/users\/1"}],"replies":[{"embeddable":true,"href":"https:\/\/www.oulucomics.com\/fi\/wp-json\/wp\/v2\/comments?post=5079"}],"version-history":[{"count":5,"href":"https:\/\/www.oulucomics.com\/fi\/wp-json\/wp\/v2\/pages\/5079\/revisions"}],"predecessor-version":[{"id":7037,"href":"https:\/\/www.oulucomics.com\/fi\/wp-json\/wp\/v2\/pages\/5079\/revisions\/7037"}],"up":[{"embeddable":true,"href":"https:\/\/www.oulucomics.com\/fi\/wp-json\/wp\/v2\/pages\/78"}],"wp:attachment":[{"href":"https:\/\/www.oulucomics.com\/fi\/wp-json\/wp\/v2\/media?parent=5079"}],"wp:term":[{"taxonomy":"category","embeddable":true,"href":"https:\/\/www.oulucomics.com\/fi\/wp-json\/wp\/v2\/categories?post=5079"},{"taxonomy":"post_tag","embeddable":true,"href":"https:\/\/www.oulucomics.com\/fi\/wp-json\/wp\/v2\/tags?post=5079"}],"curies":[{"name":"wp","href":"https:\/\/api.w.org\/{rel}","templated":true}]}}