{"id":5064,"date":"2020-12-10T15:57:53","date_gmt":"2020-12-10T13:57:53","guid":{"rendered":"http:\/\/www.oulucomics.com\/?page_id=5064"},"modified":"2022-03-01T17:34:13","modified_gmt":"2022-03-01T15:34:13","slug":"hyvaa-joulua-2020","status":"publish","type":"page","link":"https:\/\/www.oulucomics.com\/fi\/keskus\/allevents\/hyvaa-joulua-2020\/","title":{"rendered":"Hyv\u00e4\u00e4 joulua 2020!"},"content":{"rendered":"\n<p>Oulun Sarjakuvakeskus toivottaa riemukasta joulua <strong>Kalle Hakkolan<\/strong> ja <strong>Mari Ahokoivun<\/strong> <a rel=\"noreferrer noopener\" href=\"http:\/\/sannijajoonas.fi\/\" target=\"_blank\">Sanni &amp; Joonas<\/a> -sarjakuvien v\u00e4lityksell\u00e4.<\/p>\n\n\n\n<p>Lukemisen lis\u00e4ksi voit Sannin &amp; Joonaksen -internet-sivuilla muun muassa <a rel=\"noreferrer noopener\" href=\"http:\/\/sannijajoonas.fi\/kalle_karhu\/\" target=\"_blank\">opetalla piirt\u00e4m\u00e4\u00e4n Kalle Karhun<\/a> ja sivustolta l\u00f6ytyy my\u00f6s <a rel=\"noreferrer noopener\" href=\"http:\/\/sannijajoonas.fi\/tehtavat\/\" target=\"_blank\">paljon muita inspiroivia teht\u00e4vi\u00e4<\/a>. <\/p>\n\n\n\n<figure class=\"wp-block-image size-large\"><img loading=\"lazy\" decoding=\"async\" width=\"782\" height=\"1024\" src=\"http:\/\/www.oulucomics.com\/wp-content\/uploads\/2020\/12\/SJkoululainen14-782x1024.jpg\" alt=\"\" class=\"wp-image-5066\" srcset=\"https:\/\/www.oulucomics.com\/wp-content\/uploads\/2020\/12\/SJkoululainen14-782x1024.jpg 782w, https:\/\/www.oulucomics.com\/wp-content\/uploads\/2020\/12\/SJkoululainen14-229x300.jpg 229w, https:\/\/www.oulucomics.com\/wp-content\/uploads\/2020\/12\/SJkoululainen14-768x1006.jpg 768w, https:\/\/www.oulucomics.com\/wp-content\/uploads\/2020\/12\/SJkoululainen14-1173x1536.jpg 1173w, https:\/\/www.oulucomics.com\/wp-content\/uploads\/2020\/12\/SJkoululainen14-1099x1440.jpg 1099w, https:\/\/www.oulucomics.com\/wp-content\/uploads\/2020\/12\/SJkoululainen14-1050x1376.jpg 1050w, https:\/\/www.oulucomics.com\/wp-content\/uploads\/2020\/12\/SJkoululainen14.jpg 1200w\" sizes=\"auto, (max-width: 782px) 100vw, 782px\" \/><\/figure>\n\n\n\n<figure class=\"wp-block-image size-large\"><img loading=\"lazy\" decoding=\"async\" width=\"821\" height=\"1024\" src=\"http:\/\/www.oulucomics.com\/wp-content\/uploads\/2020\/12\/koululainen14-821x1024.jpg\" alt=\"\" class=\"wp-image-5065\" srcset=\"https:\/\/www.oulucomics.com\/wp-content\/uploads\/2020\/12\/koululainen14-821x1024.jpg 821w, https:\/\/www.oulucomics.com\/wp-content\/uploads\/2020\/12\/koululainen14-240x300.jpg 240w, https:\/\/www.oulucomics.com\/wp-content\/uploads\/2020\/12\/koululainen14-768x958.jpg 768w, https:\/\/www.oulucomics.com\/wp-content\/uploads\/2020\/12\/koululainen14-1154x1440.jpg 1154w, https:\/\/www.oulucomics.com\/wp-content\/uploads\/2020\/12\/koululainen14-1050x1310.jpg 1050w, https:\/\/www.oulucomics.com\/wp-content\/uploads\/2020\/12\/koululainen14.jpg 1200w\" sizes=\"auto, (max-width: 821px) 100vw, 821px\" \/><\/figure>\n\n\n\n<p>Kumioravan verkkokaupasta <a rel=\"noreferrer noopener\" href=\"https:\/\/www.kumiorava.fi\/epages\/kumiorava.sf\/fi_FI\/?ObjectID=2142109&amp;ViewAction=FacetedSearchProducts&amp;SearchString=sanni\" target=\"_blank\">tilaat k\u00e4tev\u00e4sti Sanni &amp; Joonas -kirjat<\/a>, suoraan kustantajalta&#8230;<\/p>\n","protected":false},"excerpt":{"rendered":"<p><!-- wp:paragraph --><\/p>\n<p>Oulun Sarjakuvakeskus toivottaa riemukasta joulua <strong>Kalle Hakkolan<\/strong> ja <strong>Mari Ahokoivun<\/strong> <a rel=\"noreferrer noopener\" href=\"http:\/\/sannijajoonas.fi\/\" target=\"_blank\">Sanni &amp; Joonas<\/a> -sarjaku&#8230;<\/p>\n","protected":false},"author":1,"featured_media":0,"parent":1482,"menu_order":0,"comment_status":"closed","ping_status":"closed","template":"","meta":{"footnotes":""},"categories":[],"tags":[],"class_list":["post-5064","page","type-page","status-publish","hentry"],"_links":{"self":[{"href":"https:\/\/www.oulucomics.com\/fi\/wp-json\/wp\/v2\/pages\/5064","targetHints":{"allow":["GET"]}}],"collection":[{"href":"https:\/\/www.oulucomics.com\/fi\/wp-json\/wp\/v2\/pages"}],"about":[{"href":"https:\/\/www.oulucomics.com\/fi\/wp-json\/wp\/v2\/types\/page"}],"author":[{"embeddable":true,"href":"https:\/\/www.oulucomics.com\/fi\/wp-json\/wp\/v2\/users\/1"}],"replies":[{"embeddable":true,"href":"https:\/\/www.oulucomics.com\/fi\/wp-json\/wp\/v2\/comments?post=5064"}],"version-history":[{"count":6,"href":"https:\/\/www.oulucomics.com\/fi\/wp-json\/wp\/v2\/pages\/5064\/revisions"}],"predecessor-version":[{"id":6659,"href":"https:\/\/www.oulucomics.com\/fi\/wp-json\/wp\/v2\/pages\/5064\/revisions\/6659"}],"up":[{"embeddable":true,"href":"https:\/\/www.oulucomics.com\/fi\/wp-json\/wp\/v2\/pages\/1482"}],"wp:attachment":[{"href":"https:\/\/www.oulucomics.com\/fi\/wp-json\/wp\/v2\/media?parent=5064"}],"wp:term":[{"taxonomy":"category","embeddable":true,"href":"https:\/\/www.oulucomics.com\/fi\/wp-json\/wp\/v2\/categories?post=5064"},{"taxonomy":"post_tag","embeddable":true,"href":"https:\/\/www.oulucomics.com\/fi\/wp-json\/wp\/v2\/tags?post=5064"}],"curies":[{"name":"wp","href":"https:\/\/api.w.org\/{rel}","templated":true}]}}