{"id":4895,"date":"2020-10-01T11:13:08","date_gmt":"2020-10-01T08:13:08","guid":{"rendered":"http:\/\/www.oulucomics.com\/?page_id=4895"},"modified":"2022-03-01T17:43:36","modified_gmt":"2022-03-01T15:43:36","slug":"24hcd2020","status":"publish","type":"page","link":"https:\/\/www.oulucomics.com\/fi\/keskus\/allevents\/24hcd2020\/","title":{"rendered":"24 Tuntia sarjakuvaa 2020 - ONLINE"},"content":{"rendered":"\n<div class=\"wp-block-image\"><figure class=\"alignright size-large is-resized\"><img loading=\"lazy\" decoding=\"async\" src=\"http:\/\/www.oulucomics.com\/wp-content\/uploads\/2020\/10\/24h2020.jpg\" alt=\"\" class=\"wp-image-4897\" width=\"238\" height=\"238\" srcset=\"https:\/\/www.oulucomics.com\/wp-content\/uploads\/2020\/10\/24h2020.jpg 600w, https:\/\/www.oulucomics.com\/wp-content\/uploads\/2020\/10\/24h2020-300x300.jpg 300w, https:\/\/www.oulucomics.com\/wp-content\/uploads\/2020\/10\/24h2020-150x150.jpg 150w\" sizes=\"auto, (max-width: 238px) 100vw, 238px\" \/><\/figure><\/div>\n\n\n\n<p><a href=\"http:\/\/www.oulucomics.com\/fi\/keskus\/\" data-type=\"page\" data-id=\"4\">Oulun Sarjakuvakeskus<\/a> ja <a rel=\"noreferrer noopener\" href=\"http:\/\/www.limingantaidekoulu.fi\/esittely\/sarjakuva-ja-animaatiolinja\" target=\"_blank\">Limingan taidekoulu<\/a> j\u00e4rjest\u00e4v\u00e4t virtuaalisena kaikille sarjakuvaharrastajille ja -ammattilaisille suunnatun 24 Tuntia sarjakuvatapahtuman 3.10. klo 12:00 &#8211; 4.10. 11:59.<\/p>\n\n\n\n<p>Heitet\u00e4\u00e4n porukalla tuolloin turha tihrustelu nurkkaan ja heitt\u00e4ydyt\u00e4\u00e4n piirt\u00e4m\u00e4\u00e4n 24 sivua sarjakuvaa 24 tunnissa. Tapahtuman kohtaamispaikkana toimii Jitsi.orgin kanava, jonne kaikki voivat tapahtuman aikana vapaasti liitty\u00e4: <a rel=\"noreferrer noopener\" href=\"https:\/\/meet.jit.si\/24tuntia\" target=\"_blank\">https:\/\/meet.jit.si\/24tuntia<\/a><\/p>\n\n\n\n<p>Osallistujat voivat jakaa vuorokauden aikana syntyneit\u00e4 teoksiaan, tunnelmakuvia ja muuta aiheeseen liittyv\u00e4\u00e4 materiaalia instagramissa <a rel=\"noreferrer noopener\" href=\"https:\/\/www.instagram.com\/oulucomics\/tagged\/\" target=\"_blank\">@oulucomics<\/a> ja\/tai h\u00e4sht\u00e4gill\u00e4 <a href=\"https:\/\/www.instagram.com\/explore\/tags\/24tuntiasarjakuvaa\/\" target=\"_blank\" rel=\"noreferrer noopener\">#24tuntiasarjakuvaa<\/a>.<\/p>\n\n\n\n<p>Tapahtuma on osa kansainv\u00e4list\u00e4 <a rel=\"noreferrer noopener\" href=\"http:\/\/www.24hourcomicsday.com\/\" target=\"_blank\">24-Hour Comics Day<\/a> -tapahtumaa. <\/p>\n\n\n\n<p><em>Tapahtumaan on vapaa p\u00e4\u00e4sy, eik\u00e4 se vaadi ilmoittautumista.<\/em><\/p>\n","protected":false},"excerpt":{"rendered":"<p><!-- wp:image {\"align\":\"right\",\"id\":4897,\"width\":238,\"height\":238,\"sizeSlug\":\"large\"} --><\/p>\n<div class=\"wp-block-image\">\n<figure class=\"alignright size-large is-resized\"><img decoding=\"async\" src=\"http:\/\/www.oulucomics.com\/wp-content\/uploads\/2020\/10\/24h2020.jpg\" alt=\"\" ...\n<\/p>\n","protected":false},"author":1,"featured_media":0,"parent":1482,"menu_order":0,"comment_status":"closed","ping_status":"closed","template":"","meta":{"footnotes":""},"categories":[],"tags":[],"class_list":["post-4895","page","type-page","status-publish","hentry"],"_links":{"self":[{"href":"https:\/\/www.oulucomics.com\/fi\/wp-json\/wp\/v2\/pages\/4895","targetHints":{"allow":["GET"]}}],"collection":[{"href":"https:\/\/www.oulucomics.com\/fi\/wp-json\/wp\/v2\/pages"}],"about":[{"href":"https:\/\/www.oulucomics.com\/fi\/wp-json\/wp\/v2\/types\/page"}],"author":[{"embeddable":true,"href":"https:\/\/www.oulucomics.com\/fi\/wp-json\/wp\/v2\/users\/1"}],"replies":[{"embeddable":true,"href":"https:\/\/www.oulucomics.com\/fi\/wp-json\/wp\/v2\/comments?post=4895"}],"version-history":[{"count":6,"href":"https:\/\/www.oulucomics.com\/fi\/wp-json\/wp\/v2\/pages\/4895\/revisions"}],"predecessor-version":[{"id":6661,"href":"https:\/\/www.oulucomics.com\/fi\/wp-json\/wp\/v2\/pages\/4895\/revisions\/6661"}],"up":[{"embeddable":true,"href":"https:\/\/www.oulucomics.com\/fi\/wp-json\/wp\/v2\/pages\/1482"}],"wp:attachment":[{"href":"https:\/\/www.oulucomics.com\/fi\/wp-json\/wp\/v2\/media?parent=4895"}],"wp:term":[{"taxonomy":"category","embeddable":true,"href":"https:\/\/www.oulucomics.com\/fi\/wp-json\/wp\/v2\/categories?post=4895"},{"taxonomy":"post_tag","embeddable":true,"href":"https:\/\/www.oulucomics.com\/fi\/wp-json\/wp\/v2\/tags?post=4895"}],"curies":[{"name":"wp","href":"https:\/\/api.w.org\/{rel}","templated":true}]}}