{"id":4847,"date":"2020-08-26T10:21:03","date_gmt":"2020-08-26T07:21:03","guid":{"rendered":"http:\/\/www.oulucomics.com\/?page_id=4847"},"modified":"2022-03-01T14:20:26","modified_gmt":"2022-03-01T12:20:26","slug":"lasten-sarjakuvakilpailu","status":"publish","type":"page","link":"https:\/\/www.oulucomics.com\/fi\/keskus\/opetus\/lasten-sarjakuvakilpailu\/","title":{"rendered":"Lasten Sarjakuvakilpailu Pohjois-Pohjanmaalla 2020"},"content":{"rendered":"<p><span style=\"font-weight: 400;\">Oulun Sarjakuvakeskus <strong>j\u00e4rjest\u00e4\u00e4 sarjakuvakilpailun kaikille 12-vuotiaille tai sit\u00e4 nuoremmille pohjoispohjalaisille<\/strong>. Kilpailun teemana on minun kotiseutuni. Haluamme kannustaa osallistujat tekem\u00e4\u00e4n sarjakuvan niist\u00e4 asioita, jotka heille ovat kotiseudulla t\u00e4rkeit\u00e4.<\/span><\/p>\n<p><span style=\"font-weight: 400;\">Piirr\u00e4 sarjakuvasi yhdelle A4-paperille v\u00e4rillisen\u00e4 tai mustavalkoisena. Muuten emme halua rajoittaa taiteellista vapautta, emmek\u00e4 vaadi, ett\u00e4 paperi tulisi t\u00e4ytt\u00e4\u00e4 reunasta reunaan.<\/span><\/p>\n<p><span style=\"font-weight: 400;\">Ohjeita sarjakuvan tekemiseen l\u00f6yd\u00e4t osoitteesta:&nbsp;<\/span><a href=\"http:\/\/www.oulucomics.com\/fi\/paja\/\"><span style=\"font-weight: 400;\">http:\/\/www.oulucomics.com\/fi\/paja\/<\/span><\/a><\/p>\n<p><span style=\"font-weight: 400;\">Sarjakuvakilpailun teoksista j\u00e4rjestet\u00e4\u00e4n n\u00e4yttely Oulun kaupunginkirjaston p\u00e4\u00e4kirjastossa (Kaarlenv\u00e4yl\u00e4 3, Oulu) Oulun Sarjakuvafestivaalin yhteydess\u00e4 20.-21.11.2020. Lis\u00e4ksi kilpailussa palkittavat sarjakuvat julkaistaan <a href=\"http:\/\/www.oulucomics.com\/fest\/competition\/comics-competition-2020\/\">Oulun Pohjoismaisen Sarjakuvakilpailun<\/a> parhaimmistosta kootussa sarjakuva-albumissa.<\/span><\/p>\n<p><span style=\"font-weight: 400;\"><strong>Kilpailun palkintona on sarjakuvan tekemiseen liittyvi\u00e4 tuotepalkintoja<\/strong>.&nbsp;<\/span><\/p>\n<ol>\n<li style=\"font-weight: 400;\"><span style=\"font-weight: 400;\">palkinto, arvo 100e<\/span><\/li>\n<li style=\"font-weight: 400;\"><span style=\"font-weight: 400;\">palkinto, arvo 75e<\/span><\/li>\n<li style=\"font-weight: 400;\"><span style=\"font-weight: 400;\">palkinto, arvo 50e<\/span><\/li>\n<li style=\"font-weight: 400;\"><span style=\"font-weight: 400;\">palkinto, arvo 25e<\/span><\/li>\n<\/ol>\n<p><span style=\"font-weight: 400;\">Kilpailut\u00f6it\u00e4 ei palauteta ja Oulun Sarjakuvakeskuksella on mahdollisuus k\u00e4ytt\u00e4\u00e4 t\u00f6it\u00e4 vain edell\u00e4 mainituissa tarkoituksissa ja Lasten Sarjakuvakilpailuun liittyv\u00e4ss\u00e4 viestinn\u00e4ss\u00e4 kilpailun aikana ja my\u00f6hemmin.<\/span><\/p>\n<p><span style=\"font-weight: 400;\"><strong>Ty\u00f6t tulee toimittaa 15.10.2020<\/strong> (saman p\u00e4iv\u00e4n postileima riitt\u00e4\u00e4) menness\u00e4 osoitteeseen (Muista liitt\u00e4\u00e4 mukaan osallistujan nimi ja yhteystiedot esimerkiksi ty\u00f6n k\u00e4\u00e4nt\u00f6puolelle):<br \/>\n<\/span><span style=\"font-weight: 400;\">Oulun Sarjakuvakeskus<br \/>\n<\/span><span style=\"font-weight: 400;\">Sarjakuvakilpailu<br \/>\n<\/span><span style=\"font-weight: 400;\">PL 42<br \/>\n<\/span><span style=\"font-weight: 400;\">90015 Oulun kaupunki<\/span><\/p>\n<p><span style=\"font-weight: 400;\">Vaihtoehtoisesti voitte my\u00f6s skannata teoksen ja l\u00e4hett\u00e4\u00e4 hyv\u00e4laatuisen kuvan (jpg-, tiff- tai pdf-muodossa) s\u00e4hk\u00f6postiosoitteeseen:<br \/>\n<\/span><em><span style=\"font-weight: 400;\">sarjakuvafestivaalit.kilpailu(at)gmail.com<\/span><\/em><\/p>\n<p><span style=\"font-weight: 400;\">Kysymykset kilpailuun liittyen voi osoittaa seuraavaan osoitteeseen:&nbsp;<em>harri(at)oulucomics.com<\/em>.<\/span><\/p>\n<p>Kilpailun tukijana toimii <a href=\"https:\/\/skr.fi\/rahastot\/pohjois-pohjanmaan-rahasto\" target=\"_blank\" rel=\"noopener noreferrer\">Suomen Kulttuurirahaston Pohjois-Pohjanmaan rahasto<\/a>&nbsp;ja sen j\u00e4rjest\u00e4\u00e4 <a href=\"http:\/\/www.oulucomics.com\/fi\/keskus\/\">Oulun Sarjakuvakeskuksen<\/a> yhteisty\u00f6ss\u00e4 Sarjakuvakirjasto <a href=\"http:\/\/www.oulucomics.com\/fi\/sarjasto\/\">Sarjaston<\/a> kanssa.<\/p>\n","protected":false},"excerpt":{"rendered":"<p><span style=\"font-weight: 400;\">Oulun Sarjakuvakeskus <strong>j\u00e4rjest\u00e4\u00e4 sarjakuvakilpailun kaikille 12-vuotiaille tai sit\u00e4 nuoremmille pohjoispohjalaisille<\/strong>. Kilpailun teemana on minun kotiseutuni. Haluamme kannustaa osallistujat tekem\u00e4\u00e4n sar&#8230;<\/p>\n","protected":false},"author":1,"featured_media":0,"parent":18,"menu_order":99,"comment_status":"closed","ping_status":"closed","template":"","meta":{"footnotes":""},"categories":[],"tags":[],"class_list":["post-4847","page","type-page","status-publish","hentry"],"_links":{"self":[{"href":"https:\/\/www.oulucomics.com\/fi\/wp-json\/wp\/v2\/pages\/4847","targetHints":{"allow":["GET"]}}],"collection":[{"href":"https:\/\/www.oulucomics.com\/fi\/wp-json\/wp\/v2\/pages"}],"about":[{"href":"https:\/\/www.oulucomics.com\/fi\/wp-json\/wp\/v2\/types\/page"}],"author":[{"embeddable":true,"href":"https:\/\/www.oulucomics.com\/fi\/wp-json\/wp\/v2\/users\/1"}],"replies":[{"embeddable":true,"href":"https:\/\/www.oulucomics.com\/fi\/wp-json\/wp\/v2\/comments?post=4847"}],"version-history":[{"count":10,"href":"https:\/\/www.oulucomics.com\/fi\/wp-json\/wp\/v2\/pages\/4847\/revisions"}],"predecessor-version":[{"id":6611,"href":"https:\/\/www.oulucomics.com\/fi\/wp-json\/wp\/v2\/pages\/4847\/revisions\/6611"}],"up":[{"embeddable":true,"href":"https:\/\/www.oulucomics.com\/fi\/wp-json\/wp\/v2\/pages\/18"}],"wp:attachment":[{"href":"https:\/\/www.oulucomics.com\/fi\/wp-json\/wp\/v2\/media?parent=4847"}],"wp:term":[{"taxonomy":"category","embeddable":true,"href":"https:\/\/www.oulucomics.com\/fi\/wp-json\/wp\/v2\/categories?post=4847"},{"taxonomy":"post_tag","embeddable":true,"href":"https:\/\/www.oulucomics.com\/fi\/wp-json\/wp\/v2\/tags?post=4847"}],"curies":[{"name":"wp","href":"https:\/\/api.w.org\/{rel}","templated":true}]}}