{"id":4742,"date":"2020-08-07T10:26:06","date_gmt":"2020-08-07T07:26:06","guid":{"rendered":"http:\/\/www.oulucomics.com\/?page_id=4742"},"modified":"2020-08-07T10:26:53","modified_gmt":"2020-08-07T07:26:53","slug":"palsa-museo","status":"publish","type":"page","link":"https:\/\/www.oulucomics.com\/fi\/arctic\/palsa-museo\/","title":{"rendered":"Palsa-museo"},"content":{"rendered":"<p>Kittil\u00e4n keskustassa sijaitseva taiteilija ja sarjakuvantekij\u00e4&nbsp;<strong>Kalervo Palsan<\/strong> (1947-1987) kotitalo ja Getsemane-ateljee, eli Palsa-museo avattiin yleis\u00f6lle 6.6.2013. Kalervo Palsan kotitalo on ollut asumattomana taiteilijan kuolemasta saakka ja se oli ehtinyt menn\u00e4 huonoon kuntoon. Kauko Sorjosen s\u00e4\u00e4ti\u00f6 hankki Palsan tilan omistukseensa vuonna 2011 ja vuonna 2012 rakennukset restauroitiin, sek\u00e4 ateljeen seinill\u00e4 olevat maalaukset konservoitiin. Restauroinnin teki restaurointimestari Taisto Vesa ty\u00f6ryhmineen. Taidekonservoinnista vastasi taidekonservaattori Liisa H\u00e4nninen-Pelz. Museointeri\u00f6\u00f6rin Kalervo Palsan esineist\u00f6st\u00e4 on rakentanut tutkija, FM Anne Koskamo yhteisty\u00f6ss\u00e4 S\u00e4rest\u00f6niemi-museon aikaisemman museonjohtajan Liisa Tervahaudan kanssa.<\/p>\n<p>Kalervo Palsan kotimuseon toiminta hallinnoidaan Kittil\u00e4n Kaukosessa sijaitsevan S\u00e4rest\u00f6niemi-museon kautta<\/p>\n<p><a href=\"http:\/\/www.kittila.fi\/palsa-museo\" target=\"_blank\" rel=\"noopener noreferrer\">Tarkasta aukioloajat ja muut tiedot&nbsp;Palsa-museon omilta sivuilta!<\/a><\/p>\n<p><iframe loading=\"lazy\" style=\"border: 0;\" tabindex=\"0\" src=\"https:\/\/www.google.com\/maps\/embed?pb=!1m18!1m12!1m3!1d1516.8492810147718!2d24.902250416125387!3d67.65516492474637!2m3!1f0!2f0!3f0!3m2!1i1024!2i768!4f13.1!3m3!1m2!1s0x45d3a949059023f1%3A0xd53c0ad049fbf845!2sKivitie%2014b%2C%2099100%20Kittil%C3%A4!5e0!3m2!1sfi!2sfi!4v1596784852522!5m2!1sfi!2sfi\" allowfullscreen=\"allowfullscreen\" width=\"400\" height=\"300\" frameborder=\"0\"><\/iframe><\/p>\n","protected":false},"excerpt":{"rendered":"<p>Kittil\u00e4n keskustassa sijaitseva taiteilija ja sarjakuvantekij\u00e4&nbsp;<strong>Kalervo Palsan<\/strong> (1947-1987) kotitalo ja Getsemane-ateljee, eli Palsa-museo avattiin yleis\u00f6lle 6.6.2013. Kalervo Palsan kotitalo on ollut asumattomana taiteilijan kuol&#8230;<\/p>\n","protected":false},"author":1,"featured_media":0,"parent":14,"menu_order":0,"comment_status":"closed","ping_status":"closed","template":"","meta":{"footnotes":""},"categories":[],"tags":[],"class_list":["post-4742","page","type-page","status-publish","hentry"],"_links":{"self":[{"href":"https:\/\/www.oulucomics.com\/fi\/wp-json\/wp\/v2\/pages\/4742","targetHints":{"allow":["GET"]}}],"collection":[{"href":"https:\/\/www.oulucomics.com\/fi\/wp-json\/wp\/v2\/pages"}],"about":[{"href":"https:\/\/www.oulucomics.com\/fi\/wp-json\/wp\/v2\/types\/page"}],"author":[{"embeddable":true,"href":"https:\/\/www.oulucomics.com\/fi\/wp-json\/wp\/v2\/users\/1"}],"replies":[{"embeddable":true,"href":"https:\/\/www.oulucomics.com\/fi\/wp-json\/wp\/v2\/comments?post=4742"}],"version-history":[{"count":4,"href":"https:\/\/www.oulucomics.com\/fi\/wp-json\/wp\/v2\/pages\/4742\/revisions"}],"predecessor-version":[{"id":4746,"href":"https:\/\/www.oulucomics.com\/fi\/wp-json\/wp\/v2\/pages\/4742\/revisions\/4746"}],"up":[{"embeddable":true,"href":"https:\/\/www.oulucomics.com\/fi\/wp-json\/wp\/v2\/pages\/14"}],"wp:attachment":[{"href":"https:\/\/www.oulucomics.com\/fi\/wp-json\/wp\/v2\/media?parent=4742"}],"wp:term":[{"taxonomy":"category","embeddable":true,"href":"https:\/\/www.oulucomics.com\/fi\/wp-json\/wp\/v2\/categories?post=4742"},{"taxonomy":"post_tag","embeddable":true,"href":"https:\/\/www.oulucomics.com\/fi\/wp-json\/wp\/v2\/tags?post=4742"}],"curies":[{"name":"wp","href":"https:\/\/api.w.org\/{rel}","templated":true}]}}