{"id":4520,"date":"2020-04-23T15:03:46","date_gmt":"2020-04-23T12:03:46","guid":{"rendered":"http:\/\/www.oulucomics.com\/?page_id=4520"},"modified":"2020-04-23T15:04:12","modified_gmt":"2020-04-23T12:04:12","slug":"sprinttistrippi-2020","status":"publish","type":"page","link":"https:\/\/www.oulucomics.com\/fi\/fest\/sprinttistrippi-2020\/","title":{"rendered":"Sprinttistripin SM 2020"},"content":{"rendered":"<p><img loading=\"lazy\" decoding=\"async\" class=\"size-medium wp-image-3722 alignright\" src=\"http:\/\/www.oulucomics.com\/wp-content\/uploads\/2018\/10\/ss_sm-226x300.jpg\" alt=\"ss_sm\" width=\"226\" height=\"300\" srcset=\"https:\/\/www.oulucomics.com\/wp-content\/uploads\/2018\/10\/ss_sm-226x300.jpg 226w, https:\/\/www.oulucomics.com\/wp-content\/uploads\/2018\/10\/ss_sm.jpg 451w\" sizes=\"auto, (max-width: 226px) 100vw, 226px\" \/>Vuonna 2020 j\u00e4rjestet\u00e4\u00e4n Oulun Sarjakuvafestivaalilla kolmatta kertaa yhteisty\u00f6ss\u00e4 Kemin Sarjakuvakeskuksen ja Pohjoisen Kulttuurilehti Kaltion kanssa jo Kemin Sarjakuvap\u00e4ivilt\u00e4&nbsp;tuttu Sprinttistripin SM.<\/p>\n<p class=\"p1\"><strong>Sprinttistripin SM kilpailu P\u00e4\u00e4kirjastolla, Pakkala-salissa lauantaina 21.11. klo 12:00.<\/strong><\/p>\n<p>Kilpailu on j\u00e4rjestetty Oulussa vuodesta 2018 alkaen ja lajin hallitseva Suomen mestari on&nbsp;<strong>Esko Heikkil\u00e4<\/strong>. Lis\u00e4tietoa vuoden 2019 kilpailusta&nbsp;Kaltion internet-sivuilla.<\/p>\n<p>Mittel\u00f6ss\u00e4 osallistujilla on 45 minuuttia aikaa laatia&nbsp;sarjakuvastrippi annetusta aiheesta. Tuomaristo rakentuu t\u00e4n\u00e4 vuonna sarjakuvan moniottelijoista ja strippisarjakuvan taitureista.<\/p>\n<p>Voittajille on luvassa palkintoja, jotka tarjoaa&nbsp;<a href=\"http:\/\/kaltio.fi\/\" target=\"_blank\" rel=\"noopener noreferrer\">Pohjoinen&nbsp;Kulttuurilehti Kaltio<\/a>.&nbsp;<strong>Palkintojenjako Pakkala-salissa 21.11. klo 17:00<\/strong>.<\/p>\n<ul>\n<ol>\n<li>palkinto: 200 euroa<\/li>\n<li>palkinto: 100 euroa<\/li>\n<li>palkinto: Kaltion vuosikerta<\/li>\n<\/ol>\n<\/ul>\n","protected":false},"excerpt":{"rendered":"<p><img loading=\"lazy\" decoding=\"async\" class=\"size-medium wp-image-3722 alignright\" src=\"http:\/\/www.oulucomics.com\/wp-content\/uploads\/2018\/10\/ss_sm-226x300.jpg\" alt=\"ss_sm\" width=\"226\" height=\"300\" srcset=\"https:\/\/www.oulucomics.com\/wp-content\/uploads\/2018\/10\/ss_sm-226x300.jpg 226w, https:\/\/www.oulucomics.com\/wp-content\/uploads\/2018\/10\/ss_sm.jpg 451w\" sizes=\"auto, (max-width: 226px) 100vw, 226px\" \/>Vuonna 2020 j\u00e4rjestet\u00e4\u00e4n Oulun Sarjakuvafestivaalilla kolmatta kertaa yhteisty\u00f6ss\u00e4 Kem&#8230;<\/p>\n","protected":false},"author":1,"featured_media":0,"parent":12,"menu_order":0,"comment_status":"closed","ping_status":"closed","template":"","meta":{"footnotes":""},"categories":[],"tags":[],"class_list":["post-4520","page","type-page","status-publish","hentry"],"_links":{"self":[{"href":"https:\/\/www.oulucomics.com\/fi\/wp-json\/wp\/v2\/pages\/4520","targetHints":{"allow":["GET"]}}],"collection":[{"href":"https:\/\/www.oulucomics.com\/fi\/wp-json\/wp\/v2\/pages"}],"about":[{"href":"https:\/\/www.oulucomics.com\/fi\/wp-json\/wp\/v2\/types\/page"}],"author":[{"embeddable":true,"href":"https:\/\/www.oulucomics.com\/fi\/wp-json\/wp\/v2\/users\/1"}],"replies":[{"embeddable":true,"href":"https:\/\/www.oulucomics.com\/fi\/wp-json\/wp\/v2\/comments?post=4520"}],"version-history":[{"count":1,"href":"https:\/\/www.oulucomics.com\/fi\/wp-json\/wp\/v2\/pages\/4520\/revisions"}],"predecessor-version":[{"id":4521,"href":"https:\/\/www.oulucomics.com\/fi\/wp-json\/wp\/v2\/pages\/4520\/revisions\/4521"}],"up":[{"embeddable":true,"href":"https:\/\/www.oulucomics.com\/fi\/wp-json\/wp\/v2\/pages\/12"}],"wp:attachment":[{"href":"https:\/\/www.oulucomics.com\/fi\/wp-json\/wp\/v2\/media?parent=4520"}],"wp:term":[{"taxonomy":"category","embeddable":true,"href":"https:\/\/www.oulucomics.com\/fi\/wp-json\/wp\/v2\/categories?post=4520"},{"taxonomy":"post_tag","embeddable":true,"href":"https:\/\/www.oulucomics.com\/fi\/wp-json\/wp\/v2\/tags?post=4520"}],"curies":[{"name":"wp","href":"https:\/\/api.w.org\/{rel}","templated":true}]}}