{"id":4516,"date":"2020-04-23T14:33:52","date_gmt":"2020-04-23T11:33:52","guid":{"rendered":"http:\/\/www.oulucomics.com\/?page_id=4516"},"modified":"2022-03-01T12:35:38","modified_gmt":"2022-03-01T10:35:38","slug":"kansallinen-sarjakuvaresidenssi-2020","status":"publish","type":"page","link":"https:\/\/www.oulucomics.com\/fi\/arctic\/kansallinen-sarjakuvaresidenssi-2020\/","title":{"rendered":"Kansallinen sarjakuvaresidenssi 2020"},"content":{"rendered":"\n<p>Oulun Sarjakuvakeskus ja Limingan taidekoulu p\u00e4\u00e4ttiv\u00e4t kev\u00e4\u00e4ll\u00e4 2020 koronatilanteen johdosta siirt\u00e4\u00e4 t\u00e4m\u00e4n vuoden kansainv\u00e4liset sarjakuvaresidenssit vuodelle 2021. Niit\u00e4 korvaamaan j\u00e4rjestet\u00e4\u00e4n kaksi kansallista sarjakuvaresidenssi\u00e4.&nbsp;<\/p>\n\n\n\n<p>Avoimella haulla toteutettuun hakuun saatiin hyvin hakemuksia ja residenssitaiteilijoiksi valikoituivat sarjakuvantekij\u00e4t <a rel=\"noreferrer noopener\" href=\"https:\/\/sarjakuvakeskus.fi\/blogi\/1183-emmi-valve-kertoo-girl-gang-bang-bang-sarjakuvastaan\" target=\"_blank\">Emmi Valve (linkki: Sarjakuvakeskus.fi, Emmi Valve kertoo Girl Gang Bang Bang -sarjakuvastaan)<\/a> ja <a rel=\"noreferrer noopener\" href=\"https:\/\/www.instagram.com\/tuomasmyllyla\/\" target=\"_blank\">Tuomas Myllyl\u00e4 (linkki: Myllyl\u00e4n instagram)<\/a>. Residenssijaksot ovat kestoltaan kolme viikkoa.<\/p>\n\n\n\n<p>Sarjakuvaresidenssit sijaitsevat Pohjois-Suomessa, Limingan kunnassa ja tarkemmin Limingan taidekoululla. Residenssitaiteilijat j\u00e4rjest\u00e4v\u00e4t Limingan kirjastossa marraskuun aikana n\u00e4yttelyn, joka on osa Oulun Sarjakuvafestivaalia 20.-22.11.2020. Lis\u00e4ksi he j\u00e4rjest\u00e4v\u00e4t avoimen luennon Limingassa ja nousevat festivaalilauantaina 22.11. Oulun p\u00e4\u00e4kirjaston Pakkala salin lavalle.<\/p>\n\n\n\n<p><a href=\"http:\/\/www.oulucomics.com\/fi\/fest\/\" data-type=\"page\" data-id=\"12\">Lis\u00e4tietoa luvassa Oulun Sarjakuvafestivaalin tiedotuksessa&#8230;<\/a><\/p>\n\n\n<h3>AVOIN HAKU: Oulun Sarjakuvakeskus ja Limingan taidekoulu kutsuvat kaksi suomalaista tai Suomessa asuvaa sarjakuvataiteilijaa residenssiin 3.-23.11.2020 v\u00e4liseksi ajaksi.<\/h3>\n<p><strong>Haku loppuu: 14.8.2020 (klo 23:59)<\/strong><\/p>\n<p><img loading=\"lazy\" decoding=\"async\" width=\"1024\" height=\"576\" class=\"alignleft size-large wp-image-2680\" src=\"http:\/\/www.oulucomics.com\/wp-content\/uploads\/2016\/08\/2017-04-18-11.01.15-1024x576.jpg\" srcset=\"https:\/\/www.oulucomics.com\/wp-content\/uploads\/2016\/08\/2017-04-18-11.01.15-1024x576.jpg 1024w, https:\/\/www.oulucomics.com\/wp-content\/uploads\/2016\/08\/2017-04-18-11.01.15-300x169.jpg 300w, https:\/\/www.oulucomics.com\/wp-content\/uploads\/2016\/08\/2017-04-18-11.01.15-768x432.jpg 768w, https:\/\/www.oulucomics.com\/wp-content\/uploads\/2016\/08\/2017-04-18-11.01.15-1440x810.jpg 1440w, https:\/\/www.oulucomics.com\/wp-content\/uploads\/2016\/08\/2017-04-18-11.01.15-1050x591.jpg 1050w\" sizes=\"auto, (max-width: 1024px) 100vw, 1024px\" \/>Oulun Sarjakuvakeskus ja Limingan taidekoulu j\u00e4rjest\u00e4v\u00e4t avoimen haun kansalliseen sarjakuvaresidenssiin. Koronatilanteen vuoksi p\u00e4\u00e4timme siirt\u00e4\u00e4 vuoden 2020 kansainv\u00e4liset residenssimme vuodelle 2021 ja j\u00e4rjest\u00e4\u00e4 tilalle kansallisen sarjakuvaresidenssin. Kutsumme residenssiin kaksi sarjakuvataiteilijaa!<\/p>\n<p>Residenssi sijaitsee Pohjois-Suomessa, Limingan kunnassa. Residenssiohjelman j\u00e4rjest\u00e4v\u00e4t yhteisty\u00f6ss\u00e4 Oulun Sarjakuvakeskus ja Limingan taidekoulu.<\/p>\n<p>Oulun Sarjakuvakeskus on vuonna 2014 perustettu organisaatio, joka toimii ymp\u00e4rivuotisesti sarjakuvaharrastajien ja -ammattilaisten hyv\u00e4ksi. Oulun p\u00e4\u00e4kirjastolla sijaitsee Sarjasto sarjakuvakirjasto, joka lis\u00e4\u00e4 alueen sarjakuvapalveluiden valikoimaa. Oulun yhdeks\u00e4s sarjakuvafestivaali j\u00e4rjestet\u00e4\u00e4n 20.-22.11.2020, jolloin kaupunki t\u00e4yttyy j\u00e4lleen sarjakuvasta ja muusta ohjelmistosta. Festivaali on suurin vuosittain j\u00e4rjestett\u00e4v\u00e4 Barentsin ja arktisen alueen sarjakuvatapahtuma. 250 000 asukkaan Oulun seutu tarjoaa hyv\u00e4t edellytykset nauttia sek\u00e4 kaupungin vilin\u00e4st\u00e4 ett\u00e4 luonnonrauhasta.<\/p>\n<p>Residenssi sijaitsee Limingan kunnassa, noin 30 kilometri\u00e4 etel\u00e4\u00e4n Oulun kaupungista. Limingan taidekoulu on vuonna 1966 perustettu ja Suomen vanhin kansanopisto. Aikuisopiskelijat voivat valita opiskella kuvataidelinjalla, sarjakuvalinjalla, vapaalla linjalla tai teatterilinjalla.<\/p>\n<p>Odotamme, ett\u00e4 residenssitaiteilija pit\u00e4\u00e4 vapaavalintaista sarjakuvataiteen opetusta Limingan taidekoulun sarjakuvalinjalla 10 tuntia ja avoimen luennon Limingan kunnan tiloissa. Lis\u00e4ksi h\u00e4n osallistuu Oulun Sarjakuvafestivaaliin taiteilijana sek\u00e4 haastattelun ett\u00e4 n\u00e4yttelyn merkeiss\u00e4.<\/p>\n<p><strong>Residenssin ajankohta<\/strong><br \/>3.11.-23.11.2020 (3 viikkoa)<\/p>\n<p><strong>Tarjoamme&#8230;<\/strong><\/p>\n<ul>\n<li>400 euron palkkion<\/li>\n<li>Matkorvauksen (halvimman kulkutavan mukaan)<\/li>\n<li>Majoituksen<\/li>\n<li>Aamiainen, lounas ja kahvit Limingan taidekoululla koulup\u00e4ivin\u00e4<\/li>\n<li>Ty\u00f6skentelytilat<\/li>\n<li>Verkostoitumista ja ammatillista konsultaatiota sek\u00e4 vertaistukea toisilta taiteen ammattilaisilta<\/li>\n<\/ul>\n<p><strong>Hakeminen<\/strong><br \/>Hakemuksen tulee sis\u00e4lt\u00e4\u00e4<\/p>\n<ul>\n<li>Vapaamuotoinen suunnitelma residenssijakson ja opetuksen sis\u00e4ll\u00f6st\u00e4<\/li>\n<li>Ansioluettelo<\/li>\n<li>Dokumentaatio aiemmasta tuotannosta<\/li>\n<\/ul>\n<p>L\u00e4het\u00e4 hakemuksesi s\u00e4hk\u00f6postilla&nbsp;(Otsikko: Kansallinen sarjakuvaresidenssi 2020):&nbsp;<em>sarjakuvaoulu@gmail.com<\/em><\/p>\n<p>Teemme p\u00e4\u00e4t\u00f6kset residenssipaikoista heti elokuun alussa ja informoimme kaikkia hakijoita valinnoista.<\/p>","protected":false},"excerpt":{"rendered":"<p><!-- wp:paragraph --><\/p>\n<p>Oulun Sarjakuvakeskus ja Limingan taidekoulu p\u00e4\u00e4ttiv\u00e4t kev\u00e4\u00e4ll\u00e4 2020 koronatilanteen johdosta siirt\u00e4\u00e4 t\u00e4m\u00e4n vuoden kansainv\u00e4liset sarjakuvaresidenssit vuodelle 2021. Niit\u00e4 korvaamaan j\u00e4rjestet\u00e4\u00e4n kaksi kansallista sarjakuvare&#8230;<\/p>\n","protected":false},"author":1,"featured_media":0,"parent":14,"menu_order":0,"comment_status":"closed","ping_status":"closed","template":"","meta":{"footnotes":""},"categories":[],"tags":[],"class_list":["post-4516","page","type-page","status-publish","hentry"],"_links":{"self":[{"href":"https:\/\/www.oulucomics.com\/fi\/wp-json\/wp\/v2\/pages\/4516","targetHints":{"allow":["GET"]}}],"collection":[{"href":"https:\/\/www.oulucomics.com\/fi\/wp-json\/wp\/v2\/pages"}],"about":[{"href":"https:\/\/www.oulucomics.com\/fi\/wp-json\/wp\/v2\/types\/page"}],"author":[{"embeddable":true,"href":"https:\/\/www.oulucomics.com\/fi\/wp-json\/wp\/v2\/users\/1"}],"replies":[{"embeddable":true,"href":"https:\/\/www.oulucomics.com\/fi\/wp-json\/wp\/v2\/comments?post=4516"}],"version-history":[{"count":9,"href":"https:\/\/www.oulucomics.com\/fi\/wp-json\/wp\/v2\/pages\/4516\/revisions"}],"predecessor-version":[{"id":6574,"href":"https:\/\/www.oulucomics.com\/fi\/wp-json\/wp\/v2\/pages\/4516\/revisions\/6574"}],"up":[{"embeddable":true,"href":"https:\/\/www.oulucomics.com\/fi\/wp-json\/wp\/v2\/pages\/14"}],"wp:attachment":[{"href":"https:\/\/www.oulucomics.com\/fi\/wp-json\/wp\/v2\/media?parent=4516"}],"wp:term":[{"taxonomy":"category","embeddable":true,"href":"https:\/\/www.oulucomics.com\/fi\/wp-json\/wp\/v2\/categories?post=4516"},{"taxonomy":"post_tag","embeddable":true,"href":"https:\/\/www.oulucomics.com\/fi\/wp-json\/wp\/v2\/tags?post=4516"}],"curies":[{"name":"wp","href":"https:\/\/api.w.org\/{rel}","templated":true}]}}