{"id":4309,"date":"2020-03-05T15:58:21","date_gmt":"2020-03-05T13:58:21","guid":{"rendered":"http:\/\/www.oulucomics.com\/?page_id=4309"},"modified":"2020-03-05T15:58:21","modified_gmt":"2020-03-05T13:58:21","slug":"icelandic-comics-residence-at-liminka-2019","status":"publish","type":"page","link":"https:\/\/www.oulucomics.com\/fi\/arctic\/residence\/residenssiohjelma-islanti\/icelandic-comics-residence-at-liminka-2019\/","title":{"rendered":"Icelandic Comics Residence at Liminka 2019"},"content":{"rendered":"<p><del>Artist in Residence:<\/del><strong><del>&nbsp;El\u00edsabet R\u00fan<\/del><img loading=\"lazy\" decoding=\"async\" class=\"alignright size-medium wp-image-4114\" src=\"http:\/\/www.oulucomics.com\/wp-content\/uploads\/2019\/07\/Elisabet-Run-187x300.jpeg\" alt=\"Elisabet-Run\" width=\"187\" height=\"300\" srcset=\"https:\/\/www.oulucomics.com\/wp-content\/uploads\/2019\/07\/Elisabet-Run-187x300.jpeg 187w, https:\/\/www.oulucomics.com\/wp-content\/uploads\/2019\/07\/Elisabet-Run.jpeg 578w\" sizes=\"auto, (max-width: 187px) 100vw, 187px\" \/><\/strong><\/p>\n<p><del>El\u00edsabet R\u00fan is a comic artist and illustrator from Reykjav\u00edk, holding diplomas in drawing from the&nbsp;Reykjav\u00edk School of Visual Arts and in comics from \u00c9ESI in Angoul\u00eame.<\/del><\/p>\n<div class=\"\">\n<p><del>Mainly focusing on non-fiction, El\u00edsabet&#8217;s work on politics, gender and mental health has been featured&nbsp;on The Nib and nominated for the Cartoonist Studio Prize.<\/del><\/p>\n<p><del>Duration of the Residence:&nbsp;<\/del><br \/>\n<del>November 1 \u2013 November 30, 2019 (1.11.-30.11.2019)<\/del><\/p>\n<p>Unfortunately due to a sudden case of illness Elisabet had to withdraw her participation in the Residence program<\/p>\n<\/div>\n","protected":false},"excerpt":{"rendered":"<p><del>Artist in Residence:<\/del><strong><del>&nbsp;El\u00edsabet R\u00fan<\/del><img loading=\"lazy\" decoding=\"async\" class=\"alignright size-medium wp-image-4114\" src=\"http:\/\/www.oulucomics.com\/wp-content\/uploads\/2019\/07\/Elisabet-Run-187x300.jpeg\" alt=\"Elisabet-Run\" width=\"187\" height=\"300\" srcset=\"https:\/\/www.oulucomics.com\/wp-content\/uploads\/2019\/07\/Elisabet-Run-187x300.jpeg 187w, https:\/\/www.oulucomics.com\/wp-content\/uploads\/2019\/07\/Elisabet-Run.jpeg 578w\" sizes=\"auto, (max-width: 187px) 100vw, 187px\" \/><\/s...\n<\/p>\n","protected":false},"author":1,"featured_media":0,"parent":3870,"menu_order":0,"comment_status":"closed","ping_status":"closed","template":"","meta":{"footnotes":""},"categories":[],"tags":[],"class_list":["post-4309","page","type-page","status-publish","hentry"],"_links":{"self":[{"href":"https:\/\/www.oulucomics.com\/fi\/wp-json\/wp\/v2\/pages\/4309","targetHints":{"allow":["GET"]}}],"collection":[{"href":"https:\/\/www.oulucomics.com\/fi\/wp-json\/wp\/v2\/pages"}],"about":[{"href":"https:\/\/www.oulucomics.com\/fi\/wp-json\/wp\/v2\/types\/page"}],"author":[{"embeddable":true,"href":"https:\/\/www.oulucomics.com\/fi\/wp-json\/wp\/v2\/users\/1"}],"replies":[{"embeddable":true,"href":"https:\/\/www.oulucomics.com\/fi\/wp-json\/wp\/v2\/comments?post=4309"}],"version-history":[{"count":2,"href":"https:\/\/www.oulucomics.com\/fi\/wp-json\/wp\/v2\/pages\/4309\/revisions"}],"predecessor-version":[{"id":5768,"href":"https:\/\/www.oulucomics.com\/fi\/wp-json\/wp\/v2\/pages\/4309\/revisions\/5768"}],"up":[{"embeddable":true,"href":"https:\/\/www.oulucomics.com\/fi\/wp-json\/wp\/v2\/pages\/3870"}],"wp:attachment":[{"href":"https:\/\/www.oulucomics.com\/fi\/wp-json\/wp\/v2\/media?parent=4309"}],"wp:term":[{"taxonomy":"category","embeddable":true,"href":"https:\/\/www.oulucomics.com\/fi\/wp-json\/wp\/v2\/categories?post=4309"},{"taxonomy":"post_tag","embeddable":true,"href":"https:\/\/www.oulucomics.com\/fi\/wp-json\/wp\/v2\/tags?post=4309"}],"curies":[{"name":"wp","href":"https:\/\/api.w.org\/{rel}","templated":true}]}}