{"id":4296,"date":"2020-02-28T20:28:43","date_gmt":"2020-02-28T18:28:43","guid":{"rendered":"http:\/\/www.oulucomics.com\/?page_id=4296"},"modified":"2022-02-22T14:13:10","modified_gmt":"2022-02-22T12:13:10","slug":"comics-competition-2020","status":"publish","type":"page","link":"https:\/\/www.oulucomics.com\/fi\/fest\/competition\/comics-competition-2020\/","title":{"rendered":"Sarjakuvakilpailu 2020"},"content":{"rendered":"\n<div class=\"wp-block-image\"><figure class=\"alignright size-large is-resized\"><img decoding=\"async\" src=\"http:\/\/www.oulucomics.com\/wp-content\/uploads\/2020\/11\/aarretreasure-small.jpg\" alt=\"\" class=\"wp-image-5037\" width=\"250\" srcset=\"https:\/\/www.oulucomics.com\/wp-content\/uploads\/2020\/11\/aarretreasure-small.jpg 600w, https:\/\/www.oulucomics.com\/wp-content\/uploads\/2020\/11\/aarretreasure-small-212x300.jpg 212w\" sizes=\"(max-width: 600px) 100vw, 600px\" \/><\/figure><\/div>\n\n\n\n<p>Vuoden 2020 Oulun Pohjoismaisen sarjakuvakilpailun teema oli lastensarjakuva. Kilpailu oli avoin kaikille Pohjoismaissa, Baltiassa ja Skotlannissa asuville ja syntyneille sarjakuvataiteilijoille ja kirjoittajille.<\/p>\n\n\n\n<p><strong>1. palkinto &#8211; Heidi Lintula&nbsp;<\/strong><\/p>\n\n\n\n<p>Kilpailun k\u00e4rkisijoista tuomaristo k\u00e4vi pitk\u00e4n keskustelun. <strong>Heidi Lintulan<\/strong> <em>Aarnin aarre<\/em> n\u00e4htiin kokonaisuutena, joka pystyisi p\u00e4rj\u00e4\u00e4m\u00e4\u00e4n kansainv\u00e4lisestikin. Klassisen tarinankerronta ja taitava piirrosj\u00e4lki muodostavat tyylikk\u00e4\u00e4n kokonaisuuden. Ensimm\u00e4isen palkinnon saavuttaminen olisi kuitenkin ollut viel\u00e4 helpompaa, jos sarjakuva olisi ollut v\u00e4rillinen tai siin\u00e4 olisi leikitelty enemm\u00e4n valolla ja varjolla. Ty\u00f6 on nykyaikainen ja t\u00e4m\u00e4n p\u00e4iv\u00e4n lasten maailmasta kumpuava tarina on samaistuttava.<\/p>\n\n\n\n<p><strong>2. palkinto &#8211; Juliana Hyrri<\/strong><\/p>\n\n\n\n<p>T\u00e4ysin valmis ja teknisesti kauniisti toteutettu <strong>Juliana Hyrrin<\/strong> <em>Mets\u00e4npeitossa<\/em> sarjakuva on symbolinen ja jopa hieman pelottava kokonaisuus. Loppuun asti mietityn kerronnan tuomaristo koki sopivan kuitenkin hieman varttuneempien makuun kuin lapsille. Kysymyksen\u00e4 nousi esille, ett\u00e4 olisiko sarjakuva puhutellut tuomaristoa kun he olivat lapsia. Taiteellinen toteutus on viimeistelty\u00e4 ja lukukokemus on kaiken kaikkiaan nautinnollinen.<\/p>\n\n\n\n<p><strong>3. palkinto &#8211; Maryam Abuzaid-Ryu<\/strong><\/p>\n\n\n\n<p>Tarinan l\u00e4ht\u00f6kohta ja n\u00e4k\u00f6kulma kiinnittiv\u00e4t tuomariston huomion <strong>Maryam Abuzaid-Ryun <\/strong>sarjakuvassa <em>Persikkapuu<\/em>. Tarinan t\u00e4rke\u00e4 sanoma on k\u00e4sikirjoitettu taitavasti, vaikka dialogeissa olisi viel\u00e4 parantamisen varaa. Mik\u00e4li graafiseen toteutukseen olisi kiinnitetty enemm\u00e4n huomiota, niin kilpailussa olisi ollut mahdollisuus viel\u00e4kin paremmalle sijalle. Hyvin valittu tarinan muoto kuljettaa lukijan jouhevasti sarjakuvan l\u00e4vitse.<\/p>\n\n\n\n<p><strong>Kunniamaininta &#8211; Hopea<\/strong><br \/>Strippisarjakuvia on hankala verrata novelleihin, joten tuomaristo halusi antaa kunniamaininnan <strong>Hopean<\/strong><em> <\/em><em>Trio<\/em> -sarjakuville. Viimeistellyn piirrosj\u00e4ljen rinnalle tuomaristo j\u00e4i kaipaamaan tarinoiden liittymist\u00e4 toisiinsa. Vaikka sis\u00e4ll\u00f6ist\u00e4 puuttuu ajoittain konteksti, niin ne tarjoavat lukijoille my\u00f6s monia hyvi\u00e4 k\u00e4sikirjoituksellisia hetki\u00e4.<\/p>\n\n\n\n<h3 class=\"wp-block-heading\">Tuomariston puheenvuoro<\/h3>\n\n\n\n<p>Kilpailun tuomaristoon kuuluivat t\u00e4n\u00e4 vuonna <strong>Kalle Hakkola<\/strong> ja<strong> Tuuli Hyp\u00e9n<\/strong>. He valitsivat kolme voittajaa ja jakoivat yhden kunniamaininnan kilpailut\u00f6iden joukosta. <strong>Harri Filpalla<\/strong> oli kunnia toimia tuomariston sihteerin\u00e4. T\u00e4n\u00e4 vuonna osallistuttiin 28:lla teoksella ja osallistujat olivat p\u00e4\u00e4s\u00e4\u00e4nt\u00f6isesti Suomesta. Palkittujen ty\u00f6t ovat luettavissa t\u00e4st\u00e4 kirjasta.<\/p>\n\n\n\n<p>Osallistujien ty\u00f6t olivat tyylilt\u00e4\u00e4n ja laadultaan hyvin vaihtelevia. Yleisen\u00e4 kommenttina tuomaristo toivoi, ett\u00e4 sarjakuvien viimeistelyyn sek\u00e4 tarinan ett\u00e4 kuvituksien osalta olisi kiinnitetty enemm\u00e4n huomiota. Monet eritt\u00e4in kehityskelpoiset sarjakuvat j\u00e4iv\u00e4t keskener\u00e4isyyden vuoksi palkittavien ulkopuolelle. T\u00e4m\u00e4n vuoksi tuomaristo p\u00e4\u00e4tti t\u00e4n\u00e4 vuonna antaa vain yhden kunniamaininnan.<\/p>\n\n\n\n<p>Tuomaristo kiitt\u00e4\u00e4 kaikkia kilpailuun osallistuneita tekij\u00f6it\u00e4.<\/p>\n","protected":false},"excerpt":{"rendered":"<p><!-- wp:image {\"align\":\"right\",\"id\":5037,\"width\":250,\"sizeSlug\":\"large\"} --><\/p>\n<div class=\"wp-block-image\">\n<figure class=\"alignright size-large is-resized\"><img decoding=\"async\" src=\"http:\/\/www.oulucomics.com\/wp-content\/uploads\/2020\/11\/aarretreasure-small.jpg\" alt=\"\" c...\n<\/p>\n","protected":false},"author":1,"featured_media":0,"parent":84,"menu_order":0,"comment_status":"closed","ping_status":"closed","template":"","meta":{"footnotes":""},"categories":[],"tags":[],"class_list":["post-4296","page","type-page","status-publish","hentry"],"_links":{"self":[{"href":"https:\/\/www.oulucomics.com\/fi\/wp-json\/wp\/v2\/pages\/4296","targetHints":{"allow":["GET"]}}],"collection":[{"href":"https:\/\/www.oulucomics.com\/fi\/wp-json\/wp\/v2\/pages"}],"about":[{"href":"https:\/\/www.oulucomics.com\/fi\/wp-json\/wp\/v2\/types\/page"}],"author":[{"embeddable":true,"href":"https:\/\/www.oulucomics.com\/fi\/wp-json\/wp\/v2\/users\/1"}],"replies":[{"embeddable":true,"href":"https:\/\/www.oulucomics.com\/fi\/wp-json\/wp\/v2\/comments?post=4296"}],"version-history":[{"count":24,"href":"https:\/\/www.oulucomics.com\/fi\/wp-json\/wp\/v2\/pages\/4296\/revisions"}],"predecessor-version":[{"id":6491,"href":"https:\/\/www.oulucomics.com\/fi\/wp-json\/wp\/v2\/pages\/4296\/revisions\/6491"}],"up":[{"embeddable":true,"href":"https:\/\/www.oulucomics.com\/fi\/wp-json\/wp\/v2\/pages\/84"}],"wp:attachment":[{"href":"https:\/\/www.oulucomics.com\/fi\/wp-json\/wp\/v2\/media?parent=4296"}],"wp:term":[{"taxonomy":"category","embeddable":true,"href":"https:\/\/www.oulucomics.com\/fi\/wp-json\/wp\/v2\/categories?post=4296"},{"taxonomy":"post_tag","embeddable":true,"href":"https:\/\/www.oulucomics.com\/fi\/wp-json\/wp\/v2\/tags?post=4296"}],"curies":[{"name":"wp","href":"https:\/\/api.w.org\/{rel}","templated":true}]}}