{"id":4253,"date":"2020-01-30T14:56:54","date_gmt":"2020-01-30T12:56:54","guid":{"rendered":"http:\/\/www.oulucomics.com\/?page_id=4253"},"modified":"2020-01-30T15:04:18","modified_gmt":"2020-01-30T13:04:18","slug":"2019-2","status":"publish","type":"page","link":"https:\/\/www.oulucomics.com\/fi\/fest\/past\/2019-2\/","title":{"rendered":"2019"},"content":{"rendered":"<h3>Oulun Sarjakuvafestivaali 22.-24.11.2019<\/h3>\n<p>Vuoden 2019 Oulun Sarjakuvafestivaali&nbsp;tapahtuman p\u00e4\u00e4paikkoina ovat Oulun kaupunginkirjaston p\u00e4\u00e4kirjasto,&nbsp;Sarjasto ja Oulun Sarjakuvakeskus \/&nbsp;Valve.&nbsp;<a href=\"http:\/\/www.oulucomics.com\/fest\/program2019\/\">Tutustu monipuoliseen ohjelmistoon!<\/a><\/p>\n<p><strong>Festivaaliviikonloppu ohjelma alkaa t\u00e4n\u00e4 vuonna 22.11. klo 17:00&nbsp;Oulun kaupunginkirjastolta ja jatkuu pieni\u00e4 nukkumataukoja lukuunottamatta sunnuntaihin asti.<\/strong><\/p>\n","protected":false},"excerpt":{"rendered":"<h3>Oulun Sarjakuvafestivaali 22.-24.11.2019<\/h3>\n<p>Vuoden 2019 Oulun Sarjakuvafestivaali&nbsp;tapahtuman p\u00e4\u00e4paikkoina ovat Oulun kaupunginkirjaston p\u00e4\u00e4kirjasto,&nbsp;Sarjasto ja Oulun Sarjakuvakeskus \/&nbsp;Valve.&nbsp;<a href=\"http:\/\/www.oulucomics.c...\n<\/p>\n","protected":false},"author":1,"featured_media":0,"parent":78,"menu_order":0,"comment_status":"closed","ping_status":"closed","template":"","meta":{"footnotes":""},"categories":[],"tags":[],"class_list":["post-4253","page","type-page","status-publish","hentry"],"_links":{"self":[{"href":"https:\/\/www.oulucomics.com\/fi\/wp-json\/wp\/v2\/pages\/4253","targetHints":{"allow":["GET"]}}],"collection":[{"href":"https:\/\/www.oulucomics.com\/fi\/wp-json\/wp\/v2\/pages"}],"about":[{"href":"https:\/\/www.oulucomics.com\/fi\/wp-json\/wp\/v2\/types\/page"}],"author":[{"embeddable":true,"href":"https:\/\/www.oulucomics.com\/fi\/wp-json\/wp\/v2\/users\/1"}],"replies":[{"embeddable":true,"href":"https:\/\/www.oulucomics.com\/fi\/wp-json\/wp\/v2\/comments?post=4253"}],"version-history":[{"count":3,"href":"https:\/\/www.oulucomics.com\/fi\/wp-json\/wp\/v2\/pages\/4253\/revisions"}],"predecessor-version":[{"id":4258,"href":"https:\/\/www.oulucomics.com\/fi\/wp-json\/wp\/v2\/pages\/4253\/revisions\/4258"}],"up":[{"embeddable":true,"href":"https:\/\/www.oulucomics.com\/fi\/wp-json\/wp\/v2\/pages\/78"}],"wp:attachment":[{"href":"https:\/\/www.oulucomics.com\/fi\/wp-json\/wp\/v2\/media?parent=4253"}],"wp:term":[{"taxonomy":"category","embeddable":true,"href":"https:\/\/www.oulucomics.com\/fi\/wp-json\/wp\/v2\/categories?post=4253"},{"taxonomy":"post_tag","embeddable":true,"href":"https:\/\/www.oulucomics.com\/fi\/wp-json\/wp\/v2\/tags?post=4253"}],"curies":[{"name":"wp","href":"https:\/\/api.w.org\/{rel}","templated":true}]}}