{"id":4061,"date":"2019-09-12T13:16:24","date_gmt":"2019-09-12T10:16:24","guid":{"rendered":"http:\/\/www.oulucomics.com\/?page_id=4061"},"modified":"2019-10-20T00:25:11","modified_gmt":"2019-10-19T21:25:11","slug":"week","status":"publish","type":"page","link":"https:\/\/www.oulucomics.com\/fi\/fest\/program2019\/week\/","title":{"rendered":"Ohjelmisto 2019 - Viikko"},"content":{"rendered":"<ul>\n<li><a href=\"http:\/\/www.oulucomics.com\/fest\/program2019\/fri\/\">Perjantain 22.11. ohjelmisto<\/a><\/li>\n<li><a href=\"http:\/\/www.oulucomics.com\/fest\/program2019\/sat\/\">Lauantain 23.11. ohjelmisto<\/a><\/li>\n<li><a href=\"http:\/\/www.oulucomics.com\/fest\/program2019\/sun\/\">Sunnuntain 24.11. ohjelmisto<\/a><\/li>\n<li><strong>Viikko-ohjelma<\/strong><\/li>\n<\/ul>\n<h3>Viikko-ohjelma:<\/h3>\n\n\t\t\t\t<div class=\"event-list\">\n\t\t\t\t<ul class=\"event-list-view\">\n\t\t\t \t<li class=\"event festivaali fwee lukuinto paja\">\n\t\t\t\t\t<div class=\"event-date\"><div class=\"start-date\"><div class=\"event-weekday\">ma<\/div><div class=\"event-day\">18<\/div><div class=\"event-month\">marras<\/div><div class=\"event-year\">2019<\/div><\/div><\/div>\n\t\t\t\t\t<div class=\"event-info single-day\"><div class=\"event-title\"><h3>Sarjakuvalukuinto - Muhos<\/h3><\/div><span class=\"event-time\">17:00 - 18:45<\/span><span class=\"event-location\">Muhoksen kirjasto (Muhostie 2, 91501 Muhos)<\/span><div class=\"event-details\"><p><img loading=\"lazy\" decoding=\"async\" class=\"alignright size-medium wp-image-3999\" src=\"http:\/\/www.oulucomics.com\/wp-content\/uploads\/2019\/04\/kuvitus_mayrarivi_ilmtaustaa_varjot-1-300x161.png\" alt=\"kuvitus_mayrarivi_ilmtaustaa_varjot\" width=\"300\" height=\"161\" srcset=\"https:\/\/www.oulucomics.com\/wp-content\/uploads\/2019\/04\/kuvitus_mayrarivi_ilmtaustaa_varjot-1-300x161.png 300w, https:\/\/www.oulucomics.com\/wp-content\/uploads\/2019\/04\/kuvitus_mayrarivi_ilmtaustaa_varjot-1-768x413.png 768w, https:\/\/www.oulucomics.com\/wp-content\/uploads\/2019\/04\/kuvitus_mayrarivi_ilmtaustaa_varjot-1-1024x551.png 1024w, https:\/\/www.oulucomics.com\/wp-content\/uploads\/2019\/04\/kuvitus_mayrarivi_ilmtaustaa_varjot-1-1440x775.png 1440w, https:\/\/www.oulucomics.com\/wp-content\/uploads\/2019\/04\/kuvitus_mayrarivi_ilmtaustaa_varjot-1-1050x565.png 1050w\" sizes=\"auto, (max-width: 300px) 100vw, 300px\" \/>Kaiken ik\u00e4isille suunnatuissa Sarjakuvalukuintoty\u00f6pajoissa yhdistyv\u00e4t lukupiiritoiminta ja yhdess\u00e4 piirt\u00e4minen. Sarjakuvien ja piirt\u00e4misen maailmaan osallistujia johdattelevat <strong>Esa Holopainen<\/strong> ja\u00a0<strong>Harri Filppa<\/strong>.<\/p>\n<p>Ty\u00f6pajat ovat osallistujille ilmaisia, eik\u00e4 niihin tarvitse ilmoittautua ennakkoon.<\/p>\n<p>Tapahtuma on osa Oulun Sarjakuvafestivaalin 2019 ohjelmistoa.<\/p>\n<\/div><\/div>\n\t\t\t\t<\/li>\n\t\t\t \t<li class=\"event festivaali fwee lukuinto paja\">\n\t\t\t\t\t<div class=\"event-date\"><div class=\"start-date\"><div class=\"event-weekday\">ti<\/div><div class=\"event-day\">19<\/div><div class=\"event-month\">marras<\/div><div class=\"event-year\">2019<\/div><\/div><\/div>\n\t\t\t\t\t<div class=\"event-info single-day\"><div class=\"event-title\"><h3>Sarjakuvalukuinto - Ii<\/h3><\/div><span class=\"event-time\">17:00 - 18:45<\/span><span class=\"event-location\">Iin kunnankirjasto (Puistotie 1, 91100 Ii)<\/span><div class=\"event-details\"><p><img loading=\"lazy\" decoding=\"async\" class=\"alignright size-medium wp-image-3999\" src=\"http:\/\/www.oulucomics.com\/wp-content\/uploads\/2019\/04\/kuvitus_mayrarivi_ilmtaustaa_varjot-1-300x161.png\" alt=\"kuvitus_mayrarivi_ilmtaustaa_varjot\" width=\"300\" height=\"161\" srcset=\"https:\/\/www.oulucomics.com\/wp-content\/uploads\/2019\/04\/kuvitus_mayrarivi_ilmtaustaa_varjot-1-300x161.png 300w, https:\/\/www.oulucomics.com\/wp-content\/uploads\/2019\/04\/kuvitus_mayrarivi_ilmtaustaa_varjot-1-768x413.png 768w, https:\/\/www.oulucomics.com\/wp-content\/uploads\/2019\/04\/kuvitus_mayrarivi_ilmtaustaa_varjot-1-1024x551.png 1024w, https:\/\/www.oulucomics.com\/wp-content\/uploads\/2019\/04\/kuvitus_mayrarivi_ilmtaustaa_varjot-1-1440x775.png 1440w, https:\/\/www.oulucomics.com\/wp-content\/uploads\/2019\/04\/kuvitus_mayrarivi_ilmtaustaa_varjot-1-1050x565.png 1050w\" sizes=\"auto, (max-width: 300px) 100vw, 300px\" \/>Kaiken ik\u00e4isille suunnatuissa Sarjakuvalukuintoty\u00f6pajoissa yhdistyv\u00e4t lukupiiritoiminta ja yhdess\u00e4 piirt\u00e4minen. Sarjakuvien ja piirt\u00e4misen maailmaan osallistujia johdatteleve sarjakuvantekij\u00e4\u00a0<strong>Harri Filppa<\/strong>.<\/p>\n<p>Ty\u00f6pajat ovat osallistujille ilmaisia, eik\u00e4 niihin tarvitse ilmoittautua ennakkoon. Vaikka tapahtuma on kansainv\u00e4linen niin suomenkielell\u00e4 p\u00e4rj\u00e4\u00e4.<\/p>\n<p>Tapahtuma on osa Oulun Sarjakuvafestivaalin 2019 ohjelmistoa.<\/p>\n<\/div><\/div>\n\t\t\t\t<\/li>\n\t\t\t \t<li class=\"event festivaali fwee lukuinto paja\">\n\t\t\t\t\t<div class=\"event-date\"><div class=\"start-date\"><div class=\"event-weekday\">ke<\/div><div class=\"event-day\">20<\/div><div class=\"event-month\">marras<\/div><div class=\"event-year\">2019<\/div><\/div><\/div>\n\t\t\t\t\t<div class=\"event-info single-day\"><div class=\"event-title\"><h3>Sarjakuvalukuinto - Kempele<\/h3><\/div><span class=\"event-time\">17:00 - 18:45<\/span><span class=\"event-location\">Kempeleen p\u00e4\u00e4kirjasto (Zeppelinintie 1, 90450 Kempele)<\/span><div class=\"event-details\"><p><img loading=\"lazy\" decoding=\"async\" class=\"alignright size-medium wp-image-3999\" src=\"http:\/\/www.oulucomics.com\/wp-content\/uploads\/2019\/04\/kuvitus_mayrarivi_ilmtaustaa_varjot-1-300x161.png\" alt=\"kuvitus_mayrarivi_ilmtaustaa_varjot\" width=\"300\" height=\"161\" srcset=\"https:\/\/www.oulucomics.com\/wp-content\/uploads\/2019\/04\/kuvitus_mayrarivi_ilmtaustaa_varjot-1-300x161.png 300w, https:\/\/www.oulucomics.com\/wp-content\/uploads\/2019\/04\/kuvitus_mayrarivi_ilmtaustaa_varjot-1-768x413.png 768w, https:\/\/www.oulucomics.com\/wp-content\/uploads\/2019\/04\/kuvitus_mayrarivi_ilmtaustaa_varjot-1-1024x551.png 1024w, https:\/\/www.oulucomics.com\/wp-content\/uploads\/2019\/04\/kuvitus_mayrarivi_ilmtaustaa_varjot-1-1440x775.png 1440w, https:\/\/www.oulucomics.com\/wp-content\/uploads\/2019\/04\/kuvitus_mayrarivi_ilmtaustaa_varjot-1-1050x565.png 1050w\" sizes=\"auto, (max-width: 300px) 100vw, 300px\" \/>Kaiken ik\u00e4isille suunnatuissa Sarjakuvalukuintoty\u00f6pajoissa yhdistyv\u00e4t lukupiiritoiminta ja yhdess\u00e4 piirt\u00e4minen. Sarjakuvien ja piirt\u00e4misen maailmaan osallistujia johdattelevat kempelel\u00e4isl\u00e4ht\u00f6iset sarjakuvantekij\u00e4t <strong>Harri Filppa<\/strong> ja<strong> Sami Nyyss\u00f6l\u00e4<\/strong>.<\/p>\n<p>Ty\u00f6pajat ovat osallistujille ilmaisia, eik\u00e4 niihin tarvitse ilmoittautua ennakkoon.<\/p>\n<p>Tapahtuma on osa Oulun Sarjakuvafestivaalin 2019 ohjelmistoa.<\/p>\n<\/div><\/div>\n\t\t\t\t<\/li>\n\t\t\t \t<li class=\"event festivaali fwee klubi\">\n\t\t\t\t\t<div class=\"event-date\"><div class=\"start-date\"><div class=\"event-weekday\">to<\/div><div class=\"event-day\">21<\/div><div class=\"event-month\">marras<\/div><div class=\"event-year\">2019<\/div><\/div><\/div>\n\t\t\t\t\t<div class=\"event-info single-day\"><div class=\"event-title\"><h3>Pokuto PANOPTICON 2019<\/h3><\/div><span class=\"event-time\">17:00 - <\/span><span class=\"event-location\">Snooker Time, Asemakatu 28, Oulu<\/span><div class=\"event-details\"><p><span style=\"font-weight: 400;\">Pokuto PANOPTICON 2019 ottaa tilan haltuun Oulun Sarjakuvafestivaaliviikon torstai-iltana.<\/span><\/p>\n<p><span style=\"font-weight: 400;\">Snooker Timess\u00e4\u00a0on tapahtuman aikana esill\u00e4 Pokuton yhteisn\u00e4yttely, johon osallistuvat Pokuton taiteilijoista:<strong> Jussi Hukkanen<\/strong>, <strong>Mikko Jylh\u00e4<\/strong>, <strong>Katariina Lappi<\/strong>, <strong>Niko-Petteri Niva<\/strong>,<strong> Sami Nyyss\u00f6l\u00e4<\/strong>, <strong>Sulo Palovuori<\/strong>, <strong>Riika Ruottinen<\/strong> ja <strong>Anssi Vieruaho<\/strong>.<\/span><\/p>\n<p><strong>SARJAKUVAJULKKARIT<\/strong><\/p>\n<p><img loading=\"lazy\" decoding=\"async\" class=\"alignleft wp-image-4175\" src=\"http:\/\/www.oulucomics.com\/wp-content\/uploads\/2019\/10\/mirjamsumu_AiniHelka-211x300.jpg\" alt=\"mirjamsumu_AiniHelka\" width=\"162\" height=\"230\" srcset=\"https:\/\/www.oulucomics.com\/wp-content\/uploads\/2019\/10\/mirjamsumu_AiniHelka-211x300.jpg 211w, https:\/\/www.oulucomics.com\/wp-content\/uploads\/2019\/10\/mirjamsumu_AiniHelka.jpg 300w\" sizes=\"auto, (max-width: 162px) 100vw, 162px\" \/> <img loading=\"lazy\" decoding=\"async\" class=\"alignleft wp-image-4176 size-full\" src=\"http:\/\/www.oulucomics.com\/wp-content\/uploads\/2019\/10\/mirjamsumu_poikanikatosi.jpg\" alt=\"mirjamsumu_poikanikatosi\" width=\"300\" height=\"230\" \/><\/p>\n<hr \/>\n<p><span style=\"font-weight: 400;\"><strong>Mirjam Sumun<\/strong> albumi <em>Kuinka poikani katosi <\/em>(Pokuto, 2019) kuvaa yhden nuoren suistumisen kuvausta huumemaailmaan \u00e4idin n\u00e4k\u00f6kulmasta. \"Ei edes sit\u00e4 pikkuriikkist\u00e4 toivoa\".\u00a0<em>Aini, Helka ja uimakaksoset<\/em>\u00a0(Pokuto, 2019) kuvaa keski-ik\u00e4isten yst\u00e4vysten uimareissua Oulujoessa ja samalla kertoo heid\u00e4n edesmenneist\u00e4 siirtokarjalais\u00e4ideist\u00e4\u00e4n. Yst\u00e4vyys, karjalaisuus ja haikeus.<\/span><\/p>\n<p><span style=\"font-weight: 400;\"><strong>Sami Nyyss\u00f6l\u00e4n<\/strong> <em>Hiilijalan j\u00e4lkeen j\u00e4\u00e4neet <\/em>(Pokuto, 2019) on scifi-sarjakuva l\u00e4hitulevaisuudesta, jossa ilmaston puolesta ei tarvitse en\u00e4\u00e4 pel\u00e4t\u00e4.<\/span><\/p>\n<p><img loading=\"lazy\" decoding=\"async\" class=\"alignleft size-medium wp-image-4163\" src=\"http:\/\/www.oulucomics.com\/wp-content\/uploads\/2019\/10\/nyyssola_hjj-213x300.jpg\" alt=\"nyyssola_hjj\" width=\"213\" height=\"300\" srcset=\"https:\/\/www.oulucomics.com\/wp-content\/uploads\/2019\/10\/nyyssola_hjj-213x300.jpg 213w, https:\/\/www.oulucomics.com\/wp-content\/uploads\/2019\/10\/nyyssola_hjj.jpg 300w\" sizes=\"auto, (max-width: 213px) 100vw, 213px\" \/><img loading=\"lazy\" decoding=\"async\" class=\"alignleft size-medium wp-image-4166\" src=\"http:\/\/www.oulucomics.com\/wp-content\/uploads\/2019\/10\/ruottinen_pornosijainen-217x300.jpg\" alt=\"ruottinen_pornosijainen\" width=\"217\" height=\"300\" srcset=\"https:\/\/www.oulucomics.com\/wp-content\/uploads\/2019\/10\/ruottinen_pornosijainen-217x300.jpg 217w, https:\/\/www.oulucomics.com\/wp-content\/uploads\/2019\/10\/ruottinen_pornosijainen.jpg 300w\" sizes=\"auto, (max-width: 217px) 100vw, 217px\" \/><\/p>\n<hr \/>\n<p><span style=\"font-weight: 400;\"><strong>Riika Ruottisen<\/strong> omakohtaisiin kokemuksiin pohjaava sarjakuva-albumi<em> Porno sijainen <\/em>(Pokuto, 2019) k\u00e4sittelee opetusalan p\u00e4tk\u00e4ty\u00f6l\u00e4isyytt\u00e4 ja kuvaa aihetta viistossa valossa.\u00a0<\/span><\/p>\n<p><span style=\"font-weight: 400;\">Siin\u00e4 tulee n\u00e4kyviin alan rujo arki niin jokap\u00e4iv\u00e4isen\u00e4 ja vinona kuin se on, mutta my\u00f6s p\u00e4\u00e4henkil\u00f6n herkkyys, joka tahtoo kasvaa annetuista rooleista ja p\u00e4tkist\u00e4 ulos.<\/span><\/p>\n<p><span style=\"font-weight: 400;\">Porno sijainen on n\u00e4hnyt homekoulut, opettajanhuoneiden kahvip\u00f6yd\u00e4t ja kustannustehokkaimmat kotoutumiskoulutukset. Nyt h\u00e4n kertoo, mit\u00e4 on olla oman alansa jakoj\u00e4\u00e4nn\u00f6s, tarvittaessa k\u00e4ytt\u00f6\u00f6n otettava resurssi.\u00a0<\/span><\/p>\n<p><strong>DJ KULTATURBO<\/strong><\/p>\n<p><strong>LIQUID SPACE DREAMS<\/strong><\/p>\n<p><span style=\"font-weight: 400;\">Tapahtuman juontaa <strong>Mustel Milla<\/strong>.<\/span><\/p>\n<p><span style=\"font-weight: 400;\">Tilaisuuteen on vapaa p\u00e4\u00e4sy ja ik\u00e4raja on 18 vuotta.<\/span><\/p>\n<p><span style=\"font-weight: 400;\">Tapahtuman j\u00e4rjest\u00e4\u00e4 POKUTO - Pohjoinen kustannustoiminta, yhteisty\u00f6ss\u00e4 Oulun Sarjakuvafestivaalin kanssa.<\/span><\/p>\n<p><span style=\"font-weight: 400; color: #0000ff;\">Pokuto PANOPTICON 2019 event at Oulu Comics Festival's Thursday evening.<\/span><\/p>\n<p><span style=\"color: #0000ff;\"><span style=\"font-weight: 400;\">Snooker Time\u00a0features a joint exhibition of Pokuto's artists: <\/span><b>Jussi Hukkanen<\/b><span style=\"font-weight: 400;\">, <\/span><b>Mikko Jylh\u00e4<\/b><span style=\"font-weight: 400;\">, <\/span><b>Katariina Lappi<\/b><span style=\"font-weight: 400;\">, <\/span><b>Niko-Petteri Niva<\/b><span style=\"font-weight: 400;\">, <\/span><b>Sami Nyyss\u00f6l\u00e4<\/b><span style=\"font-weight: 400;\">, <\/span><b>Sulo Palovuori<\/b><span style=\"font-weight: 400;\">, <\/span><b>Riika Ruottinen<\/b><span style=\"font-weight: 400;\"> and <\/span><b>Anssi Vieruaho<\/b><span style=\"font-weight: 400;\">.<\/span><\/span><\/p>\n<p><span style=\"color: #0000ff;\"><b>PUBLICATION EVENT<\/b><\/span><\/p>\n<p><span style=\"color: #0000ff;\"><i><span style=\"font-weight: 400;\">Kuinka poikani katosi<\/span><\/i><span style=\"font-weight: 400;\"> (Pokuto, 2019) [How my son vanished] graphic novel by <\/span><b>Mirjam Sumu<\/b><span style=\"font-weight: 400;\"> depicts a mother hopeless with her son's decline into a world of drug abuse.\u00a0<em>Aini, Helka ja uimakaksoset<\/em> (Pokuto, 2019) [Aini, Helka and swimming twins] short story by Mirjam Sumu depicts a swimming trip of middle aged friends bonding over their Carelian refugee mothers.<\/span><\/span><\/p>\n<p><span style=\"color: #0000ff;\"><i><span style=\"font-weight: 400;\">Hiilijalanj\u00e4lkeen j\u00e4\u00e4neet<\/span><\/i><span style=\"font-weight: 400;\"> (Pokuto, 2019) [Left carbon footprint] a climate change themed sci-fi graphic novel about near future when the climate has changed beyond our fears.<\/span><\/span><\/p>\n<p><span style=\"color: #0000ff;\"><i><span style=\"font-weight: 400;\">Porno sijainen<\/span><\/i><span style=\"font-weight: 400;\"> (Pokuto, 2019) [Porn substitute] is a graphic novel about the author <\/span><b>Riika Ruottinen<\/b><span style=\"font-weight: 400;\">'s not-so-appealing personal experiences in education work. Everyday life is crude, but the main character's sensitivities want to grow beyond the roles and expectations. The porn substitute has seen moldy schools, teachers' coffee lounges and cost-effective integration trainings. Now she tells what it's like to be a professional leftover resource.<\/span><\/span><\/p>\n<p><span style=\"color: #0000ff;\"><b>DJ KULTATURBO<\/b><\/span><\/p>\n<p><span style=\"color: #0000ff;\"><b>LIQUID SPACE DREAMS<\/b><\/span><\/p>\n<p><span style=\"color: #0000ff;\"><span style=\"font-weight: 400;\">Presenter: <\/span><b>Mustel Milla<\/b><\/span><\/p>\n<p><span style=\"font-weight: 400; color: #0000ff;\">Entry is free. Age limit 18.<\/span><\/p>\n<p><span style=\"font-weight: 400; color: #0000ff;\">Event is organized by POKUTO - Pohjoinen kustannustoiminta ry in collaboration with Oulu Comics Festival.<\/span><\/p>\n<\/div><\/div>\n\t\t\t\t<\/li>\n\t\t\t \t<li class=\"event festivaali fwee lukuinto paja sarjasto\">\n\t\t\t\t\t<div class=\"event-date\"><div class=\"start-date\"><div class=\"event-weekday\">to<\/div><div class=\"event-day\">21<\/div><div class=\"event-month\">marras<\/div><div class=\"event-year\">2019<\/div><\/div><\/div>\n\t\t\t\t\t<div class=\"event-info single-day\"><div class=\"event-title\"><h3>Sarjakuvalukuinto - Oulu<\/h3><\/div><span class=\"event-time\">17:00 - 18:45<\/span><span class=\"event-location\">Oulun Kaupunginkirjasto (Kaarlenv\u00e4yl\u00e4 3, 3. krs, 90100 Oulu)<\/span><div class=\"event-details\"><p><img loading=\"lazy\" decoding=\"async\" class=\"alignright size-medium wp-image-3999\" src=\"http:\/\/www.oulucomics.com\/wp-content\/uploads\/2019\/04\/kuvitus_mayrarivi_ilmtaustaa_varjot-1-300x161.png\" alt=\"kuvitus_mayrarivi_ilmtaustaa_varjot\" width=\"300\" height=\"161\" srcset=\"https:\/\/www.oulucomics.com\/wp-content\/uploads\/2019\/04\/kuvitus_mayrarivi_ilmtaustaa_varjot-1-300x161.png 300w, https:\/\/www.oulucomics.com\/wp-content\/uploads\/2019\/04\/kuvitus_mayrarivi_ilmtaustaa_varjot-1-768x413.png 768w, https:\/\/www.oulucomics.com\/wp-content\/uploads\/2019\/04\/kuvitus_mayrarivi_ilmtaustaa_varjot-1-1024x551.png 1024w, https:\/\/www.oulucomics.com\/wp-content\/uploads\/2019\/04\/kuvitus_mayrarivi_ilmtaustaa_varjot-1-1440x775.png 1440w, https:\/\/www.oulucomics.com\/wp-content\/uploads\/2019\/04\/kuvitus_mayrarivi_ilmtaustaa_varjot-1-1050x565.png 1050w\" sizes=\"auto, (max-width: 300px) 100vw, 300px\" \/>Kaiken ik\u00e4isille suunnatuissa Sarjakuvalukuintoty\u00f6pajoissa yhdistyv\u00e4t lukupiiritoiminta ja yhdess\u00e4 piirt\u00e4minen. Sarjakuvien ja piirt\u00e4misen maailmaan osallistujia johdattelevat\u00a0useat sarjakuvantekij\u00e4t <strong>Veli-Matti Uralin<\/strong> johdolla. Festivaaliviikolla Sarjastossa j\u00e4rjestett\u00e4v\u00e4\u00a0sarjakuvalukuinto etenee kansainv\u00e4lisess\u00e4 hengess\u00e4 <strong>Allan Haverholmin<\/strong> siivitt\u00e4m\u00e4n\u00e4.<\/p>\n<p>Ty\u00f6pajat ovat osallistujille ilmaisia, eik\u00e4 niihin tarvitse ilmoittautua ennakkoon.<\/p>\n<p>Tapahtuma on osa Oulun Sarjakuvafestivaalin 2019 ohjelmistoa.<\/p>\n<p><span style=\"color: #0000ff;\"><span style=\"font-weight: 400;\">Comic Zest Workshop combines reading comics and drawing comics. Adults and children of all ages are welcome to join. Cartoonist <\/span><b>Veli-Matti Ural<\/b><span style=\"font-weight: 400;\"> introduces the participants to the world of comic books. Oulu Comics Festival guest from Sweden <\/span><b>Allan Haverholm\u00a0<\/b><span style=\"font-weight: 400;\">joins the fun which makes the workshop an international event.<\/span><\/span><\/p>\n<p><span style=\"color: #0000ff;\"><span style=\"font-weight: 400;\">The Comic Zest Workshop is free of charge and doesn\u00b4t require you to sign up in advance.<\/span><\/span><\/p>\n<p><span style=\"color: #0000ff;\"><span style=\"font-weight: 400;\">The event is part of the program of Oulu Comics Festival<\/span><\/span><span style=\"font-weight: 400;\"><br \/>\n<\/span><\/p>\n<\/div><\/div>\n\t\t\t\t<\/li>\n\t\t\t \t<li class=\"event festivaali fwee muu seura\">\n\t\t\t\t\t<div class=\"event-date\"><div class=\"start-date\"><div class=\"event-weekday\">to<\/div><div class=\"event-day\">21<\/div><div class=\"event-month\">marras<\/div><div class=\"event-year\">2019<\/div><\/div><\/div>\n\t\t\t\t\t<div class=\"event-info single-day\"><div class=\"event-title\"><h3>Death Caf\u00e9 Oulu<\/h3><\/div><span class=\"event-time\">18:00 - 19:30<\/span><span class=\"event-location\">Hyv\u00e4n mielen talo, Kauppurienkatu 23, 2 krs, 90100 Oulu<\/span><div class=\"event-details\"><p><span style=\"font-weight: 400;\"><img loading=\"lazy\" decoding=\"async\" class=\"alignright wp-image-4136 size-thumbnail\" src=\"http:\/\/www.oulucomics.com\/wp-content\/uploads\/2019\/10\/deathcafe-150x150.jpg\" alt=\"deathcafe\" width=\"150\" height=\"150\" srcset=\"https:\/\/www.oulucomics.com\/wp-content\/uploads\/2019\/10\/deathcafe-150x150.jpg 150w, https:\/\/www.oulucomics.com\/wp-content\/uploads\/2019\/10\/deathcafe-300x300.jpg 300w, https:\/\/www.oulucomics.com\/wp-content\/uploads\/2019\/10\/deathcafe.jpg 600w\" sizes=\"auto, (max-width: 150px) 100vw, 150px\" \/><img loading=\"lazy\" decoding=\"async\" class=\"size-full wp-image-2956 alignleft\" src=\"http:\/\/www.oulucomics.com\/wp-content\/uploads\/2017\/10\/fi.jpg\" alt=\"fi\" width=\"23\" height=\"20\" \/>Death Caf\u00e9 on osa kansainv\u00e4list\u00e4 tapahtumien kokonaisuutta, joita j\u00e4rjestet\u00e4\u00e4n, jotta muistaisimme kuolevaisuutemme ja samalla muistaisimme el\u00e4\u00e4. Luvassa vapaata keskustelua sek\u00e4 ajatusten- ett\u00e4 kokemustenvaihtoa.<\/span><\/p>\n<p><span style=\"font-weight: 400;\">Aiheeseen johdattelemassa on t\u00e4ll\u00e4 kertaa sarjakuvantekij\u00e4 <\/span><strong>Harri Filppa<\/strong><span style=\"font-weight: 400;\">, joka kertoo leskeytymisens\u00e4 j\u00e4lkeisest\u00e4 suruty\u00f6st\u00e4 ja siit\u00e4 kuinka h\u00e4n kuvien, sanojen ja sarjakuvien v\u00e4lityksell\u00e4 k\u00e4sitteli suurta suruaan. Filpan teos <\/span><i><span style=\"font-weight: 400;\">Kuolema meid\u00e4t erotti <\/span><\/i><span style=\"font-weight: 400;\">(Pokuto 2017)<\/span><span style=\"font-weight: 400;\"> kertoo yhden leskimiehen tarinan suruty\u00f6n l\u00e4vitse.\u00a0<\/span><\/p>\n<p><span style=\"font-weight: 400;\">Toivotamme kaikki kuolevaiset l\u00e4mpim\u00e4sti tervetulleeksi puhumaan ja kuuntelemaan aiheesta, josta meill\u00e4 kaikilla on yht\u00e4 paljon omakohtaista kokemusta.<\/span><\/p>\n<p><span style=\"font-weight: 400;\">Tilaisuuteen on vapaa p\u00e4\u00e4sy ja tarjolla on muun muassa kahvia, teet\u00e4 ja pient\u00e4 purtavaa.<\/span><\/p>\n<p><span style=\"font-weight: 400;\">Tapahtuma on osa valtakunnallisen <\/span><a href=\"https:\/\/www.mtkl.fi\/toimintamme\/tapahtumat-kurssit-koulutukset\/mielenterveysviikko\/\"><b>mielenterveysviikon<\/b><\/a><span style=\"font-weight: 400;\"> ja <\/span><a href=\"http:\/\/www.oulucomics.com\/fest\/\"><b>Oulun Sarjakuvafestivaalin<\/b><\/a><span style=\"font-weight: 400;\"> ohjelmistoa. Tapaamisen j\u00e4rjest\u00e4v\u00e4t yhteisty\u00f6ss\u00e4 <a href=\"https:\/\/www.hyvanmielentalo.fi\/\" target=\"_blank\">Hyv\u00e4n mielen talo<\/a> ja <a href=\"http:\/\/www.oulucomics.com\/\" target=\"_blank\">Oulun Sarjakuvakeskus<\/a>.<\/span><\/p>\n<p><span style=\"color: #0000ff;\">Death Caf\u00e9 is part of an international event network.\u00a0<\/span><span style=\"color: #0000ff;\">Caf\u00e9s are organized to commemorate our mortality while reminding us that we must live.<\/span><\/p>\n<p><span style=\"color: #0000ff;\">The event will be hosted by cartoonist <strong>Harri Filppa<\/strong>, who tells of the widow's sorrow and\u00a0how he dealt through his great sorrow with pictures, words and comics. Filppa's <em>Death\u00a0Did Us Part<\/em> (Pokuto 2017) graphic novel tells the story of one widow through his deep grief.<\/span><\/p>\n<p><span style=\"color: #0000ff;\">Free discussion, exchange of feelings and experiences. We warmly welcome all mortals to talk and listen to a topic we all have as much personal experience with.<\/span><\/p>\n<p><span style=\"color: #0000ff;\">Free access, including coffee, tea and snacks.<\/span><\/p>\n<\/div><\/div>\n\t\t\t\t<\/li><\/ul>\n\t\t\t\t<\/div>\n","protected":false},"excerpt":{"rendered":"<ul>\n<li><a href=\"http:\/\/www.oulucomics.com\/fest\/program2019\/fri\/\">Perjantain 22.11. ohjelmisto<\/a><\/li>\n<li><a href=\"http:\/\/www.oulucomics.com\/fest\/program2019\/sat\/\">Lauantain 23.11. ohjelmisto<\/a><\/li>\n<li><a href=\"http:\/\/www.oulucomics.com\/fest\/progr... \n<br \/>\n","protected":false},"author":1,"featured_media":0,"parent":3961,"menu_order":0,"comment_status":"closed","ping_status":"closed","template":"","meta":{"footnotes":""},"categories":[],"tags":[],"class_list":["post-4061","page","type-page","status-publish","hentry"],"_links":{"self":[{"href":"https:\/\/www.oulucomics.com\/fi\/wp-json\/wp\/v2\/pages\/4061","targetHints":{"allow":["GET"]}}],"collection":[{"href":"https:\/\/www.oulucomics.com\/fi\/wp-json\/wp\/v2\/pages"}],"about":[{"href":"https:\/\/www.oulucomics.com\/fi\/wp-json\/wp\/v2\/types\/page"}],"author":[{"embeddable":true,"href":"https:\/\/www.oulucomics.com\/fi\/wp-json\/wp\/v2\/users\/1"}],"replies":[{"embeddable":true,"href":"https:\/\/www.oulucomics.com\/fi\/wp-json\/wp\/v2\/comments?post=4061"}],"version-history":[{"count":7,"href":"https:\/\/www.oulucomics.com\/fi\/wp-json\/wp\/v2\/pages\/4061\/revisions"}],"predecessor-version":[{"id":4198,"href":"https:\/\/www.oulucomics.com\/fi\/wp-json\/wp\/v2\/pages\/4061\/revisions\/4198"}],"up":[{"embeddable":true,"href":"https:\/\/www.oulucomics.com\/fi\/wp-json\/wp\/v2\/pages\/3961"}],"wp:attachment":[{"href":"https:\/\/www.oulucomics.com\/fi\/wp-json\/wp\/v2\/media?parent=4061"}],"wp:term":[{"taxonomy":"category","embeddable":true,"href":"https:\/\/www.oulucomics.com\/fi\/wp-json\/wp\/v2\/categories?post=4061"},{"taxonomy":"post_tag","embeddable":true,"href":"https:\/\/www.oulucomics.com\/fi\/wp-json\/wp\/v2\/tags?post=4061"}],"curies":[{"name":"wp","href":"https:\/\/api.w.org\/{rel}","templated":true}]}}