{"id":3953,"date":"2019-08-07T14:58:08","date_gmt":"2019-08-07T11:58:08","guid":{"rendered":"http:\/\/www.oulucomics.com\/?page_id=3953"},"modified":"2019-10-15T13:41:48","modified_gmt":"2019-10-15T10:41:48","slug":"sarjakuvapitchaus-2019","status":"publish","type":"page","link":"https:\/\/www.oulucomics.com\/fi\/fest\/program2019\/sarjakuvapitchaus-2019\/","title":{"rendered":"Sarjakuvapitchaus 2019"},"content":{"rendered":"<p><strong>24.11.2019 klo 12:15-13:30<br \/>\nOulun kaupunginkirjasto, Sarjasto<\/strong><\/p>\n<p>Sarjakuvapitchaus tuo taiteilijat ja kustantajat yhteen. Se on tilaisuus, jossa sarjakuvantekij\u00e4t p\u00e4\u00e4sev\u00e4t esittelem\u00e4\u00e4n ideoitaan ja projektejaan raadille, joka koostuu useiden kustantajien edustajista.<\/p>\n<p><img loading=\"lazy\" class=\"aligncenter size-full wp-image-4142\" src=\"http:\/\/www.oulucomics.com\/wp-content\/uploads\/2019\/08\/sarjakuvapitsaus_web.jpg\" alt=\"sarjakuvapitsaus_web\" width=\"600\" height=\"361\" srcset=\"https:\/\/www.oulucomics.com\/wp-content\/uploads\/2019\/08\/sarjakuvapitsaus_web.jpg 600w, https:\/\/www.oulucomics.com\/wp-content\/uploads\/2019\/08\/sarjakuvapitsaus_web-300x181.jpg 300w\" sizes=\"(max-width: 600px) 100vw, 600px\" \/><\/p>\n<p>Sarjakuvapitchaus on ainutlaatuinen mahdollisuus laajentaa omaa kontaktiverkostoa ja saada suoraa palautetta sarjakuvan kustannusalan ammattilaisilta.<\/p>\n<p>Raadin varmistuneet j\u00e4senet ovat <strong>Vesa Kataisto<\/strong> (T\u00e4ysi K\u00e4si), <strong>Harto Pasonen<\/strong> (Arktinen Banaani) ja <strong>Jarmo Stoor<\/strong> (Nispero kustannus).\u00a0Oulun Sarjakuvakeskuksen toiminnanjohtaja <strong>Harri Filppa<\/strong> toimii keskustelun siivitt\u00e4j\u00e4n\u00e4.<\/p>\n<p>Jokaisella osallistujalla on tasan 5 minuuttia aikaa esitell\u00e4 oma projektinsa. Osallistujien tulee hy\u00f6dynt\u00e4\u00e4 esityksens\u00e4 aikana diaesityst\u00e4, jossa n\u00e4ytett\u00e4v\u00e4t diat vaihtuvat automaattisesti viidentoista sekunnin v\u00e4lein.<\/p>\n<blockquote><p>15 numeroj\u00e4rjestykseen laitettua kuvaa (vaaka, 1600&#215;1200 pikseli\u00e4, jpg) on toimitettava Oulun Sarjakuvakeskukselle ennakkoon 8.11. menness\u00e4 osoitteeseen: sarjakuvaoulu(\u00e4t)gmail.com. Mainitse viestiss\u00e4 my\u00f6s nimesi, projektin nimi ja liit\u00e4 mukaan lyhyt kuvaus alkuper\u00e4iskielell\u00e4. <em>Huomioithan, ett\u00e4 mukaan mahtuu vain\u00a0noin\u00a06 taiteilijaa, joten raati ja j\u00e4rjest\u00e4v\u00e4 taho valitsee keskuudessaan ne, jotka haluavat kuulla.<\/em><\/p><\/blockquote>\n<p>Tule noukkimaan taskuusi ev\u00e4\u00e4t antoisiin kustannusneuvotteluihin tai vain seuraamaan siin\u00e4 onnistuvia!<\/p>\n","protected":false},"excerpt":{"rendered":"<p><strong>24.11.2019 klo 12:15-13:30<br \/>\nOulun kaupunginkirjasto, Sarjasto<\/strong><\/p>\n<p>Sarjakuvapitchaus tuo taiteilijat ja kustantajat yhteen. Se on tilaisuus, jossa sarjakuvantekij\u00e4t p\u00e4\u00e4sev\u00e4t esittelem\u00e4\u00e4n ideoitaan ja projektejaan raadille, joka koostuu us&#8230;<\/p>\n","protected":false},"author":1,"featured_media":0,"parent":3961,"menu_order":0,"comment_status":"closed","ping_status":"closed","template":"","meta":[],"categories":[],"tags":[],"_links":{"self":[{"href":"https:\/\/www.oulucomics.com\/fi\/wp-json\/wp\/v2\/pages\/3953"}],"collection":[{"href":"https:\/\/www.oulucomics.com\/fi\/wp-json\/wp\/v2\/pages"}],"about":[{"href":"https:\/\/www.oulucomics.com\/fi\/wp-json\/wp\/v2\/types\/page"}],"author":[{"embeddable":true,"href":"https:\/\/www.oulucomics.com\/fi\/wp-json\/wp\/v2\/users\/1"}],"replies":[{"embeddable":true,"href":"https:\/\/www.oulucomics.com\/fi\/wp-json\/wp\/v2\/comments?post=3953"}],"version-history":[{"count":14,"href":"https:\/\/www.oulucomics.com\/fi\/wp-json\/wp\/v2\/pages\/3953\/revisions"}],"predecessor-version":[{"id":5655,"href":"https:\/\/www.oulucomics.com\/fi\/wp-json\/wp\/v2\/pages\/3953\/revisions\/5655"}],"up":[{"embeddable":true,"href":"https:\/\/www.oulucomics.com\/fi\/wp-json\/wp\/v2\/pages\/3961"}],"wp:attachment":[{"href":"https:\/\/www.oulucomics.com\/fi\/wp-json\/wp\/v2\/media?parent=3953"}],"wp:term":[{"taxonomy":"category","embeddable":true,"href":"https:\/\/www.oulucomics.com\/fi\/wp-json\/wp\/v2\/categories?post=3953"},{"taxonomy":"post_tag","embeddable":true,"href":"https:\/\/www.oulucomics.com\/fi\/wp-json\/wp\/v2\/tags?post=3953"}],"curies":[{"name":"wp","href":"https:\/\/api.w.org\/{rel}","templated":true}]}}