{"id":3949,"date":"2019-08-07T14:52:27","date_gmt":"2019-08-07T11:52:27","guid":{"rendered":"http:\/\/www.oulucomics.com\/?page_id=3949"},"modified":"2019-09-11T07:37:19","modified_gmt":"2019-09-11T04:37:19","slug":"sprinttistrippi-2019","status":"publish","type":"page","link":"https:\/\/www.oulucomics.com\/fi\/fest\/program2019\/sprinttistrippi-2019\/","title":{"rendered":"Sprinttistripin SM 2019"},"content":{"rendered":"<p><img loading=\"lazy\" decoding=\"async\" class=\"size-medium wp-image-3722 alignright\" src=\"http:\/\/www.oulucomics.com\/wp-content\/uploads\/2018\/10\/ss_sm-226x300.jpg\" alt=\"ss_sm\" width=\"226\" height=\"300\" srcset=\"https:\/\/www.oulucomics.com\/wp-content\/uploads\/2018\/10\/ss_sm-226x300.jpg 226w, https:\/\/www.oulucomics.com\/wp-content\/uploads\/2018\/10\/ss_sm.jpg 451w\" sizes=\"auto, (max-width: 226px) 100vw, 226px\" \/>Vuonna 2019 j\u00e4rjestet\u00e4\u00e4n Oulun Sarjakuvafestivaalilla toista kertaa yhteisty\u00f6ss\u00e4 Kemin Sarjakuvakeskuksen ja Pohjoisen Kulttuurilehti Kaltion kanssa jo Kemin Sarjakuvap\u00e4ivilt\u00e4&nbsp;tuttu Sprinttistripin SM.<\/p>\n<p class=\"p1\"><strong>Sprinttistripin SM kilpailu P\u00e4\u00e4kirjastolla, Pakkala-salissa lauantaina 23.11. klo 12:00.<\/strong><\/p>\n<p>Kilpailu on j\u00e4rjestetty viimeksi vuonna 2018 ja lajin hallitseva Suomen mestari on&nbsp;<strong>Saara Holappa<\/strong>. Lis\u00e4tietoa vuoden 2018 kilpailusta <a href=\"http:\/\/kaltio.fi\/verkkoartikkeli\/strippia-sprinttina-valaistuminen\/\" target=\"_blank\" rel=\"noopener noreferrer\">Kaltion internet-sivuilla<\/a>.<\/p>\n<p>Mittel\u00f6ss\u00e4 osallistujilla on 45 minuuttia aikaa laatia&nbsp;sarjakuvastrippi annetusta aiheesta. Tuomaristo rakentuu t\u00e4n\u00e4 vuonna sarjakuvan moniottelijoista ja strippisarjakuvan taitureista.<\/p>\n<p>Voittajille on luvassa palkintoja, jotka tarjoaa&nbsp;<a href=\"http:\/\/kaltio.fi\/\" target=\"_blank\" rel=\"noopener noreferrer\">Pohjoinen&nbsp;Kulttuurilehti Kaltio<\/a>. <strong>Palkintojenjako Pakkala-salissa 23.11. klo 17:00<\/strong>.<\/p>\n<ul>\n<ol>\n<li>palkinto: 200 euroa<\/li>\n<li>palkinto: 100 euroa<\/li>\n<li>palkinto: Kaltion vuosikerta<\/li>\n<\/ol>\n<\/ul>\n","protected":false},"excerpt":{"rendered":"<p><img loading=\"lazy\" decoding=\"async\" class=\"size-medium wp-image-3722 alignright\" src=\"http:\/\/www.oulucomics.com\/wp-content\/uploads\/2018\/10\/ss_sm-226x300.jpg\" alt=\"ss_sm\" width=\"226\" height=\"300\" srcset=\"https:\/\/www.oulucomics.com\/wp-content\/uploads\/2018\/10\/ss_sm-226x300.jpg 226w, https:\/\/www.oulucomics.com\/wp-content\/uploads\/2018\/10\/ss_sm.jpg 451w\" sizes=\"auto, (max-width: 226px) 100vw, 226px\" \/>Vuonna 2019 j\u00e4rjestet\u00e4\u00e4n Oulun Sarjakuvafestivaalilla toista kertaa yhteisty\u00f6ss\u00e4 Kemin&#8230;<\/p>\n","protected":false},"author":1,"featured_media":0,"parent":3961,"menu_order":0,"comment_status":"closed","ping_status":"closed","template":"","meta":{"footnotes":""},"categories":[],"tags":[],"class_list":["post-3949","page","type-page","status-publish","hentry"],"_links":{"self":[{"href":"https:\/\/www.oulucomics.com\/fi\/wp-json\/wp\/v2\/pages\/3949","targetHints":{"allow":["GET"]}}],"collection":[{"href":"https:\/\/www.oulucomics.com\/fi\/wp-json\/wp\/v2\/pages"}],"about":[{"href":"https:\/\/www.oulucomics.com\/fi\/wp-json\/wp\/v2\/types\/page"}],"author":[{"embeddable":true,"href":"https:\/\/www.oulucomics.com\/fi\/wp-json\/wp\/v2\/users\/1"}],"replies":[{"embeddable":true,"href":"https:\/\/www.oulucomics.com\/fi\/wp-json\/wp\/v2\/comments?post=3949"}],"version-history":[{"count":8,"href":"https:\/\/www.oulucomics.com\/fi\/wp-json\/wp\/v2\/pages\/3949\/revisions"}],"predecessor-version":[{"id":4021,"href":"https:\/\/www.oulucomics.com\/fi\/wp-json\/wp\/v2\/pages\/3949\/revisions\/4021"}],"up":[{"embeddable":true,"href":"https:\/\/www.oulucomics.com\/fi\/wp-json\/wp\/v2\/pages\/3961"}],"wp:attachment":[{"href":"https:\/\/www.oulucomics.com\/fi\/wp-json\/wp\/v2\/media?parent=3949"}],"wp:term":[{"taxonomy":"category","embeddable":true,"href":"https:\/\/www.oulucomics.com\/fi\/wp-json\/wp\/v2\/categories?post=3949"},{"taxonomy":"post_tag","embeddable":true,"href":"https:\/\/www.oulucomics.com\/fi\/wp-json\/wp\/v2\/tags?post=3949"}],"curies":[{"name":"wp","href":"https:\/\/api.w.org\/{rel}","templated":true}]}}