{"id":3945,"date":"2019-08-07T14:48:34","date_gmt":"2019-08-07T11:48:34","guid":{"rendered":"http:\/\/www.oulucomics.com\/?page_id=3945"},"modified":"2019-11-22T12:39:49","modified_gmt":"2019-11-22T10:39:49","slug":"sarjakuvakeidas-2019","status":"publish","type":"page","link":"https:\/\/www.oulucomics.com\/fi\/fest\/program2019\/sarjakuvakeidas-2019\/","title":{"rendered":"Sarjakuvakeidas 2019"},"content":{"rendered":"<p class=\"p1\">Sarjakuvakeidas on avoinna lauantaina 23.11. klo 11-19 ja sunnuntaina 24.11. klo 12-15:30. Keidas antaa vierailijoille mahdollisuuden tehd\u00e4 sarjakuval\u00f6yt\u00f6j\u00e4. Keitaalla on myynniss\u00e4 sarjakuvakirjoja, tulosteita, oheistuotteita ja muuta materiaalia lukuisilla p\u00f6ydill\u00e4, joiden takaa l\u00f6ytyy itsen\u00e4isi\u00e4 tekij\u00f6it\u00e4, yrityksi\u00e4 ja yhteis\u00f6j\u00e4. Sarjakuvakeidas sijaitsee Oulun kaupunginkirjaston p\u00e4\u00e4kirjastolla.<\/p>\n<h3 class=\"p1\">N\u00e4ytteilleasettajat<\/h3>\n<ul>\n<li>Turun Sarjakuvakauppa<\/li>\n<li>Suuri kurpitsa<\/li>\n<li>Pokuto<\/li>\n<li>Illustory<\/li>\n<li>Apila Pepita<\/li>\n<li>Ilpo Koskela<\/li>\n<li>Musta ritari<\/li>\n<li>Kutikuti<\/li>\n<li>Esko Heikkil\u00e4<\/li>\n<li>Jiipu Uusitalo<\/li>\n<li>Matsucon<\/li>\n<li>Kummaconin sarjakuva- ja kirjakirppis<\/li>\n<li>Late ja kumppanit<\/li>\n<li>Nam-Ke<\/li>\n<li>Nikke Lindholm &amp; Onsku Franck<\/li>\n<li>JAKKE &amp; Mikael Hoo<\/li>\n<li>Turun Sarjakuvakerho<\/li>\n<li>Rika Ruusuvaara &amp; Salla Heikkinen<\/li>\n<li>V\u00e4in\u00f6 Siren<\/li>\n<li>H-P Lehkonen, Sara Valta, Paju Ruotsalainen &amp; Joxu<\/li>\n<li>Matti Reijonen<\/li>\n<li>Vilma Parviainen<\/li>\n<li>Limingan taidekoulu\n<p><strong>SIGNEERAUKSET MYYNTIP\u00d6YDISS\u00c4<\/strong><\/p>\n<p>LAUANTAINA<\/p>\n<table dir=\"ltr\" style=\"height: 349px;\" border=\"1\" width=\"634\" cellspacing=\"0\" cellpadding=\"0\">\n<colgroup>\n<col width=\"100\" \/>\n<col width=\"328\" \/><\/colgroup>\n<tbody>\n<tr>\n<td data-sheets-value=\"{&quot;1&quot;:2,&quot;2&quot;:&quot;11:35&quot;}\">11:35<\/td>\n<td data-sheets-value=\"{&quot;1&quot;:2,&quot;2&quot;:&quot;Vesa Vitikainen, Tuomas Koivurinne ja Markus Tuppurainen - Musta Ritari&quot;}\"><strong>Vesa Vitikainen, Tuomas Koivurinne ja Markus Tuppurainen<\/strong> &#8211; Musta Ritari<\/td>\n<\/tr>\n<tr>\n<td data-sheets-value=\"{&quot;1&quot;:2,&quot;2&quot;:&quot;12:10&quot;}\">12:10<\/td>\n<td data-sheets-value=\"{&quot;1&quot;:2,&quot;2&quot;:&quot;Lappi &amp; Lappi - Pokuto&quot;}\"><strong>Lappi &amp; Lappi<\/strong> &#8211; Pokuto<\/td>\n<\/tr>\n<tr>\n<td data-sheets-value=\"{&quot;1&quot;:2,&quot;2&quot;:&quot;12:45&quot;}\">12:45<\/td>\n<td data-sheets-value=\"{&quot;1&quot;:2,&quot;2&quot;:&quot;Sami Nyyss\u00f6l\u00e4 - Pokuto&quot;}\"><strong>Sami Nyyss\u00f6l\u00e4<\/strong> &#8211; Pokuto<\/td>\n<\/tr>\n<tr>\n<td data-sheets-value=\"{&quot;1&quot;:2,&quot;2&quot;:&quot;13:20&quot;}\">13:20<\/td>\n<td data-sheets-value=\"{&quot;1&quot;:2,&quot;2&quot;:&quot;Jaana Suorsa - Turun Sarjakuvakauppa&quot;}\"><strong>Jaana Suorsa<\/strong> &#8211; Turun Sarjakuvakauppa<\/td>\n<\/tr>\n<tr>\n<td data-sheets-value=\"{&quot;1&quot;:2,&quot;2&quot;:&quot;14:05&quot;}\">14:05<\/td>\n<td data-sheets-value=\"{&quot;1&quot;:2,&quot;2&quot;:&quot;Juliana Hyrri &amp; Pauli Kallio - Suuri kurpitsa&quot;}\"><strong>Juliana Hyrri &amp; Pauli Kallio<\/strong> &#8211; Suuri kurpitsa<\/td>\n<\/tr>\n<tr>\n<td data-sheets-value=\"{&quot;1&quot;:2,&quot;2&quot;:&quot;14:45&quot;}\">14:45<\/td>\n<td data-sheets-value=\"{&quot;1&quot;:2,&quot;2&quot;:&quot;Lauri Ahtinen, Harri Filppa &amp; Jarmo Stoor - Turun Sarjakuvakauppa&quot;}\"><strong>Lauri Ahtinen, Harri Filppa &amp; Jarmo Stoor<\/strong> &#8211; Turun Sarjakuvakauppa<\/td>\n<\/tr>\n<tr>\n<td data-sheets-value=\"{&quot;1&quot;:2,&quot;2&quot;:&quot;14:45&quot;}\">14:45<\/td>\n<td data-sheets-value=\"{&quot;1&quot;:2,&quot;2&quot;:&quot;Riika Ruottinen - Pokuto&quot;}\"><strong>Riika Ruottinen<\/strong> &#8211; Pokuto<\/td>\n<\/tr>\n<tr>\n<td data-sheets-value=\"{&quot;1&quot;:2,&quot;2&quot;:&quot;15:30&quot;}\">15:30<\/td>\n<td data-sheets-value=\"{&quot;1&quot;:2,&quot;2&quot;:&quot;Sira Moksi &amp; Keijo Ahlqvist - Turun Sarjakuvakauppa&quot;}\"><strong>Sira Moksi &amp; Keijo Ahlqvist<\/strong> &#8211; Turun Sarjakuvakauppa<\/td>\n<\/tr>\n<tr>\n<td data-sheets-value=\"{&quot;1&quot;:2,&quot;2&quot;:&quot;16:15&quot;}\">16:15<\/td>\n<td data-sheets-value=\"{&quot;1&quot;:2,&quot;2&quot;:&quot;Mikko V\u00e4yrynen - Turun Sarjakuvakauppa&quot;}\"><strong>Mikko V\u00e4yrynen<\/strong> &#8211; Turun Sarjakuvakauppa<\/td>\n<\/tr>\n<tr>\n<td data-sheets-value=\"{&quot;1&quot;:2,&quot;2&quot;:&quot;16:50&quot;}\">16:50<\/td>\n<td data-sheets-value=\"{&quot;1&quot;:2,&quot;2&quot;:&quot;Illustory (Illustory)&quot;}\"><strong>Illustory<\/strong> &#8211; Illustory<\/td>\n<\/tr>\n<tr>\n<td data-sheets-value=\"{&quot;1&quot;:2,&quot;2&quot;:&quot;17:15&quot;}\">17:15<\/td>\n<td data-sheets-value=\"{&quot;1&quot;:2,&quot;2&quot;:&quot;Ville Pirinen - Suuri Kurpitsa&quot;}\"><strong>Ville Pirinen<\/strong> &#8211; Suuri Kurpitsa<\/td>\n<\/tr>\n<tr>\n<td data-sheets-value=\"{&quot;1&quot;:2,&quot;2&quot;:&quot;17:45&quot;}\">17:45<\/td>\n<td data-sheets-value=\"{&quot;1&quot;:2,&quot;2&quot;:&quot;Veli-Matti Ural - Turun Sarjakuvakauppa&quot;}\"><strong>Veli-Matti Ural<\/strong> &#8211; Turun Sarjakuvakauppa<\/td>\n<\/tr>\n<tr>\n<td data-sheets-value=\"{&quot;1&quot;:2,&quot;2&quot;:&quot;18:15&quot;}\">18:15<\/td>\n<td data-sheets-value=\"{&quot;1&quot;:2,&quot;2&quot;:&quot;Aapo Kukko - Turun Sarjakuvakauppa&quot;}\"><strong>Aapo Kukko<\/strong> &#8211; Turun Sarjakuvakauppa<\/td>\n<\/tr>\n<\/tbody>\n<\/table>\n<p>SUNNUNTAINA<\/p>\n<table dir=\"ltr\" style=\"height: 217px;\" border=\"1\" width=\"605\" cellspacing=\"0\" cellpadding=\"0\">\n<colgroup>\n<col width=\"100\" \/>\n<col width=\"328\" \/><\/colgroup>\n<tbody>\n<tr>\n<td data-sheets-value=\"{&quot;1&quot;:2,&quot;2&quot;:&quot;12:35&quot;}\">12:35<\/td>\n<td data-sheets-value=\"{&quot;1&quot;:2,&quot;2&quot;:&quot;Late &amp; kumpp. (Late &amp; kumpp.)&quot;}\"><strong>Late &amp; kumpp.<\/strong> (Late &amp; kumpp.)<\/td>\n<\/tr>\n<tr>\n<td data-sheets-value=\"{&quot;1&quot;:2,&quot;2&quot;:&quot;13:05&quot;}\">13:05<\/td>\n<td data-sheets-value=\"{&quot;1&quot;:2,&quot;2&quot;:&quot;Vesa Vitikainen, Tuomas Koivurinne &amp; Markus Tuppurainen - Musta Ritari&quot;}\"><strong>Vesa Vitikainen, Tuomas Koivurinne &amp; Markus Tuppurainen<\/strong> &#8211; Musta Ritari<\/td>\n<\/tr>\n<tr>\n<td data-sheets-value=\"{&quot;1&quot;:2,&quot;2&quot;:&quot;13:30&quot;}\">13:30<\/td>\n<td data-sheets-value=\"{&quot;1&quot;:2,&quot;2&quot;:&quot;Timo Kokkila - Turun Sarjakuvakauppa&quot;}\"><strong>Timo Kokkila<\/strong> &#8211; Turun Sarjakuvakauppa<\/td>\n<\/tr>\n<tr>\n<td data-sheets-value=\"{&quot;1&quot;:2,&quot;2&quot;:&quot;13:35&quot;}\">13:35<\/td>\n<td data-sheets-value=\"{&quot;1&quot;:2,&quot;2&quot;:&quot;Jiipu Uusitalo&quot;}\"><strong>Jiipu Uusitalo<br \/> <\/strong><\/td>\n<\/tr>\n<tr>\n<td data-sheets-value=\"{&quot;1&quot;:2,&quot;2&quot;:&quot;14:05&quot;}\">14:05<\/td>\n<td data-sheets-value=\"{&quot;1&quot;:2,&quot;2&quot;:&quot;Mari Ahokoivu - Turun Sarjakuvakauppa&quot;}\"><strong>Mari Ahokoivu<\/strong> &#8211; Turun Sarjakuvakauppa<\/td>\n<\/tr>\n<tr>\n<td data-sheets-value=\"{&quot;1&quot;:2,&quot;2&quot;:&quot;14:05&quot;}\">14:05<\/td>\n<td data-sheets-value=\"{&quot;1&quot;:2,&quot;2&quot;:&quot;Juliana Hyrri - Suuri Kurpitsa&quot;}\"><strong>Juliana Hyrri<\/strong> &#8211; Suuri Kurpitsa<\/td>\n<\/tr>\n<tr>\n<td data-sheets-value=\"{&quot;1&quot;:2,&quot;2&quot;:&quot;14:45&quot;}\">14:45<\/td>\n<td data-sheets-value=\"{&quot;1&quot;:2,&quot;2&quot;:&quot;Pertti Jarla - Turun Sarjakuvakauppa&quot;}\"><strong>Pertti Jarla<\/strong> &#8211; Turun Sarjakuvakauppa<\/td>\n<\/tr>\n<tr>\n<td data-sheets-value=\"{&quot;1&quot;:2,&quot;2&quot;:&quot;15:10&quot;}\">15:10<\/td>\n<td data-sheets-value=\"{&quot;1&quot;:2,&quot;2&quot;:&quot;Harri Filppa &amp; Jarmo Stoor - Turun Sarjakuvakauppa&quot;}\"><strong>Harri Filppa &amp; Jarmo Stoor<\/strong> &#8211; Turun Sarjakuvakauppa<\/td>\n<\/tr>\n<\/tbody>\n<\/table>\n<\/li>\n<\/ul>\n<p><img loading=\"lazy\" decoding=\"async\" class=\"aligncenter size-full wp-image-4140\" src=\"http:\/\/www.oulucomics.com\/wp-content\/uploads\/2019\/08\/sarjakuvakeidas_19_web.jpg\" alt=\"sarjakuvakeidas_19_web\" width=\"600\" height=\"321\" srcset=\"https:\/\/www.oulucomics.com\/wp-content\/uploads\/2019\/08\/sarjakuvakeidas_19_web.jpg 600w, https:\/\/www.oulucomics.com\/wp-content\/uploads\/2019\/08\/sarjakuvakeidas_19_web-300x161.jpg 300w\" sizes=\"auto, (max-width: 600px) 100vw, 600px\" \/><\/p>\n\n\t\t\t\t<div class=\"event-list\">\n\t\t\t\t<ul class=\"event-list-view\">\n\t\t\t \t<li class=\"event festivaali fest-en fsat fsun lapset sarjasto signing\">\n\t\t\t\t\t<div class=\"event-date multi-date\"><div class=\"start-date\"><div class=\"event-weekday\">la<\/div><div class=\"event-day\">23<\/div><div class=\"event-month\">marras<\/div><div class=\"event-year\">2019<\/div><\/div><div class=\"end-date\"><div class=\"event-weekday\">su<\/div><div class=\"event-day\">24<\/div><div class=\"event-month\">marras<\/div><div class=\"event-year\">2019<\/div><\/div><\/div>\n\t\t\t\t\t<div class=\"event-info multi-day\"><div class=\"event-title\"><h3>Sarjakuvakeidas | Comics Oasis<\/h3><\/div><span class=\"event-location\">P\u00e4\u00e4kirjasto | Main library, Kaarlenv\u00e4yl\u00e4 3, 1. krs, Oulu<\/span><div class=\"event-details\"><p><img loading=\"lazy\" decoding=\"async\" class=\"alignright wp-image-4139\" src=\"http:\/\/www.oulucomics.com\/wp-content\/uploads\/2019\/10\/skk.jpg\" alt=\"skk\" width=\"237\" height=\"300\" srcset=\"https:\/\/www.oulucomics.com\/wp-content\/uploads\/2019\/10\/skk.jpg 300w, https:\/\/www.oulucomics.com\/wp-content\/uploads\/2019\/10\/skk-237x300.jpg 237w\" sizes=\"auto, (max-width: 237px) 100vw, 237px\" \/><img loading=\"lazy\" decoding=\"async\" class=\"alignleft size-full wp-image-2956\" src=\"http:\/\/www.oulucomics.com\/wp-content\/uploads\/2017\/10\/fi.jpg\" alt=\"fi\" width=\"23\" height=\"20\" \/><\/p>\n<p class=\"p1\">Sarjakuvakeidas on avoinna 23.11. klo 11-19 ja 24.11. klo 12-15:30. Keidas\u00a0antaa vierailijoille mahdollisuuden tehd\u00e4 sarjakuval\u00f6yt\u00f6j\u00e4. Keitaalla on myynniss\u00e4 sarjakuvakirjoja, tulosteita, oheistuotteita ja muuta materiaalia lukuisilla p\u00f6ydill\u00e4, joiden takaa l\u00f6ytyy itsen\u00e4isi\u00e4 tekij\u00f6it\u00e4, yrityksi\u00e4 ja yhteis\u00f6j\u00e4. Sarjakuvakeidas sijaitsee Oulun kaupunginkirjaston p\u00e4\u00e4kirjastolla.<\/p>\n<p><img loading=\"lazy\" decoding=\"async\" class=\"alignleft size-full wp-image-2955\" src=\"http:\/\/www.oulucomics.com\/wp-content\/uploads\/2017\/10\/en.jpg\" alt=\"en\" width=\"23\" height=\"20\" \/><\/p>\n<p><span style=\"color: #0000ff;\">On Saturday November 23th the Comics Oasis is open between 11am and 7pm and sunday Nov 24th between 12pm and 3:30pm. Oasis\u00a0gives a pleasant opportunity to find all kinds of comic books from mainstream to alternative. There are also prints and other goodies on sale by different authors, companies and communities. The Comics Oasis is located at the Oulu city library's main library.<\/span><\/p>\n<p><span style=\"color: #ff0000;\"><a style=\"color: #ff0000;\" href=\"http:\/\/www.oulucomics.com\/fest\/program2019\/sarjakuvakeidas-2019\/\"><strong>N\u00e4ytteilleasettajat \/\/\/ Exhibitors<\/strong><\/a><\/span><\/p>\n<\/div><\/div>\n\t\t\t\t<\/li><\/ul>\n\t\t\t\t<\/div>\n","protected":false},"excerpt":{"rendered":"<p class=\"p1\">Sarjakuvakeidas on avoinna lauantaina 23.11. klo 11-19 ja sunnuntaina 24.11. klo 12-15:30. Keidas antaa vierailijoille mahdollisuuden tehd\u00e4 sarjakuval\u00f6yt\u00f6j\u00e4. Keitaalla on myynniss\u00e4 sarjakuvakirjoja, tulosteita, oheistuotteita ja muuta m&#8230;<\/p>\n","protected":false},"author":1,"featured_media":0,"parent":3961,"menu_order":0,"comment_status":"closed","ping_status":"closed","template":"","meta":{"footnotes":""},"categories":[],"tags":[],"class_list":["post-3945","page","type-page","status-publish","hentry"],"_links":{"self":[{"href":"https:\/\/www.oulucomics.com\/fi\/wp-json\/wp\/v2\/pages\/3945","targetHints":{"allow":["GET"]}}],"collection":[{"href":"https:\/\/www.oulucomics.com\/fi\/wp-json\/wp\/v2\/pages"}],"about":[{"href":"https:\/\/www.oulucomics.com\/fi\/wp-json\/wp\/v2\/types\/page"}],"author":[{"embeddable":true,"href":"https:\/\/www.oulucomics.com\/fi\/wp-json\/wp\/v2\/users\/1"}],"replies":[{"embeddable":true,"href":"https:\/\/www.oulucomics.com\/fi\/wp-json\/wp\/v2\/comments?post=3945"}],"version-history":[{"count":20,"href":"https:\/\/www.oulucomics.com\/fi\/wp-json\/wp\/v2\/pages\/3945\/revisions"}],"predecessor-version":[{"id":4237,"href":"https:\/\/www.oulucomics.com\/fi\/wp-json\/wp\/v2\/pages\/3945\/revisions\/4237"}],"up":[{"embeddable":true,"href":"https:\/\/www.oulucomics.com\/fi\/wp-json\/wp\/v2\/pages\/3961"}],"wp:attachment":[{"href":"https:\/\/www.oulucomics.com\/fi\/wp-json\/wp\/v2\/media?parent=3945"}],"wp:term":[{"taxonomy":"category","embeddable":true,"href":"https:\/\/www.oulucomics.com\/fi\/wp-json\/wp\/v2\/categories?post=3945"},{"taxonomy":"post_tag","embeddable":true,"href":"https:\/\/www.oulucomics.com\/fi\/wp-json\/wp\/v2\/tags?post=3945"}],"curies":[{"name":"wp","href":"https:\/\/api.w.org\/{rel}","templated":true}]}}