{"id":3890,"date":"2019-06-20T17:01:54","date_gmt":"2019-06-20T14:01:54","guid":{"rendered":"http:\/\/www.oulucomics.com\/?page_id=3890"},"modified":"2021-02-04T14:04:52","modified_gmt":"2021-02-04T12:04:52","slug":"paja","status":"publish","type":"page","link":"https:\/\/www.oulucomics.com\/fi\/paja\/","title":{"rendered":"Virtuaalinen sarjakuvapaja"},"content":{"rendered":"<h2>Ideageneraattori<\/h2>\n<p><embed style=\"width: 300px; height: 100px;\" src=\"http:\/\/www.filppa.com\/random.php\" width=\"300\" height=\"100\"\/><\/p>\n<h2>Sarjakuvapaja &#8211; Sarjakuvan perusteet<\/h2>\n<p><iframe loading=\"lazy\" src=\"https:\/\/www.youtube.com\/embed\/S8CvboWY3kU\" width=\"560\" height=\"315\" frameborder=\"0\" allowfullscreen=\"allowfullscreen\"><\/iframe><\/p>\n<h2>Sarjakuvapaja &#8211; Ruudusta ruutuun<\/h2>\n<p><iframe loading=\"lazy\" src=\"https:\/\/www.youtube.com\/embed\/ANcecxR8lsk\" width=\"560\" height=\"315\" frameborder=\"0\" allowfullscreen=\"allowfullscreen\"><\/iframe><\/p>\n<h2>Ruutupohja<\/h2>\n<p>Alta l\u00f6ytyv\u00e4 ruutujako on ollut Oulun Sarjakuvakeskuksen kursseilla kovassa k\u00e4yt\u00f6ss\u00e4. Halutessasi saat ladata sen vapaasti omaan k\u00e4ytt\u00f6\u00f6si.<\/p>\n<p><a href=\"http:\/\/www.oulucomics.com\/wp-content\/uploads\/2019\/06\/ruutujako6-e1561037176639.jpg\"><img loading=\"lazy\" decoding=\"async\" class=\"alignleft wp-image-3891 size-medium\" src=\"http:\/\/www.oulucomics.com\/wp-content\/uploads\/2019\/06\/ruutujako6-e1561037176639-300x212.jpg\" alt=\"ruutujako6\" width=\"300\" height=\"212\" srcset=\"https:\/\/www.oulucomics.com\/wp-content\/uploads\/2019\/06\/ruutujako6-e1561037176639-300x212.jpg 300w, https:\/\/www.oulucomics.com\/wp-content\/uploads\/2019\/06\/ruutujako6-e1561037176639-768x543.jpg 768w, https:\/\/www.oulucomics.com\/wp-content\/uploads\/2019\/06\/ruutujako6-e1561037176639-1024x724.jpg 1024w, https:\/\/www.oulucomics.com\/wp-content\/uploads\/2019\/06\/ruutujako6-e1561037176639-1440x1018.jpg 1440w, https:\/\/www.oulucomics.com\/wp-content\/uploads\/2019\/06\/ruutujako6-e1561037176639-1050x743.jpg 1050w\" sizes=\"auto, (max-width: 300px) 100vw, 300px\" \/><\/a><\/p>\n<hr \/>\n<h2>Hy\u00f6dyllisi\u00e4 linkkej\u00e4<\/h2>\n<ul>\n<li><a href=\"https:\/\/www.lastenkulttuuri.fi\/wp-content\/uploads\/2016\/02\/piirtamisopas20s1.pdf\" target=\"_blank\" rel=\"noopener noreferrer\">Ilpo Koskelan pieni opas sarjakuvien piirt\u00e4miseen<\/a><\/li>\n<li><a href=\"https:\/\/sarjiskone.fi\/\" target=\"_blank\" rel=\"noopener noreferrer\">Sarjiskone (monipuolinen ja ilmainen ty\u00f6kalu)<\/a><\/li>\n<li><a href=\"http:\/\/mediametka.fi\/open-oppimispolku\/sarjakuvan-perusteet\/\" target=\"_blank\" rel=\"noopener noreferrer\">Metka &#8211; mediakasvatuskeskuksen sarjakuvan perusteet<\/a><\/li>\n<li><a href=\"http:\/\/sannijajoonas.fi\/\" target=\"_blank\" rel=\"noopener noreferrer\">Sanni ja Joonas (tietoa ja tekemist\u00e4)<\/a><\/li>\n<li><a href=\"http:\/\/filppa.com\/siili\/ajanvietetta\/\" target=\"_blank\" rel=\"noopener noreferrer\">Vastarannan Siilin ajanvietett\u00e4 (luettavaa, tekemist\u00e4 ja musiikkia)<\/a><\/li>\n<\/ul>\n","protected":false},"excerpt":{"rendered":"<h2>Ideageneraattori<\/h2>\n<p><embed style=\"width: 300px; height: 100px;\" src=\"http:\/\/www.filppa.com\/random.php\" width=\"300\" height=\"100\"><\/p>\n<h2>Sarjakuvapaja &#8211; Sarjakuvan perusteet<\/h2>\n<p><iframe src=\"https:\/\/www.youtube.com\/embed\/S8CvboWY3kU\" width=\"560\" h...\n<\/p>\n","protected":false},"author":1,"featured_media":0,"parent":0,"menu_order":0,"comment_status":"closed","ping_status":"closed","template":"","meta":{"footnotes":""},"categories":[],"tags":[],"class_list":["post-3890","page","type-page","status-publish","hentry"],"_links":{"self":[{"href":"https:\/\/www.oulucomics.com\/fi\/wp-json\/wp\/v2\/pages\/3890","targetHints":{"allow":["GET"]}}],"collection":[{"href":"https:\/\/www.oulucomics.com\/fi\/wp-json\/wp\/v2\/pages"}],"about":[{"href":"https:\/\/www.oulucomics.com\/fi\/wp-json\/wp\/v2\/types\/page"}],"author":[{"embeddable":true,"href":"https:\/\/www.oulucomics.com\/fi\/wp-json\/wp\/v2\/users\/1"}],"replies":[{"embeddable":true,"href":"https:\/\/www.oulucomics.com\/fi\/wp-json\/wp\/v2\/comments?post=3890"}],"version-history":[{"count":14,"href":"https:\/\/www.oulucomics.com\/fi\/wp-json\/wp\/v2\/pages\/3890\/revisions"}],"predecessor-version":[{"id":5772,"href":"https:\/\/www.oulucomics.com\/fi\/wp-json\/wp\/v2\/pages\/3890\/revisions\/5772"}],"wp:attachment":[{"href":"https:\/\/www.oulucomics.com\/fi\/wp-json\/wp\/v2\/media?parent=3890"}],"wp:term":[{"taxonomy":"category","embeddable":true,"href":"https:\/\/www.oulucomics.com\/fi\/wp-json\/wp\/v2\/categories?post=3890"},{"taxonomy":"post_tag","embeddable":true,"href":"https:\/\/www.oulucomics.com\/fi\/wp-json\/wp\/v2\/tags?post=3890"}],"curies":[{"name":"wp","href":"https:\/\/api.w.org\/{rel}","templated":true}]}}