{"id":37,"date":"2016-08-10T08:19:36","date_gmt":"2016-08-10T05:19:36","guid":{"rendered":"http:\/\/www.oulucomics.com\/?page_id=37"},"modified":"2017-01-26T14:15:08","modified_gmt":"2017-01-26T12:15:08","slug":"yhyta-tekija","status":"publish","type":"page","link":"https:\/\/www.oulucomics.com\/fi\/keskus\/yhyta-tekija\/","title":{"rendered":"Yhyt\u00e4 tekij\u00e4"},"content":{"rendered":"<p><strong>Tarvitseeko projektisi kuvittajaa? Puuttuuko piirt\u00e4j\u00e4?<br \/> Yhyt\u00e4 tekij\u00e4 Oulun Sarjakuvakeskuksen kautta!<\/strong><\/p>\n<p>Toimita tiedot projektistasi Sarjakuvakeskukselle. Siell\u00e4 ne kootaan Yhytyskansioon, josta taiteilijat voivat valita itse\u00e4\u00e4n kiinnostavan keikkatarjouksen ja ottaa sinuun yhteytt\u00e4 projektisi tiimoilta.<\/p>\n<p>Tuo yhytysilmoituksesi suoraan Sarjakuvakeskukselle tai l\u00e4het\u00e4 se s\u00e4hk\u00f6postitse. Ilmoita yhytyksess\u00e4 ainakin seuraavat tiedot:<\/p>\n<ul>\n<li>Projektin nimi ja j\u00e4rjest\u00e4j\u00e4<\/li>\n<li>Yhteyshenkil\u00f6 ja -tiedot<\/li>\n<li>Millaista kuvittajaa ja kuvitusta etsit<\/li>\n<li>Kenelle prokkis on tarkoitettu ja mink\u00e4lainen yleis\u00f6 kuvittajan ty\u00f6ll\u00e4 on<\/li>\n<li>Toivottu aikataulu<\/li>\n<li>Palkka, palkkio tai muut luontoisedut<\/li>\n<\/ul>\n<p>Kuvittajat ottavat itse yhteytt\u00e4 ilmoituksen j\u00e4tt\u00e4j\u00e4\u00e4n &#8211; Sarjakuvakeskus toimii siis tekij\u00f6iden ja tilaajien yhteen yhytt\u00e4j\u00e4n\u00e4, mutta ei p\u00e4\u00e4s\u00e4\u00e4nt\u00f6isesti v\u00e4lit\u00e4 keikkatarjouksia yksitt\u00e4isille tekij\u00f6ille.<\/p>\n<p><strong>Oulun Sarjakuvakeskus, Kulttuuritalo Valve<\/strong><br \/> <strong>Hallituskatu 7, 90100 Oulu<\/strong><\/p>\n<p><strong>keskus (\u00e4t) oulucomics.com<\/strong><\/p>\n","protected":false},"excerpt":{"rendered":"<p><strong>Tarvitseeko projektisi kuvittajaa? Puuttuuko piirt\u00e4j\u00e4?<br \/> Yhyt\u00e4 tekij\u00e4 Oulun Sarjakuvakeskuksen kautta!<\/strong><\/p>\n<p>Toimita tiedot projektistasi Sarjakuvakeskukselle. Siell\u00e4 ne kootaan Yhytyskansioon, josta taiteilijat voivat valita &#8230;<\/p>\n","protected":false},"author":1,"featured_media":0,"parent":4,"menu_order":21,"comment_status":"closed","ping_status":"closed","template":"","meta":{"footnotes":""},"categories":[],"tags":[],"class_list":["post-37","page","type-page","status-publish","hentry"],"_links":{"self":[{"href":"https:\/\/www.oulucomics.com\/fi\/wp-json\/wp\/v2\/pages\/37","targetHints":{"allow":["GET"]}}],"collection":[{"href":"https:\/\/www.oulucomics.com\/fi\/wp-json\/wp\/v2\/pages"}],"about":[{"href":"https:\/\/www.oulucomics.com\/fi\/wp-json\/wp\/v2\/types\/page"}],"author":[{"embeddable":true,"href":"https:\/\/www.oulucomics.com\/fi\/wp-json\/wp\/v2\/users\/1"}],"replies":[{"embeddable":true,"href":"https:\/\/www.oulucomics.com\/fi\/wp-json\/wp\/v2\/comments?post=37"}],"version-history":[{"count":4,"href":"https:\/\/www.oulucomics.com\/fi\/wp-json\/wp\/v2\/pages\/37\/revisions"}],"predecessor-version":[{"id":2027,"href":"https:\/\/www.oulucomics.com\/fi\/wp-json\/wp\/v2\/pages\/37\/revisions\/2027"}],"up":[{"embeddable":true,"href":"https:\/\/www.oulucomics.com\/fi\/wp-json\/wp\/v2\/pages\/4"}],"wp:attachment":[{"href":"https:\/\/www.oulucomics.com\/fi\/wp-json\/wp\/v2\/media?parent=37"}],"wp:term":[{"taxonomy":"category","embeddable":true,"href":"https:\/\/www.oulucomics.com\/fi\/wp-json\/wp\/v2\/categories?post=37"},{"taxonomy":"post_tag","embeddable":true,"href":"https:\/\/www.oulucomics.com\/fi\/wp-json\/wp\/v2\/tags?post=37"}],"curies":[{"name":"wp","href":"https:\/\/api.w.org\/{rel}","templated":true}]}}