{"id":3581,"date":"2018-09-20T12:55:50","date_gmt":"2018-09-20T09:55:50","guid":{"rendered":"http:\/\/www.oulucomics.com\/?page_id=3581"},"modified":"2018-11-03T13:55:59","modified_gmt":"2018-11-03T11:55:59","slug":"pitching","status":"publish","type":"page","link":"https:\/\/www.oulucomics.com\/fi\/fest\/program2018\/pitching\/","title":{"rendered":"Sarjakuvapitchaus 2018"},"content":{"rendered":"<p><strong>25.11.2018 klo 13:30-16:00<\/strong> <strong>Kulttuuritalo Valve, Elokuvateatteri Studio<\/strong> Sarjakuvapitchaus tuo taiteilijat ja kustantajat yhteen. Oulun Sarjakuvafestivaaleilla j\u00e4rjestet\u00e4\u00e4n t\u00e4n\u00e4 vuonna tilaisuus, jossa sarjakuvantekij\u00e4t p\u00e4\u00e4sev\u00e4t esittelem\u00e4\u00e4n ideoitaan ja projektejaan kansainv\u00e4liselle raadille, joka koostuu useiden kustantajien edustajista. <img loading=\"lazy\" decoding=\"async\" class=\"alignleft size-full wp-image-3619\" src=\"http:\/\/www.oulucomics.com\/wp-content\/uploads\/2018\/09\/karjala.jpg\" alt=\"karjala\" width=\"600\" height=\"300\" srcset=\"https:\/\/www.oulucomics.com\/wp-content\/uploads\/2018\/09\/karjala.jpg 600w, https:\/\/www.oulucomics.com\/wp-content\/uploads\/2018\/09\/karjala-300x150.jpg 300w\" sizes=\"auto, (max-width: 600px) 100vw, 600px\" \/><\/p>\n<p>Sarjakuvapitchaus on ainutlaatuinen mahdollisuus laajentaa omaa kontaktiverkostoa ja saada suoraa palautetta sarjakuvan kustannusalan ammattilaisilta.<\/p>\n<p>\u00a0<\/p>\n<p>Raadin j\u00e4senet ovat\u00a0<strong>Stine Spedsbjerg<\/strong> (Forlaget Fahrenheit), <strong>Petteri Oja<\/strong> (Zum Teufel),\u00a0<strong>Mattias Elftorp<\/strong> (CBK &amp;\u00a0Tusen serier), <strong>Vesa Kataisto<\/strong> (Arktinen Banaani)\u00a0ja <strong>Kirsi Kinnunen<\/strong> (Sarjakuva-agentti, Ranska)<\/p>\n<p>Jokaisella osallistujalla on tasan 5 minuuttia aikaa esitell\u00e4 oma projektinsa. Osallistujien tulee hy\u00f6dynt\u00e4\u00e4 esityksens\u00e4 aikana diaesityst\u00e4, jossa n\u00e4ytett\u00e4v\u00e4t diat vaihtuvat automaattisesti viidentoista sekunnin v\u00e4lein.<\/p>\n<blockquote>\n<p>15 numeroj\u00e4rjestykseen laitettua kuvaa (vaaka, 1600&#215;1200 pikseli\u00e4, jpg) on toimitettava Oulun Sarjakuvakeskukselle ennakkoon 11.11. menness\u00e4 osoitteeseen: sarjakuvaoulu(\u00e4t)gmail.com. Mainitse viestiss\u00e4 my\u00f6s nimesi, projektin nimi ja liit\u00e4 mukaan lyhyt kuvaus alkuper\u00e4iskielell\u00e4. Jos haet ulkomaalaista kustantaa niin liit\u00e4 mukaan my\u00f6s englanninkielinen k\u00e4\u00e4nn\u00f6s kuvauksesta. <em>Huomioithan, ett\u00e4 mukaan mahtuu vain\u00a0noin\u00a010 taiteilijaa, joten raati ja j\u00e4rjest\u00e4v\u00e4 taho valitsee keskuudessaan ne, jotka haluavat kuulla.<\/em><\/p>\n<\/blockquote>\n<p>Tule noukkimaan taskuusi ev\u00e4\u00e4t antoisiin kustannusneuvotteluihin tai vain seuraamaan siin\u00e4 onnistuvia! Tapahtuma j\u00e4rjestet\u00e4\u00e4n yhteisty\u00f6ss\u00e4 Tapahtumien hubin ja Oulun kaupungin kanssa. <img loading=\"lazy\" decoding=\"async\" class=\"alignleft wp-image-3621\" src=\"http:\/\/www.oulucomics.com\/wp-content\/uploads\/2018\/09\/logo_banner.png\" alt=\"logo_banner\" width=\"599\" height=\"57\" srcset=\"https:\/\/www.oulucomics.com\/wp-content\/uploads\/2018\/09\/logo_banner.png 2480w, https:\/\/www.oulucomics.com\/wp-content\/uploads\/2018\/09\/logo_banner-300x29.png 300w, https:\/\/www.oulucomics.com\/wp-content\/uploads\/2018\/09\/logo_banner-768x73.png 768w, https:\/\/www.oulucomics.com\/wp-content\/uploads\/2018\/09\/logo_banner-1024x97.png 1024w, https:\/\/www.oulucomics.com\/wp-content\/uploads\/2018\/09\/logo_banner-1440x137.png 1440w, https:\/\/www.oulucomics.com\/wp-content\/uploads\/2018\/09\/logo_banner-1050x100.png 1050w\" sizes=\"auto, (max-width: 599px) 100vw, 599px\" \/><\/p>\n","protected":false},"excerpt":{"rendered":"<p><strong>25.11.2018 klo 13:30-16:00<\/strong> <strong>Kulttuuritalo Valve, Elokuvateatteri Studio<\/strong> Sarjakuvapitchaus tuo taiteilijat ja kustantajat yhteen. Oulun Sarjakuvafestivaaleilla j\u00e4rjestet\u00e4\u00e4n t\u00e4n\u00e4 vuonna tilaisuus, jossa sarjakuvantek&#8230;<\/p>\n","protected":false},"author":1,"featured_media":0,"parent":3531,"menu_order":0,"comment_status":"closed","ping_status":"closed","template":"","meta":{"footnotes":""},"categories":[],"tags":[],"class_list":["post-3581","page","type-page","status-publish","hentry"],"_links":{"self":[{"href":"https:\/\/www.oulucomics.com\/fi\/wp-json\/wp\/v2\/pages\/3581","targetHints":{"allow":["GET"]}}],"collection":[{"href":"https:\/\/www.oulucomics.com\/fi\/wp-json\/wp\/v2\/pages"}],"about":[{"href":"https:\/\/www.oulucomics.com\/fi\/wp-json\/wp\/v2\/types\/page"}],"author":[{"embeddable":true,"href":"https:\/\/www.oulucomics.com\/fi\/wp-json\/wp\/v2\/users\/1"}],"replies":[{"embeddable":true,"href":"https:\/\/www.oulucomics.com\/fi\/wp-json\/wp\/v2\/comments?post=3581"}],"version-history":[{"count":46,"href":"https:\/\/www.oulucomics.com\/fi\/wp-json\/wp\/v2\/pages\/3581\/revisions"}],"predecessor-version":[{"id":3733,"href":"https:\/\/www.oulucomics.com\/fi\/wp-json\/wp\/v2\/pages\/3581\/revisions\/3733"}],"up":[{"embeddable":true,"href":"https:\/\/www.oulucomics.com\/fi\/wp-json\/wp\/v2\/pages\/3531"}],"wp:attachment":[{"href":"https:\/\/www.oulucomics.com\/fi\/wp-json\/wp\/v2\/media?parent=3581"}],"wp:term":[{"taxonomy":"category","embeddable":true,"href":"https:\/\/www.oulucomics.com\/fi\/wp-json\/wp\/v2\/categories?post=3581"},{"taxonomy":"post_tag","embeddable":true,"href":"https:\/\/www.oulucomics.com\/fi\/wp-json\/wp\/v2\/tags?post=3581"}],"curies":[{"name":"wp","href":"https:\/\/api.w.org\/{rel}","templated":true}]}}