{"id":3303,"date":"2018-06-28T14:02:54","date_gmt":"2018-06-28T11:02:54","guid":{"rendered":"http:\/\/www.oulucomics.com\/?page_id=3303"},"modified":"2020-07-23T16:19:46","modified_gmt":"2020-07-23T13:19:46","slug":"comics-competition-2018","status":"publish","type":"page","link":"https:\/\/www.oulucomics.com\/fi\/fest\/comics-competition-2018\/","title":{"rendered":"Sarjakuvakilpailu 2018"},"content":{"rendered":"<h3>Oulun pohjoismainen sarjakuvakilpailu<\/h3>\n<p><span style=\"font-weight: 400;\">Pohjoismainen sarjakuvakilpailu j\u00e4rjestettiin viidett\u00e4 kertaa Oulussa vuonna 2018. Oulun pohjoismaisen sarjakuvakilpailun 2018 teemana oli Valo. Kilpailu oli avoin kaikille pohjoismaalaisille ja baltialaisille sek\u00e4 n\u00e4iss\u00e4 maissa asuville sarjakuvapiirt\u00e4jille ja taiteilijoille. Kilpailun tuomaristossa toimi kansainv\u00e4linen sarjakuvan ammattilaisista koostuva raati:&nbsp;<strong>Cara Bean<\/strong>&nbsp;(USA),&nbsp;<strong>Lauri Ahtinen<\/strong>&nbsp;(Suomi) ja Oulun Sarjakuvakeskuksen edustajana&nbsp;<strong>Veli-Matti Ural<\/strong>&nbsp;(Suomi).&nbsp;Kilpailun palkinnot jaettiin Oulun Sarjakuvafestivaalin avajaisissa ja kilpailut\u00f6ist\u00e4 koostettiin valotaideteos, joka py\u00f6ri festivaaliviikonlopun ajan iltaisin Coronaria -rakennuksen sein\u00e4ll\u00e4 yhdess\u00e4 Lumo valotaidefestivaalin mainosten kanssa.<\/span><\/p>\n<ul>\n<li><span style=\"font-weight: 400;\">I Sija:<strong> Mirva Gr\u00f6nqvist<\/strong>: Se, jolla onni on&nbsp;<\/span><\/li>\n<li><span style=\"font-weight: 400;\">II Sija:<strong> Juliana Hyrri<\/strong>: Kipin\u00e4<\/span><\/li>\n<li><span style=\"font-weight: 400;\">III Sija:<strong> Laura Torvinen<\/strong>: Valo<\/span><\/li>\n<li><span style=\"font-weight: 400;\">Kunniamaininta:&nbsp;<strong>Suvi Tirronen<\/strong>: Valohoito \/ Honorary mention: Light Cure<\/span><\/li>\n<li><span style=\"font-weight: 400;\">Kunniamaininta:&nbsp;<strong>Apila Pepita<\/strong>: Kasurilan Peikko \/ Honorary mention: Kasurila Troll<\/span><\/li>\n<\/ul>\n<h3>OULUN POHJOISMAINEN SARJAKUVAKILPAILU 2018<\/h3>\n<h3>TEEMA: VALO<\/h3>\n<p>Oulun pohjoismaisessa sarjakuvakilpailussa etsit\u00e4\u00e4n uusia sarjakuvapohjaisia valotaideteoksia. Kilpailu on avoin kaikille pohjoismaisille ja baltialaisille sek\u00e4 n\u00e4iss\u00e4 maissa asuville piirt\u00e4jille ja k\u00e4sikirjoittajille. Voittajaty\u00f6t valitaan kansainv\u00e4lisen ammattilaisraadin toimesta. Voittajien valotaideteokset&nbsp;julkistetaan Oulun Sarjakuvafestivaalin yhteydess\u00e4 perjantaina 23.11.2018 klo 17:00.<\/p>\n<h3>Palkinnot<\/h3>\n<p>1. palkinto: 1000 euroa<br \/>\n2. palkinto: 500 euroa<br \/>\n3. palkinto: 250 euroa<br \/>\n+ mahdolliset kunniamaininnat<\/p>\n<h3>Osallistumiss\u00e4\u00e4nn\u00f6t<\/h3>\n<p>Sarjakuvien aihe on vapaa, ja ty\u00f6t voivat olla sek\u00e4 v\u00e4rillisi\u00e4 ett\u00e4 mustavalkoisia. Kilpailuun voi osallistua joko kahdeksalla&nbsp;kuvalla tai videolla. T\u00f6iden tulee olla ennen julkaisemattomia (huom! my\u00f6s internetiss\u00e4). Kilpailuun saa osallistua usealla ty\u00f6ll\u00e4.<\/p>\n<p>Sarjakuva tulee toteuttaa 16:9 -kuvasuhteella ja esimerkiksi 1920&#215;1080 pikselim\u00e4\u00e4rill\u00e4. Yksitt\u00e4isin\u00e4 kuvina (kahdeksan kappaletta) palautettavat ty\u00f6t tulee tallentaa jpg tai tiff-tiedostomuodoissa. Vaihtoehtoisesti voit osallistua kilpailuun videolla, joka sis\u00e4lt\u00e4\u00e4 sarjakuvakerronnan vapaasti sommiteltuna. My\u00f6s videoaineiston kuvasuhteen tulee olla 16:9&nbsp;ja&nbsp;suositeltuja tiedostomuotoja ovat esimerkiksi mp4 tai flv. T\u00f6iden tulee olla vaakasuuntaisia. Kilpailuty\u00f6 ei saa sis\u00e4lt\u00e4\u00e4 \u00e4\u00e4nt\u00e4.<\/p>\n<p>Toteutuskieli tulee olla jokin pohjoismaiden tai baltian alueen virallisista kielist\u00e4. Englantia voi k\u00e4ytt\u00e4\u00e4 vain mahdollisena tehokeinona. T\u00f6iden mukaan tulee kuitenkin liitt\u00e4\u00e4 englanninkieliset raakak\u00e4\u00e4nn\u00f6kset tuomaroinnin helpottamiseksi.<\/p>\n<p>Valmiit teokset&nbsp;ja niiden k\u00e4\u00e4nn\u00f6kset toimitetaan joko s\u00e4hk\u00f6postitse osoitteeseen kilpailu@sarjakuvafestivaalit.fi tai CD-R:lle\/muistitikulle kopioituna osoitteeseen:<\/p>\n<p>Oulun Sarjakuvakeskus<br \/>\nOulun pohjoismainen sarjakuvakilpailu<br \/>\nPL 42<br \/>\n90015 Oulun kaupunki<\/p>\n<p>Kilpailun deadline on 28.9.2018, 23:59 (Suomen aikavy\u00f6hyke UTC + 2) (viimeisen p\u00e4iv\u00e4n postileima riitt\u00e4\u00e4). Jos s\u00e4hk\u00f6postin l\u00e4hett\u00e4misess\u00e4 on ongelmia, ilmoittakaa siit\u00e4 ennen kilpailun deadlinea.<\/p>\n<p>Lis\u00e4tietoja osallistumisesta ja kilpailusta voi tiedustella tuottajalta osoitteesta: veli-matti (at) oulucomics.com<\/p>\n<p>Palkittaville tekij\u00f6ille ilmoitetaan viimeist\u00e4\u00e4n 12.10.2018. Palkittavat tekij\u00e4t sitoutuvat tekem\u00e4\u00e4n teoksiinsa muutoksia, mik\u00e4li tekninen toteutus sit\u00e4 vaatii.<\/p>\n<h3>Valoteoksen sijainti ja j\u00e4rjest\u00e4j\u00e4t<\/h3>\n<p>Palkituista t\u00f6ist\u00e4 koostetaan esitys, joka julkaistaan Oulun Sarjakuvafestivaaleilla ja osana <a href=\"https:\/\/www.ouka.fi\/lumo\">Lumo-valofestivaalin<\/a> ohjelmistoa. Valoteos sijoitetaan&nbsp;osoitteeseen Saaristonkatu 22, Oulu (Alla olevasta linkist\u00e4 p\u00e4\u00e4set tarkastamaan paikan Googlen kartasta). Valoteos toteutetaan yhteisty\u00f6ss\u00e4 <a href=\"https:\/\/www.coronaria.fi\/\">Coronarian<\/a> kanssa.<br \/>\n<iframe loading=\"lazy\" style=\"border: 0;\" src=\"https:\/\/www.google.com\/maps\/embed?pb=!4v1530186584056!6m8!1m7!1s8lCu0VNxEr0YPKUga_R_bw!2m2!1d65.00969733543062!2d25.47377465863151!3f187.40663730281258!4f7.334153779755482!5f0.4000000000000002\" allowfullscreen=\"allowfullscreen\" width=\"600\" height=\"450\" frameborder=\"0\"><\/iframe><\/p>\n<p><a href=\"https:\/\/goo.gl\/maps\/goQY2pQc3WQ2\" target=\"_blank\" rel=\"noopener noreferrer\">https:\/\/goo.gl\/maps\/goQY2pQc3WQ2<\/a><\/p>\n","protected":false},"excerpt":{"rendered":"<h3>Oulun pohjoismainen sarjakuvakilpailu<\/h3>\n<p><span style=\"font-weight: 400;\">Pohjoismainen sarjakuvakilpailu j\u00e4rjestettiin viidett\u00e4 kertaa Oulussa vuonna 2018. Oulun pohjoismaisen sarjakuvakilpailun 2018 teemana oli Valo. Kilpailu oli avoin kaikill&#8230;<\/p>\n","protected":false},"author":1,"featured_media":0,"parent":12,"menu_order":0,"comment_status":"closed","ping_status":"closed","template":"","meta":{"footnotes":""},"categories":[],"tags":[],"class_list":["post-3303","page","type-page","status-publish","hentry"],"_links":{"self":[{"href":"https:\/\/www.oulucomics.com\/fi\/wp-json\/wp\/v2\/pages\/3303","targetHints":{"allow":["GET"]}}],"collection":[{"href":"https:\/\/www.oulucomics.com\/fi\/wp-json\/wp\/v2\/pages"}],"about":[{"href":"https:\/\/www.oulucomics.com\/fi\/wp-json\/wp\/v2\/types\/page"}],"author":[{"embeddable":true,"href":"https:\/\/www.oulucomics.com\/fi\/wp-json\/wp\/v2\/users\/1"}],"replies":[{"embeddable":true,"href":"https:\/\/www.oulucomics.com\/fi\/wp-json\/wp\/v2\/comments?post=3303"}],"version-history":[{"count":30,"href":"https:\/\/www.oulucomics.com\/fi\/wp-json\/wp\/v2\/pages\/3303\/revisions"}],"predecessor-version":[{"id":4620,"href":"https:\/\/www.oulucomics.com\/fi\/wp-json\/wp\/v2\/pages\/3303\/revisions\/4620"}],"up":[{"embeddable":true,"href":"https:\/\/www.oulucomics.com\/fi\/wp-json\/wp\/v2\/pages\/12"}],"wp:attachment":[{"href":"https:\/\/www.oulucomics.com\/fi\/wp-json\/wp\/v2\/media?parent=3303"}],"wp:term":[{"taxonomy":"category","embeddable":true,"href":"https:\/\/www.oulucomics.com\/fi\/wp-json\/wp\/v2\/categories?post=3303"},{"taxonomy":"post_tag","embeddable":true,"href":"https:\/\/www.oulucomics.com\/fi\/wp-json\/wp\/v2\/tags?post=3303"}],"curies":[{"name":"wp","href":"https:\/\/api.w.org\/{rel}","templated":true}]}}