{"id":3272,"date":"2018-06-26T15:22:11","date_gmt":"2018-06-26T12:22:11","guid":{"rendered":"http:\/\/www.oulucomics.com\/?page_id=3272"},"modified":"2018-08-07T14:11:07","modified_gmt":"2018-08-07T11:11:07","slug":"linja8","status":"publish","type":"page","link":"https:\/\/www.oulucomics.com\/fi\/sarjasto\/sarjakuvametro\/linja8\/","title":{"rendered":"Sarjakuvametro - Linja: Huumorilla h\u00f6ystetty"},"content":{"rendered":"<ul>\n<li><a href=\"http:\/\/www.oulucomics.com\/sarjasto\/sarjakuvametro\/\">Sarjakuvametron p\u00e4\u00e4sivu<\/a><\/li>\n<li>Linja: <a href=\"http:\/\/www.oulucomics.com\/sarjasto\/sarjakuvametro\/linja1\/\">Asiaa kirjaviisaille<\/a><\/li>\n<li>Linja: <a href=\"http:\/\/www.oulucomics.com\/sarjasto\/sarjakuvametro\/sarjakuvametro-linja-luettavaa-nuoremmille\/\">Luettavaa nuoremmille<\/a><\/li>\n<li>Linja: <a href=\"http:\/\/www.oulucomics.com\/sarjasto\/sarjakuvametro\/linja3\/\">Matkalla seikkailuun<\/a><\/li>\n<li>Linja: <a href=\"http:\/\/www.oulucomics.com\/sarjasto\/sarjakuvametro\/linja4\/\">Suoraan Absurdistaniin<\/a><\/li>\n<li>Linja: <a href=\"http:\/\/www.oulucomics.com\/sarjasto\/sarjakuvametro\/linja5\/\">Aatteista uskomuksiin<\/a><\/li>\n<li>Linja: <a href=\"http:\/\/www.oulucomics.com\/sarjasto\/sarjakuvametro\/linja6\/\">Kannanottoja yhteiskunnasta<\/a><\/li>\n<li>Linja: <a href=\"http:\/\/www.oulucomics.com\/sarjasto\/sarjakuvametro\/linja7\/\">Tarinoita menneisyydest\u00e4<\/a><\/li>\n<li><strong>Linja: Huumorilla h\u00f6ystetty<\/strong><\/li>\n<li>Linja: <a href=\"http:\/\/www.oulucomics.com\/sarjasto\/sarjakuvametro\/linja9\/\">Linja l\u00e4nteen<\/a><\/li>\n<li>Linja: <a href=\"http:\/\/www.oulucomics.com\/sarjasto\/sarjakuvametro\/linja10\/\">El\u00e4m\u00e4 kerrallaan<\/a><\/li>\n<\/ul>\n<h2>Linjan Huumorilla h\u00f6ystetty asemat<\/h2>\n<ul>\n<li><strong>Playmore<\/strong><em> (Arktinen banaani, 2016)<\/em><br \/>\nJuhani Sokka<br \/>\n<a href=\"https:\/\/outi.finna.fi\/Record\/outi.1693732\" target=\"_blank\">OUTI<\/a>\u00a0| <a href=\"https:\/\/www.finna.fi\/Search\/Results?lookfor=playmore+sokka&amp;type=AllFields&amp;dfApplied=1&amp;limit=20\" target=\"_blank\">Finna<\/a><\/li>\n<li><strong>V\u00e4in\u00e4m\u00f6inen Hollywoodin lumoissa\u00a0<\/strong><em>(Arktinen banaani, 2014)<br \/>\n<\/em>Petri Hiltunen<br \/>\n<a href=\"https:\/\/outi.finna.fi\/Record\/outi.1402281\">OUTI<\/a>\u00a0|\u00a0<a href=\"https:\/\/www.finna.fi\/Search\/Results?lookfor=V%C3%A4in%C3%A4m%C3%B6inen+Hollywoodin+lumoissa&amp;type=Title&amp;dfApplied=1&amp;limit=20\" target=\"_blank\">Finna<br \/>\n<\/a><em><strong>&gt; vaihda linjalle: <a href=\"http:\/\/www.oulucomics.com\/sarjasto\/sarjakuvametro\/linja7\/\">Tarinoita menneisyydest\u00e4<\/a><\/strong><\/em><\/li>\n<li><strong>Keijo Teuras<\/strong> <em>(Arktinen banaani, 2016)<br \/>\n<\/em>Veli-Matti Ural<br \/>\n<a href=\"https:\/\/outi.finna.fi\/Record\/outi.1696822\" target=\"_blank\">OUTI<\/a>\u00a0| <a href=\"https:\/\/www.finna.fi\/Search\/Results?lookfor=keijo+teuras+ural&amp;type=AllFields&amp;dfApplied=1&amp;limit=20\" target=\"_blank\">Finna<\/a><\/li>\n<li><strong>Maalle muutajat: juurevaa el\u00e4m\u00e4\u00e4<\/strong> <em>(WSOY, 2008)<\/em><br \/>\nManu Larcenet &amp; Jean-Yves Ferri<br \/>\n<a href=\"https:\/\/outi.finna.fi\/Record\/outi.842258\" target=\"_blank\">OUTI<\/a>\u00a0| <a href=\"https:\/\/www.finna.fi\/Search\/Results?lookfor=Maallemuuttajat+%3A+Juurevaa+el%C3%A4m%C3%A4%C3%A4&amp;type=AllFields&amp;dfApplied=1&amp;limit=20\" target=\"_blank\">Finna<br \/>\n<\/a><em><strong>&gt; vaihda linjalle: <a href=\"http:\/\/www.oulucomics.com\/sarjasto\/sarjakuvametro\/linja9\/\">Linja l\u00e4nteen<\/a><\/strong><\/em><\/li>\n<li><strong>Ekoloogiset\u00a0<\/strong><em>(WSOY, 2011)<\/em><br \/>\nCyril Pedrosa<br \/>\n<a href=\"https:\/\/outi.finna.fi\/Record\/outi.1019040\" target=\"_blank\">OUTI<\/a>\u00a0|\u00a0<a href=\"https:\/\/www.finna.fi\/Search\/Results?lookfor=Ekoloogiset+Pedrosa&amp;type=AllFields&amp;dfApplied=1&amp;limit=20\" target=\"_blank\">Finna<br \/>\n<\/a><strong>&gt;<em><strong>\u00a0<\/strong>vaihda linjalle:<a href=\"http:\/\/www.oulucomics.com\/sarjasto\/sarjakuvametro\/linja5\/\"> Aatteista uskomuksiin<\/a><\/em><\/strong><\/li>\n<li><strong>Musta hevonen<\/strong> <em>(Kumiorava, 2011)<\/em><br \/>\nSamson<br \/>\n<a href=\"https:\/\/outi.finna.fi\/Record\/outi.1036289\" target=\"_blank\">OUTI<\/a> | <a href=\"https:\/\/www.finna.fi\/Search\/Results?limit=0&amp;dfApplied=1&amp;lookfor=musta+hevonen+samson&amp;type=AllFields&amp;filter%5B%5D=~format%3A%220%2FBook%2F%22\" target=\"_blank\">Finna<\/a><\/li>\n<li><strong>Jesse James (Lucky Luke)<\/strong>\u00a0<em>(Egmont, 2014)<\/em><br \/>\nMorris<br \/>\n<a href=\"https:\/\/outi.finna.fi\/Record\/outi.1410912\" target=\"_blank\">OUTI<\/a>\u00a0| <a href=\"https:\/\/www.finna.fi\/Search\/Results?sort=relevance&amp;bool0%5B%5D=AND&amp;lookfor0%5B%5D=Jesse+James&amp;type0%5B%5D=Title&amp;lookfor0%5B%5D=Morris&amp;type0%5B%5D=Author&amp;join=AND&amp;limit=20\" target=\"_blank\">Finna<br \/>\n<\/a><em><strong>&gt; vaihda linjalle: <a href=\"http:\/\/www.oulucomics.com\/sarjasto\/sarjakuvametro\/sarjakuvametro-linja-luettavaa-nuoremmille\/\">Luettavaa nuoremmille<\/a><\/strong><\/em><br \/>\n<em><strong>&gt; vaihda linjalle: <a href=\"http:\/\/www.oulucomics.com\/sarjasto\/sarjakuvametro\/linja7\/\">Tarinoita menneisyydest\u00e4<\/a><\/strong><\/em><\/li>\n<li><strong>Helmi\u00e4 sioille<\/strong> <em>(Sammakko)<\/em><br \/>\nStephan Pastis<br \/>\n<a href=\"https:\/\/outi.finna.fi\/Search\/Results?lookfor=Helmi%C3%A4+sioille+pastis&amp;type=AllFields&amp;limit=20\" target=\"_blank\">OUTI<\/a>\u00a0| <a href=\"https:\/\/www.finna.fi\/Search\/Results?lookfor=helmi%C3%A4+sioille+pastis&amp;type=AllFields&amp;dfApplied=1&amp;limit=20\" target=\"_blank\">Finna<\/a><\/li>\n<li><strong>Mummo<\/strong> <em>(Sammakko)<\/em><br \/>\nAnni Nyk\u00e4nen<br \/>\n<a href=\"https:\/\/outi.finna.fi\/Search\/Results?lookfor=mummo+nyk%C3%A4nen&amp;type=AllFields&amp;dfApplied=1&amp;limit=20\" target=\"_blank\">OUTI<\/a>\u00a0| <a href=\"https:\/\/www.finna.fi\/Search\/Results?lookfor=mummo+nyk%C3%A4nen&amp;type=AllFields&amp;limit=20\" target=\"_blank\">Finna<\/a><\/li>\n<li><strong>Juhlakirja (Jope)<\/strong> <em>(Zum Teufel, 2017)<\/em><br \/>\nJope Pitk\u00e4nen, Ville H\u00e4nninen, Kari Puikkonen &amp; Vesa Kataisto<br \/>\n<a href=\"https:\/\/outi.finna.fi\/Record\/outi.1881974\" target=\"_blank\">OUTI<\/a>\u00a0| <a href=\"https:\/\/www.finna.fi\/Search\/Results?lookfor=jope+juhlakirja+jorma+pitk%C3%A4nen&amp;type=AllFields&amp;dfApplied=1&amp;limit=20\" target=\"_blank\">Finna<\/a><\/li>\n<\/ul>\n<p><span style=\"text-decoration: underline;\"><a href=\"http:\/\/www.oulucomics.com\/sarjasto\/sarjakuvametro\/sarvakuvametro-arvonta\/\">Luettuasia linjan kirjat, muista osallistua arvontaan!<\/a><\/span><\/p>\n","protected":false},"excerpt":{"rendered":"<ul>\n<li><a href=\"http:\/\/www.oulucomics.com\/sarjasto\/sarjakuvametro\/\">Sarjakuvametron p\u00e4\u00e4sivu<\/a><\/li>\n<li>Linja: <a href=\"http:\/\/www.oulucomics.com\/sarjasto\/sarjakuvametro\/linja1\/\">Asiaa kirjaviisaille<\/a><\/li>\n<li>Linja: <a href=\"http:\/\/ww... \n<br \/>\n","protected":false},"author":1,"featured_media":0,"parent":3235,"menu_order":8,"comment_status":"closed","ping_status":"closed","template":"","meta":{"footnotes":""},"categories":[],"tags":[],"class_list":["post-3272","page","type-page","status-publish","hentry"],"_links":{"self":[{"href":"https:\/\/www.oulucomics.com\/fi\/wp-json\/wp\/v2\/pages\/3272","targetHints":{"allow":["GET"]}}],"collection":[{"href":"https:\/\/www.oulucomics.com\/fi\/wp-json\/wp\/v2\/pages"}],"about":[{"href":"https:\/\/www.oulucomics.com\/fi\/wp-json\/wp\/v2\/types\/page"}],"author":[{"embeddable":true,"href":"https:\/\/www.oulucomics.com\/fi\/wp-json\/wp\/v2\/users\/1"}],"replies":[{"embeddable":true,"href":"https:\/\/www.oulucomics.com\/fi\/wp-json\/wp\/v2\/comments?post=3272"}],"version-history":[{"count":10,"href":"https:\/\/www.oulucomics.com\/fi\/wp-json\/wp\/v2\/pages\/3272\/revisions"}],"predecessor-version":[{"id":3482,"href":"https:\/\/www.oulucomics.com\/fi\/wp-json\/wp\/v2\/pages\/3272\/revisions\/3482"}],"up":[{"embeddable":true,"href":"https:\/\/www.oulucomics.com\/fi\/wp-json\/wp\/v2\/pages\/3235"}],"wp:attachment":[{"href":"https:\/\/www.oulucomics.com\/fi\/wp-json\/wp\/v2\/media?parent=3272"}],"wp:term":[{"taxonomy":"category","embeddable":true,"href":"https:\/\/www.oulucomics.com\/fi\/wp-json\/wp\/v2\/categories?post=3272"},{"taxonomy":"post_tag","embeddable":true,"href":"https:\/\/www.oulucomics.com\/fi\/wp-json\/wp\/v2\/tags?post=3272"}],"curies":[{"name":"wp","href":"https:\/\/api.w.org\/{rel}","templated":true}]}}