{"id":3268,"date":"2018-06-26T15:20:22","date_gmt":"2018-06-26T12:20:22","guid":{"rendered":"http:\/\/www.oulucomics.com\/?page_id=3268"},"modified":"2018-08-07T14:41:00","modified_gmt":"2018-08-07T11:41:00","slug":"linja6","status":"publish","type":"page","link":"https:\/\/www.oulucomics.com\/fi\/sarjasto\/sarjakuvametro\/linja6\/","title":{"rendered":"Sarjakuvametro - Linja: Kannanottoja yhteiskunnasta"},"content":{"rendered":"<ul>\n<li><a href=\"http:\/\/www.oulucomics.com\/sarjasto\/sarjakuvametro\/\">Sarjakuvametron p\u00e4\u00e4sivu<\/a><\/li>\n<li>Linja: <a href=\"http:\/\/www.oulucomics.com\/sarjasto\/sarjakuvametro\/linja1\/\">Asiaa kirjaviisaille<\/a><\/li>\n<li>Linja: <a href=\"http:\/\/www.oulucomics.com\/sarjasto\/sarjakuvametro\/sarjakuvametro-linja-luettavaa-nuoremmille\/\">Luettavaa nuoremmille<\/a><\/li>\n<li>Linja: <a href=\"http:\/\/www.oulucomics.com\/sarjasto\/sarjakuvametro\/linja3\/\">Matkalla seikkailuun<\/a><\/li>\n<li>Linja: <a href=\"http:\/\/www.oulucomics.com\/sarjasto\/sarjakuvametro\/linja4\/\">Suoraan Absurdistaniin<\/a><\/li>\n<li>Linja: <a href=\"http:\/\/www.oulucomics.com\/sarjasto\/sarjakuvametro\/linja5\/\">Aatteista uskomuksiin<\/a><\/li>\n<li><strong>Linja: Kannanottoja yhteiskunnasta<\/strong><\/li>\n<li>Linja: <a href=\"http:\/\/www.oulucomics.com\/sarjasto\/sarjakuvametro\/linja7\/\">Tarinoita menneisyydest\u00e4<\/a><\/li>\n<li>Linja: <a href=\"http:\/\/www.oulucomics.com\/sarjasto\/sarjakuvametro\/linja8\/\">Huumorilla h\u00f6ystetty<\/a><\/li>\n<li>Linja: <a href=\"http:\/\/www.oulucomics.com\/sarjasto\/sarjakuvametro\/linja9\/\">Linja l\u00e4nteen<\/a><\/li>\n<li>Linja: <a href=\"http:\/\/www.oulucomics.com\/sarjasto\/sarjakuvametro\/linja10\/\">El\u00e4m\u00e4 kerrallaan<\/a><\/li>\n<\/ul>\n<h2>Linjan Kannanottoja yhteiskunnasta asemat<\/h2>\n<ul>\n<li><strong>Ulkoministeri\u00f6: diplomaattisia merkint\u00f6j\u00e4<\/strong> <em>(WSOY, 2012)<\/em><br \/>\nQuai d&#8217;Orsay<br \/>\n<a href=\"https:\/\/outi.finna.fi\/Search\/Results?lookfor=Ulkoministeri%C3%B6%3A+diplomaattisia+merkint%C3%B6j%C3%A4&amp;type=AllFields&amp;limit=20\" target=\"_blank\">OUTI<\/a>\u00a0| <a href=\"https:\/\/www.finna.fi\/Search\/Results?limit=0&amp;dfApplied=1&amp;lookfor=Ulkoministeri%C3%B6%3A+diplomaattisia+merkint%C3%B6j%C3%A4&amp;type=AllFields&amp;filter%5B%5D=~format%3A%220%2FBook%2F%22\" target=\"_blank\">Finna<\/a><\/li>\n<li><strong>Spleenish<\/strong><em> (Schildts &amp; S\u00f6derstr\u00f6ms, 2017)<\/em><br \/>\nUlla Donner<br \/>\n<a href=\"https:\/\/outi.finna.fi\/Record\/outi.1859228\" target=\"_blank\">OUTI<\/a>\u00a0| <a href=\"https:\/\/www.finna.fi\/Search\/Results?lookfor=spleenish&amp;type=AllFields&amp;dfApplied=1&amp;limit=20\" target=\"_blank\">Finna<br \/>\n<\/a><em><strong>&gt; vaihda linjalle: <a href=\"http:\/\/www.oulucomics.com\/sarjasto\/sarjakuvametro\/linja9\/\" target=\"_blank\">Linja l\u00e4nteen<\/a><\/strong><\/em><\/li>\n<li><strong>Armo<\/strong> <em>(Asema, 2017)<\/em><br \/>\nEmmi Valve<br \/>\n<a href=\"https:\/\/outi.finna.fi\/Record\/outi.1879954\" target=\"_blank\">OUTI<\/a>\u00a0| <a href=\"https:\/\/www.finna.fi\/Search\/Results?limit=0&amp;filter%5B%5D=~format%3A%221%2FJournal%2FArticle%2F%22&amp;filter%5B%5D=~format%3A%220%2FBook%2F%22&amp;dfApplied=1&amp;lookfor=armo+emmi+valve&amp;type=AllFields\" target=\"_blank\">Finna<br \/>\n<\/a><em><strong>&gt; vaihda linjalle:<a href=\"http:\/\/www.oulucomics.com\/sarjasto\/sarjakuvametro\/linja10\/\"> El\u00e4m\u00e4 kerrallaan<\/a><\/strong><\/em><\/li>\n<li><strong>Homep\u00e4iv\u00e4kirja<\/strong> <em>(Like, 2015)<br \/>\n<\/em>Lauri Ahtinen<br \/>\n<a href=\"https:\/\/outi.finna.fi\/Record\/outi.1425452\" target=\"_blank\">OUTI<\/a>\u00a0| <a href=\"https:\/\/www.finna.fi\/Search\/Results?limit=0&amp;dfApplied=1&amp;lookfor=homep%C3%A4iv%C3%A4kirja+ahtinen&amp;type=AllFields&amp;filter%5B%5D=~format%3A%220%2FBook%2F%22\" target=\"_blank\">Finna<\/a><br \/>\n<em><strong>&gt; vaihda linjalle:<a href=\"http:\/\/www.oulucomics.com\/sarjasto\/sarjakuvametro\/linja10\/\">\u00a0El\u00e4m\u00e4 kerrallaan<\/a><\/strong><\/em><\/li>\n<li><strong>Aya<\/strong> <em>(Arktinen banaani, 2010)<\/em><br \/>\nMarguerite Abouet &amp; Cl\u00e9ment Oubrerie<br \/>\n<a href=\"https:\/\/outi.finna.fi\/Record\/outi.927949\" target=\"_blank\">OUTI<\/a>\u00a0| <a href=\"https:\/\/www.finna.fi\/Search\/Results?lookfor=Aya+%3A+el%C3%A4m%C3%A4%C3%A4+Yop+Cityss%C3%A4&amp;type=AllFields&amp;dfApplied=1&amp;limit=20\" target=\"_blank\">Finna<\/a><\/li>\n<li><strong>Vihan ja inhon internet<\/strong> <em>(Kosmos, 2017)<br \/>\n<\/em>Emmi Nieminen &amp; Johanna Vehkoo<br \/>\n<a href=\"https:\/\/outi.finna.fi\/Record\/outi.1865369\" target=\"_blank\">OUTI<\/a>\u00a0| <a href=\"https:\/\/www.finna.fi\/Search\/Results?lookfor=vihan+ja+inhon+internet&amp;type=Title&amp;dfApplied=1&amp;limit=20\" target=\"_blank\">Finna<\/a><\/li>\n<li><strong>Suomen suurin kommunisti<\/strong>\u00a0<em>(Suuri kurpitsa, 2017)<\/em><br \/>\nJesse Matilainen<br \/>\n<a href=\"https:\/\/outi.finna.fi\/Record\/outi.1857023\" target=\"_blank\">OUTI<\/a>\u00a0|\u00a0<a href=\"https:\/\/www.finna.fi\/Search\/Results?lookfor=suomen+suurin+kommunisti+Matilainen&amp;type=AllFields&amp;dfApplied=1&amp;limit=20\" target=\"_blank\">Finna<br \/>\n<\/a><em><strong>&gt; vaihda linjalle: <a href=\"http:\/\/www.oulucomics.com\/sarjasto\/sarjakuvametro\/linja5\/\">Aatteista uskomuksiin<\/a><\/strong><\/em><\/li>\n<li><strong>Y\u00f6n ritari (<\/strong>RW Kustannus, 2015)<br \/>\nFrank Miller, Klaus\u00a0Janson&amp; Lynn Varley<br \/>\n<a href=\"https:\/\/outi.finna.fi\/Record\/outi.874733\">OUTI<\/a> | <a href=\"https:\/\/www.finna.fi\/Search\/Results?limit=0&amp;dfApplied=1&amp;lookfor=y%C3%B6n+ritari+miller&amp;type=AllFields&amp;filter%5B%5D=~format%3A%220%2FBook%2F%22\" target=\"_blank\">Finna<br \/>\n<\/a><em><strong>&gt; vaihde linjalle: <a href=\"http:\/\/www.oulucomics.com\/sarjasto\/sarjakuvametro\/linja4\/\">Suoraan Absurdistaniin<\/a><\/strong><\/em><\/li>\n<li><strong>Economix: Sarjakuva siit\u00e4, kuinka talous toimii (ja ei toimi)\u00a0<\/strong><em>(Kampus Kustannus, 2017)<br \/>\n<\/em>Michael Goodwin &amp; Dan E. Burr<strong><br \/>\n<\/strong><a href=\"https:\/\/outi.finna.fi\/Record\/outi.1909562\" target=\"_blank\">OUTI<\/a> | <a href=\"https:\/\/www.finna.fi\/Search\/Results?lookfor=Economix+%3A+sarjakuva+siit%C3%A4%2C+kuinka+talous+toimii+%28ja+ei+toimi%29&amp;type=AllFields&amp;limit=20\">Finna<\/a><strong><br \/>\n<em>&gt; Vaihda linjalle: <a href=\"http:\/\/www.oulucomics.com\/sarjasto\/sarjakuvametro\/linja1\/\">Asiaa kirjaviisaille<\/a><\/em><\/strong><\/li>\n<li><strong>24 p\u00e4iv\u00e4\u00e4<\/strong>\u00a0<em>(Pokuto, 2016)<\/em><br \/>\nSami Nyyss\u00f6l\u00e4 &amp; Anssi Vieruaho<br \/>\n<a href=\"https:\/\/outi.finna.fi\/Record\/outi.1825716\" target=\"_blank\">OUTI<\/a>\u00a0| <a href=\"https:\/\/www.finna.fi\/Search\/Results?lookfor=24+p%C3%A4iv%C3%A4%C3%A4+nyyss%C3%B6l%C3%A4+vieruaho&amp;type=AllFields&amp;dfApplied=1&amp;limit=20\" target=\"_blank\">Finna<\/a><\/li>\n<\/ul>\n<p><span style=\"text-decoration: underline;\"><a href=\"http:\/\/www.oulucomics.com\/sarjasto\/sarjakuvametro\/sarvakuvametro-arvonta\/\">Luettuasia linjan kirjat, muista osallistua arvontaan!<\/a><\/span><\/p>\n","protected":false},"excerpt":{"rendered":"<ul>\n<li><a href=\"http:\/\/www.oulucomics.com\/sarjasto\/sarjakuvametro\/\">Sarjakuvametron p\u00e4\u00e4sivu<\/a><\/li>\n<li>Linja: <a href=\"http:\/\/www.oulucomics.com\/sarjasto\/sarjakuvametro\/linja1\/\">Asiaa kirjaviisaille<\/a><\/li>\n<li>Linja: <a href=\"http:\/\/ww... \n<br \/>\n","protected":false},"author":1,"featured_media":0,"parent":3235,"menu_order":6,"comment_status":"closed","ping_status":"closed","template":"","meta":{"footnotes":""},"categories":[],"tags":[],"class_list":["post-3268","page","type-page","status-publish","hentry"],"_links":{"self":[{"href":"https:\/\/www.oulucomics.com\/fi\/wp-json\/wp\/v2\/pages\/3268","targetHints":{"allow":["GET"]}}],"collection":[{"href":"https:\/\/www.oulucomics.com\/fi\/wp-json\/wp\/v2\/pages"}],"about":[{"href":"https:\/\/www.oulucomics.com\/fi\/wp-json\/wp\/v2\/types\/page"}],"author":[{"embeddable":true,"href":"https:\/\/www.oulucomics.com\/fi\/wp-json\/wp\/v2\/users\/1"}],"replies":[{"embeddable":true,"href":"https:\/\/www.oulucomics.com\/fi\/wp-json\/wp\/v2\/comments?post=3268"}],"version-history":[{"count":11,"href":"https:\/\/www.oulucomics.com\/fi\/wp-json\/wp\/v2\/pages\/3268\/revisions"}],"predecessor-version":[{"id":3486,"href":"https:\/\/www.oulucomics.com\/fi\/wp-json\/wp\/v2\/pages\/3268\/revisions\/3486"}],"up":[{"embeddable":true,"href":"https:\/\/www.oulucomics.com\/fi\/wp-json\/wp\/v2\/pages\/3235"}],"wp:attachment":[{"href":"https:\/\/www.oulucomics.com\/fi\/wp-json\/wp\/v2\/media?parent=3268"}],"wp:term":[{"taxonomy":"category","embeddable":true,"href":"https:\/\/www.oulucomics.com\/fi\/wp-json\/wp\/v2\/categories?post=3268"},{"taxonomy":"post_tag","embeddable":true,"href":"https:\/\/www.oulucomics.com\/fi\/wp-json\/wp\/v2\/tags?post=3268"}],"curies":[{"name":"wp","href":"https:\/\/api.w.org\/{rel}","templated":true}]}}