{"id":3258,"date":"2018-06-26T15:13:47","date_gmt":"2018-06-26T12:13:47","guid":{"rendered":"http:\/\/www.oulucomics.com\/?page_id=3258"},"modified":"2018-08-07T13:22:44","modified_gmt":"2018-08-07T10:22:44","slug":"linja3","status":"publish","type":"page","link":"https:\/\/www.oulucomics.com\/fi\/sarjasto\/sarjakuvametro\/linja3\/","title":{"rendered":"Sarjakuvametro - Linja: Matkalla seikkailuun"},"content":{"rendered":"<ul>\n<li><a href=\"http:\/\/www.oulucomics.com\/sarjasto\/sarjakuvametro\/\">Sarjakuvametron p\u00e4\u00e4sivu<\/a><\/li>\n<li>Linja: <a href=\"http:\/\/www.oulucomics.com\/sarjasto\/sarjakuvametro\/linja1\/\">Asiaa kirjaviisaille<\/a><\/li>\n<li>Linja: <a href=\"http:\/\/www.oulucomics.com\/sarjasto\/sarjakuvametro\/sarjakuvametro-linja-luettavaa-nuoremmille\/\">Luettavaa nuoremmille<\/a><\/li>\n<li><strong>Linja: Matkalla seikkailuun<\/strong><\/li>\n<li>Linja: <a href=\"http:\/\/www.oulucomics.com\/sarjasto\/sarjakuvametro\/linja4\/\">Suoraan Absurdistaniin<\/a><\/li>\n<li>Linja: <a href=\"http:\/\/www.oulucomics.com\/sarjasto\/sarjakuvametro\/linja5\/\">Aatteista uskomuksiin<\/a><\/li>\n<li>Linja: <a href=\"http:\/\/www.oulucomics.com\/sarjasto\/sarjakuvametro\/linja6\/\">Kannanottoja yhteiskunnasta<\/a><\/li>\n<li>Linja: <a href=\"http:\/\/www.oulucomics.com\/sarjasto\/sarjakuvametro\/linja7\/\">Tarinoita menneisyydest\u00e4<\/a><\/li>\n<li>Linja: <a href=\"http:\/\/www.oulucomics.com\/sarjasto\/sarjakuvametro\/linja8\/\">Huumorilla h\u00f6ystetty<\/a><\/li>\n<li>Linja: <a href=\"http:\/\/www.oulucomics.com\/sarjasto\/sarjakuvametro\/linja9\/\">Linja l\u00e4nteen<\/a><\/li>\n<li>Linja: <a href=\"http:\/\/www.oulucomics.com\/sarjasto\/sarjakuvametro\/linja10\/\">El\u00e4m\u00e4 kerrallaan<\/a><\/li>\n<\/ul>\n<h2>Linjan Matkalla seikkailuun asemat<\/h2>\n<ul>\n<li><strong>T\u00e4n\u00e4\u00e4n on loppuel\u00e4m\u00e4si viimeinen p\u00e4iv\u00e4<\/strong><em> (Like, 2013)<\/em><br \/>\nUlli Lust<br \/>\n<a href=\"https:\/\/outi.finna.fi\/Record\/outi.1328493\" target=\"_blank\">OUTI<\/a>\u00a0| <a href=\"https:\/\/www.finna.fi\/Search\/Results?lookfor=t%C3%A4n%C3%A4%C3%A4n+on+loppuel%C3%A4m%C3%A4si+viimeinen+p%C3%A4iv%C3%A4+ulli+lust&amp;type=AllFields&amp;dfApplied=1&amp;limit=20\" target=\"_blank\">Finna<\/a><\/li>\n<li><strong>Lento 714<\/strong> <em>(Otava, 1980)<\/em><br \/>\nHerg\u00e9<br \/>\n<a href=\"https:\/\/outi.finna.fi\/Record\/outi.65946\" target=\"_blank\">OUTI<\/a>\u00a0| <a href=\"https:\/\/www.finna.fi\/Search\/Results?lookfor=Herge+Lento+714+sydneyyn&amp;type=AllFields&amp;dfApplied=1&amp;limit=20\" target=\"_blank\">Finna<\/a><br \/>\n<em><strong>&gt; vaihda linjalle: <a href=\"http:\/\/www.oulucomics.com\/sarjasto\/sarjakuvametro\/linja4\/\">Suoraan Absurdistaniin<\/a><\/strong><\/em><\/li>\n<li><strong>Asterix Britanniassa<\/strong> <em>(Egmont, 2013)<\/em><br \/>\nGosginny &amp; Uderzo<br \/>\n<a href=\"https:\/\/outi.finna.fi\/Record\/outi.1188336\" target=\"_blank\">OUTI<\/a>\u00a0| <a href=\"https:\/\/www.finna.fi\/Search\/Results?lookfor=asterix+britanniassa+1999&amp;type=AllFields&amp;dfApplied=1&amp;limit=20\" target=\"_blank\">Finna<\/a><a href=\"https:\/\/outi.finna.fi\/Record\/outi.1188336\" target=\"_blank\"><br \/>\n<\/a><strong><em>&gt; vaihda linjalle:<a href=\"http:\/\/www.oulucomics.com\/sarjasto\/sarjakuvametro\/linja3\/\">\u00a0<\/a><a href=\"http:\/\/www.oulucomics.com\/sarjasto\/sarjakuvametro\/sarjakuvametro-linja-luettavaa-nuoremmille\/\">Luettavaa nuoremmille<\/a><\/em><\/strong><\/li>\n<li><strong>Tour d&#8217; Europe: the yoga of road cycling\u00a0<\/strong><em>(Absolute Truth Press, 2010)<br \/>\n<\/em>Kaisa &amp; Christoffer Leka<br \/>\n<a href=\"https:\/\/outi.finna.fi\/Record\/outi.1001045\" target=\"_blank\">OUTI<\/a> | <a href=\"https:\/\/www.finna.fi\/Search\/Results?lookfor=Tour+d%27Europe+%3A+the+yoga+of+road+cycling&amp;type=AllFields&amp;dfApplied=1&amp;limit=20\" target=\"_blank\">Finna<\/a><br \/>\n<em><strong>&gt; vaihda linjalle: <a href=\"http:\/\/www.oulucomics.com\/sarjasto\/sarjakuvametro\/linja1\/\">Asiaa kirjaviisaille<\/a><\/strong><\/em><\/li>\n<li><strong>Ada viidakossa<\/strong><em> (Asema, 2018)<\/em><br \/>\nAltan Tullio F.<br \/>\n<a href=\"https:\/\/outi.finna.fi\/Record\/outi.1940328\" target=\"_blank\">OUTI<\/a>\u00a0| <a href=\"https:\/\/www.finna.fi\/Search\/Results?lookfor=ada+viidakossa+altan&amp;type=AllFields&amp;dfApplied=1&amp;limit=20\" target=\"_blank\">Finna<\/a><\/li>\n<li><strong>Aarre<\/strong><em> (WSOY, 2011)<\/em><strong><br \/>\n<\/strong>Lucie Durbiano<br \/>\n<a href=\"https:\/\/outi.finna.fi\/Record\/outi.1019033\" target=\"_blank\">OUTI<\/a> | <a href=\"https:\/\/www.finna.fi\/Search\/Results?lookfor=aarre+durbiano&amp;type=AllFields&amp;dfApplied=1&amp;limit=20\" target=\"_blank\">Finna<\/a><\/li>\n<li><strong>Herra Koipeliini : merkilliset matkat ja eriskummalliset kohtalot maalla ja merell\u00e4 h\u00e4nen j\u00e4lkeenj\u00e4tt\u00e4miens\u00e4 papereiden mukaan kerrotut ja 199 kauniilla kuvalla valaistut<\/strong> <em>(Minerva 2007)<\/em><br \/>\nRodolphe T\u00f6pffer<br \/>\n<a href=\"https:\/\/outi.finna.fi\/Record\/outi.777985\">OUTI<\/a> | <a href=\"https:\/\/www.finna.fi\/Search\/Results?lookfor=herra+koipeliini+t%C3%B6pffer&amp;type=AllFields&amp;dfApplied=1&amp;limit=20\" target=\"_blank\">Finna<\/a><\/li>\n<li><strong>Maus: Selviytyj\u00e4n tarina<\/strong><em> (WSOY, 2003)<\/em><br \/>\nArt Spiegelmann<br \/>\n<a href=\"https:\/\/outi.finna.fi\/Record\/outi.559411\">OUTI<\/a>\u00a0| <a href=\"https:\/\/www.finna.fi\/Search\/Results?lookfor=maus+selviytyj%C3%A4n+tarina&amp;type=AllFields&amp;dfApplied=1&amp;limit=20\" target=\"_blank\">Finna<br \/>\n<\/a><em><strong>&gt; vaihda linjalle: <a href=\"http:\/\/www.oulucomics.com\/sarjasto\/sarjakuvametro\/linja7\/\">Tarinoita menneisyydest\u00e4<br \/>\n<\/a>&gt; vaihda linjalle: <a href=\"http:\/\/www.oulucomics.com\/sarjasto\/sarjakuvametro\/linja10\/\" target=\"_blank\">El\u00e4m\u00e4 kerrallaan<\/a><\/strong><\/em><\/li>\n<li><strong>Kuolema meid\u00e4t erotti<\/strong><em> (Pokuto, 2017)<\/em><br \/>\nHarri Filppa<br \/>\n<a href=\"https:\/\/outi.finna.fi\/Record\/outi.1889179\" target=\"_blank\">OUTI<\/a> | <a href=\"https:\/\/www.finna.fi\/Search\/Results?lookfor=kuolema+meid%C3%A4t+erotti+Filppa&amp;type=AllFields&amp;dfApplied=1&amp;limit=20\" target=\"_blank\">Finna<br \/>\n<\/a><em><strong>&gt; vaihda linjalle: <a href=\"http:\/\/www.oulucomics.com\/sarjasto\/sarjakuvametro\/linja10\/\" target=\"_blank\">El\u00e4m\u00e4 kerrallaan<\/a><\/strong><\/em><\/li>\n<li><strong>Kajaani<em>\u00a0<\/em><\/strong><em>(Asema, 2008)<br \/>\n<\/em>Ville Ranta<br \/>\n<a href=\"https:\/\/outi.finna.fi\/Record\/outi.846258\" target=\"_blank\">OUTI<\/a> | <a href=\"https:\/\/www.finna.fi\/Search\/Results?sort=relevance&amp;bool0%5B%5D=AND&amp;lookfor0%5B%5D=kajaani&amp;type0%5B%5D=Title&amp;lookfor0%5B%5D=ville+ranta&amp;type0%5B%5D=Author&amp;join=AND&amp;limit=20\" target=\"_blank\">Finna<\/a><\/li>\n<\/ul>\n<p><span style=\"text-decoration: underline;\"><a href=\"http:\/\/www.oulucomics.com\/sarjasto\/sarjakuvametro\/sarvakuvametro-arvonta\/\">Luettuasia linjan kirjat, muista osallistua arvontaan!<\/a><\/span><\/p>\n","protected":false},"excerpt":{"rendered":"<ul>\n<li><a href=\"http:\/\/www.oulucomics.com\/sarjasto\/sarjakuvametro\/\">Sarjakuvametron p\u00e4\u00e4sivu<\/a><\/li>\n<li>Linja: <a href=\"http:\/\/www.oulucomics.com\/sarjasto\/sarjakuvametro\/linja1\/\">Asiaa kirjaviisaille<\/a><\/li>\n<li>Linja: <a href=\"http:\/\/ww... \n<br \/>\n","protected":false},"author":1,"featured_media":0,"parent":3235,"menu_order":3,"comment_status":"closed","ping_status":"closed","template":"","meta":[],"categories":[],"tags":[],"_links":{"self":[{"href":"https:\/\/www.oulucomics.com\/fi\/wp-json\/wp\/v2\/pages\/3258"}],"collection":[{"href":"https:\/\/www.oulucomics.com\/fi\/wp-json\/wp\/v2\/pages"}],"about":[{"href":"https:\/\/www.oulucomics.com\/fi\/wp-json\/wp\/v2\/types\/page"}],"author":[{"embeddable":true,"href":"https:\/\/www.oulucomics.com\/fi\/wp-json\/wp\/v2\/users\/1"}],"replies":[{"embeddable":true,"href":"https:\/\/www.oulucomics.com\/fi\/wp-json\/wp\/v2\/comments?post=3258"}],"version-history":[{"count":8,"href":"https:\/\/www.oulucomics.com\/fi\/wp-json\/wp\/v2\/pages\/3258\/revisions"}],"predecessor-version":[{"id":3477,"href":"https:\/\/www.oulucomics.com\/fi\/wp-json\/wp\/v2\/pages\/3258\/revisions\/3477"}],"up":[{"embeddable":true,"href":"https:\/\/www.oulucomics.com\/fi\/wp-json\/wp\/v2\/pages\/3235"}],"wp:attachment":[{"href":"https:\/\/www.oulucomics.com\/fi\/wp-json\/wp\/v2\/media?parent=3258"}],"wp:term":[{"taxonomy":"category","embeddable":true,"href":"https:\/\/www.oulucomics.com\/fi\/wp-json\/wp\/v2\/categories?post=3258"},{"taxonomy":"post_tag","embeddable":true,"href":"https:\/\/www.oulucomics.com\/fi\/wp-json\/wp\/v2\/tags?post=3258"}],"curies":[{"name":"wp","href":"https:\/\/api.w.org\/{rel}","templated":true}]}}