{"id":3249,"date":"2018-06-26T14:52:16","date_gmt":"2018-06-26T11:52:16","guid":{"rendered":"http:\/\/www.oulucomics.com\/?page_id=3249"},"modified":"2018-08-07T12:59:09","modified_gmt":"2018-08-07T09:59:09","slug":"linja1","status":"publish","type":"page","link":"https:\/\/www.oulucomics.com\/fi\/sarjasto\/sarjakuvametro\/linja1\/","title":{"rendered":"Sarjakuvametro - Linja: Asiaa kirja viisaille"},"content":{"rendered":"<ul>\n<li><a href=\"http:\/\/www.oulucomics.com\/sarjasto\/sarjakuvametro\/\">Sarjakuvametron p\u00e4\u00e4sivu<\/a><\/li>\n<li><strong>Linja: Asiaa kirjaviisaille<\/strong><\/li>\n<li>Linja: <a href=\"http:\/\/www.oulucomics.com\/sarjasto\/sarjakuvametro\/sarjakuvametro-linja-luettavaa-nuoremmille\/\">Luettavaa nuoremmille<\/a><\/li>\n<li>Linja: <a href=\"http:\/\/www.oulucomics.com\/sarjasto\/sarjakuvametro\/linja3\/\">Matkalla seikkailuun<\/a><\/li>\n<li>Linja: <a href=\"http:\/\/www.oulucomics.com\/sarjasto\/sarjakuvametro\/linja4\/\">Suoraan Absurdistaniin<\/a><\/li>\n<li>Linja: <a href=\"http:\/\/www.oulucomics.com\/sarjasto\/sarjakuvametro\/linja5\/\">Aatteista uskomuksiin<\/a><\/li>\n<li>Linja: <a href=\"http:\/\/www.oulucomics.com\/sarjasto\/sarjakuvametro\/linja6\/\">Kannanottoja yhteiskunnasta<\/a><\/li>\n<li>Linja: <a href=\"http:\/\/www.oulucomics.com\/sarjasto\/sarjakuvametro\/linja7\/\">Tarinoita menneisyydest\u00e4<\/a><\/li>\n<li>Linja: <a href=\"http:\/\/www.oulucomics.com\/sarjasto\/sarjakuvametro\/linja8\/\">Huumorilla h\u00f6ystetty<\/a><\/li>\n<li>Linja: <a href=\"http:\/\/www.oulucomics.com\/sarjasto\/sarjakuvametro\/linja9\/\">Linja l\u00e4nteen<\/a><\/li>\n<li>Linja: <a href=\"http:\/\/www.oulucomics.com\/sarjasto\/sarjakuvametro\/linja10\/\">El\u00e4m\u00e4 kerrallaan<\/a><\/li>\n<\/ul>\n<h2>Linjan Asiaa kirjaviisaille\u00a0asemat<\/h2>\n<ul>\n<li><strong>Uusi sarjakuvantekij\u00e4n oppikirja<\/strong><em> (Arktinen banaani, 2016)<\/em><br \/>\nIlpo Koskela<strong><br \/>\n<\/strong><a href=\"https:\/\/outi.finna.fi\/Record\/outi.1689720\" target=\"_blank\">OUTI<\/a> | <a href=\"https:\/\/www.finna.fi\/Search\/Results?limit=0&amp;join=AND&amp;bool0%5B%5D=AND&amp;lookfor0%5B%5D=Uusi+sarjakuvantekij%C3%A4n+oppikirja&amp;lookfor0%5B%5D=Ilpo+Koskela&amp;type0%5B%5D=Title&amp;type0%5B%5D=Author&amp;filter%5B%5D=~format%3A%220%2FBook%2F%22\" target=\"_blank\">Finna<\/a><\/li>\n<li><strong>Sarjakuvien tekeminen<\/strong><em> (Finn Lectura cop, 2013)<\/em><br \/>\nAura Ij\u00e4s<br \/>\n<a href=\"https:\/\/www.finna.fi\/Record\/outi.1341273\" target=\"_blank\">OUTI<\/a> | <a href=\"https:\/\/www.finna.fi\/Search\/Results?limit=0&amp;dfApplied=1&amp;lookfor=Aura+Ij%C3%A4s+Sarjakuvien+tekeminen&amp;type=AllFields&amp;filter%5B%5D=~format%3A%220%2FBook%2F%22\" target=\"_blank\">Finna<br \/>\n<em><span style=\"color: #0000ff;\"><strong><span style=\"color: #000000;\">&gt;\u00a0Vaihda linjalle:<\/span> <\/strong><\/span><\/em><\/a><em><a href=\"http:\/\/www.oulucomics.com\/sarjasto\/sarjakuvametro\/sarjakuvametro-linja-luettavaa-nuoremmille\/\">Luettavaa nuoremmille<\/a><\/em><\/li>\n<li><strong>Laikku 05 : kotimaiset kuvasarjat 1900-1945<\/strong> <em>(Asema kustannus, 2005)<br \/>\n<\/em>Useita tekij\u00f6it\u00e4<br \/>\n<a href=\"https:\/\/www.finna.fi\/Record\/outi.695577\" target=\"_blank\">OUTI <\/a>| <a href=\"https:\/\/www.finna.fi\/Search\/Results?lookfor=Laikku+05+%3A+kotimaiset+kuvasarjat+1900-1945&amp;type=AllFields&amp;dfApplied=1&amp;limit=20\" target=\"_blank\">Finna<\/a><\/li>\n<li><strong>Tour d&#8217; Europe: the yoga of road cycling\u00a0<\/strong><em>(Absolute Truth Press, 2010)<br \/>\n<\/em>Kaisa &amp; Christoffer Leka<br \/>\n<a href=\"https:\/\/outi.finna.fi\/Record\/outi.1001045\" target=\"_blank\">OUTI<\/a> | <a href=\"https:\/\/www.finna.fi\/Search\/Results?lookfor=Tour+d%27Europe+%3A+the+yoga+of+road+cycling&amp;type=AllFields&amp;dfApplied=1&amp;limit=20\" target=\"_blank\">Finna<\/a><br \/>\n<em><strong>&gt; Vaihda linjalle: <a href=\"http:\/\/www.oulucomics.com\/sarjasto\/sarjakuvametro\/linja3\/\">Matkalla seikkailuun<\/a><\/strong><\/em><\/li>\n<li><strong>Sarjakuvaromaani: ja kuinka se voi muuttaa el\u00e4m\u00e4si\u00a0<\/strong><em>(Otava, 2007)<br \/>\n<\/em>Paul Gravett<strong><br \/>\n<\/strong><a href=\"https:\/\/outi.finna.fi\/Record\/outi.807152\" target=\"_blank\">OUTI <\/a>|<a href=\"https:\/\/www.finna.fi\/Search\/Results?limit=0&amp;filter%5B%5D=~format%3A%220%2FBook%2F%22&amp;filter%5B%5D=~format%3A%220%2FJournal%2F%22&amp;dfApplied=1&amp;lookfor=Sarjakuvaromaani%3A+ja+kuinka+se+voi+muuttaa+el%C3%A4m%C3%A4si+gravett&amp;type=AllFields\" target=\"_blank\"> Finna<\/a><strong><br \/>\n<\/strong><\/li>\n<li><strong>Sarjatulta!<\/strong><em> (Jalava, 2014)<br \/>\n<\/em>Ville H\u00e4nninen,\u00a0 Jussi Karjalainen<br \/>\n<a href=\"https:\/\/outi.finna.fi\/Record\/outi.1402611\" target=\"_blank\">OUTI<\/a> | <a href=\"https:\/\/www.finna.fi\/Search\/Results?limit=0&amp;filter%5B0%5D=~format%3A%221%2FBook%2FBook%2F%22&amp;dfApplied=1&amp;lookfor=Ville+H%C3%A4nninen+Jussi+Karjalainen+Sarjatulta%21&amp;type=AllFields\" target=\"_blank\">Finna<br \/>\n<\/a><em><strong>&gt; Vaihda linjalle: <a href=\"http:\/\/www.oulucomics.com\/sarjasto\/sarjakuvametro\/linja7\/\">Tarinoita menneisyydest\u00e4<\/a><\/strong><\/em><\/li>\n<li><strong>Sarjakuva &#8211; N\u00e4kym\u00e4t\u00f6n taide<\/strong><em> (Good fellows, 1994)<br \/>\n<\/em>Scott McCloud<strong><br \/>\n<\/strong><a href=\"https:\/\/outi.finna.fi\/Record\/outi.287361\" target=\"_blank\">OUTI <\/a>| <a href=\"https:\/\/www.finna.fi\/Search\/Results?lookfor=Sarjakuva+N%C3%A4kym%C3%A4t%C3%B6n+taide+scott+mccloud&amp;type=AllFields&amp;dfApplied=1&amp;limit=20\" target=\"_blank\">Finna<\/a><strong><br \/>\n<\/strong><\/li>\n<li><strong>Ankkamestarin salaisuus <\/strong><em>(Zum Teufel, 2018)<br \/>\n<\/em>Timo Ronkainen<strong><br \/>\n<\/strong><a href=\"https:\/\/outi.finna.fi\/Record\/outi.1922369\" target=\"_blank\">OUTI <\/a>|<a href=\"https:\/\/www.finna.fi\/Search\/Results?limit=0&amp;dfApplied=1&amp;lookfor=Timo+Ronkainen+Ankkamestarin+salaisuus&amp;type=AllFields&amp;filter%5B%5D=~format%3A%220%2FBook%2F%22\" target=\"_blank\"> Finna<\/a><\/li>\n<li><strong>Economix: Sarjakuva siit\u00e4, kuinka talous toimii (ja ei toimi)\u00a0<\/strong><em>(Kampus Kustannus, 2017)<br \/>\n<\/em>Michael Goodwin &amp; Dan E. Burr<strong><br \/>\n<\/strong><a href=\"https:\/\/outi.finna.fi\/Record\/outi.1909562\" target=\"_blank\">OUTI<\/a> | <a href=\"https:\/\/www.finna.fi\/Search\/Results?lookfor=Economix+%3A+sarjakuva+siit%C3%A4%2C+kuinka+talous+toimii+%28ja+ei+toimi%29&amp;type=AllFields&amp;limit=20\">Finna<\/a><strong><br \/>\n<em>&gt; Vaihda linjalle: <a href=\"http:\/\/www.oulucomics.com\/sarjasto\/sarjakuvametro\/linja6\/\">Kannanottoja yhteiskunnasta<\/a><\/em><br \/>\n<\/strong><\/li>\n<li><strong>Sarjakuvasensuuri<\/strong> <em>(Jalava, 2017)<\/em><br \/>\nSeveri Nyg\u00e5rd<br \/>\n<a href=\"https:\/\/outi.finna.fi\/Record\/outi.1856936\" target=\"_blank\">OUTI<\/a> | <a href=\"https:\/\/www.finna.fi\/Search\/Results?lookfor=Sarjakuvasensuuri+severi+nyg%C3%A5rd+2017&amp;type=AllFields&amp;dfApplied=1&amp;limit=20\" target=\"_blank\">Finna<\/a><\/li>\n<\/ul>\n<p><span style=\"text-decoration: underline;\"><a href=\"http:\/\/www.oulucomics.com\/sarjasto\/sarjakuvametro\/sarvakuvametro-arvonta\/\">Luettuasia linjan kirjat, muista osallistua arvontaan!<\/a><\/span><\/p>\n","protected":false},"excerpt":{"rendered":"<ul>\n<li><a href=\"http:\/\/www.oulucomics.com\/sarjasto\/sarjakuvametro\/\">Sarjakuvametron p\u00e4\u00e4sivu<\/a><\/li>\n<li><strong>Linja: Asiaa kirjaviisaille<\/strong><\/li>\n<li>Linja: <a href=\"http:\/\/www.oulucomics.com\/sarjasto\/sarjakuvametro\/sarjakuvametro... \n<br \/>\n","protected":false},"author":1,"featured_media":0,"parent":3235,"menu_order":1,"comment_status":"closed","ping_status":"closed","template":"","meta":[],"categories":[],"tags":[],"_links":{"self":[{"href":"https:\/\/www.oulucomics.com\/fi\/wp-json\/wp\/v2\/pages\/3249"}],"collection":[{"href":"https:\/\/www.oulucomics.com\/fi\/wp-json\/wp\/v2\/pages"}],"about":[{"href":"https:\/\/www.oulucomics.com\/fi\/wp-json\/wp\/v2\/types\/page"}],"author":[{"embeddable":true,"href":"https:\/\/www.oulucomics.com\/fi\/wp-json\/wp\/v2\/users\/1"}],"replies":[{"embeddable":true,"href":"https:\/\/www.oulucomics.com\/fi\/wp-json\/wp\/v2\/comments?post=3249"}],"version-history":[{"count":27,"href":"https:\/\/www.oulucomics.com\/fi\/wp-json\/wp\/v2\/pages\/3249\/revisions"}],"predecessor-version":[{"id":3473,"href":"https:\/\/www.oulucomics.com\/fi\/wp-json\/wp\/v2\/pages\/3249\/revisions\/3473"}],"up":[{"embeddable":true,"href":"https:\/\/www.oulucomics.com\/fi\/wp-json\/wp\/v2\/pages\/3235"}],"wp:attachment":[{"href":"https:\/\/www.oulucomics.com\/fi\/wp-json\/wp\/v2\/media?parent=3249"}],"wp:term":[{"taxonomy":"category","embeddable":true,"href":"https:\/\/www.oulucomics.com\/fi\/wp-json\/wp\/v2\/categories?post=3249"},{"taxonomy":"post_tag","embeddable":true,"href":"https:\/\/www.oulucomics.com\/fi\/wp-json\/wp\/v2\/tags?post=3249"}],"curies":[{"name":"wp","href":"https:\/\/api.w.org\/{rel}","templated":true}]}}