{"id":3140,"date":"2018-01-30T10:04:39","date_gmt":"2018-01-30T08:04:39","guid":{"rendered":"http:\/\/www.oulucomics.com\/?page_id=3140"},"modified":"2020-07-31T17:44:43","modified_gmt":"2020-07-31T14:44:43","slug":"2017-2","status":"publish","type":"page","link":"https:\/\/www.oulucomics.com\/fi\/fest\/past\/2017-2\/","title":{"rendered":"2017"},"content":{"rendered":"<h3>Oulun Sarjakuvafestivaali 1.-3.12.2017<\/h3>\n<p>&nbsp;<\/p>\n<p>Vuoden 2017 Oulun Sarjakuvafestivaali oli entist\u00e4kin monipuolisempi. Tapahtuman p\u00e4\u00e4paikkoina toimivat Oulun Taidemuseo, Oulun kaupunginkirjaston p\u00e4\u00e4kirjasto ja Sarjasto. Lis\u00e4ksi oheistapahtumia j\u00e4rjestettiin muun muassa Oulun Sarjakuvakeskuksella.<\/p>\n<h3>Oulun Taidemuseo: Comics Effects -n\u00e4yttelykokonaisuus 2.12.2017-8.1.2018<\/h3>\n<p><span style=\"font-weight: 400;\">Oulun Taidemuseo t\u00e4yttyi joulukuussa 2017 sarjakuva-, kuvitus- ja k\u00e4sitetaiteesta. Oulun Sarjakuvakeskus tuotti Oulun Taidemuseolle n\u00e4yttelykokonaisuuden, jossa tuotiin esille uusia avauksia yhteisty\u00f6ss\u00e4 Limingan taidekoulun sarjakuvaresidenssiohjelman sek\u00e4 Oulun Taiteilijaseura -63 ry:n kanssa.<\/span><\/p>\n<p><span style=\"font-weight: 400;\">Sarjakuva- ja kuvitustaide ovat p\u00e4ivitt\u00e4in jokaisen suomalaisen el\u00e4m\u00e4ss\u00e4. Sanomalehtien sarjakuvastripit, yhteiskuntaa kommentoivat pilapiirrokset ja kuvitetut mainokset saavat meid\u00e4t hymyilem\u00e4\u00e4n, v\u00e4lill\u00e4 \u00e4rsyyntym\u00e4\u00e4n mutta ennen kaikkea her\u00e4tt\u00e4v\u00e4t kysymyksi\u00e4. Sarjakuva on toiminut monen taiteilijan uran alkusys\u00e4yksen\u00e4 kouluvihkojen reunoille piirrettyin\u00e4 kuvina, jotka ovat my\u00f6hemmin muotoutuneet teoksiksi. Comics Effects -n\u00e4yttelykokonaisuus toi esille sarjakuvan vaikuttavuutta ja sen vaikutusta taiteilijoihin ja ennenkaikkea esitteli sarjakuvan yhten\u00e4 taiteen muotona.<\/span><\/p>\n<p><strong>Esill\u00e4 olivat muun muassa seuraavat n\u00e4yttelyt:<\/strong><\/p>\n<ul>\n<li><strong>JP Ahosen<\/strong> sarjakuvan\u00e4yttely<\/li>\n<li><strong>Kaisa Lekan<\/strong> sarjakuvan\u00e4yttely<\/li>\n<li><strong>Harri Filppa<\/strong>&nbsp;&#8211;&nbsp;Kuolema meid\u00e4t erotti sarjakuvan\u00e4yttely<\/li>\n<li><strong>Max Anderssonin<\/strong>&nbsp;sarjakuvan\u00e4yttely<\/li>\n<li>Sivu sarjakuvaa jokaisesta Suomen historian vuodesta 101:n sarjakuvatekij\u00e4n toteuttamana<\/li>\n<li>Oulun Sarjakuvakeskuksen residenssitaiteilijan n\u00e4yttely 2.12.-10.12.2017<\/li>\n<li>Oulun Taiteilijaseura -63 ry:n tuottama <strong>Hannele Pussisen<\/strong> ja <strong>Heidi St\u00e5lnacke<\/strong> BUB -n\u00e4yttely 13.12.2017-8.1.2018<\/li>\n<\/ul>\n<p>Oulun Sarjakuvakeskus toteutti Comics Effects&nbsp;n\u00e4yttelykokonaisuuden yhteisty\u00f6ss\u00e4 Museo- ja tiedekeskus Luupin, Sarjakuvantekij\u00e4t ry:n, Sarjakuvamuseo ry:n, Oulun Taiteilijaseura -63 ry:n ja Huutomerkki ry:n kanssa.<\/p>\n<h3>Mestarikurssit<\/h3>\n<p>Oulun Sarjakuvafestivaalien aikana lanseerattiin sarjakuvan mestarikurssit. Vuonna 2017 mestarikursseja pitiv\u00e4t <strong>JP Ahonen<\/strong>, <strong>Kaisa ja Cristoffer Leka<\/strong> sek\u00e4 residenssitaiteilija <strong>Amr Talaat<\/strong>. Lis\u00e4infoa kursseista <a href=\"http:\/\/www.oulucomics.com\/fest\/program-2017\/masterclass\/\">t\u00e4\u00e4ll\u00e4<\/a>.<\/p>\n<h3>Oulun Sarjakuvakeskus<\/h3>\n<p>Keskuksella oli festivaalien aikaan tarjolla useita sarjakuvan\u00e4yttelyit\u00e4, ja Turun Sarjakuvakaupan laaja valikoima oli my\u00f6s saatavilla koko festivaaliviikon ajan. Keskukselta l\u00f6ytyiv\u00e4t my\u00f6s festivaalien toimistot ja sunnuntaina tavattiin perinteisesti tulevan vuoden festivaaliesittelyn merkeiss\u00e4 3.12.2017 klo 17:00.<\/p>\n<h3>Sarjakuvakeidas<\/h3>\n<p>Sarjakuvakeidas oli avoinna 2.12.&nbsp;klo 11-18:30 ja antoi vierailijoille mahdollisuuden l\u00f6yt\u00e4\u00e4 sarjakuvia ja jopa vaihtoehtoisia sarjakuvia.&nbsp;Keitaalla oli myynniss\u00e4 muun muassa sarjakuvakirjoja, tulosteita ja muuta materiaalia, joita esittelem\u00e4ss\u00e4 oli itsen\u00e4isi\u00e4 tekij\u00f6it\u00e4, yrityksi\u00e4 ja&nbsp;yhteis\u00f6j\u00e4. Sarjakuvakeidas sijaitsi Oulun kaupunginkirjaston p\u00e4\u00e4kirjastolla.<\/p>\n<p><a href=\"http:\/\/www.oulucomics.com\/fest\/program-2017\/comics-oasis\/\">Lue lis\u00e4\u00e4 Sarjakuvakeitaasta&#8230;<\/a><\/p>\n<p><iframe loading=\"lazy\" src=\"https:\/\/www.youtube.com\/embed\/bJsplYTp1r8\" allowfullscreen=\"allowfullscreen\" width=\"560\" height=\"315\" frameborder=\"0\"><\/iframe><\/p>\n<p>&nbsp;<\/p>\n","protected":false},"excerpt":{"rendered":"<h3>Oulun Sarjakuvafestivaali 1.-3.12.2017<\/h3>\n<p>&nbsp;<\/p>\n<p>Vuoden 2017 Oulun Sarjakuvafestivaali oli entist\u00e4kin monipuolisempi. Tapahtuman p\u00e4\u00e4paikkoina toimivat Oulun Taidemuseo, Oulun kaupunginkirjaston p\u00e4\u00e4kirjasto ja Sarjasto. Lis\u00e4ksi oheistapahtumia &#8230;<\/p>\n","protected":false},"author":1,"featured_media":0,"parent":78,"menu_order":0,"comment_status":"closed","ping_status":"closed","template":"","meta":{"footnotes":""},"categories":[],"tags":[],"class_list":["post-3140","page","type-page","status-publish","hentry"],"_links":{"self":[{"href":"https:\/\/www.oulucomics.com\/fi\/wp-json\/wp\/v2\/pages\/3140","targetHints":{"allow":["GET"]}}],"collection":[{"href":"https:\/\/www.oulucomics.com\/fi\/wp-json\/wp\/v2\/pages"}],"about":[{"href":"https:\/\/www.oulucomics.com\/fi\/wp-json\/wp\/v2\/types\/page"}],"author":[{"embeddable":true,"href":"https:\/\/www.oulucomics.com\/fi\/wp-json\/wp\/v2\/users\/1"}],"replies":[{"embeddable":true,"href":"https:\/\/www.oulucomics.com\/fi\/wp-json\/wp\/v2\/comments?post=3140"}],"version-history":[{"count":6,"href":"https:\/\/www.oulucomics.com\/fi\/wp-json\/wp\/v2\/pages\/3140\/revisions"}],"predecessor-version":[{"id":4714,"href":"https:\/\/www.oulucomics.com\/fi\/wp-json\/wp\/v2\/pages\/3140\/revisions\/4714"}],"up":[{"embeddable":true,"href":"https:\/\/www.oulucomics.com\/fi\/wp-json\/wp\/v2\/pages\/78"}],"wp:attachment":[{"href":"https:\/\/www.oulucomics.com\/fi\/wp-json\/wp\/v2\/media?parent=3140"}],"wp:term":[{"taxonomy":"category","embeddable":true,"href":"https:\/\/www.oulucomics.com\/fi\/wp-json\/wp\/v2\/categories?post=3140"},{"taxonomy":"post_tag","embeddable":true,"href":"https:\/\/www.oulucomics.com\/fi\/wp-json\/wp\/v2\/tags?post=3140"}],"curies":[{"name":"wp","href":"https:\/\/api.w.org\/{rel}","templated":true}]}}