{"id":31,"date":"2016-08-10T08:18:04","date_gmt":"2016-08-10T05:18:04","guid":{"rendered":"http:\/\/www.oulucomics.com\/?page_id=31"},"modified":"2025-05-09T11:47:20","modified_gmt":"2025-05-09T08:47:20","slug":"seura","status":"publish","type":"page","link":"https:\/\/www.oulucomics.com\/fi\/keskus\/seura\/","title":{"rendered":"Oulun Sarjakuvaseura"},"content":{"rendered":"<p style=\"color: #444444;\"><span style=\"color: #333333;\">Oulun Sarjakuvaseura ry on vuonna 1980 perustettu yhdistys, jonka tarkoituksena on toiminnallaan pit\u00e4\u00e4 virke\u00e4n\u00e4 oululaista sarjakuvakulttuuria. Oulun sarjakuvaseura on sarjakuvan harrastajien, piirt\u00e4jien ja tutkijoiden yhdistys, joka toiminnallaan pyrkii edist\u00e4m\u00e4\u00e4n sarjakuvan tuntemusta ja kriittist\u00e4 lukemista sek\u00e4 parantamaan Pohjois-suomalaisen sarjakuvan asemaa.&nbsp;<\/span><\/p>\n<p style=\"color: #444444;\"><img loading=\"lazy\" decoding=\"async\" class=\"alignnone size-full wp-image-2506\" src=\"http:\/\/www.oulucomics.com\/wp-content\/uploads\/2016\/08\/oulunsarjakuvaseura_logo.png\" alt=\"oulunsarjakuvaseura_logo\" width=\"200\" height=\"107\"\/><br style=\"color: #333333;\"\/>Oulun Sarjakuvaseua ry:n perustoimintaa rahoittavat <a href=\"https:\/\/www.ouka.fi\/\" target=\"_blank\" rel=\"noopener noreferrer\">Oulun kaupunki<\/a> ja <a href=\"https:\/\/www.taike.fi\/\" target=\"_blank\" rel=\"noopener noreferrer\">Taiteen edist\u00e4miskeskus<\/a>.<\/p>\n<p style=\"color: #444444;\">Tervetuloa mukaan toimintaan!<\/p>\n<h2 style=\"color: #000000;\">Facebook<\/h2>\n<p style=\"color: #444444;\"><span style=\"color: #ff0000;\"><a style=\"color: #ff0000;\" title=\"Oulun sarjakuvakeskuksen sivu facebookissa\" href=\"https:\/\/www.facebook.com\/oulunsarjakuvakeskus\" target=\"_blank\" rel=\"noopener noreferrer\">Oulun sarjakuvakeskuksen sivu facebookissa<\/a><\/span><br style=\"color: #333333;\"\/><span style=\"color: #ff0000;\"><a style=\"font-weight: bold; color: #ff0000;\" href=\"https:\/\/www.facebook.com\/oulunsarjakuvafestivaalit\" target=\"_blank\" rel=\"noopener noreferrer\">Oulun sarjakuvafestivaalin&nbsp;sivu facebookissa<\/a>&nbsp;<\/span><\/p>\n<h2 style=\"color: #000000;\">Instagram<\/h2>\n<p style=\"color: #000000;\"><a href=\"https:\/\/www.instagram.com\/oulucomics\/\"><strong><span style=\"color: #ff0000;\">Oulun sarjakuvakeskuksen sivut instagramissa<\/span><\/strong><\/a><\/p>\n<h2 style=\"color: #000000;\">Liity j\u00e4seneksi<\/h2>\n<blockquote><p><em>Yhdistyksen j\u00e4senet p\u00e4\u00e4ttiv\u00e4t, ett\u00e4 vuoden 2022 j\u00e4senmaksuista suurin osa k\u00e4ytet\u00e4\u00e4n <a href=\"https:\/\/www.oulucomics.com\/fi\/keskus\/seura\/stipendi\/\" target=\"_blank\" rel=\"noopener noreferrer\">sarjakuvan julkaisemiseen tarkoitettuihin stipendeihin<\/a>!<\/em><\/p><\/blockquote>\n<p><span style=\"color: #333333;\">Oulun sarjakuvaseura ry:n j\u00e4senmaksu&nbsp;<\/span><strong>vuodelle 2025 on 15 euroa<\/strong><span style=\"color: #333333;\">. <strong>Kannatusj\u00e4senien j\u00e4senmaksu on 100 euroa.<\/strong> (Vuoden 2025 j\u00e4senmaksun p\u00e4\u00e4tt\u00e4\u00e4 yhdistyksen kokous kev\u00e4\u00e4n 2025 aikana). J\u00e4seneksi voit liitty\u00e4 maksalla j\u00e4senmaksun k\u00e4teismaksuna Oulun Sarjakuvakeskuksella tai maksamalla j\u00e4senmaksun yhdistyksen tilille:<\/span><\/p>\n<ul>\n<li>Oulun sarjakuvaseura ry<\/li>\n<li>FI67 5744 7720 0583 17<\/li>\n<li>OKOYFIHH<\/li>\n<li>Viesti: Liittyj\u00e4n nimi<\/li>\n<\/ul>\n<p><span style=\"color: #333333;\">Liittyess\u00e4si j\u00e4seneksi k\u00e4y t\u00e4ytt\u00e4m\u00e4ss\u00e4 tietosi osoitteessa: <a href=\"https:\/\/www.oulucomics.com\/fi\/keskus\/seura\/jasentietolomake\/\">https:\/\/www.oulucomics.com\/fi\/keskus\/seura\/jasentietolomake\/<\/a>. Muistathan my\u00f6s pit\u00e4\u00e4 yhteystietosi ajantasalla! <em>Jos haluat vain tukea toimintaa niin tietojen ilmoittaminen ei ole pakollista.<\/em><\/span><\/p>\n<p>Voit noutaa j\u00e4senkorttisi Oulun Sarjakuvakeskukselta kuittia vastaan, <a href=\"https:\/\/www.oulucomics.com\/fi\/keskus\/info\/\">aukioloaikoinamme<\/a>. Mik\u00e4li et nouda j\u00e4senkorttiasi niin postitamme sen sinulle kolmen viikon kuluessa suorituksen saapumisesta.<\/p>\n<h1 style=\"color: #000000;\">Oulun sarjakuvaseuran toimijat<\/h1>\n<h2 style=\"color: #000000;\">Oulun sarjakuvaseura ry<\/h2>\n<p style=\"color: #444444;\"><span style=\"color: #333333;\"><strong>Hallitus 2025:<\/strong><\/span><span style=\"color: #333333;\"><br \/>\nM. A. Moilanen (pj)<br \/>\nTessa Astre (vpj)<br \/>\n<\/span><span style=\"color: #333333;\">Soile Hirvasniemi<br \/>\nJaana Potkonen<\/span><\/p>\n<p style=\"color: #444444;\"><a title=\"Yhteystiedot\" href=\"http:\/\/www.oulucomics.com\/more\/info\/\" target=\"_blank\" rel=\"noopener noreferrer\">Henkil\u00f6kunnan tiedot l\u00f6yd\u00e4t Keskuksen yhteystiedot osiosta<\/a>.<\/p>\n<h2 style=\"color: #000000;\">Seuran puheenjohtajat kautta aikojen<\/h2>\n<p style=\"color: #444444;\"><span style=\"color: #333333;\">1980-2006 Pentti Nuortimo (virallisesti)<\/span><br style=\"color: #333333;\"\/><span style=\"color: #333333;\">1984-2006 Ilpo Koskela (k\u00e4yt\u00e4nn\u00f6ss\u00e4)<\/span><br style=\"color: #333333;\"\/><span style=\"color: #333333;\">2007 Mari Ahokoivu<\/span><br style=\"color: #333333;\"\/><span style=\"color: #333333;\">2008-2014 Harri Filppa<br \/>\n<\/span>2014 Anssi Vieruaho<br \/>\n2015-2016 Paavo Heinonen<br \/>\n2017-2018 Jyrki Korpua<br \/>\n2019-2022 Mikko Rautiainen<br \/>\n2023- M. A. Moilanen<\/p>\n<h2 style=\"color: #000000;\">Vastaavat p\u00e4\u00e4toimittajat<\/h2>\n<p style=\"color: #444444;\"><b style=\"color: #333333;\">Kupla<\/b><br style=\"color: #333333;\"\/><span style=\"color: #333333;\">1980-1984<\/span><br style=\"color: #333333;\"\/><span style=\"color: #333333;\">n:o 1-4: Ilpo Koskela<\/span><br style=\"color: #333333;\"\/><span style=\"color: #333333;\">n:o 5-10b: Arto Hukkanen<\/span><br style=\"color: #333333;\"\/><span style=\"color: #333333;\">n:o 11-12: Arto Hukkanen ja Ilpo Koskela<\/span><br style=\"color: #333333;\"\/><b style=\"color: #333333;\">Ruuvari<\/b><br style=\"color: #333333;\"\/><span style=\"color: #333333;\">1988-1995<\/span><br style=\"color: #333333;\"\/><span style=\"color: #333333;\">n:o 1-3: Olli Kangas<\/span><br style=\"color: #333333;\"\/><span style=\"color: #333333;\">n:o 4-6 ja 8: Erkki Hiltunen<\/span><br style=\"color: #333333;\"\/><span style=\"color: #333333;\">n:o 7 ja 9-11: Osmo Luostarinen<\/span><br style=\"color: #333333;\"\/><span style=\"color: #333333;\">n:o 12: Aslak Aikio<\/span><br style=\"color: #333333;\"\/><b style=\"color: #333333;\">Ruutukaava<\/b><br style=\"color: #333333;\"\/><span style=\"color: #333333;\">2011-2016<\/span><br style=\"color: #333333;\"\/><span style=\"color: #333333;\">n:o 1-27: Harri Filppa<\/span><\/p>\n","protected":false},"excerpt":{"rendered":"<p style=\"color: #444444;\"><span style=\"color: #333333;\">Oulun Sarjakuvaseura ry on vuonna 1980 perustettu yhdistys, jonka tarkoituksena on toiminnallaan pit\u00e4\u00e4 virke\u00e4n\u00e4 oululaista sarjakuvakulttuuria. Oulun sarjakuvaseura on sarjakuvan harrastajien, &#8230;<\/p>\n","protected":false},"author":1,"featured_media":0,"parent":4,"menu_order":15,"comment_status":"closed","ping_status":"closed","template":"","meta":{"footnotes":""},"categories":[],"tags":[],"class_list":["post-31","page","type-page","status-publish","hentry"],"_links":{"self":[{"href":"https:\/\/www.oulucomics.com\/fi\/wp-json\/wp\/v2\/pages\/31","targetHints":{"allow":["GET"]}}],"collection":[{"href":"https:\/\/www.oulucomics.com\/fi\/wp-json\/wp\/v2\/pages"}],"about":[{"href":"https:\/\/www.oulucomics.com\/fi\/wp-json\/wp\/v2\/types\/page"}],"author":[{"embeddable":true,"href":"https:\/\/www.oulucomics.com\/fi\/wp-json\/wp\/v2\/users\/1"}],"replies":[{"embeddable":true,"href":"https:\/\/www.oulucomics.com\/fi\/wp-json\/wp\/v2\/comments?post=31"}],"version-history":[{"count":49,"href":"https:\/\/www.oulucomics.com\/fi\/wp-json\/wp\/v2\/pages\/31\/revisions"}],"predecessor-version":[{"id":7779,"href":"https:\/\/www.oulucomics.com\/fi\/wp-json\/wp\/v2\/pages\/31\/revisions\/7779"}],"up":[{"embeddable":true,"href":"https:\/\/www.oulucomics.com\/fi\/wp-json\/wp\/v2\/pages\/4"}],"wp:attachment":[{"href":"https:\/\/www.oulucomics.com\/fi\/wp-json\/wp\/v2\/media?parent=31"}],"wp:term":[{"taxonomy":"category","embeddable":true,"href":"https:\/\/www.oulucomics.com\/fi\/wp-json\/wp\/v2\/categories?post=31"},{"taxonomy":"post_tag","embeddable":true,"href":"https:\/\/www.oulucomics.com\/fi\/wp-json\/wp\/v2\/tags?post=31"}],"curies":[{"name":"wp","href":"https:\/\/api.w.org\/{rel}","templated":true}]}}