{"id":2424,"date":"2017-05-02T10:40:06","date_gmt":"2017-05-02T07:40:06","guid":{"rendered":"http:\/\/www.oulucomics.com\/?page_id=2424"},"modified":"2024-10-01T09:34:04","modified_gmt":"2024-10-01T06:34:04","slug":"limingan-taidekoulu","status":"publish","type":"page","link":"https:\/\/www.oulucomics.com\/fi\/keskus\/opetus\/limingan-taidekoulu\/","title":{"rendered":"Limingan taidekoulu"},"content":{"rendered":"<p class=\"p1\">Limingan Taidekoulu on Suomen vanhin kansanopisto, jonka opetusty\u00f6 on vuodesta 1966 keskittynyt taidekoulun vapaan sivistysty\u00f6n opintoihin. Taidekoulussa voi opiskella sarjakuvaa, kuvataiteita ja 2017 elokuussa alkaen teatterilinjalla.<\/p>\n<blockquote><p>Tiesitk\u00f6, ett\u00e4 Limingan Taidekoululla voit ottaa osaa kursseihin my\u00f6s viikon tai kaksi kerrallaan? P\u00e4iv\u00e4maksulla saat ty\u00f6tilat ja fasiliteetit k\u00e4ytt\u00f6\u00f6si koko vuorokaudeksi. Voit k\u00e4yt\u00e4\u00e4 ohjelmistojamme, laitteitamme ja ty\u00f6tilojamme my\u00f6s opetusajan ulkopuolella. T\u00e4ss\u00e4 t\u00e4rppej\u00e4 ensi kev\u00e4\u00e4seen, ilmoittaudu mukaan!<\/p><\/blockquote>\n<p><a href=\"http:\/\/www.limingantaidekoulu.fi\/\" target=\"_blank\" rel=\"noopener noreferrer\">http:\/\/www.limingantaidekoulu.fi\/<\/a><\/p>\n<p class=\"p1\">Sarjakuvalinjalla valmentuu sarjakuvantekij\u00e4ksi. Linja on kaksivuotinen, mutta opiskella voi yhden tai useampia vuosia, useimmiten opintotuen turvin. Opetussuunitelmaan opiskelijat voivat vaikuttaa jo lukuvuoden alussa. Vasta-alkajat saavat perustaidot, ja harjaantuneemmat l\u00f6yt\u00e4v\u00e4t uusia ideoita ja l\u00e4hestymistapoja sek\u00e4 mahdollisuuden keskitty\u00e4 vuodeksi sarjakuvan tekemiseen.<\/p>\n<p class=\"p1\">Sarjakuvalinjalla opiskelee 40 \u2013 50 ihmist\u00e4 vuosittain kahden sarjakuvaan erikoistuneen opettajan opastamana, ja erityiskursseja vet\u00e4m\u00e4\u00e4n kutsutaan alansa osaajia.<\/p>\n<p class=\"p1\">P\u00e4\u00e4syvaatimuksia ei ole &#8211; joka osaa kirjoittaa, oppii kertomaan sarjakuvin.<\/p>\n<p class=\"p1\"><img loading=\"lazy\" decoding=\"async\" class=\"alignnone wp-image-2500\" src=\"http:\/\/www.oulucomics.com\/wp-content\/uploads\/2017\/05\/viikonloppukurssit-300x145.jpg\" alt=\"viikonloppukurssit\" width=\"450\" height=\"218\" srcset=\"https:\/\/www.oulucomics.com\/wp-content\/uploads\/2017\/05\/viikonloppukurssit-300x145.jpg 300w, https:\/\/www.oulucomics.com\/wp-content\/uploads\/2017\/05\/viikonloppukurssit-768x372.jpg 768w, https:\/\/www.oulucomics.com\/wp-content\/uploads\/2017\/05\/viikonloppukurssit-1024x496.jpg 1024w, https:\/\/www.oulucomics.com\/wp-content\/uploads\/2017\/05\/viikonloppukurssit-1050x509.jpg 1050w, https:\/\/www.oulucomics.com\/wp-content\/uploads\/2017\/05\/viikonloppukurssit.jpg 1151w\" sizes=\"auto, (max-width: 450px) 100vw, 450px\" \/><\/p>\n","protected":false},"excerpt":{"rendered":"<p class=\"p1\">Limingan Taidekoulu on Suomen vanhin kansanopisto, jonka opetusty\u00f6 on vuodesta 1966 keskittynyt taidekoulun vapaan sivistysty\u00f6n opintoihin. Taidekoulussa voi opiskella sarjakuvaa, kuvataiteita ja 2017 elokuussa alkaen teatterilinjalla.<...\n<\/p>\n","protected":false},"author":1,"featured_media":0,"parent":18,"menu_order":0,"comment_status":"closed","ping_status":"closed","template":"","meta":{"footnotes":""},"categories":[],"tags":[],"class_list":["post-2424","page","type-page","status-publish","hentry"],"_links":{"self":[{"href":"https:\/\/www.oulucomics.com\/fi\/wp-json\/wp\/v2\/pages\/2424","targetHints":{"allow":["GET"]}}],"collection":[{"href":"https:\/\/www.oulucomics.com\/fi\/wp-json\/wp\/v2\/pages"}],"about":[{"href":"https:\/\/www.oulucomics.com\/fi\/wp-json\/wp\/v2\/types\/page"}],"author":[{"embeddable":true,"href":"https:\/\/www.oulucomics.com\/fi\/wp-json\/wp\/v2\/users\/1"}],"replies":[{"embeddable":true,"href":"https:\/\/www.oulucomics.com\/fi\/wp-json\/wp\/v2\/comments?post=2424"}],"version-history":[{"count":14,"href":"https:\/\/www.oulucomics.com\/fi\/wp-json\/wp\/v2\/pages\/2424\/revisions"}],"predecessor-version":[{"id":7354,"href":"https:\/\/www.oulucomics.com\/fi\/wp-json\/wp\/v2\/pages\/2424\/revisions\/7354"}],"up":[{"embeddable":true,"href":"https:\/\/www.oulucomics.com\/fi\/wp-json\/wp\/v2\/pages\/18"}],"wp:attachment":[{"href":"https:\/\/www.oulucomics.com\/fi\/wp-json\/wp\/v2\/media?parent=2424"}],"wp:term":[{"taxonomy":"category","embeddable":true,"href":"https:\/\/www.oulucomics.com\/fi\/wp-json\/wp\/v2\/categories?post=2424"},{"taxonomy":"post_tag","embeddable":true,"href":"https:\/\/www.oulucomics.com\/fi\/wp-json\/wp\/v2\/tags?post=2424"}],"curies":[{"name":"wp","href":"https:\/\/api.w.org\/{rel}","templated":true}]}}