{"id":2378,"date":"2017-04-11T18:06:34","date_gmt":"2017-04-11T15:06:34","guid":{"rendered":"http:\/\/www.oulucomics.com\/?page_id=2378"},"modified":"2017-04-11T18:09:47","modified_gmt":"2017-04-11T15:09:47","slug":"lastenkulttuuri","status":"publish","type":"page","link":"https:\/\/www.oulucomics.com\/fi\/fest\/program-2017\/lastenkulttuuri\/","title":{"rendered":"Lastenkulttuuri"},"content":{"rendered":"<p><img loading=\"lazy\" decoding=\"async\" class=\"size-full wp-image-2074 alignright\" src=\"http:\/\/www.oulucomics.com\/wp-content\/uploads\/2017\/03\/lkko150.png\" alt=\"lkko150\" width=\"150\" height=\"150\" \/>T\u00e4lle sivulle olemme ker\u00e4nneet lapsille ja lapsenmielisille sopivaa n\u00e4ht\u00e4v\u00e4\u00e4 ja koettavaa. Oulun Sarjakuvafestivaali on osa Lasten kulttuurikaupunki Oulu ohjelmistoa:\u00a0<a href=\"http:\/\/www.lastenkulttuurioulu.fi\">www.lastenkulttuurioulu.fi<\/a><\/p>\n\n\t\t\t\t<div class=\"event-list\">\n\t\t\t\t<ul class=\"event-list-view\">\n\t\t\t \t<li class=\"event festivaali fwee lapset muu nayttelyt\">\n\t\t\t\t\t<div class=\"event-date multi-date\"><div class=\"start-date\"><div class=\"event-weekday\">ti<\/div><div class=\"event-day\">28<\/div><div class=\"event-month\">marras<\/div><div class=\"event-year\">2017<\/div><\/div><div class=\"end-date\"><div class=\"event-weekday\">su<\/div><div class=\"event-day\">03<\/div><div class=\"event-month\">joulu<\/div><div class=\"event-year\">2017<\/div><\/div><\/div>\n\t\t\t\t\t<div class=\"event-info multi-day\"><div class=\"event-title\"><h3>Lastensarjakuvia koko perheelle -n\u00e4yttely<\/h3><\/div><span class=\"event-location\">Limingan kirjasto, Liminganraitti 5, Liminka<\/span><div class=\"event-details\"><p><img loading=\"lazy\" decoding=\"async\" class=\"size-medium wp-image-2973 alignright\" src=\"http:\/\/www.oulucomics.com\/wp-content\/uploads\/2017\/10\/07-235x300.jpg\" alt=\"07\" width=\"235\" height=\"300\" srcset=\"https:\/\/www.oulucomics.com\/wp-content\/uploads\/2017\/10\/07-235x300.jpg 235w, https:\/\/www.oulucomics.com\/wp-content\/uploads\/2017\/10\/07.jpg 300w\" sizes=\"auto, (max-width: 235px) 100vw, 235px\" \/><img loading=\"lazy\" decoding=\"async\" class=\"alignleft size-full wp-image-2956\" src=\"http:\/\/www.oulucomics.com\/wp-content\/uploads\/2017\/10\/fi.jpg\" alt=\"fi\" width=\"23\" height=\"20\" \/><\/p>\n<p>Oulun Sarjakuvafestivaalin t\u00e4m\u00e4n vuoden POP UP-n\u00e4yttely ja -tapahtuma j\u00e4rjestet\u00e4\u00e4n Limingan kirjastolla. Lastensarjakuvia koko perheelle\u00a0-n\u00e4yttelyss\u00e4 on esille lastensarjakuvaa aiemmilta vuosilta. N\u00e4yttelyss\u00e4 on esill\u00e4 otteita\u00a0teoksista:<br \/>\n<em>Jukkapalmun salaisuus (Suomen sarjakuvaseura, 2013)<\/em><br \/>\nMari Ahokoivu &amp; Kalle Hakkola: Sanni &amp; Joonas: <em>Hugo -serkku (Kumiorava, 2016)<\/em><br \/>\nHarri Filppa: <em>Vastarannan Siili unten mailla (Soiva Siili, 2016)<\/em><\/p>\n<p><a href=\"http:\/\/www.liminka.fi\/sivu\/fi\/kulttuuri-_ja_vapaa-aika\/kirjasto\/yhteystiedot_ja_aukioloajat\/\" target=\"_blank\">Limingan kirjaston aukioloajat ja tiedot l\u00f6yd\u00e4t t\u00e4st\u00e4 linkist\u00e4...<\/a><\/p>\n<\/div><\/div>\n\t\t\t\t<\/li>\n\t\t\t \t<li class=\"event festivaali fwee lapset nayttelyt\">\n\t\t\t\t\t<div class=\"event-date\"><div class=\"end-date\"><div class=\"event-weekday\">ke<\/div><div class=\"event-day\">29<\/div><div class=\"event-month\">marras<\/div><div class=\"event-year\">2017<\/div><\/div><\/div>\n\t\t\t\t\t<div class=\"event-info multi-day\"><div class=\"event-title\"><h3>Sarjakuvap\u00e4iv\u00e4 Limingan kirjastolla<\/h3><\/div><span class=\"event-time\">15:00 - 19:00<\/span><span class=\"event-location\">Limingan kirjasto, Liminganraitti 5, Liminka<\/span><div class=\"event-details\"><p><img loading=\"lazy\" decoding=\"async\" class=\"alignleft size-full wp-image-2956\" src=\"http:\/\/www.oulucomics.com\/wp-content\/uploads\/2017\/10\/fi.jpg\" alt=\"fi\" width=\"23\" height=\"20\" \/><\/p>\n<p>Oulun Sarjakuvafestivaalin POP UP-tapahtuman pisteen\u00e4 on nyt Limingan kirjasto. Kirjastossa 28.11.-3.12.2017\u00a0esill\u00e4 olevan\u00a0Lastensarjakuvia koko perheelle -n\u00e4yttelyn lis\u00e4ksi POP UP -p\u00e4iv\u00e4n ohjelmisto sis\u00e4lt\u00e4\u00e4 pajatoimintaa ja sarjakuvapaneelin.<\/p>\n<p><strong>Klo 11-18 Hop In Sarjakuvapaja<\/strong><br \/>\nKaikille avoimessa Hop In -sarjakuvapajassa kuka tahansa voi tulla piirt\u00e4m\u00e4\u00e4n oman sarjakuvansa<br \/>\n<strong>Klo 18-19 Avoin Sarjakuvapaneeli<\/strong><br \/>\nSarjakuvantekij\u00f6iden paneelikeskustelu johdattelee sarjakuvanmaailmaan.\u00a0Keskustelussa ovat mukana Limingan taidekoululla asuva ja ty\u00f6skentelev\u00e4 Oulun Sarjakuvakeskuksen residenssitaiteilija <strong>Amr Talaat, v<\/strong>ieraileva opettaja <strong>Karstein Volle<\/strong>, sek\u00e4 sarjakuvantekij\u00e4t <strong>Harri Filppa<\/strong>, <strong>Mikko Jylh\u00e4<\/strong> ja <strong>Tessa Astre<\/strong>.<\/p>\n<p><img loading=\"lazy\" decoding=\"async\" class=\"aligncenter size-medium wp-image-3036\" src=\"http:\/\/www.oulucomics.com\/wp-content\/uploads\/2017\/11\/poppari-300x286.png\" alt=\"poppari\" width=\"300\" height=\"286\" srcset=\"https:\/\/www.oulucomics.com\/wp-content\/uploads\/2017\/11\/poppari-300x286.png 300w, https:\/\/www.oulucomics.com\/wp-content\/uploads\/2017\/11\/poppari.png 630w\" sizes=\"auto, (max-width: 300px) 100vw, 300px\" \/><\/p>\n<\/div><\/div>\n\t\t\t\t<\/li>\n\t\t\t \t<li class=\"event festivaali fsat lapset muu\">\n\t\t\t\t\t<div class=\"event-date\"><div class=\"end-date\"><div class=\"event-weekday\">la<\/div><div class=\"event-day\">02<\/div><div class=\"event-month\">joulu<\/div><div class=\"event-year\">2017<\/div><\/div><\/div>\n\t\t\t\t\t<div class=\"event-info multi-day\"><div class=\"event-title\"><h3>Piirroksia Kaamoksessa \/ Drawings in the Polar Night<\/h3><\/div><span class=\"event-time\">15:00 - 19:00<\/span><span class=\"event-location\">Oulu City Library<\/span><div class=\"event-details\"><p><img loading=\"lazy\" decoding=\"async\" class=\"alignleft size-full wp-image-2956\" src=\"http:\/\/www.oulucomics.com\/wp-content\/uploads\/2017\/10\/fi.jpg\" alt=\"fi\" width=\"23\" height=\"20\" \/> <img loading=\"lazy\" decoding=\"async\" class=\"size-full wp-image-2955 alignleft\" src=\"http:\/\/www.oulucomics.com\/wp-content\/uploads\/2017\/10\/en.jpg\" alt=\"en\" width=\"23\" height=\"20\" \/><\/p>\n<p>&nbsp;<\/p>\n<p>Piirroksia kaamoksessa valaisee Oulun kaupunginkirjaston julkisivun sarjakuvantekij\u00f6iden livepiiroksilla lauantaina 2.12. klo 15-19. Valoteos toistaa reaaliajassa sarjakuvantekij\u00f6iden piirrokset Oulun kaupungin kirjaston p\u00e4\u00e4sis\u00e4\u00e4nk\u00e4ynnin yl\u00e4puolelle.<\/p>\n<p>Piirroksia kaamoksessa on osa Lumo-valofestivaalia: <a href=\"https:\/\/www.ouka.fi\/valoaoulu\" target=\"_blank\">https:\/\/www.ouka.fi\/valoaoulu<\/a><\/p>\n<p>\/\/\/\/\/\/\/\/\/\/<\/p>\n<p><span style=\"color: #333399;\">Drawings in the Polar Night lights up the Oulu City Library on Saturday December 2nd between 3pm and 7pm ! Light art work projects the drawings by the cartoonists in real time to the wall above the main entrance.<\/span><\/p>\n<p><span style=\"color: #333399;\">Drawings in the Polar Night is part of the Lumo light festival\u00a0Oulu: <a style=\"color: #333399;\" href=\"https:\/\/www.ouka.fi\/valoaoulu\" target=\"_blank\">https:\/\/www.ouka.fi\/valoaoulu<\/a><\/span><\/p>\n<p><img loading=\"lazy\" decoding=\"async\" class=\"alignleft wp-image-2981 size-large\" src=\"http:\/\/www.oulucomics.com\/wp-content\/uploads\/2017\/10\/Piirroksia-kaamoksessa_Mika-Lahtonen-1024x637.jpg\" alt=\"Piirroksia kaamoksessa_Mika Lahtonen\" width=\"1024\" height=\"637\" srcset=\"https:\/\/www.oulucomics.com\/wp-content\/uploads\/2017\/10\/Piirroksia-kaamoksessa_Mika-Lahtonen-1024x637.jpg 1024w, https:\/\/www.oulucomics.com\/wp-content\/uploads\/2017\/10\/Piirroksia-kaamoksessa_Mika-Lahtonen-300x187.jpg 300w, https:\/\/www.oulucomics.com\/wp-content\/uploads\/2017\/10\/Piirroksia-kaamoksessa_Mika-Lahtonen-768x477.jpg 768w, https:\/\/www.oulucomics.com\/wp-content\/uploads\/2017\/10\/Piirroksia-kaamoksessa_Mika-Lahtonen-1440x895.jpg 1440w, https:\/\/www.oulucomics.com\/wp-content\/uploads\/2017\/10\/Piirroksia-kaamoksessa_Mika-Lahtonen-1050x653.jpg 1050w\" sizes=\"auto, (max-width: 1024px) 100vw, 1024px\" \/><\/p>\n<\/div><\/div>\n\t\t\t\t<\/li><\/ul>\n\t\t\t\t<\/div>\n","protected":false},"excerpt":{"rendered":"<p><img loading=\"lazy\" decoding=\"async\" class=\"size-full wp-image-2074 alignright\" src=\"http:\/\/www.oulucomics.com\/wp-content\/uploads\/2017\/03\/lkko150.png\" alt=\"lkko150\" width=\"150\" height=\"150\" \/>T\u00e4lle sivulle olemme ker\u00e4nneet lapsille ja lapsenmielisille sopivaa n\u00e4ht\u00e4v\u00e4\u00e4 ja koettavaa&#8230;.<\/p>\n","protected":false},"author":1,"featured_media":0,"parent":2238,"menu_order":0,"comment_status":"closed","ping_status":"closed","template":"","meta":{"footnotes":""},"categories":[],"tags":[],"class_list":["post-2378","page","type-page","status-publish","hentry"],"_links":{"self":[{"href":"https:\/\/www.oulucomics.com\/fi\/wp-json\/wp\/v2\/pages\/2378","targetHints":{"allow":["GET"]}}],"collection":[{"href":"https:\/\/www.oulucomics.com\/fi\/wp-json\/wp\/v2\/pages"}],"about":[{"href":"https:\/\/www.oulucomics.com\/fi\/wp-json\/wp\/v2\/types\/page"}],"author":[{"embeddable":true,"href":"https:\/\/www.oulucomics.com\/fi\/wp-json\/wp\/v2\/users\/1"}],"replies":[{"embeddable":true,"href":"https:\/\/www.oulucomics.com\/fi\/wp-json\/wp\/v2\/comments?post=2378"}],"version-history":[{"count":2,"href":"https:\/\/www.oulucomics.com\/fi\/wp-json\/wp\/v2\/pages\/2378\/revisions"}],"predecessor-version":[{"id":2385,"href":"https:\/\/www.oulucomics.com\/fi\/wp-json\/wp\/v2\/pages\/2378\/revisions\/2385"}],"up":[{"embeddable":true,"href":"https:\/\/www.oulucomics.com\/fi\/wp-json\/wp\/v2\/pages\/2238"}],"wp:attachment":[{"href":"https:\/\/www.oulucomics.com\/fi\/wp-json\/wp\/v2\/media?parent=2378"}],"wp:term":[{"taxonomy":"category","embeddable":true,"href":"https:\/\/www.oulucomics.com\/fi\/wp-json\/wp\/v2\/categories?post=2378"},{"taxonomy":"post_tag","embeddable":true,"href":"https:\/\/www.oulucomics.com\/fi\/wp-json\/wp\/v2\/tags?post=2378"}],"curies":[{"name":"wp","href":"https:\/\/api.w.org\/{rel}","templated":true}]}}