{"id":23,"date":"2016-08-10T08:15:43","date_gmt":"2016-08-10T05:15:43","guid":{"rendered":"http:\/\/www.oulucomics.com\/?page_id=23"},"modified":"2025-02-27T16:13:14","modified_gmt":"2025-02-27T14:13:14","slug":"sarjakuvagalleria","status":"publish","type":"page","link":"https:\/\/www.oulucomics.com\/fi\/keskus\/sarjakuvagalleria\/","title":{"rendered":"Sarjakuvagalleria!"},"content":{"rendered":"<p><strong>Oulun sarjakuvakeskuksen Sarjakuvagalleria! on avoinna p\u00e4ivitt\u00e4in klo 10-20 <a href=\"http:\/\/www.oulucomics.com\/more\/info\/\">(Tarkasta mahdolliset aukiolopoikkeukset t\u00e4\u00e4lt\u00e4&#8230;)<\/a><\/strong><\/p>\n<p>Osoite:&nbsp;Oulun sarjakuvakeskus \/ Kulttuuritalo Valve, Hallituskatu 7, Oulu<\/p>\n<h2>N\u00c4YTTELYSS\u00c4 NYT JA TULOSSA OLEVAT<\/h2>\n<p><span style=\"color: #444444;\">\n\t\t\t\t<div class=\"event-list\">\n\t\t\t\t<style type=\"text\/css\">\n\t\t\t\t\t.filterbar { display:table; width:100% }\n\t\t\t\t\t.filterbar > div { display:table-cell }\n\t\t\t\t<\/style>\n\t\t\t\t<!--[if lte IE 7]>\n\t\t\t\t<style>.filterbar > div { float:left }<\/style>\n\t\t\t\t<![endif]-->\n\t\t\t\t<div class=\"filterbar subsubsub\">\n\t\t\t\t\t<div style=\"text-align:left\"><ul class=\"hlist\"><li><a href=\"https:\/\/www.oulucomics.com\/fi\/keskus\/sarjakuvagalleria\/?date1=all\">All<\/a><\/li><li><strong>Upcoming<\/strong><\/li><li><a href=\"https:\/\/www.oulucomics.com\/fi\/keskus\/sarjakuvagalleria\/?date1=2014\">2014<\/a><\/li><li><a href=\"https:\/\/www.oulucomics.com\/fi\/keskus\/sarjakuvagalleria\/?date1=2015\">2015<\/a><\/li><li><a href=\"https:\/\/www.oulucomics.com\/fi\/keskus\/sarjakuvagalleria\/?date1=2016\">2016<\/a><\/li><li><a href=\"https:\/\/www.oulucomics.com\/fi\/keskus\/sarjakuvagalleria\/?date1=2017\">2017<\/a><\/li><li><a href=\"https:\/\/www.oulucomics.com\/fi\/keskus\/sarjakuvagalleria\/?date1=2018\">2018<\/a><\/li><li><a href=\"https:\/\/www.oulucomics.com\/fi\/keskus\/sarjakuvagalleria\/?date1=2019\">2019<\/a><\/li><li><a href=\"https:\/\/www.oulucomics.com\/fi\/keskus\/sarjakuvagalleria\/?date1=2020\">2020<\/a><\/li><li><a href=\"https:\/\/www.oulucomics.com\/fi\/keskus\/sarjakuvagalleria\/?date1=2021\">2021<\/a><\/li><li><a href=\"https:\/\/www.oulucomics.com\/fi\/keskus\/sarjakuvagalleria\/?date1=2022\">2022<\/a><\/li><li><a href=\"https:\/\/www.oulucomics.com\/fi\/keskus\/sarjakuvagalleria\/?date1=2023\">2023<\/a><\/li><li><a href=\"https:\/\/www.oulucomics.com\/fi\/keskus\/sarjakuvagalleria\/?date1=2024\">2024<\/a><\/li><li><a href=\"https:\/\/www.oulucomics.com\/fi\/keskus\/sarjakuvagalleria\/?date1=2025\">2025<\/a><\/li><li><a href=\"https:\/\/www.oulucomics.com\/fi\/keskus\/sarjakuvagalleria\/?date1=2026\">2026<\/a><\/li><\/ul>\n\t\t\t\t\t<\/div><\/div>\n\t\t\t\t<ul class=\"event-list-view\">\n\t\t\t \t<li class=\"event nayttelyt center sarjakuvagalleria\">\n\t\t\t\t\t<div class=\"event-date multi-date\"><div class=\"start-date\"><div class=\"event-weekday\">ti<\/div><div class=\"event-day\">10<\/div><div class=\"event-month\">maalis<\/div><div class=\"event-year\">2026<\/div><\/div><div class=\"end-date\"><div class=\"event-weekday\">ke<\/div><div class=\"event-day\">22<\/div><div class=\"event-month\">huhti<\/div><div class=\"event-year\">2026<\/div><\/div><\/div>\n\t\t\t\t\t<div class=\"event-info multi-day\"><div class=\"event-title\"><h3>Aapo Kukko: Punainen Beethoven -originaalin\u00e4yttely<\/h3><\/div><span class=\"event-location\">Sarjakuvagalleria! | Comics Gallery!, Hallituskatu 7, Oulu<\/span><div class=\"event-details\"><p><img class=\"alignright size-medium wp-image-7971\" src=\"https:\/\/www.oulucomics.com\/wp-content\/uploads\/2026\/02\/aapo_kukko-punainen_beethoven-212x300.jpg\" alt=\"\" width=\"212\" height=\"300\" \/>Neuvostoliiton kuuluisimman s\u00e4velt\u00e4j\u00e4n Dmitri \u0160ostakovit\u0161in (1906-1975) el\u00e4m\u00e4nvaiheisiin pohjautuva <strong>Aapo Kukon<\/strong> muhkea sarjakuvateos <em>Aapo Kukko: Punainen Beethoven - Sarjakuvasinfonia Dmitri \u0160ostakovit\u0161in el\u00e4m\u00e4st\u00e4 (Zum Teufel, 2026)<\/em>\u00a0on vuosikymmeni\u00e4 kattava kuvaus taiteilijasta, h\u00e4nen ajastaan ja aikalaisistaan. S\u00e4velt\u00e4j\u00e4n uralle mahtui niin kansainv\u00e4list\u00e4 nousukiitoa kuin hengenvaarallista alhoa: keski\u00f6\u00f6n nousee etenkin \u0160ostakovit\u0161in ja Stalinin kiikker\u00e4 suhde, joka ei tunnu p\u00e4\u00e4ttyv\u00e4n edes toisen kuolemaan. Sivuhenkil\u00f6in\u00e4 matkan varrella n\u00e4hd\u00e4\u00e4n mm. Vsevolod Meyerhold, Zinaida Reich sek\u00e4 Anna Ahmatova.<\/p>\n<p>N\u00e4yttelyn avajaiset ja kirjan julkistamistilaisuus Oulun Sarjakuvakeskuksella tiistaina 10.3. klo 17-. Tervetuloa!<\/p>\n<p>Aapo Kukko (s. 1991) on kemil\u00e4isl\u00e4ht\u00f6inen mutta ajan saatossa oululaistunut sarjakuvantekij\u00e4, kuvittaja ja k\u00e4sikirjoittaja. Vuodesta 2008 l\u00e4htien sarjakuvia julkaisseen Kukon tuotannossa Punainen Beethoven on h\u00e4nen laajamittaisin teoksensa.<\/p>\n<\/div><\/div>\n\t\t\t\t<\/li>\n\t\t\t \t<li class=\"event nayttelyt center sarjakuvagalleria\">\n\t\t\t\t\t<div class=\"event-date multi-date\"><div class=\"start-date\"><div class=\"event-weekday\">la<\/div><div class=\"event-day\">25<\/div><div class=\"event-month\">huhti<\/div><div class=\"event-year\">2026<\/div><\/div><div class=\"end-date\"><div class=\"event-weekday\">to<\/div><div class=\"event-day\">04<\/div><div class=\"event-month\">kes\u00e4<\/div><div class=\"event-year\">2026<\/div><\/div><\/div>\n\t\t\t\t\t<div class=\"event-info multi-day\"><div class=\"event-title\"><h3>Esa Holopainen: Jere Kostamus ja Big Niitty -sarjakuvan\u00e4yttely<\/h3><\/div><span class=\"event-location\">Sarjakuvagalleria! | Comics Gallery!, Hallituskatu 7, Oulu<\/span><div class=\"event-details\"><p><strong><img class=\"alignright size-medium wp-image-7974\" src=\"https:\/\/www.oulucomics.com\/wp-content\/uploads\/2026\/03\/bigniittykansi-211x300.jpg\" alt=\"\" width=\"211\" height=\"300\" \/>Esa Holopaisen<\/strong> teoksessa <em>Jere Kostamus ja Big Niitty<\/em> (Musta Ritari, 2024) Komisario Jere Kostamuksen tutkimukset jatkuvat. Pellot niityt, purot ja suot voivat peitt\u00e4\u00e4 alleen salaisuuksia. Mutta voivatko ne piilottaa murhaajan? Kun Markkulan metsist\u00e4 l\u00f6ytyy vainaja, kutsutaan tapausta selvitt\u00e4m\u00e4\u00e4n komisario Jere Kostamus, apunaan etsiv\u00e4 V\u00e4h\u00e4m\u00e4ki. Jere Kostamus -sarja sis\u00e4lt\u00e4\u00e4 sarkastisen leppoisaa huumoria, vaarallisia tilanteita ja kauniita maisemia.<\/p>\n<\/div><\/div>\n\t\t\t\t<\/li>\n\t\t\t \t<li class=\"event nayttelyt center sarjakuvagalleria\">\n\t\t\t\t\t<div class=\"event-date multi-date\"><div class=\"start-date\"><div class=\"event-weekday\">la<\/div><div class=\"event-day\">06<\/div><div class=\"event-month\">kes\u00e4<\/div><div class=\"event-year\">2026<\/div><\/div><div class=\"end-date\"><div class=\"event-weekday\">ke<\/div><div class=\"event-day\">29<\/div><div class=\"event-month\">hein\u00e4<\/div><div class=\"event-year\">2026<\/div><\/div><\/div>\n\t\t\t\t\t<div class=\"event-info multi-day\"><div class=\"event-title\"><h3>Lauri M\u00e4kimurto: Sarjakuvaoriginaaleja<\/h3><\/div><span class=\"event-location\">Sarjakuvagalleria! | Comics Gallery!, Hallituskatu 7, Oulu<\/span><div class=\"event-details\"><p>N\u00e4yttelynavajaiset 6.6.2026<\/p>\n<p>Lis\u00e4tietoa luvassa my\u00f6hemmin...<\/p>\n<\/div><\/div>\n\t\t\t\t<\/li>\n\t\t\t \t<li class=\"event nayttelyt center sarjakuvagalleria\">\n\t\t\t\t\t<div class=\"event-date multi-date\"><div class=\"start-date\"><div class=\"event-weekday\">la<\/div><div class=\"event-day\">01<\/div><div class=\"event-month\">elo<\/div><div class=\"event-year\">2026<\/div><\/div><div class=\"end-date\"><div class=\"event-weekday\">ti<\/div><div class=\"event-day\">06<\/div><div class=\"event-month\">loka<\/div><div class=\"event-year\">2026<\/div><\/div><\/div>\n\t\t\t\t\t<div class=\"event-info multi-day\"><div class=\"event-title\"><h3>Taneli Kemppi: Kerrosten v\u00e4list\u00e4 -sarjakuvaoriginaalin\u00e4yttely<\/h3><\/div><span class=\"event-location\">Sarjakuvagalleria! | Comics Gallery!, Hallituskatu 7, Oulu<\/span><div class=\"event-details\"><p><strong><img class=\"alignright size-medium wp-image-7853\" src=\"https:\/\/www.oulucomics.com\/wp-content\/uploads\/2025\/09\/Taneli_Kemppi_Kerrosten_va\u0308lista\u0308-209x300.jpg\" alt=\"\" width=\"209\" height=\"300\" \/>Taneli Kempin<\/strong> <em>Kerrosten v\u00e4list\u00e4<\/em> (Zum Teufel, 2025) on omael\u00e4m\u00e4kerrallinen teos laihdutuskulttuurin haitoista ja herk\u00e4st\u00e4 lapsen ja aikuisen mielest\u00e4. Se raottaa kerroksia, joihin lapsena opitut ja havaitut asenteet j\u00e4\u00e4v\u00e4t asumaan, ja miten ne alkavat ottamaan yh\u00e4 enemm\u00e4n tilaa nuoren aikuisen el\u00e4m\u00e4ss\u00e4.<\/p>\n<p>Kerrosten v\u00e4list\u00e4 on armoton ja viisas kirja, jota ei voi laskea k\u00e4sist\u00e4\u00e4n. Ironia, henkil\u00f6kohtaisuus ja vilpitt\u00f6myys kietoutuvat yhteiskuntakriittiseksi tarinaksi lihavuudesta, joka kulkee kolmannen luokan painok\u00e4yrist\u00e4 kohti paljon peloteltua aikaista hautaa. Vai voisiko sen sittenkin v\u00e4ltt\u00e4\u00e4, jos maailma vain vihaisi lihavia ihmisi\u00e4 v\u00e4hemm\u00e4n?<\/p>\n<p>Taneli Kemppi (s. 1994) on Tampereella asuva monitaiteilija. Kemppi on pit\u00e4nyt sarjakuvablogia ja julkaissut omakustanteisia sarjakuvapienlehti\u00e4 alan tapahtumissa. Kemppi on ollut my\u00f6s mukana Rikkin\u00e4isen mielen kuvat -antologiassa. Kerrosten v\u00e4list\u00e4 on h\u00e4nen ensimm\u00e4inen sarjakuvaromaaninsa.<\/p>\n<\/div><\/div>\n\t\t\t\t<\/li><\/ul>\n\t\t\t\t<\/div><\/span><\/p>\n","protected":false},"excerpt":{"rendered":"<p><strong>Oulun sarjakuvakeskuksen Sarjakuvagalleria! on avoinna p\u00e4ivitt\u00e4in klo 10-20 <a href=\"http:\/\/www.oulucomics.com\/more\/info\/\">(Tarkasta mahdolliset aukiolopoikkeukset t\u00e4\u00e4lt\u00e4&#8230;)<\/a><\/strong><\/p>\n<p>Osoite:&nbsp;Oulun sarjakuvakeskus \/ Kulttuuritalo Va&#8230;<\/p>\n","protected":false},"author":1,"featured_media":0,"parent":4,"menu_order":7,"comment_status":"closed","ping_status":"closed","template":"","meta":[],"categories":[],"tags":[],"_links":{"self":[{"href":"https:\/\/www.oulucomics.com\/fi\/wp-json\/wp\/v2\/pages\/23"}],"collection":[{"href":"https:\/\/www.oulucomics.com\/fi\/wp-json\/wp\/v2\/pages"}],"about":[{"href":"https:\/\/www.oulucomics.com\/fi\/wp-json\/wp\/v2\/types\/page"}],"author":[{"embeddable":true,"href":"https:\/\/www.oulucomics.com\/fi\/wp-json\/wp\/v2\/users\/1"}],"replies":[{"embeddable":true,"href":"https:\/\/www.oulucomics.com\/fi\/wp-json\/wp\/v2\/comments?post=23"}],"version-history":[{"count":28,"href":"https:\/\/www.oulucomics.com\/fi\/wp-json\/wp\/v2\/pages\/23\/revisions"}],"predecessor-version":[{"id":7476,"href":"https:\/\/www.oulucomics.com\/fi\/wp-json\/wp\/v2\/pages\/23\/revisions\/7476"}],"up":[{"embeddable":true,"href":"https:\/\/www.oulucomics.com\/fi\/wp-json\/wp\/v2\/pages\/4"}],"wp:attachment":[{"href":"https:\/\/www.oulucomics.com\/fi\/wp-json\/wp\/v2\/media?parent=23"}],"wp:term":[{"taxonomy":"category","embeddable":true,"href":"https:\/\/www.oulucomics.com\/fi\/wp-json\/wp\/v2\/categories?post=23"},{"taxonomy":"post_tag","embeddable":true,"href":"https:\/\/www.oulucomics.com\/fi\/wp-json\/wp\/v2\/tags?post=23"}],"curies":[{"name":"wp","href":"https:\/\/api.w.org\/{rel}","templated":true}]}}