{"id":2202,"date":"2017-03-30T21:05:58","date_gmt":"2017-03-30T18:05:58","guid":{"rendered":"http:\/\/www.oulucomics.com\/?page_id=2202"},"modified":"2017-03-30T21:31:54","modified_gmt":"2017-03-30T18:31:54","slug":"artists-from-north","status":"publish","type":"page","link":"https:\/\/www.oulucomics.com\/fi\/more\/artists-from-north\/","title":{"rendered":"Tekij\u00f6it\u00e4 pohjoisesta"},"content":{"rendered":"<p>T\u00e4lle sivulle olemme koonneet niit\u00e4 sarjakuvantekij\u00f6it\u00e4 ja -k\u00e4sikirjoittija&nbsp;pohjoisesta, jotka t\u00e4ytt\u00e4v\u00e4t <a href=\"http:\/\/www.sarjakuvantekijat.com\/\">Sarjakuvantekij\u00e4t ry:n<\/a> vaatimat ammattilaisuuden kriteerit. Mukana on my\u00f6s tekij\u00f6it\u00e4, jotka nykyp\u00e4iv\u00e4n\u00e4 vaikuttavat muualla mutta ovat syntyneet pohjoisilla alueilla.<\/p>\n<ul>\n<li>Lauri Ahtinen (Oulu \/ Finland)<\/li>\n<li>Keijo Ahlqvist<\/li>\n<li>Mari Ahokoivu (born: Oulu&nbsp;\/ Tanska)<\/li>\n<li>Max Andersson (born: Karesuando \/ Sweden)<\/li>\n<li>Tessa Astre (Liminka \/ Finland)<\/li>\n<li>Harri Filppa (Oulu \/ Finland)<\/li>\n<li><span class=\"vcard\">L\u00f3a Hj\u00e1lmt\u00fdsd\u00f3ttir (Reykjavik \/ Iceland)<\/span><\/li>\n<li>Arto H\u00e4gg (born: Oulu \/ Finland)<\/li>\n<li>Esa Holopainen (Muhos \/ Finland)<\/li>\n<li>Jussi Hukkanen&nbsp;(Oulu \/ Finland)<\/li>\n<li>John S. Jamtli&nbsp;(Norway)<\/li>\n<li>Mikko Jylh\u00e4 (Oulu \/ Finland)<\/li>\n<li>Pauli Kallio (born: Nivala \/ Finland)<\/li>\n<li>Karoliina Korhonen (Oulu \/ Finland)<\/li>\n<li>Ilpo Koskela&nbsp;(Oulu \/ Finland)<\/li>\n<li>Aapo Kukko&nbsp;(Oulu \/ Finland)<\/li>\n<li>\u00d8yvind Laudahl (Norway)<\/li>\n<li>Samuli &#8220;Samson&#8221; Lintula (born: Kemij\u00e4rvi \/ Finland)<\/li>\n<li>Tiina Molander&nbsp;(Oulu \/ Finland)<\/li>\n<li>Jyrki M\u00e4ki&nbsp;(Oulu \/ Finland)<\/li>\n<li>Esa Niskanen&nbsp;(Oulu \/ Finland)<\/li>\n<li>Pentti Nuortimo (born: Oulu \/ Finland)<\/li>\n<li>Sami Nyyss\u00f6l\u00e4 (born: Kempele \/ Finland)<\/li>\n<li>Pentti Otsamo (Kannus \/ finland)<\/li>\n<li>Jii Roikonen (Oulu \/ Finland)<\/li>\n<li>Ville Ranta (Oulu \/ Finland)<\/li>\n<li>Vegard A. Skogmo (Norway)<\/li>\n<li>Jaana Suorsa (born: Tyrn\u00e4v\u00e4&nbsp;\/ Finland)<\/li>\n<li>Jens K Style (Troms\u00f8 \/ Norway)<\/li>\n<li>Veli-Matti \u00dcral&nbsp;(Oulu \/ Finland)<\/li>\n<li>Anssi Vieruaho (Oulu \/ Finland)<\/li>\n<li>L\u00e4j\u00e4 \u00c4ij\u00e4l\u00e4 (Oulu \/ Finland)<\/li>\n<\/ul>\n<p>Jos emme ole huomioineet sinua ja koet kuuluvasi listalle niin vinkkaa siit\u00e4 meille: keskus ( at) oulucomics.com.<\/p>\n","protected":false},"excerpt":{"rendered":"<p>T\u00e4lle sivulle olemme koonneet niit\u00e4 sarjakuvantekij\u00f6it\u00e4 ja -k\u00e4sikirjoittija&nbsp;pohjoisesta, jotka t\u00e4ytt\u00e4v\u00e4t <a href=\"http:\/\/www.sarjakuvantekijat.com\/\">Sarjakuvantekij\u00e4t ry:n<\/a> vaatimat ammattilaisuuden kriteerit. Mukana on my\u00f6s tekij\u00f6it\u00e4, jotka &#8230;<\/p>\n","protected":false},"author":1,"featured_media":0,"parent":96,"menu_order":0,"comment_status":"closed","ping_status":"closed","template":"","meta":{"footnotes":""},"categories":[],"tags":[],"class_list":["post-2202","page","type-page","status-publish","hentry"],"_links":{"self":[{"href":"https:\/\/www.oulucomics.com\/fi\/wp-json\/wp\/v2\/pages\/2202","targetHints":{"allow":["GET"]}}],"collection":[{"href":"https:\/\/www.oulucomics.com\/fi\/wp-json\/wp\/v2\/pages"}],"about":[{"href":"https:\/\/www.oulucomics.com\/fi\/wp-json\/wp\/v2\/types\/page"}],"author":[{"embeddable":true,"href":"https:\/\/www.oulucomics.com\/fi\/wp-json\/wp\/v2\/users\/1"}],"replies":[{"embeddable":true,"href":"https:\/\/www.oulucomics.com\/fi\/wp-json\/wp\/v2\/comments?post=2202"}],"version-history":[{"count":6,"href":"https:\/\/www.oulucomics.com\/fi\/wp-json\/wp\/v2\/pages\/2202\/revisions"}],"predecessor-version":[{"id":5849,"href":"https:\/\/www.oulucomics.com\/fi\/wp-json\/wp\/v2\/pages\/2202\/revisions\/5849"}],"up":[{"embeddable":true,"href":"https:\/\/www.oulucomics.com\/fi\/wp-json\/wp\/v2\/pages\/96"}],"wp:attachment":[{"href":"https:\/\/www.oulucomics.com\/fi\/wp-json\/wp\/v2\/media?parent=2202"}],"wp:term":[{"taxonomy":"category","embeddable":true,"href":"https:\/\/www.oulucomics.com\/fi\/wp-json\/wp\/v2\/categories?post=2202"},{"taxonomy":"post_tag","embeddable":true,"href":"https:\/\/www.oulucomics.com\/fi\/wp-json\/wp\/v2\/tags?post=2202"}],"curies":[{"name":"wp","href":"https:\/\/api.w.org\/{rel}","templated":true}]}}