{"id":18,"date":"2016-08-10T08:12:47","date_gmt":"2016-08-10T05:12:47","guid":{"rendered":"http:\/\/www.oulucomics.com\/?page_id=18"},"modified":"2025-04-24T14:22:48","modified_gmt":"2025-04-24T11:22:48","slug":"opetus","status":"publish","type":"page","link":"https:\/\/www.oulucomics.com\/fi\/keskus\/opetus\/","title":{"rendered":"Sarjakuvaopetus"},"content":{"rendered":"<p>Oulun Sarjakuvakeskus j\u00e4rjest\u00e4\u00e4 tilauksesta sarjakuvakursseja ja pop-up sarjakuvakeskuksia. Sarjakuvaopetusta tarjoavat Oulun seudulla ymp\u00e4rivuotisesti my\u00f6s:&nbsp;<a href=\"http:\/\/www.oulucomics.com\/more\/limingan-taidekoulu\/\">Limingan taidekoulu<\/a>&nbsp;ja&nbsp;<a href=\"https:\/\/www.ouka.fi\/oulu\/oulun-taidekoulu\/sarjakuva\" target=\"_blank\" rel=\"noopener noreferrer\">Oulun taidekoulu (ulkoinen linkki)<\/a>.<\/p>\n<p>Sarjakuvaopetukseen liittyvi\u00e4 asioita voi tiedustella toiminnanjohtaja Harri Filpalta, harri (a) oulucomics.com, 050-3307186<\/p>\n<p>Sarjakuvan tekemist\u00e4 ja sen opettamista voit opiskella my\u00f6s kotisivuiltamme l\u00f6ytyv\u00e4n materiaalin v\u00e4lityksell\u00e4.<\/p>\n\n\n<ul class=\"wp-block-list\"><li><a href=\"https:\/\/www.oulucomics.com\/fi\/keskus\/opetus\/kuplivahaaste\/\" data-type=\"page\" data-id=\"7180\">Kupliva Haaste<\/a> johdattelee teid\u00e4t sarjakuvan maailmaan.<\/li><li><a href=\"https:\/\/www.oulucomics.com\/fi\/paja\/\" data-type=\"page\" data-id=\"3890\">Virtuaalinen sarjakuvapaja<\/a> sis\u00e4lt\u00e4\u00e4 ideageneraattorin ja helposti l\u00e4hestytt\u00e4vi\u00e4 opetusvideoita.<\/li><li>Keskuksen sarjakuvaopettajat ovat j\u00e4rjest\u00e4neet sarjakuvatoimintaa useiden vuosien ajan. Kokemusten pohjalta on syntynyt teos <a href=\"https:\/\/www.oulucomics.com\/fi\/keskus\/opetus\/sarjakuvapaja-hyppysiin\/\" data-type=\"page\" data-id=\"3895\">Sarjakuvapaja hyppysiin!<\/a>.<\/li><li>Varsinkin opettajia suosittelemme tutustumaan laatimiimme <a href=\"https:\/\/www.oulucomics.com\/fi\/mok\/\" data-type=\"page\" data-id=\"7765\">MOK &#8211; Monialaisen oppimiskokonaisuuden ohjeisiin<\/a>.<\/li><\/ul>\n\n\n\n<figure class=\"wp-block-embed-youtube wp-block-embed is-type-video is-provider-youtube wp-embed-aspect-16-9 wp-has-aspect-ratio\"><div class=\"wp-block-embed__wrapper\">\n<iframe loading=\"lazy\" title=\"Kupliva Haaste - Sarjakuvan sommittelu\" width=\"1024\" height=\"576\" src=\"https:\/\/www.youtube.com\/embed\/8XIJeVBqxtE?feature=oembed\" frameborder=\"0\" allow=\"accelerometer; autoplay; clipboard-write; encrypted-media; gyroscope; picture-in-picture; web-share\" referrerpolicy=\"strict-origin-when-cross-origin\" allowfullscreen><\/iframe>\n<\/div><\/figure>\n","protected":false},"excerpt":{"rendered":"<p>Oulun Sarjakuvakeskus j\u00e4rjest\u00e4\u00e4 tilauksesta sarjakuvakursseja ja pop-up sarjakuvakeskuksia. Sarjakuvaopetusta tarjoavat Oulun seudulla ymp\u00e4rivuotisesti my\u00f6s:&nbsp;<a href=\"http:\/\/www.oulucomics.com\/more\/limingan-taidekoulu\/\">Limingan taidekoulu<\/a...\n<\/p>\n","protected":false},"author":1,"featured_media":0,"parent":4,"menu_order":3,"comment_status":"closed","ping_status":"closed","template":"","meta":{"footnotes":""},"categories":[],"tags":[],"class_list":["post-18","page","type-page","status-publish","hentry"],"_links":{"self":[{"href":"https:\/\/www.oulucomics.com\/fi\/wp-json\/wp\/v2\/pages\/18","targetHints":{"allow":["GET"]}}],"collection":[{"href":"https:\/\/www.oulucomics.com\/fi\/wp-json\/wp\/v2\/pages"}],"about":[{"href":"https:\/\/www.oulucomics.com\/fi\/wp-json\/wp\/v2\/types\/page"}],"author":[{"embeddable":true,"href":"https:\/\/www.oulucomics.com\/fi\/wp-json\/wp\/v2\/users\/1"}],"replies":[{"embeddable":true,"href":"https:\/\/www.oulucomics.com\/fi\/wp-json\/wp\/v2\/comments?post=18"}],"version-history":[{"count":49,"href":"https:\/\/www.oulucomics.com\/fi\/wp-json\/wp\/v2\/pages\/18\/revisions"}],"predecessor-version":[{"id":7776,"href":"https:\/\/www.oulucomics.com\/fi\/wp-json\/wp\/v2\/pages\/18\/revisions\/7776"}],"up":[{"embeddable":true,"href":"https:\/\/www.oulucomics.com\/fi\/wp-json\/wp\/v2\/pages\/4"}],"wp:attachment":[{"href":"https:\/\/www.oulucomics.com\/fi\/wp-json\/wp\/v2\/media?parent=18"}],"wp:term":[{"taxonomy":"category","embeddable":true,"href":"https:\/\/www.oulucomics.com\/fi\/wp-json\/wp\/v2\/categories?post=18"},{"taxonomy":"post_tag","embeddable":true,"href":"https:\/\/www.oulucomics.com\/fi\/wp-json\/wp\/v2\/tags?post=18"}],"curies":[{"name":"wp","href":"https:\/\/api.w.org\/{rel}","templated":true}]}}