{"id":16,"date":"2016-08-10T08:12:11","date_gmt":"2016-08-10T05:12:11","guid":{"rendered":"http:\/\/www.oulucomics.com\/?page_id=16"},"modified":"2025-03-13T14:09:27","modified_gmt":"2025-03-13T12:09:27","slug":"shop","status":"publish","type":"page","link":"https:\/\/www.oulucomics.com\/fi\/keskus\/shop\/","title":{"rendered":"Sarjakuvakauppa"},"content":{"rendered":"<p><img loading=\"lazy\" decoding=\"async\" class=\"alignright size-thumbnail wp-image-7663\" src=\"https:\/\/www.oulucomics.com\/wp-content\/uploads\/2025\/03\/turun_sarjakuvakauppa-150x150.jpg\" alt=\"\" width=\"150\" height=\"150\" srcset=\"https:\/\/www.oulucomics.com\/wp-content\/uploads\/2025\/03\/turun_sarjakuvakauppa-150x150.jpg 150w, https:\/\/www.oulucomics.com\/wp-content\/uploads\/2025\/03\/turun_sarjakuvakauppa-250x250.jpg 250w, https:\/\/www.oulucomics.com\/wp-content\/uploads\/2025\/03\/turun_sarjakuvakauppa-92x92.jpg 92w\" sizes=\"auto, (max-width: 150px) 100vw, 150px\" \/>Oulun Sarjakuvakeskuksella toimii Turun Sarjakuvakaupan Oulun toimipiste. Kaupasta l\u00f6ytyy noin 2500 nimikett\u00e4 suomen- ja englanninkielist\u00e4 sarjakuvaa. Turun Sarjakuvakaupan kautta on Oulun toimipisteeseen\u00a0tilattavissa yli<span style=\"color: #000000;\">\u00a04000 nimikett\u00e4, joista noin puolet ovat englanninkielisi\u00e4.\u00a0<\/span><\/p>\n<p><span style=\"color: #000000;\">Turun Sarjakuvakaupan valikoimat moninkertaistavat Oulussa tarjolla olevien sarjakuvien m\u00e4\u00e4r\u00e4n.\u00a0<\/span>Kaupan periaatteena on pit\u00e4\u00e4 valikoimassa uutuuksien lis\u00e4ksi my\u00f6s vanhempia julkaisuja, joskaan k\u00e4ytetty\u00e4 sarjakuvaa ei valikoimissa ole. Pyrkimyksemme on yll\u00e4pit\u00e4\u00e4 mahdollisimman monipuolista valikoimaa niin kotimaisista kuin ulkomaisistakin sarjakuvista.<\/p>\n<p>Laajaan valikoimaan p\u00e4\u00e4set helposti tutustumaan verkkokauppamme v\u00e4lityksell\u00e4 osoitteessa\u00a0<a href=\"https:\/\/www.sarjakuvakauppa.fi\/\">www.sarjakuvakauppa.fi<\/a>. Sivustolta pystyt muun muassa tilaamaan muiden myym\u00e4l\u00f6iden varastossa olevia kirjoja noudettavaksi Oulun toimipisteest\u00e4.<\/p>\n<p><em style=\"color: #000000;\"><strong>Yhteystiedot:<\/strong><br \/>\n<\/em><em style=\"color: #000000;\">Turun Sarjakuvakauppa<br \/>\n<\/em><em style=\"color: #000000;\">c\/o Oulun Sarjakuvakeskus<br \/>\n<\/em><em style=\"color: #000000;\">Hallituskatu 7, 90100 OULU<br \/>\n<\/em><em style=\"color: #000000;\">e-mail: oulu(\u00e4t)sarjakuvakauppa.fi<br \/>\n<\/em><em style=\"color: #000000;\">puh. 040 4626550<\/em><\/p>\n","protected":false},"excerpt":{"rendered":"<p><img loading=\"lazy\" decoding=\"async\" class=\"alignright size-thumbnail wp-image-7663\" src=\"https:\/\/www.oulucomics.com\/wp-content\/uploads\/2025\/03\/turun_sarjakuvakauppa-150x150.jpg\" alt=\"\" width=\"150\" height=\"150\" srcset=\"https:\/\/www.oulucomics.com\/wp-content\/uploads\/2025\/03\/turun_sarjakuvakauppa-150x150.jpg 150w, https:\/\/www.oulucomics.com\/wp-content\/uploads\/2025\/03\/turun_sarjakuvakauppa-250x250.jpg 250w, https:\/\/www.oulucomics.com\/wp-content\/uploads\/2025\/03\/turun_sarjakuvakauppa-92x92.jpg 92w\" sizes=\"auto, (max-width: 150px) 100vw, 150px\" \/>Oulun Sarjakuvakeskuksella toimii Turun Sarjakuvakaupan Oulun toimipi&#8230;<\/p>\n","protected":false},"author":1,"featured_media":0,"parent":4,"menu_order":1,"comment_status":"closed","ping_status":"closed","template":"","meta":{"footnotes":""},"categories":[],"tags":[],"class_list":["post-16","page","type-page","status-publish","hentry"],"_links":{"self":[{"href":"https:\/\/www.oulucomics.com\/fi\/wp-json\/wp\/v2\/pages\/16","targetHints":{"allow":["GET"]}}],"collection":[{"href":"https:\/\/www.oulucomics.com\/fi\/wp-json\/wp\/v2\/pages"}],"about":[{"href":"https:\/\/www.oulucomics.com\/fi\/wp-json\/wp\/v2\/types\/page"}],"author":[{"embeddable":true,"href":"https:\/\/www.oulucomics.com\/fi\/wp-json\/wp\/v2\/users\/1"}],"replies":[{"embeddable":true,"href":"https:\/\/www.oulucomics.com\/fi\/wp-json\/wp\/v2\/comments?post=16"}],"version-history":[{"count":32,"href":"https:\/\/www.oulucomics.com\/fi\/wp-json\/wp\/v2\/pages\/16\/revisions"}],"predecessor-version":[{"id":7665,"href":"https:\/\/www.oulucomics.com\/fi\/wp-json\/wp\/v2\/pages\/16\/revisions\/7665"}],"up":[{"embeddable":true,"href":"https:\/\/www.oulucomics.com\/fi\/wp-json\/wp\/v2\/pages\/4"}],"wp:attachment":[{"href":"https:\/\/www.oulucomics.com\/fi\/wp-json\/wp\/v2\/media?parent=16"}],"wp:term":[{"taxonomy":"category","embeddable":true,"href":"https:\/\/www.oulucomics.com\/fi\/wp-json\/wp\/v2\/categories?post=16"},{"taxonomy":"post_tag","embeddable":true,"href":"https:\/\/www.oulucomics.com\/fi\/wp-json\/wp\/v2\/tags?post=16"}],"curies":[{"name":"wp","href":"https:\/\/api.w.org\/{rel}","templated":true}]}}