{"id":1595,"date":"2016-11-22T17:53:42","date_gmt":"2016-11-22T15:53:42","guid":{"rendered":"http:\/\/www.oulucomics.com\/?page_id=1595"},"modified":"2016-11-22T17:54:09","modified_gmt":"2016-11-22T15:54:09","slug":"news","status":"publish","type":"page","link":"https:\/\/www.oulucomics.com\/fi\/more\/news\/","title":{"rendered":"Uutiset"},"content":{"rendered":"<p>P\u00e4\u00e4set helposti tarkastelemaan uutisiamme sivustomme v\u00e4lityksell\u00e4. Osa uutisista on k\u00e4\u00e4nnetty my\u00f6s englanniksi. Ne\u00a0l\u00f6ytyv\u00e4t linkit Arctic Comics News osiosta.<\/p>\n","protected":false},"excerpt":{"rendered":"<p>P\u00e4\u00e4set helposti tarkastelemaan uutisiamme sivustomme v\u00e4lityksell\u00e4. Osa uutisista on k\u00e4\u00e4nnetty my\u00f6s englanniksi. Ne\u00a0l\u00f6ytyv\u00e4t linkit Arctic Comics News osiosta&#8230;.<\/p>\n","protected":false},"author":1,"featured_media":0,"parent":96,"menu_order":0,"comment_status":"closed","ping_status":"closed","template":"","meta":{"footnotes":""},"categories":[],"tags":[],"class_list":["post-1595","page","type-page","status-publish","hentry"],"_links":{"self":[{"href":"https:\/\/www.oulucomics.com\/fi\/wp-json\/wp\/v2\/pages\/1595","targetHints":{"allow":["GET"]}}],"collection":[{"href":"https:\/\/www.oulucomics.com\/fi\/wp-json\/wp\/v2\/pages"}],"about":[{"href":"https:\/\/www.oulucomics.com\/fi\/wp-json\/wp\/v2\/types\/page"}],"author":[{"embeddable":true,"href":"https:\/\/www.oulucomics.com\/fi\/wp-json\/wp\/v2\/users\/1"}],"replies":[{"embeddable":true,"href":"https:\/\/www.oulucomics.com\/fi\/wp-json\/wp\/v2\/comments?post=1595"}],"version-history":[{"count":1,"href":"https:\/\/www.oulucomics.com\/fi\/wp-json\/wp\/v2\/pages\/1595\/revisions"}],"predecessor-version":[{"id":1596,"href":"https:\/\/www.oulucomics.com\/fi\/wp-json\/wp\/v2\/pages\/1595\/revisions\/1596"}],"up":[{"embeddable":true,"href":"https:\/\/www.oulucomics.com\/fi\/wp-json\/wp\/v2\/pages\/96"}],"wp:attachment":[{"href":"https:\/\/www.oulucomics.com\/fi\/wp-json\/wp\/v2\/media?parent=1595"}],"wp:term":[{"taxonomy":"category","embeddable":true,"href":"https:\/\/www.oulucomics.com\/fi\/wp-json\/wp\/v2\/categories?post=1595"},{"taxonomy":"post_tag","embeddable":true,"href":"https:\/\/www.oulucomics.com\/fi\/wp-json\/wp\/v2\/tags?post=1595"}],"curies":[{"name":"wp","href":"https:\/\/api.w.org\/{rel}","templated":true}]}}