{"id":159,"date":"2016-08-10T09:21:46","date_gmt":"2016-08-10T06:21:46","guid":{"rendered":"http:\/\/www.oulucomics.com\/?page_id=159"},"modified":"2016-11-17T09:17:18","modified_gmt":"2016-11-17T07:17:18","slug":"tehtavia-opettajille","status":"publish","type":"page","link":"https:\/\/www.oulucomics.com\/fi\/keskus\/opetus\/tehtavia-opettajille\/","title":{"rendered":"Teht\u00e4v\u00e4pankki opettajille"},"content":{"rendered":"<p>T\u00e4lt\u00e4 sivulta voitte ladata Oulun Sarjakuvakeskuksen materiaaleja opetusk\u00e4ytt\u00f6\u00f6n ja ryhm\u00e4vierailuille n\u00e4yttelyihin, kirjastoon ja katutaiteeseen tutustuessa.<\/p>\n<p>Kehit\u00e4mme uusia teht\u00e4vi\u00e4 resurssien puitteissa tulevien vuosien aikana. Oulun Sarjakuvakeskuksen ja Oulun kaupunginkirjaston henkil\u00f6kunta palvelee teit\u00e4 vierailunne yhteydess\u00e4 aukioloaikojen mukaisesti.<\/p>\n<p>Tervetuloa tutustumaan sarjakuva- ja kuvitustaiteen maailmaan!<\/p>\n<p><strong>N\u00e4yttelyteht\u00e4v\u00e4t<\/strong><\/p>\n<p>Teht\u00e4v\u00e4paperi 1 (20-30 minuuttia)<\/p>\n<p>Teht\u00e4v\u00e4paperi 2 (20-30 minuuttia)<\/p>\n<p><strong>Kirjastoteht\u00e4v\u00e4t<\/strong><\/p>\n<p>Pieni teht\u00e4v\u00e4 kirjastoon (10-15 minuuttia)<\/p>\n<p>Laajempi teht\u00e4v\u00e4 kirjastoon (25-35 minuuttiia)<\/p>\n<p>Kirjastoon liittyv\u00e4 kotiteht\u00e4v\u00e4<\/p>\n<p><strong>Katutaideteht\u00e4v\u00e4t<\/strong><\/p>\n<p>Teht\u00e4v\u00e4paperi 1<\/p>\n<p>Teht\u00e4v\u00e4paperi 2<\/p>\n","protected":false},"excerpt":{"rendered":"<p>T\u00e4lt\u00e4 sivulta voitte ladata Oulun Sarjakuvakeskuksen materiaaleja opetusk\u00e4ytt\u00f6\u00f6n ja ryhm\u00e4vierailuille n\u00e4yttelyihin, kirjastoon ja katutaiteeseen tutustuessa.<\/p>\n<p>Kehit\u00e4mme uusia teht\u00e4vi\u00e4 resurssien puitteissa tulevien vuosien aikana. Oulun Sarja&#8230;<\/p>\n","protected":false},"author":1,"featured_media":0,"parent":18,"menu_order":99,"comment_status":"closed","ping_status":"closed","template":"","meta":{"footnotes":""},"categories":[],"tags":[],"class_list":["post-159","page","type-page","status-publish","hentry"],"_links":{"self":[{"href":"https:\/\/www.oulucomics.com\/fi\/wp-json\/wp\/v2\/pages\/159","targetHints":{"allow":["GET"]}}],"collection":[{"href":"https:\/\/www.oulucomics.com\/fi\/wp-json\/wp\/v2\/pages"}],"about":[{"href":"https:\/\/www.oulucomics.com\/fi\/wp-json\/wp\/v2\/types\/page"}],"author":[{"embeddable":true,"href":"https:\/\/www.oulucomics.com\/fi\/wp-json\/wp\/v2\/users\/1"}],"replies":[{"embeddable":true,"href":"https:\/\/www.oulucomics.com\/fi\/wp-json\/wp\/v2\/comments?post=159"}],"version-history":[{"count":3,"href":"https:\/\/www.oulucomics.com\/fi\/wp-json\/wp\/v2\/pages\/159\/revisions"}],"predecessor-version":[{"id":1468,"href":"https:\/\/www.oulucomics.com\/fi\/wp-json\/wp\/v2\/pages\/159\/revisions\/1468"}],"up":[{"embeddable":true,"href":"https:\/\/www.oulucomics.com\/fi\/wp-json\/wp\/v2\/pages\/18"}],"wp:attachment":[{"href":"https:\/\/www.oulucomics.com\/fi\/wp-json\/wp\/v2\/media?parent=159"}],"wp:term":[{"taxonomy":"category","embeddable":true,"href":"https:\/\/www.oulucomics.com\/fi\/wp-json\/wp\/v2\/categories?post=159"},{"taxonomy":"post_tag","embeddable":true,"href":"https:\/\/www.oulucomics.com\/fi\/wp-json\/wp\/v2\/tags?post=159"}],"curies":[{"name":"wp","href":"https:\/\/api.w.org\/{rel}","templated":true}]}}