{"id":149,"date":"2016-08-10T09:02:23","date_gmt":"2016-08-10T06:02:23","guid":{"rendered":"http:\/\/www.oulucomics.com\/?page_id=149"},"modified":"2020-07-23T16:15:29","modified_gmt":"2020-07-23T13:15:29","slug":"comics2014","status":"publish","type":"page","link":"https:\/\/www.oulucomics.com\/fi\/fest\/competition\/comics2014\/","title":{"rendered":"Sarjakuvakilpailu 2014"},"content":{"rendered":"<h3>Oulun Pohjoismainen Sarjakuvakilpailu 2014<\/h3>\n<p class=\"p1\">Aiemmin Kemiss\u00e4 j\u00e4rjestetty, Helsingiss\u00e4 k\u00e4v\u00e4issyt Pohjoismainen Sarjakuvakilpailu kotiutui vuonna 2014 Ouluun.<\/p>\n<p class=\"p1\"><span class=\"s1\">Vuoden teema oli \u201ckaamos\u201d. Kilpailu oli avoin kaikille pohjoismaisille ja baltialaisille sek\u00e4 n\u00e4iss\u00e4 maissa asuville sarjakuvapiirt\u00e4jille ja k\u00e4sikirjoittajille. Sen tuomaroi kansainv\u00e4linen ammattisarjakuvantekij\u00f6ist\u00e4 koostuva raati.<\/span><\/p>\n<p class=\"p1\"><span class=\"s2\">Kilpailuun l\u00e4hetettiin yhteens\u00e4 yli 60 ty\u00f6t\u00e4. Valtaosa sarjakuvista tuli Suomesta. Ruotsista ja Norjasta kisaan osallistui kymmenisen ty\u00f6t\u00e4, ja Virosta ja Latviasta tuli yhteens\u00e4 vajaat kymmenen ty\u00f6t\u00e4. Mukaan mahtui vain yksi strippisarja, muut kilpailuty\u00f6t olivat pitki\u00e4 tarinoita. T\u00e4m\u00e4 albumi esittelee kilpailun parhaimmiston.<\/span><\/p>\n<p class=\"p1\">Kilpailun taso oli korkea ja monipuolinen. Kaamos-teema toi siihen mukaan paljon fantasiaelementtej\u00e4. Tuomaristo valitsi tahoillaan omat suosikkinsa, joista lopuksi keskusteltiin yhdess\u00e4. Voittaja selkeytyi nopeasti, mutta muista palkintosijoista k\u00e4ytiin pidemp\u00e4\u00e4 keskustelua.<\/p>\n<p class=\"p1\">Tuomaristo haluaa kiitt\u00e4\u00e4 kaikkia kilpailuun osallistujia.<\/p>\n<p class=\"p1\">Vuoden 2015 kilpailu j\u00e4rjestet\u00e4\u00e4n j\u00e4lleen Oulussa. Kilpailun teemat ja aikataulu julkaistaan marraskuussa Oulun sarjakuvafestivaaleilla.<\/p>\n<p class=\"p1\">Pohjoismaisen sarjakuvakilpailun voittajat ovat esill\u00e4 Valvegallerian Pohjoismaisessa sarjakuvan\u00e4yttelyss\u00e4 6.11.-29.11.2014.<\/p>\n<p class=\"p1\"><strong>1. PALKINTO (2500e)<\/strong><br \/><strong>Lauri M\u00e4kimurto<\/strong><\/p>\n<p class=\"p1\">Vuoden pimeimm\u00e4st\u00e4 ajasta kertova kaunis tunnelmakuvaus, jossa sujuva ja realistinen dialogi kuljettaa tarinaa vaivatta. Klaustrofobia ja tunnelmallinen yhteiselo sekoittuu tarinassa, joka kertoo el\u00e4m\u00e4n pienist\u00e4 asioista. Taustalla voi kuitenkin aavistaa jotain suurempaa.<\/p>\n<p class=\"p1\"><strong>2. PALKINTO (1000e)<\/strong><br \/><strong>Sofia Falkenhem<\/strong><\/p>\n<p class=\"p1\">Runollinen rakkaustarina, joka on t\u00e4ynn\u00e4 kaamoksen taikaa. Piirrosj\u00e4ljen hentous tukee lyyrista tarinaa. Herkk\u00e4 loppu j\u00e4tt\u00e4\u00e4 odottamaan tarinalle jatkoa.<\/p>\n<p class=\"p1\"><strong>3. PALKINTO (500e)<\/strong><br \/><strong>Mikko Saarainen<\/strong><\/p>\n<p class=\"p1\"><span class=\"s3\">Leikkis\u00e4 tarina valonhakureissusta, johon voi fantasiaelementeist\u00e4 huolimatta helposti samaistua arkip\u00e4iv\u00e4ss\u00e4 kaamoksen keskell\u00e4. Vahva piirrosj\u00e4lki kuljettaa sanatonta tarinaa sujuvasti eteenp\u00e4in. Kaunis v\u00e4ripaletti kutsuu ihailemaan piirroksia pidemp\u00e4\u00e4nkin.<\/span><\/p>\n<p class=\"p1\"><b>KUNNIAMAININNAT:<\/b><\/p>\n<p class=\"p1\"><b>Ida Eva Neverdahl<\/b><\/p>\n<p class=\"p1\"><b>Henri Gylander<\/b><\/p>\n<p class=\"p1\"><b>Liisa Kruusm\u00e4gi<\/b><\/p>\n<p class=\"p1\"><b>Nelly Karlsson<\/b><\/p>\n<p class=\"p1\"><span class=\"s4\">Tuomaristo: Oulun sarjakuvakeskuksen toiminnanjohtaja ja sarjakuvantekij\u00e4 Harri Filppa, sek\u00e4 sarjakuvataiteilijat Mari Ahokoivu ja S\u00f8ren Mosdal.<\/span><\/p>\n","protected":false},"excerpt":{"rendered":"<h3>Oulun Pohjoismainen Sarjakuvakilpailu 2014<\/h3>\n<p class=\"p1\">Aiemmin Kemiss\u00e4 j\u00e4rjestetty, Helsingiss\u00e4 k\u00e4v\u00e4issyt Pohjoismainen Sarjakuvakilpailu kotiutui vuonna 2014 Ouluun.<\/p>\n<p class=\"p1\"><span class=\"s1\">Vuoden teema oli \u201ckaamos\u201d. Kilpailu oli&#8230;<\/p>\n","protected":false},"author":1,"featured_media":0,"parent":84,"menu_order":15,"comment_status":"closed","ping_status":"closed","template":"","meta":{"footnotes":""},"categories":[],"tags":[],"class_list":["post-149","page","type-page","status-publish","hentry"],"_links":{"self":[{"href":"https:\/\/www.oulucomics.com\/fi\/wp-json\/wp\/v2\/pages\/149","targetHints":{"allow":["GET"]}}],"collection":[{"href":"https:\/\/www.oulucomics.com\/fi\/wp-json\/wp\/v2\/pages"}],"about":[{"href":"https:\/\/www.oulucomics.com\/fi\/wp-json\/wp\/v2\/types\/page"}],"author":[{"embeddable":true,"href":"https:\/\/www.oulucomics.com\/fi\/wp-json\/wp\/v2\/users\/1"}],"replies":[{"embeddable":true,"href":"https:\/\/www.oulucomics.com\/fi\/wp-json\/wp\/v2\/comments?post=149"}],"version-history":[{"count":9,"href":"https:\/\/www.oulucomics.com\/fi\/wp-json\/wp\/v2\/pages\/149\/revisions"}],"predecessor-version":[{"id":4611,"href":"https:\/\/www.oulucomics.com\/fi\/wp-json\/wp\/v2\/pages\/149\/revisions\/4611"}],"up":[{"embeddable":true,"href":"https:\/\/www.oulucomics.com\/fi\/wp-json\/wp\/v2\/pages\/84"}],"wp:attachment":[{"href":"https:\/\/www.oulucomics.com\/fi\/wp-json\/wp\/v2\/media?parent=149"}],"wp:term":[{"taxonomy":"category","embeddable":true,"href":"https:\/\/www.oulucomics.com\/fi\/wp-json\/wp\/v2\/categories?post=149"},{"taxonomy":"post_tag","embeddable":true,"href":"https:\/\/www.oulucomics.com\/fi\/wp-json\/wp\/v2\/tags?post=149"}],"curies":[{"name":"wp","href":"https:\/\/api.w.org\/{rel}","templated":true}]}}