{"id":147,"date":"2016-08-10T09:01:40","date_gmt":"2016-08-10T06:01:40","guid":{"rendered":"http:\/\/www.oulucomics.com\/?page_id=147"},"modified":"2020-07-23T16:15:40","modified_gmt":"2020-07-23T13:15:40","slug":"comics2015","status":"publish","type":"page","link":"https:\/\/www.oulucomics.com\/fi\/fest\/competition\/comics2015\/","title":{"rendered":"Sarjakuvakilpailu 2015"},"content":{"rendered":"<h3>Oulun Pohjoismainen Sarjakuvakilpailu 2015<\/h3>\n<p class=\"p1\">Vuonna 2015\u00a0Oulun Pohjoismaisen Sarjakuvakilpailun teemana oli \u201dkauhu\u201d. Kilpailu oli avoin kaikille pohjoismaalaisille ja baltialaisille sek\u00e4 n\u00e4iss\u00e4 maissa asuville sarjakuvapiirt\u00e4jille ja k\u00e4sikirjoittajille. Tuomaristossa toimi kansainv\u00e4linen sarjakuvan ammattilaisista koottu raati: <strong>Anneli Furmark<\/strong>, <strong>Petri Hiltunen<\/strong> ja<strong> Jyrki M\u00e4ki<\/strong>.<\/p>\n<p class=\"p1\">Kilpailuun osallistuttiin yli 60:ll\u00e4 teoksella. T\u00f6it\u00e4 saapui Suomesta, Ruotsista, Norjasta, Tanskasta ja Virosta. T\u00e4n\u00e4 vuonna strippisarjakuvien m\u00e4\u00e4r\u00e4 oli hyvin v\u00e4h\u00e4inen, sill\u00e4 tekij\u00e4t olivat l\u00e4hes poikkeuksetta perehtyneet novellikerrontaan. T\u00e4ss\u00e4 albumissa esitell\u00e4\u00e4n kilpailun kahdeksan parasta ty\u00f6t\u00e4.<\/p>\n<p class=\"p1\">Kilpailut\u00f6iden taso oli korkea ja kattava. Kauhu-teemaa osattiin hy\u00f6dynt\u00e4\u00e4 monipuolisesti eri tavoin. Tuomaristo teki omat suosikkilistansa ja n\u00e4iden pohjalta lopulliset valinnat. Listan k\u00e4rki oli tuomaristolla jokseenkin samanlainen, mutta muiden sijojen laatiminen ei ollutkaan kovin yksiselitteist\u00e4. Jo mainittu kilpat\u00f6iden korkea taso ei tehnyt valintaty\u00f6st\u00e4 helppoa.<\/p>\n<p class=\"p1\">Tuomaristo tahtoo kiitt\u00e4\u00e4 kaikkia kilpailuun osallistuneita tekij\u00f6it\u00e4.<\/p>\n<p class=\"p4\"><b><\/b><strong>1.PALKINTO (2500e)<\/strong><\/p>\n<p class=\"p1\"><strong>Anders Vegh Blidl\u00f6v<\/strong> (Ruotsi)<\/p>\n<p class=\"p1\"><span class=\"s1\">Ty\u00f6 hy\u00f6dynt\u00e4\u00e4 taitavasti kauhua ja yll\u00e4tyksellisyytt\u00e4 kerronnassaan. Lukijalla on tunne, ett\u00e4 jotain pelottavaa voi tapahtua milloin tahansa. Ammattimaisesti toteutettu tarina, jossa kaikki ei tapahdukaan niin kuin luulisi.<\/span><\/p>\n<p class=\"p1\"><strong>2. PALKINTO (1000e)<\/strong><\/p>\n<p class=\"p1\"><strong>Ida Eva Neverdahl<\/strong> (Norja)<\/p>\n<p class=\"p1\">Taitavasti kerrotussa tarinassa tulevat kauhun ja pelon teemat esille arkip\u00e4iv\u00e4isen el\u00e4m\u00e4n parissa. Reaali- ja kuvitelmamaailma lomittumat saumattomasti, saaden aikaan ahdistavan tunnelman, joka ottaa kantaa my\u00f6s ulkon\u00e4k\u00f6keskeisyyteen. Muutamasta s\u00e4vyst\u00e4 luotu v\u00e4ritys tukee kuvakerrontaa.<\/p>\n<p class=\"p1\"><strong>3. PALKINTO (500e)<\/strong><\/p>\n<p class=\"p1\"><strong>Yossra El Said<\/strong> (Ruotsi)<\/p>\n<p class=\"p1\"><span class=\"s2\">Jouhevasti etenev\u00e4 kertomus yhdistelee kylm\u00e4\u00e4 pakkasta ja m\u00f6kin l\u00e4mp\u00f6\u00e4: kumpuavaa pelkoa ja inhimillist\u00e4 otetta. Kauhuteeman k\u00e4sittely\u00e4 on mietitty tarkkaan. Lopputuloksen kruunaa el\u00e4v\u00e4inen kuvitus.<\/span><\/p>\n<p class=\"p1\"><b>KUNNIAMAININNAT<\/b><\/p>\n<p class=\"p1\"><strong>Nicolas Kri\u017ean<\/strong> (Ruotsi)<br \/> <strong>Sofie Louise Dam<\/strong> (Tanska)<br \/> <strong>Nelly Karlsson<\/strong> (Ruotsi)<br \/> <strong>Mattias Elftorp<\/strong> (Ruotsi)<br \/> <strong>Vesa Vitikainen &amp; Katja Louhio<\/strong> (Suomi)<\/p>\n","protected":false},"excerpt":{"rendered":"<h3>Oulun Pohjoismainen Sarjakuvakilpailu 2015<\/h3>\n<p class=\"p1\">Vuonna 2015\u00a0Oulun Pohjoismaisen Sarjakuvakilpailun teemana oli \u201dkauhu\u201d. Kilpailu oli avoin kaikille pohjoismaalaisille ja baltialaisille sek\u00e4 n\u00e4iss\u00e4 maissa asuville sarjakuvapiirt\u00e4jille&#8230;<\/p>\n","protected":false},"author":1,"featured_media":0,"parent":84,"menu_order":13,"comment_status":"closed","ping_status":"closed","template":"","meta":[],"categories":[],"tags":[],"_links":{"self":[{"href":"https:\/\/www.oulucomics.com\/fi\/wp-json\/wp\/v2\/pages\/147"}],"collection":[{"href":"https:\/\/www.oulucomics.com\/fi\/wp-json\/wp\/v2\/pages"}],"about":[{"href":"https:\/\/www.oulucomics.com\/fi\/wp-json\/wp\/v2\/types\/page"}],"author":[{"embeddable":true,"href":"https:\/\/www.oulucomics.com\/fi\/wp-json\/wp\/v2\/users\/1"}],"replies":[{"embeddable":true,"href":"https:\/\/www.oulucomics.com\/fi\/wp-json\/wp\/v2\/comments?post=147"}],"version-history":[{"count":7,"href":"https:\/\/www.oulucomics.com\/fi\/wp-json\/wp\/v2\/pages\/147\/revisions"}],"predecessor-version":[{"id":4613,"href":"https:\/\/www.oulucomics.com\/fi\/wp-json\/wp\/v2\/pages\/147\/revisions\/4613"}],"up":[{"embeddable":true,"href":"https:\/\/www.oulucomics.com\/fi\/wp-json\/wp\/v2\/pages\/84"}],"wp:attachment":[{"href":"https:\/\/www.oulucomics.com\/fi\/wp-json\/wp\/v2\/media?parent=147"}],"wp:term":[{"taxonomy":"category","embeddable":true,"href":"https:\/\/www.oulucomics.com\/fi\/wp-json\/wp\/v2\/categories?post=147"},{"taxonomy":"post_tag","embeddable":true,"href":"https:\/\/www.oulucomics.com\/fi\/wp-json\/wp\/v2\/tags?post=147"}],"curies":[{"name":"wp","href":"https:\/\/api.w.org\/{rel}","templated":true}]}}