{"id":145,"date":"2016-08-10T09:00:40","date_gmt":"2016-08-10T06:00:40","guid":{"rendered":"http:\/\/www.oulucomics.com\/?page_id=145"},"modified":"2020-07-23T16:15:48","modified_gmt":"2020-07-23T13:15:48","slug":"comics2016","status":"publish","type":"page","link":"https:\/\/www.oulucomics.com\/fi\/fest\/competition\/comics2016\/","title":{"rendered":"Sarjakuvakilpailu 2016"},"content":{"rendered":"<p class=\"p1\">Vuoden<span class=\"Apple-converted-space\">\u00a0 <\/span>2016 Oulun Pohjoismaisen sarjakuvakilpailun teema oli \u201dseitsem\u00e4s taide\u201d. Kilpailu oli avoin kaikille Pohjoismaissa ja Baltian maissa asuville sarjakuvataiteilijoille ja kirjoittajille.<\/p>\n<p class=\"p1\"><span class=\"s1\">Tuomaristo (<strong>Tessa Astre<\/strong>, <strong>Veli-Matti \u00dcral<\/strong> ja <strong>Mattias Elftorp<\/strong>) valitsi 27:st\u00e4 kilpailuty\u00f6st\u00e4 kolme voittajaa ja kolme kunniamainintaa, joista jokainen on luettavissa t\u00e4ss\u00e4 kirjassa.<\/span><\/p>\n<p class=\"p1\"><span class=\"s2\">Kirjaan valitut sarjakuvat l\u00e4hestyv\u00e4t \u201dseitsem\u00e4tt\u00e4 taidetta\u201d monesta suunnasta. Taitava piirrosj\u00e4lki ja v\u00e4ritys eiv\u00e4t olleet riitt\u00e4vi\u00e4 valintaan; seitsem\u00e4nnen taiteen (elokuva) sis\u00e4ll\u00f6ss\u00e4 k\u00e4sikirjoitus ja dramaturgia ovat t\u00e4rkeit\u00e4 tekij\u00f6it\u00e4 kokonaisuudessa. Samoin nuo elementit ratkaisivat sarjakuvien arvioinnissa. <\/span><\/p>\n<p class=\"p1\"><strong><span class=\"s1\">1. PALKINTO (2500e)<br \/> <\/span><span class=\"s1\">Avi Heikkinen (Suomi)<\/span><\/strong><\/p>\n<p class=\"p1\"><span class=\"s1\">Syv\u00e4llinen, monikerroksellinen k\u00e4sikirjoitus porautuu syv\u00e4lle protagonistin mieleen ja v\u00e4ltt\u00e4m\u00e4tt\u00f6m\u00e4\u00e4n kohtaloon \u2013 selke\u00e4 ja hyvin suunniteltu kuvaus nykyaikaisten medioiden yhdistymisest\u00e4 elokuvaan ja dokumentointiin. Tarinan sis\u00e4lt\u00f6 palvelee visuaalista kerrontaa ja haastaa huomisp\u00e4iv\u00e4n taiteilijat k\u00e4ytt\u00e4m\u00e4\u00e4n rohkeasti uusia v\u00e4lineit\u00e4 sarjakuvien luomisessa. Viiva on mainiota, ilmaisuvoimaista ja realistista.<\/span><\/p>\n<p class=\"p1\">Valittu genre \u2013 arkisen juonen kertova psykologinen trilleri on tuotu esille tuoreella ja ovelalla tavalla. Idea tarinan takana on mielenkiintoinen ja teeman kanssa yhteensopiva. Itse\u00e4\u00e4n toistava narratiivi kietoutuu yhteen p\u00e4\u00e4henkil\u00f6n matkaan syv\u00e4lle elokuvantekij\u00e4n omaan egoon. Heikkisen tarina on mukaansatempaava, intensiivinen ja katkeransuloisen loppunsa ansiosta klassinen tragedia, melkein kuin Shakespearin kyn\u00e4st\u00e4.<\/p>\n<p class=\"p1\"><strong><span class=\"s1\">2. PALKINTO (1000e)<br \/> <\/span><span class=\"s1\">Dace Sietina (Latvia)<\/span><\/strong><\/p>\n<p class=\"p1\"><span class=\"s1\">Dace Sietinan taiteellinen novelli tulkitsee yht\u00e4 historian ensimm\u00e4isist\u00e4 taide-elokuvista, Georges M\u00e9li\u00e8sin *Le Voyage dans La Lune* filmi\u00e4. Kaunis kuvasto maalailee unenomaisen tilan elokuvallisia ominaisuuksia ja luo mielleyhtymi\u00e4 70-luvun kauhu\/avaruusoopperaan, jossa milj\u00f6\u00f6n\u00e4 toimii sarjakuvan p\u00e4\u00e4henkil\u00f6n mieli. <\/span><\/p>\n<p class=\"p1\"><span class=\"s1\">Sietinan dadaistinen, kauniista ja minimalistisista ruuduista muodostuva k\u00e4sikirjoitus avaa uusia lukukokemuksellisia ulottuvuuksia. Runous yhdistettyn\u00e4 \u00f6ljyv\u00e4rimaalauksia muistuttaviin ruutuihin haastaa k\u00e4sityksemme taiteen edellytyksist\u00e4. Ruuduissa k\u00e4ytetty slaavilainen mielenmaisema ja sommittelu nostavat esille kysymyksen taiteen tekemisen politiikasta. <\/span><\/p>\n<p class=\"p1\"><strong><span class=\"s1\">3. PALKINTO (500e)<br \/> <\/span><span class=\"s1\">Mika Lahtonen (Suomi)<\/span><\/strong><\/p>\n<p class=\"p1\"><span class=\"s3\">Kilpailun kolmas sija kuuluu Mika Lahtoselle, jonka j\u00e4nnitt\u00e4v\u00e4, hauska ja boheeminen novelli kertoo mestarillisista tussaustaidoista. Lahtonen yhdist\u00e4\u00e4 klassisten MAD-sarjakuvien kanssa samankaltaisen piirrosj\u00e4lkens\u00e4 tarinankerrontaan ja monologiin, joka tuo mieleen suomalaisen elokuvaohjaajan Aki Kaurism\u00e4en muistettavimmat elokuvat. Lahtosen tarina saa lukijan nauramaan ja ratsastaa eteenp\u00e4in kontrasteilla, jotka muistuttavat film noiria.<\/span><\/p>\n<p class=\"p1\"><span class=\"s1\"><b>KUNNIAMAININNAT<\/b><\/span><\/p>\n<p class=\"p1\"><span class=\"s1\"><strong>Ella Eiranto<\/strong> (Suomi)<\/span><\/p>\n<p class=\"p1\"><span class=\"s1\"><strong>Gon Rodher<\/strong> (Ruotsi)<\/span><\/p>\n<p class=\"p1\"><span class=\"s1\"><strong>Juliana Hyrri<\/strong> (Suomi)<\/span><\/p>\n","protected":false},"excerpt":{"rendered":"<p class=\"p1\">Vuoden<span class=\"Apple-converted-space\">\u00a0 <\/span>2016 Oulun Pohjoismaisen sarjakuvakilpailun teema oli \u201dseitsem\u00e4s taide\u201d. Kilpailu oli avoin kaikille Pohjoismaissa ja Baltian maissa asuville sarjakuvataiteilijoille ja kirjoittajille.<...\n<\/p>\n","protected":false},"author":1,"featured_media":0,"parent":84,"menu_order":11,"comment_status":"closed","ping_status":"closed","template":"","meta":{"footnotes":""},"categories":[],"tags":[],"class_list":["post-145","page","type-page","status-publish","hentry"],"_links":{"self":[{"href":"https:\/\/www.oulucomics.com\/fi\/wp-json\/wp\/v2\/pages\/145","targetHints":{"allow":["GET"]}}],"collection":[{"href":"https:\/\/www.oulucomics.com\/fi\/wp-json\/wp\/v2\/pages"}],"about":[{"href":"https:\/\/www.oulucomics.com\/fi\/wp-json\/wp\/v2\/types\/page"}],"author":[{"embeddable":true,"href":"https:\/\/www.oulucomics.com\/fi\/wp-json\/wp\/v2\/users\/1"}],"replies":[{"embeddable":true,"href":"https:\/\/www.oulucomics.com\/fi\/wp-json\/wp\/v2\/comments?post=145"}],"version-history":[{"count":11,"href":"https:\/\/www.oulucomics.com\/fi\/wp-json\/wp\/v2\/pages\/145\/revisions"}],"predecessor-version":[{"id":4615,"href":"https:\/\/www.oulucomics.com\/fi\/wp-json\/wp\/v2\/pages\/145\/revisions\/4615"}],"up":[{"embeddable":true,"href":"https:\/\/www.oulucomics.com\/fi\/wp-json\/wp\/v2\/pages\/84"}],"wp:attachment":[{"href":"https:\/\/www.oulucomics.com\/fi\/wp-json\/wp\/v2\/media?parent=145"}],"wp:term":[{"taxonomy":"category","embeddable":true,"href":"https:\/\/www.oulucomics.com\/fi\/wp-json\/wp\/v2\/categories?post=145"},{"taxonomy":"post_tag","embeddable":true,"href":"https:\/\/www.oulucomics.com\/fi\/wp-json\/wp\/v2\/tags?post=145"}],"curies":[{"name":"wp","href":"https:\/\/api.w.org\/{rel}","templated":true}]}}